{"id":4112,"date":"2024-06-28T14:00:05","date_gmt":"2024-06-28T12:00:05","guid":{"rendered":"https:\/\/gymmakers.hu\/?post_type=product&#038;p=4112"},"modified":"2024-06-28T14:00:06","modified_gmt":"2024-06-28T12:00:06","slug":"franghie-necrutatoare","status":"publish","type":"product","link":"https:\/\/gymmakers.hu\/ro\/termek\/relentless-rope\/","title":{"rendered":"Cablul Necru\u021b\u0103tor\u2122"},"content":{"rendered":"<p><strong>Numele produsului:<\/strong> Cablul Necru\u021b\u0103tor\u2122<\/p>\n<p><strong>Num\u0103rul de articol al produsului:<\/strong> XERT<\/p>\n<p><strong>Dimensiuni (L x l x H):<\/strong> 17\u2033 x 10\u2033 x 16\u2033 (43 cm x 25 cm x 41 cm)<\/p>\n<p><strong>Greutate:<\/strong> 45 lbs (21 kg)<\/p>\n<p><strong>Compatibilitate:<\/strong> K\u00f6nnyen csatlakoztathat\u00f3 b\u00e1rmilyen 6&#8243;X6&#8243; vagy kisebb tubus\u00fa rack\/rig-hez, egyszer\u0171 fali r\u00f6gz\u00edt\u00e9si opci\u00f3val is rendelkezik.<\/p>\n<p><strong>Garantie:<\/strong> 10 \u00e9v keret, 5 \u00e9v hegesztett\/struktur\u00e1lis mozg\u00f3 alkatr\u00e9szek, 2 \u00e9v egy\u00e9b (sz\u00edj, hardver, csap\u00e1gyak, stb.), 1 \u00e9v fest\u00e9s\/fel\u00fclet, 6 h\u00f3nap k\u00f6t\u00e9l<\/p>\n<p><strong>Descriere:<\/strong> A Torque Relentless Rope\u2122 egy forradalmi k\u00f6t\u00e9ltr\u00e9ner, amely innovat\u00edv m\u00e1gneses er\u0151 ellen\u00e1ll\u00e1st haszn\u00e1l, hogy v\u00e9gtelen kih\u00edv\u00e1st \u00e9s versenyk\u00e9pes k\u00e9tir\u00e1ny\u00fa mozg\u00e1sokat biztos\u00edtson. Ez az \u00faj k\u00f6t\u00e9ltr\u00e9ner eleg\u00e1ns kialak\u00edt\u00e1ssal, n\u00e9gy v\u00e1laszthat\u00f3 ellen\u00e1ll\u00e1si be\u00e1ll\u00edt\u00e1ssal \u00e9s egy tov\u00e1bbfejlesztett, h\u00e1romsz\u00e1l\u00fa tengeri min\u0151s\u00e9g\u0171 k\u00f6t\u00e9llel rendelkezik. A gyorsabb h\u00faz\u00e1s nagyobb ellen\u00e1ll\u00e1st eredm\u00e9nyez, \u00edgy intenz\u00edvebb edz\u00e9st biztos\u00edt.<\/p>\n<p>A Relentless Rope Trainer pivot\u00e1l\u00f3 fejjel van felszerelve, amely biztos\u00edtja a megfelel\u0151 teker\u00e9st \u00e9s minim\u00e1lis cs\u00fasz\u00e1st, folyamatos ellen\u00e1ll\u00e1st ny\u00fajtva minden ir\u00e1nyban \u00e9s sz\u00f6gben. Az edz\u0151g\u00e9p szinte minden fitnesz l\u00e9tes\u00edtm\u00e9nybe beilleszthet\u0151, \u00e9s kompatibilis az X-RACK, X-SIEGE, X-LAB, X-CREATE, X-CAGE \u00e9s X-GYM rendszerekkel, valamint m\u00e1s gy\u00e1rt\u00f3k \u00e1llv\u00e1nyaival.<\/p>\n<p><strong>Caracteristici:<\/strong><\/p>\n<ul>\n<li><strong>M\u00e1gneses ellen\u00e1ll\u00e1s:<\/strong> N\u00e9gy v\u00e1laszthat\u00f3 ellen\u00e1ll\u00e1si szint a testreszabhat\u00f3 edz\u00e9sekhez.<\/li>\n<li><strong>K\u00e9tir\u00e1ny\u00fa mozg\u00e1s:<\/strong> Versenyk\u00e9pes edz\u00e9s mindk\u00e9t ir\u00e1nyban.<\/li>\n<li><strong>Pivot\u00e1l\u00f3 fej:<\/strong> Biztos\u00edtja a megfelel\u0151 teker\u00e9st \u00e9s minim\u00e1lis cs\u00fasz\u00e1st.<\/li>\n<li><strong>Tart\u00f3s k\u00f6t\u00e9l:<\/strong> H\u00e1romsz\u00e1l\u00fa, tengeri min\u0151s\u00e9g\u0171 k\u00f6t\u00e9l a hossz\u00fa \u00e9lettartam \u00e9rdek\u00e9ben.<\/li>\n<li><strong>K\u00f6nny\u0171 csatlakoztat\u00e1s:<\/strong> B\u00e1rmilyen rack\/rig-hez vagy fali r\u00f6gz\u00edt\u00e9si opci\u00f3val is rendelkezik.<\/li>\n<\/ul>\n<p>A Relentless Rope Trainer ide\u00e1lis v\u00e1laszt\u00e1s minden fitnesz l\u00e9tes\u00edtm\u00e9ny sz\u00e1m\u00e1ra, amely magas intenzit\u00e1s\u00fa, alacsony hat\u00e1s\u00fa edz\u00e9st szeretne ny\u00fajtani felhaszn\u00e1l\u00f3inak. A Torque Fitness elk\u00f6telezett a kiv\u00e1l\u00f3 min\u0151s\u00e9g\u0171, innovat\u00edv edz\u0151eszk\u00f6z\u00f6k gy\u00e1rt\u00e1sa ir\u00e1nt, amelyek minden sportol\u00f3 sz\u00e1m\u00e1ra kiv\u00e1l\u00f3 edz\u00e9si \u00e9lm\u00e9nyt ny\u00fajtanak.<\/p>","protected":false},"excerpt":{"rendered":"<p><strong>Numele produsului:<\/strong> Cablul Necru\u021b\u0103tor\u2122<\/p>\n<p><strong>Num\u0103rul de articol al produsului:<\/strong> XERT<\/p>\n<p><strong>Dimensiuni (L x l x H):<\/strong> 17\u2033 x 10\u2033 x 16\u2033 (43 cm x 25 cm x 41 cm)<\/p>\n<p><strong>Greutate:<\/strong> 45 lbs (21 kg)<\/p>\n<p><strong>Compatibilitate:<\/strong> Se ata\u0219eaz\u0103 u\u0219or la orice suport\/rig cu tuburi de 6\u2033X6\u2033 sau mai mici, op\u021biune simpl\u0103 de montare pe perete<\/p>\n<p><strong>Garantie:<\/strong> 10 ani cadru, 5 ani piese mobile sudate\/structurale, 2 ani altele (curea, hardware, rulmen\u021bi, etc.), 1 an vopsea\/finisaj, 6 luni cablu<\/p>\n<p><strong>Descriere:<\/strong> Cablul Necru\u021b\u0103tor\u2122 de la Torque utilizeaz\u0103 o rezisten\u021b\u0103 magnetic\u0103 inovatoare, care permite performan\u021be nelimitate \u0219i mi\u0219c\u0103ri bidirec\u021bionale competitive. Cablul de antrenament cu un design elegant, cu patru set\u0103ri de rezisten\u021b\u0103 op\u021bionale, este ideal pentru antrenamente individuale \u0219i de grup. Cablul durabil, din trei fire, de calitate maritim\u0103 \u0219i capul pivotant asigur\u0103 o r\u0103sucire corect\u0103 \u0219i alunecare minim\u0103, oferind o rezisten\u021b\u0103 constant\u0103 \u00een toate direc\u021biile \u0219i unghiurile.<\/p>","protected":false},"featured_media":4113,"template":"","meta":{"_acf_changed":false},"pwb-brand":[374],"product_brand":[],"product_cat":[182],"product_tag":[],"class_list":{"0":"post-4112","1":"product","2":"type-product","3":"status-publish","4":"has-post-thumbnail","6":"pwb-brand-torque","7":"product_cat-fitness-gepek","9":"first","10":"instock","11":"shipping-taxable","12":"purchasable","13":"product-type-simple"},"acf":[],"brands":[{"id":374,"name":"Cuplu","slug":"cuplu"}],"_links":{"self":[{"href":"https:\/\/gymmakers.hu\/ro\/wp-json\/wp\/v2\/product\/4112","targetHints":{"allow":["GET"]}}],"collection":[{"href":"https:\/\/gymmakers.hu\/ro\/wp-json\/wp\/v2\/product"}],"about":[{"href":"https:\/\/gymmakers.hu\/ro\/wp-json\/wp\/v2\/types\/product"}],"wp:featuredmedia":[{"embeddable":true,"href":"https:\/\/gymmakers.hu\/ro\/wp-json\/wp\/v2\/media\/4113"}],"wp:attachment":[{"href":"https:\/\/gymmakers.hu\/ro\/wp-json\/wp\/v2\/media?parent=4112"}],"wp:term":[{"taxonomy":"pwb-brand","embeddable":true,"href":"https:\/\/gymmakers.hu\/ro\/wp-json\/wp\/v2\/pwb-brand?post=4112"},{"taxonomy":"product_brand","embeddable":true,"href":"https:\/\/gymmakers.hu\/ro\/wp-json\/wp\/v2\/product_brand?post=4112"},{"taxonomy":"product_cat","embeddable":true,"href":"https:\/\/gymmakers.hu\/ro\/wp-json\/wp\/v2\/product_cat?post=4112"},{"taxonomy":"product_tag","embeddable":true,"href":"https:\/\/gymmakers.hu\/ro\/wp-json\/wp\/v2\/product_tag?post=4112"}],"curies":[{"name":"wp","href":"https:\/\/api.w.org\/{rel}","templated":true}]}}