{"id":3014,"date":"2024-06-17T10:42:25","date_gmt":"2024-06-17T08:42:25","guid":{"rendered":"https:\/\/gymmakers.hu\/?post_type=product&#038;p=3014"},"modified":"2024-06-17T10:42:25","modified_gmt":"2024-06-17T08:42:25","slug":"presa-pentru-piept-cu-greutati-plate","status":"publish","type":"product","link":"https:\/\/gymmakers.hu\/ro\/termek\/plate-loaded-chest-press\/","title":{"rendered":"\u00cenc\u0103rcat cu pl\u0103ci | Pres\u0103 pentru piept"},"content":{"rendered":"<p>Marca american\u0103 Prime, ma\u0219ina Plate Loaded | Chest Press face parte din cele mai bune echipamente de fitness premium. Este fabricat\u0103 manual \u0219i este realizat\u0103 la comand\u0103, astfel \u00eenc\u00e2t fiecare pies\u0103 este unic\u0103 \u0219i personalizat\u0103. Calitatea excelent\u0103 american\u0103 a ma\u0219inii garanteaz\u0103 durabilitatea \u0219i fiabilitatea.<\/p>\n<p><strong>Descrierea produsului:<\/strong><\/p>\n<p>Ma\u0219ina Plate Loaded | Chest Press ofer\u0103 trei op\u021biuni de ajustare a sp\u0103tarului pentru a asigura o tensiune optim\u0103 \u00een func\u021bie de amplitudinea de mi\u0219care a utilizatorului. Aceast\u0103 ma\u0219in\u0103 ofer\u0103, de asemenea, dou\u0103 op\u021biuni diferite de prindere (prindere larg\u0103 \u0219i str\u00e2ns\u0103). Ca toate echipamentele Prime Selectorized \u0219i Plate Loaded, aceasta este echipat\u0103 cu Smart Strength Technology, care permite modificarea profilului de rezisten\u021b\u0103, astfel \u00eenc\u00e2t s\u0103 se poat\u0103 atinge o sarcin\u0103 maxim\u0103 \u00een diferitele etape ale exerci\u021biului, asigur\u00e2nd astfel un antrenament mai eficient \u0219i mai productiv.<\/p>\n<p><strong>Set\u0103ri Smart Strength:<\/strong><\/p>\n<ol>\n<li>Mediu<\/li>\n<li>Final (Scurtat)<\/li>\n<li>Ini\u021bial (\u00centins)<\/li>\n<li>Mediu + Final<\/li>\n<li>Ini\u021bial + Mediu<\/li>\n<\/ol>\n<p><strong>Dimensiuni:<\/strong><\/p>\n<ul>\n<li>Lungime: 188 cm (74 inci)<\/li>\n<li>L\u0103\u021bime: 188 cm (74 inches)<\/li>\n<li>\u00cen\u0103l\u021bime: 137 cm (54 inci)<\/li>\n<\/ul>\n<p><strong>Greutatea echipamentului:<\/strong><\/p>\n<ul>\n<li>218 kg (480 lbs)<\/li>\n<\/ul>\n<p><strong>Fabricat manual | Fabricat la comand\u0103 | Calitate premium american\u0103<\/strong><\/p>\n<p>Ma\u0219ina Plate Loaded | Chest Press este fabricat\u0103 cu cele mai moderne tehnologii \u0219i cu o precizie de fabrica\u021bie, pentru a oferi utilizatorilor cea mai bun\u0103 experien\u021b\u0103 de antrenament.<\/p>","protected":false},"excerpt":{"rendered":"<p>Marca american\u0103 Prime, ma\u0219ina Plate Loaded | Chest Press face parte din cele mai bune echipamente de fitness premium. Este fabricat\u0103 manual \u0219i este realizat\u0103 la comand\u0103, astfel \u00eenc\u00e2t fiecare pies\u0103 este unic\u0103 \u0219i personalizat\u0103. Calitatea excelent\u0103 american\u0103 a ma\u0219inii garanteaz\u0103 durabilitatea \u0219i fiabilitatea.<\/p>\n<p><strong>Descrierea produsului:<\/strong><\/p>\n<p>Ma\u0219ina Plate Loaded | Chest Press ofer\u0103 trei op\u021biuni de ajustare a sp\u0103tarului pentru a asigura o tensiune optim\u0103 \u00een func\u021bie de amplitudinea de mi\u0219care a utilizatorului. Aceast\u0103 ma\u0219in\u0103 ofer\u0103, de asemenea, dou\u0103 op\u021biuni diferite de prindere (prindere larg\u0103 \u0219i str\u00e2ns\u0103). Ca toate echipamentele Prime Selectorized \u0219i Plate Loaded, aceasta este echipat\u0103 cu Smart Strength Technology, care permite modificarea profilului de rezisten\u021b\u0103, astfel \u00eenc\u00e2t s\u0103 se poat\u0103 atinge o sarcin\u0103 maxim\u0103 \u00een diferitele etape ale exerci\u021biului, asigur\u00e2nd astfel un antrenament mai eficient \u0219i mai productiv.<\/p>\n<p><strong>Set\u0103ri Smart Strength:<\/strong><\/p>\n<ol>\n<li>Mediu<\/li>\n<li>Final (Scurtat)<\/li>\n<li>Ini\u021bial (\u00centins)<\/li>\n<li>Mediu + Final<\/li>\n<li>Ini\u021bial + Mediu<\/li>\n<\/ol>\n<p><strong>Dimensiuni:<\/strong><\/p>\n<ul>\n<li>Lungime: 188 cm (74 inci)<\/li>\n<li>L\u0103\u021bime: 188 cm (74 inches)<\/li>\n<li>\u00cen\u0103l\u021bime: 137 cm (54 inci)<\/li>\n<\/ul>\n<p><strong>Greutatea echipamentului:<\/strong><\/p>\n<ul>\n<li>218 kg (480 lbs)<\/li>\n<\/ul>\n<p><strong>Fabricat manual | Fabricat la comand\u0103 | Calitate premium american\u0103<\/strong><\/p>\n<p>Ma\u0219ina Plate Loaded | Chest Press este fabricat\u0103 cu cele mai moderne tehnologii \u0219i cu o precizie de fabrica\u021bie, pentru a oferi utilizatorilor cea mai bun\u0103 experien\u021b\u0103 de antrenament.<\/p>","protected":false},"featured_media":3015,"template":"","meta":{"_acf_changed":false},"pwb-brand":[327,82],"product_brand":[],"product_cat":[182],"product_tag":[],"class_list":{"0":"post-3014","1":"product","2":"type-product","3":"status-publish","4":"has-post-thumbnail","6":"pwb-brand-plate-loaded","7":"pwb-brand-prime","8":"product_cat-fitness-gepek","10":"first","11":"instock","12":"shipping-taxable","13":"purchasable","14":"product-type-simple"},"acf":[],"brands":[{"id":327,"name":"Cu greut\u0103\u021bi pl\u0103cu\u021be","slug":"incarcat-cu-placi"},{"id":82,"name":"Prime","slug":"prim"}],"_links":{"self":[{"href":"https:\/\/gymmakers.hu\/ro\/wp-json\/wp\/v2\/product\/3014","targetHints":{"allow":["GET"]}}],"collection":[{"href":"https:\/\/gymmakers.hu\/ro\/wp-json\/wp\/v2\/product"}],"about":[{"href":"https:\/\/gymmakers.hu\/ro\/wp-json\/wp\/v2\/types\/product"}],"wp:featuredmedia":[{"embeddable":true,"href":"https:\/\/gymmakers.hu\/ro\/wp-json\/wp\/v2\/media\/3015"}],"wp:attachment":[{"href":"https:\/\/gymmakers.hu\/ro\/wp-json\/wp\/v2\/media?parent=3014"}],"wp:term":[{"taxonomy":"pwb-brand","embeddable":true,"href":"https:\/\/gymmakers.hu\/ro\/wp-json\/wp\/v2\/pwb-brand?post=3014"},{"taxonomy":"product_brand","embeddable":true,"href":"https:\/\/gymmakers.hu\/ro\/wp-json\/wp\/v2\/product_brand?post=3014"},{"taxonomy":"product_cat","embeddable":true,"href":"https:\/\/gymmakers.hu\/ro\/wp-json\/wp\/v2\/product_cat?post=3014"},{"taxonomy":"product_tag","embeddable":true,"href":"https:\/\/gymmakers.hu\/ro\/wp-json\/wp\/v2\/product_tag?post=3014"}],"curies":[{"name":"wp","href":"https:\/\/api.w.org\/{rel}","templated":true}]}}