{"id":2891,"date":"2024-05-28T15:31:49","date_gmt":"2024-05-28T13:31:49","guid":{"rendered":"https:\/\/gymmakers.hu\/?post_type=product&#038;p=2891"},"modified":"2024-06-03T13:50:42","modified_gmt":"2024-06-03T11:50:42","slug":"zbor-plat-cu-piept","status":"publish","type":"product","link":"https:\/\/gymmakers.hu\/ro\/termek\/flat-pec-fly\/","title":{"rendered":"Zbor planor pentru piept"},"content":{"rendered":"<p>Aparatul Atlantis Strength PW156 Flat Pec Fly este conceput pentru antrenamente eficiente \u0219i confortabile ale mu\u0219chilor pectorali. Ca parte a seriei Power, acest aparat este fabricat din materiale de \u00eenalt\u0103 calitate \u0219i ofer\u0103 durabilitate \u0219i performan\u021b\u0103 maxim\u0103 printr-un design inovator.<\/p>\n<p><strong>Descrierea produsului:<\/strong><\/p>\n<p>Aparatul Atlantis Strength PW156 Flat Pec Fly dispune de m\u00e2nere rotative, care permit o mi\u0219care mai natural\u0103 \u0219i mai confortabil\u0103 \u00een timpul exerci\u021biului. Sunt disponibile dou\u0103 pozi\u021bii de start diferite, care permit utilizatorilor s\u0103-\u0219i personalizeze antrenamentele.<\/p>\n<p>Aparatul are un suport standard pentru greut\u0103\u021bi, care nu doar c\u0103 men\u021bine greut\u0103\u021bile organizate, dar serve\u0219te \u0219i ca margine de siguran\u021b\u0103, prevenind accidentele \u0219i coliziunile cu al\u021bii \u00een sala de sport. Designul bine g\u00e2ndit permite utilizatorilor s\u0103 ob\u021bin\u0103 maximum din antrenamentele lor, r\u0103m\u00e2n\u00e2nd \u00een siguran\u021b\u0103 \u0219i confort.<\/p>\n<p><strong>Caracteristici:<\/strong><\/p>\n<ul>\n<li>M\u00e2nere rotative pentru o mi\u0219care mai natural\u0103.<\/li>\n<li>Dou\u0103 pozi\u021bii de start pentru antrenamente personalizate.<\/li>\n<li>Suport standard pentru greut\u0103\u021bi pentru organizare \u0219i siguran\u021b\u0103.<\/li>\n<li>Amplasarea suportului pentru greut\u0103\u021bi formeaz\u0103 o margine de siguran\u021b\u0103 pentru a evita coliziunile.<\/li>\n<\/ul>\n<p><strong>Dimensiuni:<\/strong><\/p>\n<ul>\n<li>L\u0103\u021bime: 178 cm (70 inci)<\/li>\n<li>\u00cen\u0103l\u021bime: 90 cm (35.5 inci)<\/li>\n<li>Lungime: 200 cm (78.5 inci)<\/li>\n<li>Greutate: 106 kg (233 lbs)<\/li>\n<li>Rezisten\u021b\u0103 ini\u021bial\u0103: 9 kg (20 lbs)<\/li>\n<\/ul>\n<p>Detaliile fiec\u0103rei p\u0103r\u021bi a aparatului Atlantis Strength PW156 Flat Pec Fly sunt atent concepute pentru a oferi utilizatorilor cea mai bun\u0103 experien\u021b\u0103 de antrenament. Descoper\u0103 un nou nivel de antrenament pentru mu\u0219chii pieptului t\u0103u cu acest aparat de calitate premium!<\/p>","protected":false},"excerpt":{"rendered":"<p>Aparatul Atlantis Strength PW156 Flat Pec Fly este conceput pentru antrenamente eficiente \u0219i confortabile ale mu\u0219chilor pectorali. Ca parte a seriei Power, acest aparat este fabricat din materiale de \u00eenalt\u0103 calitate \u0219i ofer\u0103 durabilitate \u0219i performan\u021b\u0103 maxim\u0103 printr-un design inovator.<\/p>\n<p><strong>Descrierea produsului:<\/strong><\/p>\n<p>Aparatul Atlantis Strength PW156 Flat Pec Fly dispune de m\u00e2nere rotative, care permit o mi\u0219care mai natural\u0103 \u0219i mai confortabil\u0103 \u00een timpul exerci\u021biului. Sunt disponibile dou\u0103 pozi\u021bii de start diferite, care permit utilizatorilor s\u0103-\u0219i personalizeze antrenamentele.<\/p>\n<p>Aparatul are un suport standard pentru greut\u0103\u021bi, care nu doar c\u0103 men\u021bine greut\u0103\u021bile organizate, dar serve\u0219te \u0219i ca margine de siguran\u021b\u0103, prevenind accidentele \u0219i coliziunile cu al\u021bii \u00een sala de sport. Designul bine g\u00e2ndit permite utilizatorilor s\u0103 ob\u021bin\u0103 maximum din antrenamentele lor, r\u0103m\u00e2n\u00e2nd \u00een siguran\u021b\u0103 \u0219i confort.<\/p>\n<p><strong>Caracteristici:<\/strong><\/p>\n<ul>\n<li>M\u00e2nere rotative pentru o mi\u0219care mai natural\u0103.<\/li>\n<li>Dou\u0103 pozi\u021bii de start pentru antrenamente personalizate.<\/li>\n<li>Suport standard pentru greut\u0103\u021bi pentru organizare \u0219i siguran\u021b\u0103.<\/li>\n<li>Amplasarea suportului pentru greut\u0103\u021bi formeaz\u0103 o margine de siguran\u021b\u0103 pentru a evita coliziunile.<\/li>\n<\/ul>\n<p><strong>Dimensiuni:<\/strong><\/p>\n<ul>\n<li>L\u0103\u021bime: 178 cm (70 inci)<\/li>\n<li>\u00cen\u0103l\u021bime: 90 cm (35.5 inci)<\/li>\n<li>Lungime: 200 cm (78.5 inci)<\/li>\n<li>Greutate: 106 kg (233 lbs)<\/li>\n<li>Rezisten\u021b\u0103 ini\u021bial\u0103: 9 kg (20 lbs)<\/li>\n<\/ul>\n<p>Detaliile fiec\u0103rei p\u0103r\u021bi a aparatului Atlantis Strength PW156 Flat Pec Fly sunt atent concepute pentru a oferi utilizatorilor cea mai bun\u0103 experien\u021b\u0103 de antrenament. Descoper\u0103 un nou nivel de antrenament pentru mu\u0219chii pieptului t\u0103u cu acest aparat de calitate premium!<\/p>","protected":false},"featured_media":2892,"template":"","meta":{"_acf_changed":false},"pwb-brand":[80,275],"product_brand":[],"product_cat":[182],"product_tag":[],"class_list":{"0":"post-2891","1":"product","2":"type-product","3":"status-publish","4":"has-post-thumbnail","6":"pwb-brand-atlantis","7":"pwb-brand-plate-loaded-machines","8":"product_cat-fitness-gepek","10":"first","11":"instock","12":"shipping-taxable","13":"purchasable","14":"product-type-simple"},"acf":[],"brands":[{"id":80,"name":"Atlantis","slug":"atlantis"},{"id":275,"name":"Ma\u0219ini cu greut\u0103\u021bi pl\u0103cu\u021be","slug":"masini-cu-greutati-plate"}],"_links":{"self":[{"href":"https:\/\/gymmakers.hu\/ro\/wp-json\/wp\/v2\/product\/2891","targetHints":{"allow":["GET"]}}],"collection":[{"href":"https:\/\/gymmakers.hu\/ro\/wp-json\/wp\/v2\/product"}],"about":[{"href":"https:\/\/gymmakers.hu\/ro\/wp-json\/wp\/v2\/types\/product"}],"wp:featuredmedia":[{"embeddable":true,"href":"https:\/\/gymmakers.hu\/ro\/wp-json\/wp\/v2\/media\/2892"}],"wp:attachment":[{"href":"https:\/\/gymmakers.hu\/ro\/wp-json\/wp\/v2\/media?parent=2891"}],"wp:term":[{"taxonomy":"pwb-brand","embeddable":true,"href":"https:\/\/gymmakers.hu\/ro\/wp-json\/wp\/v2\/pwb-brand?post=2891"},{"taxonomy":"product_brand","embeddable":true,"href":"https:\/\/gymmakers.hu\/ro\/wp-json\/wp\/v2\/product_brand?post=2891"},{"taxonomy":"product_cat","embeddable":true,"href":"https:\/\/gymmakers.hu\/ro\/wp-json\/wp\/v2\/product_cat?post=2891"},{"taxonomy":"product_tag","embeddable":true,"href":"https:\/\/gymmakers.hu\/ro\/wp-json\/wp\/v2\/product_tag?post=2891"}],"curies":[{"name":"wp","href":"https:\/\/api.w.org\/{rel}","templated":true}]}}