{"id":1506,"date":"2023-12-08T15:50:33","date_gmt":"2023-12-08T14:50:33","guid":{"rendered":"https:\/\/gymmakers.hu\/?post_type=product&#038;p=1506"},"modified":"2024-06-03T13:50:49","modified_gmt":"2024-06-03T11:50:49","slug":"cmj-6600-s-6-statie-single-pod","status":"publish","type":"product","link":"https:\/\/gymmakers.hu\/ro\/product\/cmj-6600-s-6-statie-single-pod\/","title":{"rendered":"CMJ-6600-S 6 STATION \u2013 SINGLE POD"},"content":{"rendered":"<div class=\"flex-1 overflow-hidden\">\n<div class=\"react-scroll-to-bottom--css-xpugk-79elbk h-full\">\n<div class=\"react-scroll-to-bottom--css-xpugk-1n7m0yu\">\n<div class=\"flex flex-col pb-9 text-sm\">\n<div class=\"w-full text-token-text-primary\" data-testid=\"conversation-turn-17\">\n<div class=\"px-4 py-2 justify-center text-base md:gap-6 m-auto\">\n<div class=\"flex flex-1 text-base mx-auto gap-3 md:px-5 lg:px-1 xl:px-5 md:max-w-3xl lg:max-w-[40rem] xl:max-w-[48rem] } group final-completion\">\n<div class=\"relative flex w-full flex-col lg:w-[calc(100%-115px)] agent-turn\">\n<div class=\"flex-col gap-1 md:gap-3\">\n<div class=\"flex flex-grow flex-col max-w-full\">\n<div class=\"min-h-[20px] text-message flex flex-col items-start gap-3 whitespace-pre-wrap break-words [.text-message+&amp;]:mt-5 overflow-x-auto\" data-message-author-role=\"assistant\" data-message-id=\"30f33d17-32e9-4268-94bf-c3f151b8ad74\">\n<div class=\"markdown prose w-full break-words dark:prose-invert light\">\n<p>A HOIST Commercial Multi Jungle Rendszer \u00fagy konfigur\u00e1lhat\u00f3, hogy megfeleljen mind az \u00d6n l\u00e9tes\u00edtm\u00e9ny\u00e9nek ig\u00e9nyeinek, mind a tagok fitnesz k\u00f6vetelm\u00e9nyeinek. A dzsungelt a standard n\u00e9gy \u00e1llom\u00e1sos kapszul\u00e1t\u00f3l b\u0151v\u00edtheti kilenc vagy tizenn\u00e9gy \u00e1llom\u00e1sosra a Crossover H\u00faz\u00f3dzkod\u00f3 R\u00fad (CMJ-OPT-01) hozz\u00e1ad\u00e1s\u00e1val. A Dzsungel Rendszer \u00e9rdekl\u0151d\u00e9st kelt a felhaszn\u00e1l\u00f3kban, lehet\u0151s\u00e9get biztos\u00edtva a teljes test megdolgoztat\u00e1s\u00e1ra \u00e9s rugalmass\u00e1got k\u00edn\u00e1lva saj\u00e1t gyakorlatok kialak\u00edt\u00e1s\u00e1ra.<\/p>\n<\/div>\n<\/div>\n<\/div>\n<div class=\"mt-1 flex justify-start gap-3 empty:hidden\">\n<div class=\"text-gray-400 flex self-end lg:self-center justify-center lg:justify-start mt-0 gap-1 visible\"><button class=\"flex items-center gap-1.5 rounded-md p-1 pl-0 text-xs hover:text-gray-950 dark:text-gray-400 dark:hover:text-gray-200 disabled:dark:hover:text-gray-400 md:invisible md:group-hover:visible md:group-[.final-completion]:visible\"><\/button><\/p>\n<div class=\"flex gap-1\"><\/div>\n<div class=\"flex items-center gap-1.5 text-xs\"><\/div>\n<\/div>\n<\/div>\n<\/div>\n<\/div>\n<\/div>\n<\/div>\n<\/div>\n<\/div>\n<\/div>\n<\/div>\n<\/div>\n<div class=\"w-full pt-2 md:pt-0 dark:border-white\/20 md:border-transparent md:dark:border-transparent md:w-[calc(100%-.5rem)]\">\n<form class=\"stretch mx-2 flex flex-row gap-3 last:mb-2 md:mx-4 md:last:mb-6 lg:mx-auto lg:max-w-2xl xl:max-w-3xl\">\n<div class=\"relative flex h-full flex-1 items-stretch md:flex-col\">\n<div class=\"flex w-full items-center\">\n<p>A HOIST\u00ae az ipar\u00e1g egyik legjobb garancia politik\u00e1j\u00e1t k\u00edn\u00e1lja, meger\u0151s\u00edtve elk\u00f6telezetts\u00e9g\u00fcnket a min\u0151s\u00e9g \u00e9s az \u00fcgyf\u00e9l-el\u00e9gedetts\u00e9g ir\u00e1nt. A HOIST csak az eredeti v\u00e1s\u00e1rl\u00f3nak ny\u00fajt garanci\u00e1t erre a term\u00e9kre. A HOIST garant\u00e1lja, hogy ez a term\u00e9k norm\u00e1l haszn\u00e1lat vagy szolg\u00e1ltat\u00e1s mellett mentes a kivitelez\u00e9si \u00e9s\/vagy anyaghib\u00e1kt\u00f3l.<\/p>\n<p>A teljes Garancia Inform\u00e1ci\u00f3\u00e9rt kattintson a \u201eT\u00e1mogat\u00e1s\u201d linkre. A garancia politika csak a gy\u00e1rt\u00f3 hib\u00e1ira vonatkozik. A HOIST fenntartja a jogot a term\u00e9kspecifik\u00e1ci\u00f3k, tervez\u00e9s \u00e9s funkci\u00f3k b\u00e1rmikori megv\u00e1ltoztat\u00e1s\u00e1ra.<\/p>\n<\/div>\n<\/div>\n<\/form>\n<\/div>\n","protected":false},"excerpt":{"rendered":"<div class=\"flex-1 overflow-hidden\">\n<div class=\"react-scroll-to-bottom--css-xpugk-79elbk h-full\">\n<div class=\"react-scroll-to-bottom--css-xpugk-1n7m0yu\">\n<div class=\"flex flex-col pb-9 text-sm\">\n<div class=\"w-full text-token-text-primary\" data-testid=\"conversation-turn-17\">\n<div class=\"px-4 py-2 justify-center text-base md:gap-6 m-auto\">\n<div class=\"flex flex-1 text-base mx-auto gap-3 md:px-5 lg:px-1 xl:px-5 md:max-w-3xl lg:max-w-[40rem] xl:max-w-[48rem] } group final-completion\">\n<div class=\"relative flex w-full flex-col lg:w-[calc(100%-115px)] agent-turn\">\n<div class=\"flex-col gap-1 md:gap-3\">\n<div class=\"flex flex-grow flex-col max-w-full\">\n<div class=\"min-h-[20px] text-message flex flex-col items-start gap-3 whitespace-pre-wrap break-words [.text-message+&amp;]:mt-5 overflow-x-auto\" data-message-author-role=\"assistant\" data-message-id=\"30f33d17-32e9-4268-94bf-c3f151b8ad74\">\n<div class=\"markdown prose w-full break-words dark:prose-invert light\">\n<p>A HOIST Commercial Multi Jungle Rendszer \u00fagy konfigur\u00e1lhat\u00f3, hogy megfeleljen mind az \u00d6n l\u00e9tes\u00edtm\u00e9ny\u00e9nek ig\u00e9nyeinek, mind a tagok fitnesz k\u00f6vetelm\u00e9nyeinek. A dzsungelt a standard n\u00e9gy \u00e1llom\u00e1sos kapszul\u00e1t\u00f3l b\u0151v\u00edtheti kilenc vagy tizenn\u00e9gy \u00e1llom\u00e1sosra a Crossover H\u00faz\u00f3dzkod\u00f3 R\u00fad (CMJ-OPT-01) hozz\u00e1ad\u00e1s\u00e1val. A Dzsungel Rendszer \u00e9rdekl\u0151d\u00e9st kelt a felhaszn\u00e1l\u00f3kban, lehet\u0151s\u00e9get biztos\u00edtva a teljes test megdolgoztat\u00e1s\u00e1ra \u00e9s rugalmass\u00e1got k\u00edn\u00e1lva saj\u00e1t gyakorlatok kialak\u00edt\u00e1s\u00e1ra.<\/p>\n<\/div>\n<\/div>\n<\/div>\n<div class=\"mt-1 flex justify-start gap-3 empty:hidden\">\n<div class=\"text-gray-400 flex self-end lg:self-center justify-center lg:justify-start mt-0 gap-1 visible\"><button class=\"flex items-center gap-1.5 rounded-md p-1 pl-0 text-xs hover:text-gray-950 dark:text-gray-400 dark:hover:text-gray-200 disabled:dark:hover:text-gray-400 md:invisible md:group-hover:visible md:group-[.final-completion]:visible\"><\/button><\/p>\n<div class=\"flex gap-1\"><\/div>\n<div class=\"flex items-center gap-1.5 text-xs\"><\/div>\n<\/div>\n<\/div>\n<\/div>\n<\/div>\n<\/div>\n<\/div>\n<\/div>\n<\/div>\n<\/div>\n<\/div>\n<\/div>\n<div class=\"w-full pt-2 md:pt-0 dark:border-white\/20 md:border-transparent md:dark:border-transparent md:w-[calc(100%-.5rem)]\">\n<form class=\"stretch mx-2 flex flex-row gap-3 last:mb-2 md:mx-4 md:last:mb-6 lg:mx-auto lg:max-w-2xl xl:max-w-3xl\">\n<div class=\"relative flex h-full flex-1 items-stretch md:flex-col\">\n<div class=\"flex w-full items-center\"><\/div>\n<\/div>\n<\/form>\n<\/div>\n","protected":false},"featured_media":1507,"template":"","meta":{"_acf_changed":false},"pwb-brand":[],"product_brand":[],"product_cat":[20],"product_tag":[],"class_list":{"0":"post-1506","1":"product","2":"type-product","3":"status-publish","4":"has-post-thumbnail","6":"product_cat-egyeb","8":"first","9":"instock","10":"shipping-taxable","11":"purchasable","12":"product-type-simple"},"acf":[],"brands":[],"_links":{"self":[{"href":"https:\/\/gymmakers.hu\/ro\/wp-json\/wp\/v2\/product\/1506","targetHints":{"allow":["GET"]}}],"collection":[{"href":"https:\/\/gymmakers.hu\/ro\/wp-json\/wp\/v2\/product"}],"about":[{"href":"https:\/\/gymmakers.hu\/ro\/wp-json\/wp\/v2\/types\/product"}],"wp:featuredmedia":[{"embeddable":true,"href":"https:\/\/gymmakers.hu\/ro\/wp-json\/wp\/v2\/media\/1507"}],"wp:attachment":[{"href":"https:\/\/gymmakers.hu\/ro\/wp-json\/wp\/v2\/media?parent=1506"}],"wp:term":[{"taxonomy":"pwb-brand","embeddable":true,"href":"https:\/\/gymmakers.hu\/ro\/wp-json\/wp\/v2\/pwb-brand?post=1506"},{"taxonomy":"product_brand","embeddable":true,"href":"https:\/\/gymmakers.hu\/ro\/wp-json\/wp\/v2\/product_brand?post=1506"},{"taxonomy":"product_cat","embeddable":true,"href":"https:\/\/gymmakers.hu\/ro\/wp-json\/wp\/v2\/product_cat?post=1506"},{"taxonomy":"product_tag","embeddable":true,"href":"https:\/\/gymmakers.hu\/ro\/wp-json\/wp\/v2\/product_tag?post=1506"}],"curies":[{"name":"wp","href":"https:\/\/api.w.org\/{rel}","templated":true}]}}