{"id":5079,"date":"2025-05-08T11:38:26","date_gmt":"2025-05-08T09:38:26","guid":{"rendered":"https:\/\/gymmakers.hu\/?page_id=5079"},"modified":"2025-05-08T11:41:10","modified_gmt":"2025-05-08T09:41:10","slug":"aszf","status":"publish","type":"page","link":"https:\/\/gymmakers.hu\/ro\/aszf\/","title":{"rendered":"ASZF"},"content":{"rendered":"<div data-elementor-type=\"wp-page\" data-elementor-id=\"5079\" class=\"elementor elementor-5079\" data-elementor-post-type=\"page\">\n\t\t\t\t<div class=\"elementor-element elementor-element-26ff39c6 e-flex e-con-boxed e-con e-parent\" data-id=\"26ff39c6\" data-element_type=\"container\" data-e-type=\"container\" data-settings=\"{&quot;background_background&quot;:&quot;classic&quot;}\">\n\t\t\t\t\t<div class=\"e-con-inner\">\n\t\t<div class=\"elementor-element elementor-element-351ec22 e-con-full e-flex e-con e-child\" data-id=\"351ec22\" data-element_type=\"container\" data-e-type=\"container\" data-settings=\"{&quot;background_background&quot;:&quot;classic&quot;}\">\n\t\t<div class=\"elementor-element elementor-element-2ea4d007 e-con-full e-flex e-con e-child\" data-id=\"2ea4d007\" data-element_type=\"container\" data-e-type=\"container\">\n\t\t<div class=\"elementor-element elementor-element-d1fc7c2 e-con-full e-flex e-con e-child\" data-id=\"d1fc7c2\" data-element_type=\"container\" data-e-type=\"container\" data-settings=\"{&quot;background_background&quot;:&quot;classic&quot;}\">\n\t\t\t\t<div class=\"elementor-element elementor-element-48c7876c elementor-widget elementor-widget-heading\" data-id=\"48c7876c\" data-element_type=\"widget\" data-e-type=\"widget\" data-widget_type=\"heading.default\">\n\t\t\t\t\t<h1 class=\"elementor-heading-title elementor-size-default\">Declara\u021bie juridic\u0103<\/h1>\t\t\t\t<\/div>\n\t\t\t\t<\/div>\n\t\t\t\t<\/div>\n\t\t\t\t<\/div>\n\t\t\t\t\t<\/div>\n\t\t\t\t<\/div>\n\t\t<div class=\"elementor-element elementor-element-626f453 e-flex e-con-boxed e-con e-parent\" data-id=\"626f453\" data-element_type=\"container\" data-e-type=\"container\" data-settings=\"{&quot;background_background&quot;:&quot;classic&quot;}\">\n\t\t\t\t\t<div class=\"e-con-inner\">\n\t\t<div class=\"elementor-element elementor-element-7a6e0125 e-con-full e-flex e-con e-child\" data-id=\"7a6e0125\" data-element_type=\"container\" data-e-type=\"container\">\n\t\t\t\t<div class=\"elementor-element elementor-element-ee6124d elementor-widget elementor-widget-heading\" data-id=\"ee6124d\" data-element_type=\"widget\" data-e-type=\"widget\" data-widget_type=\"heading.default\">\n\t\t\t\t\t<h3 class=\"elementor-heading-title elementor-size-default\">Condi\u021bii generale de contract<\/h3>\t\t\t\t<\/div>\n\t\t\t\t<div class=\"elementor-element elementor-element-3ba878a9 elementor-widget elementor-widget-text-editor\" data-id=\"3ba878a9\" data-element_type=\"widget\" data-e-type=\"widget\" data-widget_type=\"text-editor.default\">\n\t\t\t\t\t\t\t\t\t<p>1. Informa\u021bii generale<\/p><p>V\u0103 inform\u0103m c\u0103 site-ul disponibil la https:\/\/gymmakers.hu\/<\/p><p>1. MENS MENTIS HUNGARY Societate cu R\u0103spundere Limitat\u0103<br \/>Nume scurt: MENS MENTIS HUNGARY Kft.<br \/>Num\u0103r de \u00eenregistrare a companiei: 09 09 017147<br \/>Cod fiscal: 14809503209<br \/>Sediu: Ungaria, 4110 Biharkeresztes, strada Szacsvay 4\/b.<br \/>Telefon: \u2013<br \/>Adres\u0103 de e-mail: sales@mensmentisgroup.com<\/p><p>este operat de (\u00een continuare: Furnizor).<\/p><p>Pe acest site, pute\u021bi afla informa\u021bii despre serviciile \u0219i produsele Furnizorului. Prin vizualizarea \u0219i utilizarea acestui site \u0219i a paginilor care \u00eel compun (denumite \u00een continuare: \u00eempreun\u0103 site), accepta\u021bi \u00een mod obligatoriu con\u021binutul politicilor, informa\u021biilor, termenilor \u0219i condi\u021biilor generale de contract \u0219i utilizare publicate pe site. Furnizorul poate modifica aceste documente \u00een orice moment, iar modific\u0103rile, precum \u0219i noile politici, informa\u021bii, precum \u0219i termenii \u0219i condi\u021biile generale de contract \u0219i utilizare vor fi publicate pe acest site.<\/p><p>Informa\u021biile de pe acest site au fost plasate de Furnizor \u00een scop informativ, astfel \u00eenc\u00e2t acestea nu constituie consultan\u021b\u0103. Furnizorul va lua toate m\u0103surile necesare pentru a se asigura c\u0103 datele publicate corespund realit\u0103\u021bii, totu\u0219i, din informa\u021biile provenite de pe site nu pot fi deduse drepturi \u0219i obliga\u021bii directe.<\/p><p>Furnizorul \u00ee\u0219i asum\u0103 responsabilitatea doar pentru informa\u021biile confirmate, dar exclude responsabilitatea pentru datele care rezult\u0103 din erori de func\u021bionare ale site-ului, precum \u0219i pentru datele modificate sau afectate de viru\u0219i.<\/p><p>\u2e3b<\/p><p>2. Drepturi de autor, protec\u021bia propriet\u0103\u021bii industriale<\/p><p>Con\u021binuturile de autor disponibile pe site \u2013 inclusiv, dar f\u0103r\u0103 a se limita la, texte, design, software, imagini, grafice, materiale audio, materiale audiovizuale, \u00eenregistr\u0103ri, cod surs\u0103 \u0219i con\u021binut \u2013 sunt proprietatea Furnizorului. Con\u021binuturile de autor disponibile aici \u0219i con\u021binuturile utilizate pe baza unei licen\u021be exclusive sunt protejate de legile privind drepturile de autor din Ungaria, precum \u0219i de legile interna\u021bionale privind drepturile de autor. Modificarea, copierea, reproducerea, republicarea, \u00eenc\u0103rcarea, desc\u0103rcarea, transmiterea po\u0219tal\u0103 sau prin alte mijloace, punerea la dispozi\u021bie, f\u0103c\u00e2ndu-le accesibile publicului, utilizarea \u00een crearea altor materiale, crearea de linkuri c\u0103tre acestea, transferul, v\u00e2nzarea sau utilizarea \u00een alte scopuri publice sau comerciale se poate face doar cu permisiunea expres\u0103 scris\u0103 a Furnizorului.<\/p><p>F\u0103r\u0103 permisiunea expres\u0103 scris\u0103 a Furnizorului, este interzis\u0103 modificarea, copierea, reproducerea, republicarea, \u00eenc\u0103rcarea, desc\u0103rcarea, transmiterea po\u0219tal\u0103 sau prin alte mijloace, punerea la dispozi\u021bie a m\u0103rcilor comerciale \u0219i a semnelor de servicii disponibile pe site, precum \u0219i interzicerea de a le face accesibile publicului, precum \u0219i utilizarea lor \u00een crearea altor materiale, v\u00e2nzarea sau utilizarea \u00een alte scopuri publice sau comerciale.<\/p><p>Con\u021binuturile ob\u021binute \u00een mod legal din surse deschise \u00een scopuri de utilizare liber\u0103 \u0219i con\u021binuturile prezentate pe baza unui contract special cu partenerii Furnizorului sunt supuse unei evalu\u0103ri diferite. \u00cen ceea ce prive\u0219te acestea, drepturile de autor \u0219i protec\u021bia propriet\u0103\u021bii industriale nu se aplic\u0103 Furnizorului (ci proprietarului con\u021binutului), totu\u0219i, desc\u0103rcarea sau utilizarea acestor con\u021binuturi de pe acest site f\u0103r\u0103 permisiunea prealabil\u0103 scris\u0103 a titularului \u0219i a Furnizorului este, de asemenea, ilegal\u0103.<\/p><p>\u2e3b<\/p><p>3. Utilizarea informa\u021biilor \u0219i con\u021binuturilor<\/p><p>Site-ul a fost creat exclusiv \u00een scop informativ \u0219i nu constituie consultan\u021b\u0103 de niciun fel.<\/p><p>Articolele\/video-urile legate de diferitele subiecte con\u021bin doar informa\u021bii de natur\u0103 informativ\u0103 \u0219i nu constituie consultan\u021b\u0103 profesional\u0103.<\/p><p>Con\u021binutul publicat pe site, inclusiv termenii \u0219i descrierile disponibile acolo, se poate modifica f\u0103r\u0103 notificare prealabil\u0103.<\/p><p>\u00cen leg\u0103tur\u0103 cu informa\u021biile, produsele \u0219i serviciile disponibile pe site, Furnizorul atrage aten\u021bia utilizatorilor c\u0103 utilizarea anumitor informa\u021bii, produse, servicii sau materiale poate fi interzis\u0103 sau restric\u021bionat\u0103 de legile din anumite \u021b\u0103ri, iar respectarea acestora este obliga\u021bia \u0219i responsabilitatea utilizatorului.<\/p><p>Utilizarea, transmiterea sau publicarea ulterioar\u0103 a con\u021binutului sau a detaliilor acestuia afi\u0219ate pe site se poate face exclusiv cu permisiunea scris\u0103 prealabil\u0103 a Furnizorului \u0219i cu men\u021bionarea sursei. Con\u021binutul protejat prin drepturi de autor afi\u0219at pe site poate fi preluat doar \u00een \u00eentregime, \u00een form\u0103 neschimbat\u0103 \u0219i astfel \u00eenc\u00e2t preluatorul s\u0103 men\u021bioneze \u00een mod clar referin\u021ba la site, \u00eempreun\u0103 cu men\u021bionarea sursei \u0219i a autorului.<\/p><p>\u00cen ceea ce prive\u0219te con\u021binutul creat de autori externi, diferi\u021bi de Furnizor, este necesar\u0103 respectarea instruc\u021biunilor autorului privind ob\u021binerea permisiunii scrise prealabile \u0219i men\u021bionarea calit\u0103\u021bii de autor.<\/p><p>F\u0103r\u0103 permisiunea clar\u0103 \u0219i neechivoc\u0103 a Furnizorului, este interzis\u0103 crearea de lucr\u0103ri \u0219i materiale \u2013 inclusiv, dar f\u0103r\u0103 a se limita la, fonturi, pictograme, butoane de link, imagini de fundal, teme de birou, c\u0103r\u021bi po\u0219tale online, colaje, videoclipuri editate \u0219i similare, c\u0103r\u021bi po\u0219tale \u0219i bunuri f\u0103r\u0103 permisiune \u2013 care provin din con\u021binutul disponibil pe site sau care sunt realizate pe baza acestuia.<\/p><p>Este strict interzis\u0103 utilizarea neautorizat\u0103 a site-ului, precum \u0219i utilizarea necorespunz\u0103toare a informa\u021biilor legate de site.<\/p><p>Numele de domeniu \u00eenregistrat https:\/\/gymmakers.hu\/ poate fi utilizat exclusiv cu permisiunea scris\u0103 prealabil\u0103 a Furnizorului, cu excep\u021bia referin\u021bei.<\/p><p>Orice utilizare sau referire la con\u021binutul care con\u021bine date personale ale persoanelor fizice afi\u0219ate pe site este interzis\u0103 f\u0103r\u0103 consultarea cu Furnizorul.<\/p><p>\u2e3b<\/p><p>4. Linkuri c\u0103tre alte pagini<\/p><p>Furnizorul poate plasa pe site linkuri \u0219i referin\u021be c\u0103tre site-uri web operate de ter\u021bi, pe care utilizatorii le pot folosi la discre\u021bia lor.<\/p><p>Furnizorul nu verific\u0103 aceste site-uri web \u0219i nu este responsabil pentru con\u021binutul acestora. Plasarea linkurilor nu constituie sus\u021binerea sau recomandarea din partea Furnizorului a opiniilor, ideilor, bunurilor, produselor, informa\u021biilor sau serviciilor g\u0103site pe site-ul web extern. Rela\u021bia juridic\u0103 dintre utilizator \u0219i site-ul web men\u021bionat \u00een link, inclusiv plata \u0219i livrarea bunurilor, produselor \u0219i serviciilor oferite acolo, se bazeaz\u0103 exclusiv pe rela\u021bia dintre Utilizator \u0219i operatorul site-ului respectiv. Furnizorul nu are influen\u021b\u0103 asupra site-urilor externe men\u021bionate \u00een linkuri \u0219i nu este responsabil pentru consecin\u021bele legate de vizualizarea, utilizarea sau e\u0219ecul utiliz\u0103rii acestor site-uri externe, precum \u0219i pentru con\u021binutul, bunurile, produsele \u0219i serviciile oferite acolo.<\/p><p>\u2e3b<\/p><p>5. Linkuri c\u0103tre site-ul https:\/\/gymmakers.hu\/<\/p><p>Plasarea linkurilor c\u0103tre site-ul https:\/\/gymmakers.hu\/ pe alte site-uri este permis\u0103 doar cu permisiunea scris\u0103 a Furnizorului, cu excep\u021bia referin\u021belor legale la con\u021binutul protejat prin drepturi de autor descris \u00een capitolul 3 de mai sus. Plasarea linkurilor c\u0103tre site-ul web nu poate cauza daune reputa\u021biei Furnizorului sau a paginilor sale.<\/p><p>Furnizorul \u00ee\u0219i rezerv\u0103 dreptul de a elimina linkurile autorizate f\u0103r\u0103 nicio notificare prealabil\u0103, dac\u0103 consider\u0103 c\u0103 linkul cauzeaz\u0103 vreo daun\u0103 reputa\u021biei, func\u021bion\u0103rii Furnizorului sau a paginilor sale.<\/p><p>\u2e3b<\/p><p>6. Eliminarea con\u021binutului<\/p><p>Furnizorul \u00ee\u0219i rezerv\u0103 dreptul de a elimina orice con\u021binut de pe site f\u0103r\u0103 o notificare prealabil\u0103 \u0219i f\u0103r\u0103 justificare.<br \/>*2025.01.02.*<br \/>**MENS MENTIS HUNGARY Kft.**<\/p>\t\t\t\t\t\t\t\t<\/div>\n\t\t\t\t<div class=\"elementor-element elementor-element-a9a64fa elementor-widget elementor-widget-spacer\" data-id=\"a9a64fa\" data-element_type=\"widget\" data-e-type=\"widget\" data-widget_type=\"spacer.default\">\n\t\t\t\t\t\t\t<div class=\"elementor-spacer\">\n\t\t\t<div class=\"elementor-spacer-inner\"><\/div>\n\t\t<\/div>\n\t\t\t\t\t\t<\/div>\n\t\t\t\t<\/div>\n\t\t\t\t\t<\/div>\n\t\t\t\t<\/div>\n\t\t\t\t<\/div>","protected":false},"excerpt":{"rendered":"<p>Jogi nyilatkozat \u00c1ltal\u00e1nos szerz\u0151d\u00e9si felt\u00e9telek 1. \u00c1ltal\u00e1nos t\u00e1j\u00e9koztat\u00e1s T\u00e1j\u00e9koztatjuk, hogy a https:\/\/gymmakers.hu\/ internetc\u00edmen el\u00e9rhet\u0151 webhelyet a MENS MENTIS HUNGARY Korl\u00e1tolt Felel\u0151ss\u00e9g\u0171 T\u00e1rsas\u00e1gR\u00f6vid\u00edtett n\u00e9v: MENS MENTIS HUNGARY Kft.C\u00e9gjegyz\u00e9ksz\u00e1m: 09 09 017147Ad\u00f3sz\u00e1m: 14809503209Sz\u00e9khely: Magyarorsz\u00e1g, 4110 Biharkeresztes, Szacsvay utca 4\/b.Telefon: \u2013E-mail c\u00edm: sales@mensmentisgroup.com \u00fczemelteti (a tov\u00e1bbiakban: Szolg\u00e1ltat\u00f3). Jelen webhelyen a Szolg\u00e1ltat\u00f3 szolg\u00e1ltat\u00e1saival, term\u00e9keivel kapcsolatban inform\u00e1ci\u00f3kat ismerhet meg. A [&hellip;]<\/p>\n","protected":false},"author":1,"featured_media":0,"parent":0,"menu_order":0,"comment_status":"closed","ping_status":"closed","template":"","meta":{"_acf_changed":false,"footnotes":""},"class_list":["post-5079","page","type-page","status-publish","hentry"],"acf":[],"_links":{"self":[{"href":"https:\/\/gymmakers.hu\/ro\/wp-json\/wp\/v2\/pages\/5079","targetHints":{"allow":["GET"]}}],"collection":[{"href":"https:\/\/gymmakers.hu\/ro\/wp-json\/wp\/v2\/pages"}],"about":[{"href":"https:\/\/gymmakers.hu\/ro\/wp-json\/wp\/v2\/types\/page"}],"author":[{"embeddable":true,"href":"https:\/\/gymmakers.hu\/ro\/wp-json\/wp\/v2\/users\/1"}],"replies":[{"embeddable":true,"href":"https:\/\/gymmakers.hu\/ro\/wp-json\/wp\/v2\/comments?post=5079"}],"version-history":[{"count":4,"href":"https:\/\/gymmakers.hu\/ro\/wp-json\/wp\/v2\/pages\/5079\/revisions"}],"predecessor-version":[{"id":5083,"href":"https:\/\/gymmakers.hu\/ro\/wp-json\/wp\/v2\/pages\/5079\/revisions\/5083"}],"wp:attachment":[{"href":"https:\/\/gymmakers.hu\/ro\/wp-json\/wp\/v2\/media?parent=5079"}],"curies":[{"name":"wp","href":"https:\/\/api.w.org\/{rel}","templated":true}]}}