{"id":2341,"date":"2024-01-08T13:09:40","date_gmt":"2024-01-08T12:09:40","guid":{"rendered":"https:\/\/gymmakers.hu\/?page_id=2341"},"modified":"2025-03-12T15:06:15","modified_gmt":"2025-03-12T14:06:15","slug":"prime-fitness-usa-echipamente-de-fitness","status":"publish","type":"page","link":"https:\/\/gymmakers.hu\/ro\/prime-fitness-usa-edzogepek\/","title":{"rendered":"Prime Fitness USA \u2013 Echipamente Premium pentru Culturism \u0219i For\u021b\u0103"},"content":{"rendered":"<div data-elementor-type=\"wp-page\" data-elementor-id=\"2341\" class=\"elementor elementor-2341\" data-elementor-post-type=\"page\">\n\t\t\t\t<div class=\"elementor-element elementor-element-6a6c43d7 e-flex e-con-boxed e-con e-parent\" data-id=\"6a6c43d7\" data-element_type=\"container\" data-e-type=\"container\" data-settings=\"{&quot;background_background&quot;:&quot;classic&quot;}\">\n\t\t\t\t\t<div class=\"e-con-inner\">\n\t\t<div class=\"elementor-element elementor-element-44787a7e e-con-full e-flex e-con e-child\" data-id=\"44787a7e\" data-element_type=\"container\" data-e-type=\"container\" data-settings=\"{&quot;background_background&quot;:&quot;classic&quot;}\">\n\t\t<div class=\"elementor-element elementor-element-647e5443 e-con-full e-flex e-con e-child\" data-id=\"647e5443\" data-element_type=\"container\" data-e-type=\"container\">\n\t\t<div class=\"elementor-element elementor-element-6e4135b0 e-con-full e-flex e-con e-child\" data-id=\"6e4135b0\" data-element_type=\"container\" data-e-type=\"container\" data-settings=\"{&quot;background_background&quot;:&quot;classic&quot;}\">\n\t\t\t\t<div class=\"elementor-element elementor-element-58f6008b elementor-widget elementor-widget-image\" data-id=\"58f6008b\" data-element_type=\"widget\" data-e-type=\"widget\" data-widget_type=\"image.default\">\n\t\t\t\t\t\t\t\t\t\t\t\t\t\t\t<img decoding=\"async\" width=\"188\" height=\"94\" src=\"https:\/\/gymmakers.hu\/wp-content\/uploads\/2023\/11\/4-1.png\" class=\"attachment-large size-large wp-image-989\" alt=\"\" \/>\t\t\t\t\t\t\t\t\t\t\t\t\t\t\t<\/div>\n\t\t\t\t<\/div>\n\t\t\t\t<\/div>\n\t\t\t\t<\/div>\n\t\t\t\t\t<\/div>\n\t\t\t\t<\/div>\n\t\t<div class=\"elementor-element elementor-element-5a9cee20 e-flex e-con-boxed e-con e-parent\" data-id=\"5a9cee20\" data-element_type=\"container\" data-e-type=\"container\">\n\t\t\t\t\t<div class=\"e-con-inner\">\n\t\t<div class=\"elementor-element elementor-element-644dc66a e-con-full e-flex e-con e-child\" data-id=\"644dc66a\" data-element_type=\"container\" data-e-type=\"container\" data-settings=\"{&quot;background_background&quot;:&quot;classic&quot;}\">\n\t\t\t\t<\/div>\n\t\t<div class=\"elementor-element elementor-element-7b9259e1 e-con-full e-flex e-con e-child\" data-id=\"7b9259e1\" data-element_type=\"container\" data-e-type=\"container\">\n\t\t\t\t<div class=\"elementor-element elementor-element-267bcab7 elementor-headline--style-highlight elementor-widget elementor-widget-animated-headline\" data-id=\"267bcab7\" data-element_type=\"widget\" data-e-type=\"widget\" data-settings=\"{&quot;marker&quot;:&quot;x&quot;,&quot;highlighted_text&quot;:&quot;.&quot;,&quot;headline_style&quot;:&quot;highlight&quot;,&quot;loop&quot;:&quot;yes&quot;,&quot;highlight_animation_duration&quot;:1200,&quot;highlight_iteration_delay&quot;:8000}\" data-widget_type=\"animated-headline.default\">\n\t\t\t\t\t\t\t<h3 class=\"elementor-headline\">\n\t\t\t\t\t<span class=\"elementor-headline-plain-text elementor-headline-text-wrapper\">GYM MAKERS <\/span>\n\t\t\t\t<span class=\"elementor-headline-dynamic-wrapper elementor-headline-text-wrapper\">\n\t\t\t\t\t<span class=\"elementor-headline-dynamic-text elementor-headline-text-active\">.<\/span>\n\t\t\t\t<\/span>\n\t\t\t\t\t<span class=\"elementor-headline-plain-text elementor-headline-text-wrapper\">Prime<\/span>\n\t\t\t\t\t<\/h3>\n\t\t\t\t\t\t<\/div>\n\t\t\t\t<div class=\"elementor-element elementor-element-4fe886b elementor-widget elementor-widget-heading\" data-id=\"4fe886b\" data-element_type=\"widget\" data-e-type=\"widget\" data-widget_type=\"heading.default\">\n\t\t\t\t\t<h2 class=\"elementor-heading-title elementor-size-default\"> ne\u00eencetat \u00eenainte<\/h2>\t\t\t\t<\/div>\n\t\t\t\t<div class=\"elementor-element elementor-element-4ded114b elementor-widget elementor-widget-text-editor\" data-id=\"4ded114b\" data-element_type=\"widget\" data-e-type=\"widget\" data-widget_type=\"text-editor.default\">\n\t\t\t\t\t\t\t\t\t<p>A <mark>PRIME Fitness<\/mark> stabile\u0219te un nou standard \u00een lumea fitness-ului, unde <mark>inova\u021bia<\/mark>, a <mark>durabilitatea<\/mark> \u0219i <mark>designul estetic<\/mark> se \u00eent\u00e2lnesc. De la \u00eenfiin\u021bare, PRIME a devenit unul dintre juc\u0103torii de baz\u0103 pe pia\u021ba echipamentelor de antrenament, ceea ce nu s-a \u00eent\u00e2mplat doar datorit\u0103 echipamentelor de for\u021b\u0103 selectorizate de \u00eenalt\u0103 calitate \u0219i a echipamentelor cu discuri de greutate, ci \u0219i prin intermediul celor mai moderne antrenori func\u021bionali, precum \u0219i <mark>suporturile PRIME STEEL<\/mark> \u0219i structurile acestora.<\/p><p>Renumele companiei se bazeaz\u0103 pe fiabilitatea \u0219i performan\u021ba excelent\u0103 a produselor unice, care satisfac at\u00e2t nevoile utilizatorilor, c\u00e2t \u0219i ale proprietarilor. <mark>PRIME Fitness<\/mark> Echipamentele sale combin\u0103 cele mai recente dezvolt\u0103ri tehnologice cu \u00eembun\u0103t\u0103\u021birea continu\u0103 a experien\u021bei utilizatorului, rezult\u00e2nd c\u0103 utilizatorii nu doar c\u0103 pot efectua antrenamente mai eficiente, ci \u0219i mai sigure \u0219i mai pl\u0103cute.<\/p><p>\u00cen spiritul inova\u021biei, <mark>PRIME Fitness<\/mark> \u00ee\u0219i extinde constant gama de produse pentru a r\u0103spunde cerin\u021belor de pia\u021b\u0103 \u00een schimbare \u0219i noilor tendin\u021be de antrenament. Compania folose\u0219te cele mai bune materiale pentru fabricarea produselor sale, care trec prin procese stricte de control al calit\u0103\u021bii, asigur\u00e2ndu-se c\u0103 fiecare echipament de antrenament este durabil \u0219i fiabil.<\/p>\t\t\t\t\t\t\t\t<\/div>\n\t\t\t\t<\/div>\n\t\t\t\t\t<\/div>\n\t\t\t\t<\/div>\n\t\t<div class=\"elementor-element elementor-element-1d5166f2 e-flex e-con-boxed e-con e-parent\" data-id=\"1d5166f2\" data-element_type=\"container\" data-e-type=\"container\">\n\t\t\t\t\t<div class=\"e-con-inner\">\n\t\t<div class=\"elementor-element elementor-element-4baa83f6 e-con-full e-flex e-con e-child\" data-id=\"4baa83f6\" data-element_type=\"container\" data-e-type=\"container\">\n\t\t\t\t<div class=\"elementor-element elementor-element-298b4b13 elementor-widget elementor-widget-heading\" data-id=\"298b4b13\" data-element_type=\"widget\" data-e-type=\"widget\" data-widget_type=\"heading.default\">\n\t\t\t\t\t<h2 class=\"elementor-heading-title elementor-size-default\">Adev\u0103rat\u0103 calitate<\/h2>\t\t\t\t<\/div>\n\t\t\t\t<div class=\"elementor-element elementor-element-68023333 elementor-widget elementor-widget-text-editor\" data-id=\"68023333\" data-element_type=\"widget\" data-e-type=\"widget\" data-widget_type=\"text-editor.default\">\n\t\t\t\t\t\t\t\t\t<p>Povestea PRIME Fitness a \u00eenceput cu \u00eenfiin\u021barea Specialty Fitness Systems (SFS) \u00een 2014, \u00een Pennsylvania de Nord-Vest. SFS, la scurt timp dup\u0103 \u00eenfiin\u021bare, a achizi\u021bionat compania STRIVE Strength, ob\u021bin\u00e2nd astfel tehnologia inovatoare STRIVE cu came ajustabile. Lansarea PRIME pe pia\u021b\u0103 \u00een octombrie 2014, la expozi\u021bia Club Industry din Chicago, a fost un moment semnificativ \u00een istoria companiei. De atunci, PRIME \u00ee\u0219i extinde constant gama de produse \u0219i, \u00een prezent, a devenit echipamentul de baz\u0103 al multor s\u0103li de sport \u0219i centre de fitness din \u00eentreaga lume.<\/p>\t\t\t\t\t\t\t\t<\/div>\n\t\t\t\t<\/div>\n\t\t<div class=\"elementor-element elementor-element-19dd1f70 e-con-full e-flex e-con e-child\" data-id=\"19dd1f70\" data-element_type=\"container\" data-e-type=\"container\">\n\t\t\t\t<div class=\"elementor-element elementor-element-13fb8091 elementor-widget elementor-widget-image\" data-id=\"13fb8091\" data-element_type=\"widget\" data-e-type=\"widget\" data-widget_type=\"image.default\">\n\t\t\t\t\t\t\t\t\t\t\t\t\t\t\t<img fetchpriority=\"high\" decoding=\"async\" width=\"1440\" height=\"1440\" src=\"https:\/\/gymmakers.hu\/wp-content\/uploads\/2024\/01\/275011925_1848888971974473_2879465290109500713_n.jpg\" class=\"attachment-full size-full wp-image-2352\" alt=\"\" srcset=\"https:\/\/gymmakers.hu\/wp-content\/uploads\/2024\/01\/275011925_1848888971974473_2879465290109500713_n.jpg 1440w, https:\/\/gymmakers.hu\/wp-content\/uploads\/2024\/01\/275011925_1848888971974473_2879465290109500713_n-300x300.jpg 300w, https:\/\/gymmakers.hu\/wp-content\/uploads\/2024\/01\/275011925_1848888971974473_2879465290109500713_n-1024x1024.jpg 1024w, https:\/\/gymmakers.hu\/wp-content\/uploads\/2024\/01\/275011925_1848888971974473_2879465290109500713_n-150x150.jpg 150w, https:\/\/gymmakers.hu\/wp-content\/uploads\/2024\/01\/275011925_1848888971974473_2879465290109500713_n-768x768.jpg 768w, https:\/\/gymmakers.hu\/wp-content\/uploads\/2024\/01\/275011925_1848888971974473_2879465290109500713_n-600x600.jpg 600w, https:\/\/gymmakers.hu\/wp-content\/uploads\/2024\/01\/275011925_1848888971974473_2879465290109500713_n-100x100.jpg 100w\" sizes=\"(max-width: 1440px) 100vw, 1440px\" \/>\t\t\t\t\t\t\t\t\t\t\t\t\t\t\t<\/div>\n\t\t\t\t<\/div>\n\t\t\t\t\t<\/div>\n\t\t\t\t<\/div>\n\t\t<div class=\"elementor-element elementor-element-164cdd9f e-flex e-con-boxed e-con e-parent\" data-id=\"164cdd9f\" data-element_type=\"container\" data-e-type=\"container\">\n\t\t\t\t\t<div class=\"e-con-inner\">\n\t\t<div class=\"elementor-element elementor-element-50a533b4 e-con-full e-flex e-con e-child\" data-id=\"50a533b4\" data-element_type=\"container\" data-e-type=\"container\" data-settings=\"{&quot;background_background&quot;:&quot;classic&quot;}\">\n\t\t\t\t<\/div>\n\t\t<div class=\"elementor-element elementor-element-7680f207 e-con-full e-flex e-con e-child\" data-id=\"7680f207\" data-element_type=\"container\" data-e-type=\"container\">\n\t\t\t\t<div class=\"elementor-element elementor-element-efa7a6f elementor-widget elementor-widget-heading\" data-id=\"efa7a6f\" data-element_type=\"widget\" data-e-type=\"widget\" data-widget_type=\"heading.default\">\n\t\t\t\t\t<h2 class=\"elementor-heading-title elementor-size-default\">Inova\u021bie \u0219i tehnologie<\/h2>\t\t\t\t<\/div>\n\t\t\t\t<div class=\"elementor-element elementor-element-1b3fa170 elementor-widget elementor-widget-text-editor\" data-id=\"1b3fa170\" data-element_type=\"widget\" data-e-type=\"widget\" data-widget_type=\"text-editor.default\">\n\t\t\t\t\t\t\t\t\t<p>A <mark>PRIME Fitness<\/mark> nu doar c\u0103 \u0219i-a c\u00e2\u0219tigat o reputa\u021bie remarcabil\u0103 \u00een industria fitness-ului, ci \u0219i <mark>inova\u021bia<\/mark> \u0219i <mark>angajamentul fa\u021b\u0103 de<\/mark> calitate. Succesul companiei const\u0103 \u00een faptul c\u0103 monitorizeaz\u0103 constant tendin\u021bele de pia\u021b\u0103 \u0219i nevoile \u00een schimbare ale clien\u021bilor, astfel \u00eenc\u00e2t s\u0103 poat\u0103 aplica cele mai recente tehnologii \u0219i design \u00een produsele lor. <mark>PRIME<\/mark> 1. dedicat s\u0103 ofere solu\u021bii inovatoare comunit\u0103\u021bii de fitness \u0219i \u00een viitor va fi <mark>2. inova\u021bie<\/mark> \u0219i <mark>3. \u00eembun\u0103t\u0103\u021birea experien\u021bei utilizatorului<\/mark> 4. va fi principalul s\u0103u obiectiv.<\/p><p>5. Aceast\u0103 angajare face din <mark>PRIME Fitness<\/mark>6. - un juc\u0103tor de frunte \u00een domeniul echipamentelor de fitness, ale c\u0103rui produse sunt cunoscute \u0219i recunoscute la nivel mondial. Compania colaboreaz\u0103 str\u00e2ns cu exper\u021bi \u0219i designeri pentru a crea aparate de antrenament care sunt nu doar eficiente, ci \u0219i sigure \u0219i estetic atr\u0103g\u0103toare. De asemenea, compania pune un accent deosebit pe produc\u021bia ecologic\u0103 \u0219i sustenabilitate, ceea ce \u00eei \u00eent\u0103re\u0219te pozi\u021bia pe pia\u021b\u0103 \u0219i contribuie la tendin\u021ba cresc\u00e2nd\u0103 a responsabilit\u0103\u021bii sociale.<\/p><p>A <mark>PRIME Fitness<\/mark> 7. astfel r\u0103m\u00e2ne nu doar \u00een fruntea pie\u021bei aparatelor de antrenament, ci \u0219i \u00een \u00eentreaga industrie a fitness-ului, asigur\u00e2ndu-se c\u0103 clien\u021bii s\u0103i pot atinge obiectivele cu cele mai moderne instrumente \u0219i solu\u021bii. Dezvolt\u0103rile \u0219i inova\u021biile continue ale companiei garanteaz\u0103 c\u0103 <mark>PRIME<\/mark> 8. produsele sale sunt \u00eentotdeauna cu un pas \u00eenaintea cerin\u021belor pie\u021bei, facilit\u00e2nd utilizatorilor men\u021binerea unui stil de via\u021b\u0103 s\u0103n\u0103tos \u0219i activ.<\/p>\t\t\t\t\t\t\t\t<\/div>\n\t\t\t\t<\/div>\n\t\t\t\t\t<\/div>\n\t\t\t\t<\/div>\n\t\t<div class=\"elementor-element elementor-element-3d547f0f e-flex e-con-boxed e-con e-parent\" data-id=\"3d547f0f\" data-element_type=\"container\" data-e-type=\"container\">\n\t\t\t\t\t<div class=\"e-con-inner\">\n\t\t<div class=\"elementor-element elementor-element-cc38c61 e-con-full e-flex e-con e-child\" data-id=\"cc38c61\" data-element_type=\"container\" data-e-type=\"container\" data-settings=\"{&quot;background_background&quot;:&quot;video&quot;,&quot;background_video_link&quot;:&quot;https:\\\/\\\/www.youtube.com\\\/watch?v=WM2qFrIQK18&amp;t=1s&amp;ab_channel=PRIMEFitness&quot;,&quot;background_video_start&quot;:27,&quot;background_play_on_mobile&quot;:&quot;yes&quot;}\">\n\t\t<div class=\"elementor-background-video-container\">\n\t\t\t\t\t\t\t<div class=\"elementor-background-video-embed\" role=\"presentation\"><\/div>\n\t\t\t\t\t\t<\/div>\t\t<\/div>\n\t\t\t\t\t<\/div>\n\t\t\t\t<\/div>\n\t\t<div class=\"elementor-element elementor-element-cb43a08 e-flex e-con-boxed e-con e-parent\" data-id=\"cb43a08\" data-element_type=\"container\" data-e-type=\"container\" data-settings=\"{&quot;background_background&quot;:&quot;classic&quot;}\">\n\t\t\t\t\t<div class=\"e-con-inner\">\n\t\t<div class=\"elementor-element elementor-element-2206a56 e-con-full e-flex e-con e-child\" data-id=\"2206a56\" data-element_type=\"container\" data-e-type=\"container\">\n\t\t<div class=\"elementor-element elementor-element-fb34cb7 e-flex e-con-boxed e-con e-child\" data-id=\"fb34cb7\" data-element_type=\"container\" data-e-type=\"container\" data-settings=\"{&quot;background_background&quot;:&quot;classic&quot;}\">\n\t\t\t\t\t<div class=\"e-con-inner\">\n\t\t\t\t\t<\/div>\n\t\t\t\t<\/div>\n\t\t<div class=\"elementor-element elementor-element-5f55878 diagonal e-flex e-con-boxed e-con e-child\" data-id=\"5f55878\" data-element_type=\"container\" data-e-type=\"container\">\n\t\t\t\t\t<div class=\"e-con-inner\">\n\t\t\t\t<div class=\"elementor-element elementor-element-2697970 elementor-widget-divider--view-line elementor-widget elementor-widget-divider\" data-id=\"2697970\" data-element_type=\"widget\" data-e-type=\"widget\" data-widget_type=\"divider.default\">\n\t\t\t\t\t\t\t<div class=\"elementor-divider\">\n\t\t\t<span class=\"elementor-divider-separator\">\n\t\t\t\t\t\t<\/span>\n\t\t<\/div>\n\t\t\t\t\t\t<\/div>\n\t\t\t\t<div class=\"elementor-element elementor-element-07fd9b1 elementor-widget elementor-widget-heading\" data-id=\"07fd9b1\" data-element_type=\"widget\" data-e-type=\"widget\" data-widget_type=\"heading.default\">\n\t\t\t\t\t<h2 class=\"elementor-heading-title elementor-size-default\"><b>9. Visul American<\/b> 10. V\u00e2rful<\/h2>\t\t\t\t<\/div>\n\t\t\t\t<div class=\"elementor-element elementor-element-4722d0f elementor-widget-divider--view-line elementor-widget elementor-widget-divider\" data-id=\"4722d0f\" data-element_type=\"widget\" data-e-type=\"widget\" data-widget_type=\"divider.default\">\n\t\t\t\t\t\t\t<div class=\"elementor-divider\">\n\t\t\t<span class=\"elementor-divider-separator\">\n\t\t\t\t\t\t<\/span>\n\t\t<\/div>\n\t\t\t\t\t\t<\/div>\n\t\t\t\t\t<\/div>\n\t\t\t\t<\/div>\n\t\t\t\t<\/div>\n\t\t<div class=\"elementor-element elementor-element-3325b2e e-con-full e-flex e-con e-child\" data-id=\"3325b2e\" data-element_type=\"container\" data-e-type=\"container\">\n\t\t<div class=\"elementor-element elementor-element-4dd900d e-flex e-con-boxed e-con e-child\" data-id=\"4dd900d\" data-element_type=\"container\" data-e-type=\"container\" data-settings=\"{&quot;background_background&quot;:&quot;classic&quot;}\">\n\t\t\t\t\t<div class=\"e-con-inner\">\n\t\t\t\t\t<\/div>\n\t\t\t\t<\/div>\n\t\t<div class=\"elementor-element elementor-element-d161111 diagonal e-flex e-con-boxed e-con e-child\" data-id=\"d161111\" data-element_type=\"container\" data-e-type=\"container\">\n\t\t\t\t\t<div class=\"e-con-inner\">\n\t\t\t\t<div class=\"elementor-element elementor-element-8fb94a2 elementor-widget-divider--view-line elementor-widget elementor-widget-divider\" data-id=\"8fb94a2\" data-element_type=\"widget\" data-e-type=\"widget\" data-widget_type=\"divider.default\">\n\t\t\t\t\t\t\t<div class=\"elementor-divider\">\n\t\t\t<span class=\"elementor-divider-separator\">\n\t\t\t\t\t\t<\/span>\n\t\t<\/div>\n\t\t\t\t\t\t<\/div>\n\t\t\t\t<div class=\"elementor-element elementor-element-ece1a96 elementor-widget elementor-widget-heading\" data-id=\"ece1a96\" data-element_type=\"widget\" data-e-type=\"widget\" data-widget_type=\"heading.default\">\n\t\t\t\t\t<h2 class=\"elementor-heading-title elementor-size-default\"><b>11. liniei<\/b> 12. Ma\u0219inile PRIME ofer\u0103 solu\u021bii unice \u0219i inovatoare pentru iubitorii de sport. Parcul lor de ma\u0219ini revolu\u021bionar este un accesoriu popular pentru orice sal\u0103 de sport. Fie c\u0103 este vorba de stoc, livrat exclusiv prin distribu\u021bia GymMakers!<\/h2>\t\t\t\t<\/div>\n\t\t\t\t<div class=\"elementor-element elementor-element-746f9a2 elementor-widget-divider--view-line elementor-widget elementor-widget-divider\" data-id=\"746f9a2\" data-element_type=\"widget\" data-e-type=\"widget\" data-widget_type=\"divider.default\">\n\t\t\t\t\t\t\t<div class=\"elementor-divider\">\n\t\t\t<span class=\"elementor-divider-separator\">\n\t\t\t\t\t\t<\/span>\n\t\t<\/div>\n\t\t\t\t\t\t<\/div>\n\t\t\t\t\t<\/div>\n\t\t\t\t<\/div>\n\t\t\t\t<\/div>\n\t\t<div class=\"elementor-element elementor-element-4277ddb e-con-full e-flex e-con e-child\" data-id=\"4277ddb\" data-element_type=\"container\" data-e-type=\"container\">\n\t\t<div class=\"elementor-element elementor-element-363fba2 e-flex e-con-boxed e-con e-child\" data-id=\"363fba2\" data-element_type=\"container\" data-e-type=\"container\" data-settings=\"{&quot;background_background&quot;:&quot;classic&quot;}\">\n\t\t\t\t\t<div class=\"e-con-inner\">\n\t\t\t\t\t<\/div>\n\t\t\t\t<\/div>\n\t\t<div class=\"elementor-element elementor-element-191c8e9 diagonal e-flex e-con-boxed e-con e-child\" data-id=\"191c8e9\" data-element_type=\"container\" data-e-type=\"container\">\n\t\t\t\t\t<div class=\"e-con-inner\">\n\t\t\t\t<div class=\"elementor-element elementor-element-ff1f13a elementor-widget-divider--view-line elementor-widget elementor-widget-divider\" data-id=\"ff1f13a\" data-element_type=\"widget\" data-e-type=\"widget\" data-widget_type=\"divider.default\">\n\t\t\t\t\t\t\t<div class=\"elementor-divider\">\n\t\t\t<span class=\"elementor-divider-separator\">\n\t\t\t\t\t\t<\/span>\n\t\t<\/div>\n\t\t\t\t\t\t<\/div>\n\t\t\t\t<div class=\"elementor-element elementor-element-193c4ff elementor-widget elementor-widget-heading\" data-id=\"193c4ff\" data-element_type=\"widget\" data-e-type=\"widget\" data-widget_type=\"heading.default\">\n\t\t\t\t\t<h2 class=\"elementor-heading-title elementor-size-default\"><b>Exclusiv<\/b> la GymMakers<\/h2>\t\t\t\t<\/div>\n\t\t\t\t<div class=\"elementor-element elementor-element-3d0325b elementor-widget-divider--view-line elementor-widget elementor-widget-divider\" data-id=\"3d0325b\" data-element_type=\"widget\" data-e-type=\"widget\" data-widget_type=\"divider.default\">\n\t\t\t\t\t\t\t<div class=\"elementor-divider\">\n\t\t\t<span class=\"elementor-divider-separator\">\n\t\t\t\t\t\t<\/span>\n\t\t<\/div>\n\t\t\t\t\t\t<\/div>\n\t\t\t\t\t<\/div>\n\t\t\t\t<\/div>\n\t\t\t\t<\/div>\n\t\t<div class=\"elementor-element elementor-element-cfe5a1d e-con-full e-flex e-con e-child\" data-id=\"cfe5a1d\" data-element_type=\"container\" data-e-type=\"container\">\n\t\t<div class=\"elementor-element elementor-element-b8c94d3 e-flex e-con-boxed e-con e-child\" data-id=\"b8c94d3\" data-element_type=\"container\" data-e-type=\"container\" data-settings=\"{&quot;background_background&quot;:&quot;classic&quot;}\">\n\t\t\t\t\t<div class=\"e-con-inner\">\n\t\t\t\t\t<\/div>\n\t\t\t\t<\/div>\n\t\t<div class=\"elementor-element elementor-element-b8332fd diagonal e-flex e-con-boxed e-con e-child\" data-id=\"b8332fd\" data-element_type=\"container\" data-e-type=\"container\">\n\t\t\t\t\t<div class=\"e-con-inner\">\n\t\t\t\t<div class=\"elementor-element elementor-element-f2a55de elementor-widget-divider--view-line elementor-widget elementor-widget-divider\" data-id=\"f2a55de\" data-element_type=\"widget\" data-e-type=\"widget\" data-widget_type=\"divider.default\">\n\t\t\t\t\t\t\t<div class=\"elementor-divider\">\n\t\t\t<span class=\"elementor-divider-separator\">\n\t\t\t\t\t\t<\/span>\n\t\t<\/div>\n\t\t\t\t\t\t<\/div>\n\t\t\t\t<div class=\"elementor-element elementor-element-88dd4b8 elementor-widget elementor-widget-heading\" data-id=\"88dd4b8\" data-element_type=\"widget\" data-e-type=\"widget\" data-widget_type=\"heading.default\">\n\t\t\t\t\t<h2 class=\"elementor-heading-title elementor-size-default\"><b>Inovativ<\/b> Tehnologie<\/h2>\t\t\t\t<\/div>\n\t\t\t\t<div class=\"elementor-element elementor-element-7242be1 elementor-widget-divider--view-line elementor-widget elementor-widget-divider\" data-id=\"7242be1\" data-element_type=\"widget\" data-e-type=\"widget\" data-widget_type=\"divider.default\">\n\t\t\t\t\t\t\t<div class=\"elementor-divider\">\n\t\t\t<span class=\"elementor-divider-separator\">\n\t\t\t\t\t\t<\/span>\n\t\t<\/div>\n\t\t\t\t\t\t<\/div>\n\t\t\t\t\t<\/div>\n\t\t\t\t<\/div>\n\t\t\t\t<\/div>\n\t\t\t\t\t<\/div>\n\t\t\t\t<\/div>\n\t\t<div class=\"elementor-element elementor-element-5532e0a e-flex e-con-boxed e-con e-parent\" data-id=\"5532e0a\" data-element_type=\"container\" data-e-type=\"container\" data-settings=\"{&quot;background_background&quot;:&quot;classic&quot;}\">\n\t\t\t\t\t<div class=\"e-con-inner\">\n\t\t<div class=\"elementor-element elementor-element-5eaf420c e-con-full e-flex e-con e-child\" data-id=\"5eaf420c\" data-element_type=\"container\" data-e-type=\"container\">\n\t\t\t\t<div class=\"elementor-element elementor-element-4ddcf464 elementor-widget elementor-widget-heading\" data-id=\"4ddcf464\" data-element_type=\"widget\" data-e-type=\"widget\" data-widget_type=\"heading.default\">\n\t\t\t\t\t<h6 class=\"elementor-heading-title elementor-size-default\">PRIME<\/h6>\t\t\t\t<\/div>\n\t\t\t\t<div class=\"elementor-element elementor-element-1d9f9f6a elementor-widget elementor-widget-heading\" data-id=\"1d9f9f6a\" data-element_type=\"widget\" data-e-type=\"widget\" data-widget_type=\"heading.default\">\n\t\t\t\t\t<h3 class=\"elementor-heading-title elementor-size-default\">CHIAR Imediat, din stoc!<\/h3>\t\t\t\t<\/div>\n\t\t\t\t<div class=\"elementor-element elementor-element-22acf1c2 elementor-widget elementor-widget-text-editor\" data-id=\"22acf1c2\" data-element_type=\"widget\" data-e-type=\"widget\" data-widget_type=\"text-editor.default\">\n\t\t\t\t\t\t\t\t\t<p>13. Prime Fitness USA \u2013 Echipamente Premium pentru Culturism \u0219i For\u021b\u0103<\/p>\t\t\t\t\t\t\t\t<\/div>\n\t\t\t\t<div class=\"elementor-element elementor-element-320e240 elementor-tablet-align-justify elementor-mobile-align-left elementor-widget elementor-widget-button\" data-id=\"320e240\" data-element_type=\"widget\" data-e-type=\"widget\" data-widget_type=\"button.default\">\n\t\t\t\t\t\t\t\t\t\t<a class=\"elementor-button elementor-button-link elementor-size-sm\" href=\"https:\/\/gymmakers.hu\/ro\/afacere\/\">\n\t\t\t\t\t\t<span class=\"elementor-button-content-wrapper\">\n\t\t\t\t\t\t\t\t\t<span class=\"elementor-button-text\">19. Hoist Fitness \u2013 Echipamente Profesionale pentru S\u0103li de Sport \u0219i Instrumente de Fitness<\/span>\n\t\t\t\t\t<\/span>\n\t\t\t\t\t<\/a>\n\t\t\t\t\t\t\t\t<\/div>\n\t\t\t\t<\/div>\n\t\t\t\t\t<\/div>\n\t\t\t\t<\/div>\n\t\t\t\t<\/div>","protected":false},"excerpt":{"rendered":"<p>GYM MAKERS . Prime t\u00f6retelen\u00fcl el\u0151re A PRIME Fitness a fitness vil\u00e1g\u00e1ban \u00faj sztenderdet \u00e1ll\u00edt fel, ahol az innov\u00e1ci\u00f3, a tart\u00f3ss\u00e1g \u00e9s az eszt\u00e9tikus design tal\u00e1lkozik. Alap\u00edt\u00e1sa \u00f3ta a PRIME az edz\u0151g\u00e9pek piac\u00e1nak egyik meghat\u00e1roz\u00f3 szerepl\u0151j\u00e9v\u00e9 v\u00e1lt, ami nem csup\u00e1n a kiv\u00e1l\u00f3 min\u0151s\u00e9g\u0171 selectorized er\u0151g\u00e9pek \u00e9s s\u00falyt\u00e1rcs\u00e1s berendez\u00e9sek r\u00e9v\u00e9n t\u00f6rt\u00e9nt, hanem a legmodernebb funkcion\u00e1lis edz\u0151k, [&hellip;]<\/p>\n","protected":false},"author":1,"featured_media":0,"parent":0,"menu_order":0,"comment_status":"closed","ping_status":"closed","template":"","meta":{"_acf_changed":false,"footnotes":""},"class_list":["post-2341","page","type-page","status-publish","hentry"],"acf":[],"_links":{"self":[{"href":"https:\/\/gymmakers.hu\/ro\/wp-json\/wp\/v2\/pages\/2341","targetHints":{"allow":["GET"]}}],"collection":[{"href":"https:\/\/gymmakers.hu\/ro\/wp-json\/wp\/v2\/pages"}],"about":[{"href":"https:\/\/gymmakers.hu\/ro\/wp-json\/wp\/v2\/types\/page"}],"author":[{"embeddable":true,"href":"https:\/\/gymmakers.hu\/ro\/wp-json\/wp\/v2\/users\/1"}],"replies":[{"embeddable":true,"href":"https:\/\/gymmakers.hu\/ro\/wp-json\/wp\/v2\/comments?post=2341"}],"version-history":[{"count":68,"href":"https:\/\/gymmakers.hu\/ro\/wp-json\/wp\/v2\/pages\/2341\/revisions"}],"predecessor-version":[{"id":5020,"href":"https:\/\/gymmakers.hu\/ro\/wp-json\/wp\/v2\/pages\/2341\/revisions\/5020"}],"wp:attachment":[{"href":"https:\/\/gymmakers.hu\/ro\/wp-json\/wp\/v2\/media?parent=2341"}],"curies":[{"name":"wp","href":"https:\/\/api.w.org\/{rel}","templated":true}]}}