{"id":663,"date":"2023-10-20T12:18:40","date_gmt":"2023-10-20T10:18:40","guid":{"rendered":"https:\/\/gymmakers.hu\/?post_type=product&#038;p=663"},"modified":"2024-06-03T13:50:50","modified_gmt":"2024-06-03T11:50:50","slug":"booty-builder-station-2-0","status":"publish","type":"product","link":"https:\/\/gymmakers.hu\/en\/termek\/booty-builder-station-2-0\/","title":{"rendered":"Booty Builder Station 2.0"},"content":{"rendered":"<p>The Booty Builder Station 2.0 is essential for every gym, as it provides a unique solution for users who want to perform one of the currently most popular exercises: the glute bridge.<\/p>\n<p>A Booty Builder Station 2.0 k\u00e9t vil\u00e1g legjobb tulajdons\u00e1g\u00e1t k\u00edn\u00e1lja. Szabadalmaztatott emelt l\u00e1btervez\u00e9se lehet\u0151v\u00e9 teszi, hogy k\u00f6zvetlen\u00fcl felfel\u00e9 h\u00fazzon, \u00edgy elk\u00fcl\u00f6n\u00edtve a farizmokat \u00e9s a combhajl\u00edt\u00f3kat, \u00e9s kivonva a domin\u00e1ns combizmokat a mozg\u00e1sb\u00f3l. Emellett m\u00e9lyebb mozg\u00e1startom\u00e1nyt biztos\u00edt jobb eredm\u00e9nyek el\u00e9r\u00e9s\u00e9hez. Ak\u00e1r k\u00f6nnyed\u00e9n elcs\u00fasztathatja a l\u00e1bplatformot az aljzaton elhelyezked\u0151 line\u00e1ris csap\u00e1gyas s\u00edneken, hogy hagyom\u00e1nyos emel\u00e9st v\u00e9gezzen l\u00e1bakkal a f\u00f6ld\u00f6n, m\u00e1s izmokat dolgozva meg.<\/p>\n<p>Az \u00e1ll\u00edthat\u00f3\u00a0 foganty\u00fakkal a Station 2.0 sz\u00e1mtalan be\u00e1ll\u00edt\u00e1ssal is haszn\u00e1lhat\u00f3, mind a fels\u0151, mind az als\u00f3 test sz\u00e1m\u00e1ra. Az ellen\u00e1ll\u00e1si s\u00e1v seg\u00edts\u00e9g\u00e9vel v\u00e9gzett farizom emel\u00e9s nemcsak k\u00e9nyelmesebb \u00e9s k\u00f6nnyebb be\u00e1ll\u00edtani, mint a hagyom\u00e1nyos g\u00e9pek eset\u00e9ben, hanem a fels\u0151 tartom\u00e1nyi ellen\u00e1ll\u00e1ssal a farizom edz\u00e9s t\u00f6k\u00e9letes \u00e9g\u00e9s\u00e9t is el\u00e9rheti.<\/p>","protected":false},"excerpt":{"rendered":"<p>The Booty Builder Station 2.0 is essential for every gym, as it provides a unique solution for users who want to perform one of the currently most popular exercises: the glute bridge.<\/p>","protected":false},"featured_media":415,"template":"","meta":{"_acf_changed":false},"pwb-brand":[21],"product_brand":[],"product_cat":[20],"product_tag":[],"class_list":{"0":"post-663","1":"product","2":"type-product","3":"status-publish","4":"has-post-thumbnail","6":"pwb-brand-booty-builder","7":"product_cat-egyeb","9":"first","10":"instock","11":"shipping-taxable","12":"purchasable","13":"product-type-simple"},"acf":[],"brands":[{"id":21,"name":"Booty Builder","slug":"booty-builder"}],"_links":{"self":[{"href":"https:\/\/gymmakers.hu\/en\/wp-json\/wp\/v2\/product\/663","targetHints":{"allow":["GET"]}}],"collection":[{"href":"https:\/\/gymmakers.hu\/en\/wp-json\/wp\/v2\/product"}],"about":[{"href":"https:\/\/gymmakers.hu\/en\/wp-json\/wp\/v2\/types\/product"}],"wp:featuredmedia":[{"embeddable":true,"href":"https:\/\/gymmakers.hu\/en\/wp-json\/wp\/v2\/media\/415"}],"wp:attachment":[{"href":"https:\/\/gymmakers.hu\/en\/wp-json\/wp\/v2\/media?parent=663"}],"wp:term":[{"taxonomy":"pwb-brand","embeddable":true,"href":"https:\/\/gymmakers.hu\/en\/wp-json\/wp\/v2\/pwb-brand?post=663"},{"taxonomy":"product_brand","embeddable":true,"href":"https:\/\/gymmakers.hu\/en\/wp-json\/wp\/v2\/product_brand?post=663"},{"taxonomy":"product_cat","embeddable":true,"href":"https:\/\/gymmakers.hu\/en\/wp-json\/wp\/v2\/product_cat?post=663"},{"taxonomy":"product_tag","embeddable":true,"href":"https:\/\/gymmakers.hu\/en\/wp-json\/wp\/v2\/product_tag?post=663"}],"curies":[{"name":"wp","href":"https:\/\/api.w.org\/{rel}","templated":true}]}}