{"id":5183,"date":"2025-10-28T14:43:03","date_gmt":"2025-10-28T13:43:03","guid":{"rendered":"https:\/\/gymmakers.hu\/?post_type=product&#038;p=5183"},"modified":"2025-10-28T14:43:03","modified_gmt":"2025-10-28T13:43:03","slug":"selectorized-standing-hip-thrust","status":"publish","type":"product","link":"https:\/\/gymmakers.hu\/en\/termek\/selectorized-standing-hip-thrust\/","title":{"rendered":"Selectorized Standing Hip Thrust"},"content":{"rendered":"<p class=\"p1\">A <span class=\"s1\"><b>Booty Builder Selectorized Standing Hip Thrust<\/b><\/span> a vil\u00e1g els\u0151 <span class=\"s1\"><b>\u00e1ll\u00f3 poz\u00edci\u00f3ban haszn\u00e1lhat\u00f3, s\u00falyblokkos hip thrust g\u00e9pe<\/b><\/span>, amely forradalmas\u00edtja a farizomfejleszt\u00e9st. A g\u00e9p c\u00e9lzottan a <span class=\"s1\"><b>gluteus maximus<\/b><\/span> aktiv\u00e1l\u00e1s\u00e1ra k\u00e9sz\u00fclt, mik\u00f6zben k\u00edm\u00e9li a gerincet \u00e9s az \u00edz\u00fcleteket, \u00edgy biztons\u00e1gosabb \u00e9s ergonomikusabb alternat\u00edv\u00e1t k\u00edn\u00e1l a hagyom\u00e1nyos hip thrust gyakorlatokhoz.<\/p>\n<p class=\"p1\">A <span class=\"s1\"><b>120 kg-os s\u00falyblokkos rendszer<\/b><\/span> lehet\u0151v\u00e9 teszi a gyors \u00e9s pontos terhel\u00e9s\u00e1ll\u00edt\u00e1st, m\u00edg az opcion\u00e1lisan csatlakoztathat\u00f3 <span class=\"s1\"><b>Booty Builder gumiszalagok<\/b><\/span> extra ellen\u00e1ll\u00e1st biztos\u00edtanak a mozdulat fels\u0151 szakasz\u00e1ban, fokozva az izomaktiv\u00e1l\u00e1st. Az <span class=\"s1\"><b>\u00e1ll\u00edthat\u00f3 foganty\u00fak<\/b><\/span> and the <span class=\"s1\"><b>vastag, k\u00e9nyelmes medencet\u00e1masz<\/b><\/span> biztos\u00edtj\u00e1k a megfelel\u0151 testhelyzetet minden testalkat sz\u00e1m\u00e1ra.<\/p>\n<p class=\"p1\">A <span class=\"s1\"><b>kompakt, stabil kialak\u00edt\u00e1s<\/b><\/span> kis helyig\u00e9nnyel p\u00e1rosul, \u00edgy ide\u00e1lis megold\u00e1s fitnesztermekbe, edz\u0151st\u00fadi\u00f3kba \u00e9s szem\u00e9lyi tr\u00e9nerek sz\u00e1m\u00e1ra is. A g\u00e9p lehet\u0151v\u00e9 teszi a <span class=\"s1\"><b>cs\u00edp\u0151emel\u00e9s funkcion\u00e1lis mozg\u00e1startom\u00e1ny\u00e1nak<\/b><\/span> teljes kihaszn\u00e1l\u00e1s\u00e1t, amely elengedhetetlen a farizom erej\u00e9nek, form\u00e1j\u00e1nak \u00e9s t\u00f3nus\u00e1nak fejleszt\u00e9s\u00e9hez.<\/p>\n<p class=\"p1\">A Booty Builder Selectorized Standing Hip Thrust a m\u00e1rka innov\u00e1ci\u00f3s szeml\u00e9let\u00e9t t\u00fckr\u00f6zi: maxim\u00e1lis <span class=\"s1\"><b>hat\u00e9konys\u00e1g, biztons\u00e1g \u00e9s k\u00e9nyelem<\/b><\/span> egyetlen, modern eszk\u00f6zben.<\/p>\n<p class=\"p1\"><span class=\"s1\"><b>Dimensions:<\/b><\/span> 1515 \u00d7 861 \u00d7 1578 mm<\/p>\n<p class=\"p1\"><span class=\"s1\"><b>Weight:<\/b><\/span> 290 kg<\/p>\n<p class=\"p1\"><span class=\"s1\"><b>Weight plates:<\/b><\/span> 120 kg + rubber band system<\/p>\n<p class=\"p3\"><b>Shipping weight:<\/b><span class=\"s2\"> 356 kg<\/span><\/p>\n<p class=\"p1\"><span class=\"s1\"><b>Shipping dimensions:<\/b><\/span> 1120 \u00d7 940 \u00d7 1790 mm<\/p>","protected":false},"excerpt":{"rendered":"<p class=\"p1\">The Booty Builder Selectorized Standing Hip Thrust is the world's first standing hip thrust machine with a weight stack system that takes glute training to a new level. The 120 kg weight stack, thick pelvic support, and multiple hand positions provide a comfortable, safe, and extremely effective workout. Thanks to its compact design, it can be the perfect addition to any gym.<\/p>\n<p class=\"p1\"><span class=\"s1\"><b>Dimensions:<\/b><\/span> 1515 \u00d7 861 \u00d7 1578 mm<\/p>\n<p class=\"p1\"><span class=\"s1\"><b>Weight:<\/b><\/span> 290 kg<\/p>\n<p class=\"p1\"><span class=\"s1\"><b>Weight plates:<\/b><\/span> 120 kg + rubber band system<\/p>\n<p class=\"p3\"><b>Shipping weight:<\/b><span class=\"s2\"> 356 kg<\/span><\/p>\n<p class=\"p1\"><span class=\"s1\"><b>Shipping dimensions:<\/b><\/span> 1120 \u00d7 940 \u00d7 1790 mm<\/p>","protected":false},"featured_media":5185,"template":"","meta":{"_acf_changed":false},"pwb-brand":[21],"product_brand":[],"product_cat":[182],"product_tag":[],"class_list":{"0":"post-5183","1":"product","2":"type-product","3":"status-publish","4":"has-post-thumbnail","6":"pwb-brand-booty-builder","7":"product_cat-fitness-gepek","9":"first","10":"instock","11":"shipping-taxable","12":"purchasable","13":"product-type-simple"},"acf":[],"brands":[{"id":21,"name":"Booty Builder","slug":"booty-builder"}],"_links":{"self":[{"href":"https:\/\/gymmakers.hu\/en\/wp-json\/wp\/v2\/product\/5183","targetHints":{"allow":["GET"]}}],"collection":[{"href":"https:\/\/gymmakers.hu\/en\/wp-json\/wp\/v2\/product"}],"about":[{"href":"https:\/\/gymmakers.hu\/en\/wp-json\/wp\/v2\/types\/product"}],"wp:featuredmedia":[{"embeddable":true,"href":"https:\/\/gymmakers.hu\/en\/wp-json\/wp\/v2\/media\/5185"}],"wp:attachment":[{"href":"https:\/\/gymmakers.hu\/en\/wp-json\/wp\/v2\/media?parent=5183"}],"wp:term":[{"taxonomy":"pwb-brand","embeddable":true,"href":"https:\/\/gymmakers.hu\/en\/wp-json\/wp\/v2\/pwb-brand?post=5183"},{"taxonomy":"product_brand","embeddable":true,"href":"https:\/\/gymmakers.hu\/en\/wp-json\/wp\/v2\/product_brand?post=5183"},{"taxonomy":"product_cat","embeddable":true,"href":"https:\/\/gymmakers.hu\/en\/wp-json\/wp\/v2\/product_cat?post=5183"},{"taxonomy":"product_tag","embeddable":true,"href":"https:\/\/gymmakers.hu\/en\/wp-json\/wp\/v2\/product_tag?post=5183"}],"curies":[{"name":"wp","href":"https:\/\/api.w.org\/{rel}","templated":true}]}}