{"id":5174,"date":"2025-10-28T14:34:14","date_gmt":"2025-10-28T13:34:14","guid":{"rendered":"https:\/\/gymmakers.hu\/?post_type=product&#038;p=5174"},"modified":"2025-10-28T14:34:14","modified_gmt":"2025-10-28T13:34:14","slug":"dual-hip-thrust","status":"publish","type":"product","link":"https:\/\/gymmakers.hu\/en\/termek\/dual-hip-thrust\/","title":{"rendered":"Dual Hip Thrust"},"content":{"rendered":"<p class=\"p1\">A <span class=\"s1\"><b>Booty Builder Dual Hip Thrust<\/b><\/span> a cs\u00edp\u0151emel\u00e9s (hip thrust) legfejlettebb, professzion\u00e1lis megold\u00e1sa, amely k\u00e9t k\u00fcl\u00f6nb\u00f6z\u0151 edz\u00e9sm\u00f3dot egyes\u00edt egy g\u00e9pben. Lehet\u0151v\u00e9 teszi a <span class=\"s1\"><b>klasszikus s\u00falyz\u00f3s hip thrust<\/b><\/span> gyakorlatokat a talajon, valamint a <span class=\"s1\"><b>megmagas\u00edtott l\u00e1btart\u00f3s v\u00e1ltozatot<\/b><\/span>, amely m\u00e9g intenz\u00edvebben aktiv\u00e1lja a farizmokat \u00e9s combhajl\u00edt\u00f3kat, mik\u00f6zben tehermentes\u00edti a n\u00e9gyfej\u0171 combizmot.<\/p>\n<p class=\"p1\">A g\u00e9p <span class=\"s1\"><b>\u00e1ll\u00edthat\u00f3 h\u00e1tt\u00e1ml\u00e1val<\/b><\/span> and <span class=\"s1\"><b>magass\u00e1gban szab\u00e1lyozhat\u00f3 l\u00e1btart\u00f3val<\/b><\/span> rendelkezik, \u00edgy minden testmagass\u00e1ghoz \u00e9s edz\u00e9sc\u00e9lhoz pontosan be\u00e1ll\u00edthat\u00f3. A <span class=\"s1\"><b>cs\u00fasz\u00f3 s\u00ednes l\u00e1btart\u00f3<\/b><\/span> line\u00e1ris csap\u00e1gyakon fut, garant\u00e1lva a sima, prec\u00edz mozg\u00e1st \u00e9s a gyors poz\u00edci\u00f3v\u00e1lt\u00e1st.<\/p>\n<p class=\"p1\">A rendszer tov\u00e1bbfejlesztett <span class=\"s1\"><b>rugalmas szalagos (band) edz\u00e9si lehet\u0151s\u00e9geket<\/b><\/span> is k\u00edn\u00e1l: t\u00f6bbf\u00e9le band peg elhelyez\u00e9ssel, \u00edgy az eszk\u00f6z fels\u0151- \u00e9s als\u00f3testre egyar\u00e1nt haszn\u00e1lhat\u00f3. A gumiszalagos edz\u00e9s el\u0151nye, hogy a mozdulat fels\u0151 szakasz\u00e1ban fokozatosan n\u00f6vekv\u0151 ellen\u00e1ll\u00e1st biztos\u00edt, ami maxim\u00e1lis izomaktiv\u00e1ci\u00f3t eredm\u00e9nyez.<\/p>\n<p class=\"p1\">A Booty Builder Dual Hip Thrust nemcsak hat\u00e9kony, hanem k\u00e9nyelmes \u00e9s biztons\u00e1gos is: ide\u00e1lis mindenki sz\u00e1m\u00e1ra, aki a <span class=\"s1\"><b>legmodernebb farizomfejleszt\u0151 eszk\u00f6zt<\/b><\/span> keresi. A robusztus szerkezet \u00e9s az ergonomikus kialak\u00edt\u00e1s miatt t\u00f6k\u00e9letes v\u00e1laszt\u00e1s <span class=\"s1\"><b>fitnesztermek<\/b><\/span>, <span class=\"s1\"><b>edz\u0151st\u00fadi\u00f3k<\/b><\/span> and <span class=\"s1\"><b>professzion\u00e1lis sportol\u00f3k<\/b><\/span> sz\u00e1m\u00e1ra.<\/p>\n<p class=\"p1\"><span class=\"s1\"><b>Dimensions:<\/b><\/span> 1880 \u00d7 1010 \u00d7 500 mm<\/p>\n<p class=\"p1\"><span class=\"s1\"><b>Weight:<\/b><\/span> 125 kg<\/p>\n<p class=\"p3\"><b>Shipping weight:<\/b><span class=\"s2\"> 128 kg<\/span><\/p>\n<p class=\"p1\"><span class=\"s1\"><b>Shipping dimensions:<\/b><\/span> 1855 \u00d7 905 \u00d7 300 mm<\/p>","protected":false},"excerpt":{"rendered":"<p class=\"p1\">The Booty Builder Dual Hip Thrust is an innovative, dual-function hip thrust machine that combines the benefits of classic barbell and elevated footplate hip thrust exercises. The adjustable backrest and height-adjustable footplate allow for the perfect body position adjustment for every user. It is an ideal tool for targeted, comfortable, and safe training of the glutes, hamstrings, and core muscles.<\/p>\n<p class=\"p1\"><span class=\"s1\"><b>Dimensions:<\/b><\/span> 1880 \u00d7 1010 \u00d7 500 mm<\/p>\n<p class=\"p1\"><span class=\"s1\"><b>Weight:<\/b><\/span> 125 kg<\/p>\n<p class=\"p3\"><b>Shipping weight:<\/b><span class=\"s2\"> 128 kg<\/span><\/p>\n<p class=\"p1\"><span class=\"s1\"><b>Shipping dimensions:<\/b><\/span> 1855 \u00d7 905 \u00d7 300 mm<\/p>","protected":false},"featured_media":5175,"template":"","meta":{"_acf_changed":false},"pwb-brand":[21],"product_brand":[],"product_cat":[182],"product_tag":[],"class_list":{"0":"post-5174","1":"product","2":"type-product","3":"status-publish","4":"has-post-thumbnail","6":"pwb-brand-booty-builder","7":"product_cat-fitness-gepek","9":"first","10":"instock","11":"shipping-taxable","12":"purchasable","13":"product-type-simple"},"acf":[],"brands":[{"id":21,"name":"Booty Builder","slug":"booty-builder"}],"_links":{"self":[{"href":"https:\/\/gymmakers.hu\/en\/wp-json\/wp\/v2\/product\/5174","targetHints":{"allow":["GET"]}}],"collection":[{"href":"https:\/\/gymmakers.hu\/en\/wp-json\/wp\/v2\/product"}],"about":[{"href":"https:\/\/gymmakers.hu\/en\/wp-json\/wp\/v2\/types\/product"}],"wp:featuredmedia":[{"embeddable":true,"href":"https:\/\/gymmakers.hu\/en\/wp-json\/wp\/v2\/media\/5175"}],"wp:attachment":[{"href":"https:\/\/gymmakers.hu\/en\/wp-json\/wp\/v2\/media?parent=5174"}],"wp:term":[{"taxonomy":"pwb-brand","embeddable":true,"href":"https:\/\/gymmakers.hu\/en\/wp-json\/wp\/v2\/pwb-brand?post=5174"},{"taxonomy":"product_brand","embeddable":true,"href":"https:\/\/gymmakers.hu\/en\/wp-json\/wp\/v2\/product_brand?post=5174"},{"taxonomy":"product_cat","embeddable":true,"href":"https:\/\/gymmakers.hu\/en\/wp-json\/wp\/v2\/product_cat?post=5174"},{"taxonomy":"product_tag","embeddable":true,"href":"https:\/\/gymmakers.hu\/en\/wp-json\/wp\/v2\/product_tag?post=5174"}],"curies":[{"name":"wp","href":"https:\/\/api.w.org\/{rel}","templated":true}]}}