{"id":505,"date":"2023-10-18T11:09:10","date_gmt":"2023-10-18T09:09:10","guid":{"rendered":"https:\/\/gymmakers.hu\/?post_type=product&#038;p=505"},"modified":"2024-06-03T13:50:50","modified_gmt":"2024-06-03T11:50:50","slug":"booty-builder-v8","status":"publish","type":"product","link":"https:\/\/gymmakers.hu\/en\/termek\/booty-builder-v8\/","title":{"rendered":"Booty Builder V8"},"content":{"rendered":"<p>The Booty Builder\u00ae V8 is our latest innovation. It is based on experiences gained from our seven previous models.<\/p>\n<p>The BB V8 is completely redesigned.<\/p>\n<p>Kevesebb helyet \u00e9s alapter\u00fcletet ig\u00e9nyel, mint az el\u0151z\u0151 modellek.<\/p>\n<p>Egyszer\u0171bb be\u00e1ll\u00edtani \u00e9s gyorsabb fel\u00e1ll\u00edtani!<\/p>\n<p>A farizom emel\u00e9s\u00e9t a Booty Builder seg\u00edti biztons\u00e1gosabb\u00e1, gyorsabb\u00e1 \u00e9s hat\u00e9konyabb\u00e1 t\u00e9tel\u00e9t. A szabadalmaztatott emelt l\u00e1btervez\u00e9s a farizmok elk\u00fcl\u00f6n\u00edt\u00e9snek optim\u00e1lis poz\u00edci\u00f3j\u00e1ba helyezi \u00d6nt.<\/p>\n<p>A Booty Builder sz\u00e9les k\u00f6r\u0171 felhaszn\u00e1l\u00f3i vannak. Edz\u0151tereml\u00e1togat\u00f3kt\u00f3l kezdve az er\u0151s farizmokat ig\u00e9nyl\u0151 eg\u00e9szs\u00e9g\u00fcgyi int\u00e9zm\u00e9nyekig \u00e9s profi sportcsapatokig.<\/p>\n<p>Az emberek felismerik a farizmok aktiv\u00e1l\u00e1s\u00e1nak fontoss\u00e1g\u00e1t a fizikai funkci\u00f3, er\u0151 \u00e9s teljes\u00edtm\u00e9ny szempontj\u00e1b\u00f3l.<\/p>\n<p>A Booty Builder V8 mell\u00e9 6 ingyenes gumiszalagot is mell\u00e9kel\u00fcnk, amelyeket extra ellen\u00e1ll\u00e1shoz lehet haszn\u00e1lni.<\/p>\n<p><a href=\"https:\/\/www.youtube.com\/watch?v=VDkHQg59mVo&amp;ab_channel=BootyBuilder\" target=\"_blank\" rel=\"noopener\">N\u00e9zd meg hogyan k\u00e9sz\u00fcl!<\/a><\/p>\n<p>Kompakt kialak\u00edt\u00e1s Megsz\u00fcnteti a padok, rudak, s\u00falyt\u00e1rcs\u00e1k \u00e9s padl\u00f3ter\u00fclet elfoglal\u00e1s\u00e1nak sz\u00fcks\u00e9g\u00e9t. Az innovat\u00edv tervez\u00e9s lehet\u0151v\u00e9 teszi annak elhelyez\u00e9s\u00e9t k\u00f6zel a falhoz vagy egy sarokba.<\/p>\n<p>Jobb A szabadalmaztatott emelt l\u00e1btervez\u00e9s a felhaszn\u00e1l\u00f3k sz\u00e1m\u00e1ra optim\u00e1lis mozg\u00e1startom\u00e1nyt \u00e9s mozg\u00e1st biztos\u00edt a farizom c\u00e9lpontoz\u00e1s\u00e1hoz.<\/p>\n<p>Gyorsabb Az \u00e1ll\u00edthat\u00f3 p\u00e1rn\u00e1zott \u00f6v k\u00e9nyelmes \u00e9s k\u00f6nnyen be\u00e1ll\u00edthat\u00f3.<\/p>\n<p>A 350 font \/ 160 kg-os v\u00e1laszthat\u00f3 s\u00falyt\u00e1rcsa lehet\u0151v\u00e9 teszi a s\u00falyok gyors kiv\u00e1laszt\u00e1s\u00e1t a gyorsabb fel\u00e1ll\u00edt\u00e1shoz.<\/p>","protected":false},"excerpt":{"rendered":"<p>The Booty Builder\u00ae V8 is our latest innovation. It is based on experiences gained from our seven previous models.<\/p>\n<p>The BB V8 is completely redesigned.<\/p>","protected":false},"featured_media":507,"template":"","meta":{"_acf_changed":false},"pwb-brand":[21],"product_brand":[],"product_cat":[20],"product_tag":[],"class_list":{"0":"post-505","1":"product","2":"type-product","3":"status-publish","4":"has-post-thumbnail","6":"pwb-brand-booty-builder","7":"product_cat-egyeb","9":"first","10":"instock","11":"shipping-taxable","12":"purchasable","13":"product-type-simple"},"acf":[],"brands":[{"id":21,"name":"Booty Builder","slug":"booty-builder"}],"_links":{"self":[{"href":"https:\/\/gymmakers.hu\/en\/wp-json\/wp\/v2\/product\/505","targetHints":{"allow":["GET"]}}],"collection":[{"href":"https:\/\/gymmakers.hu\/en\/wp-json\/wp\/v2\/product"}],"about":[{"href":"https:\/\/gymmakers.hu\/en\/wp-json\/wp\/v2\/types\/product"}],"wp:featuredmedia":[{"embeddable":true,"href":"https:\/\/gymmakers.hu\/en\/wp-json\/wp\/v2\/media\/507"}],"wp:attachment":[{"href":"https:\/\/gymmakers.hu\/en\/wp-json\/wp\/v2\/media?parent=505"}],"wp:term":[{"taxonomy":"pwb-brand","embeddable":true,"href":"https:\/\/gymmakers.hu\/en\/wp-json\/wp\/v2\/pwb-brand?post=505"},{"taxonomy":"product_brand","embeddable":true,"href":"https:\/\/gymmakers.hu\/en\/wp-json\/wp\/v2\/product_brand?post=505"},{"taxonomy":"product_cat","embeddable":true,"href":"https:\/\/gymmakers.hu\/en\/wp-json\/wp\/v2\/product_cat?post=505"},{"taxonomy":"product_tag","embeddable":true,"href":"https:\/\/gymmakers.hu\/en\/wp-json\/wp\/v2\/product_tag?post=505"}],"curies":[{"name":"wp","href":"https:\/\/api.w.org\/{rel}","templated":true}]}}