{"id":4101,"date":"2024-06-28T13:57:14","date_gmt":"2024-06-28T11:57:14","guid":{"rendered":"https:\/\/gymmakers.hu\/?post_type=product&#038;p=4101"},"modified":"2024-06-28T13:57:20","modified_gmt":"2024-06-28T11:57:20","slug":"4101","status":"publish","type":"product","link":"https:\/\/gymmakers.hu\/en\/termek\/4101\/","title":{"rendered":"Relentless Ripper\u2122"},"content":{"rendered":"<p><strong>Product Name:<\/strong> Relentless Ripper\u2122<\/p>\n<p><strong>Product Item Number:<\/strong> XRR-SKI-101<\/p>\n<p><strong>Dimensions (L x W x H):<\/strong> 24.5\u201d x 21.0\u201d x 39.1\u201d (62.2 cm x 53.3 cm x 99.3 cm)<\/p>\n<p><strong>Weight:<\/strong> 50 lbs (22.7 kg)<\/p>\n<p><strong>Compatibility:<\/strong> Racks, Rigs, Wall Mounting<\/p>\n<p><strong>Warranty:<\/strong> 10 years frame, 5 years welded\/structural moving parts, 2 years other (belt, hardware, bearings, console, electronics, etc.), 1 year paint\/surface, 6 months ropes and rubber bands, 90 days handles<\/p>\n<p><strong>Description:<\/strong> A Torque Relentless Ripper\u2122 egy sokoldal\u00fa, innovat\u00edv s\u00edg\u00e9p, amely a Mag-Force Technology\u2122 seg\u00edts\u00e9g\u00e9vel biztos\u00edt testreszabhat\u00f3 \u00e9s kih\u00edv\u00e1st jelent\u0151 edz\u00e9seket minden szint\u0171 sportol\u00f3 sz\u00e1m\u00e1ra. A g\u00e9p t\u00edz szint\u0171 progressz\u00edv m\u00e1gneses ellen\u00e1ll\u00e1st k\u00edn\u00e1l, \u00edgy t\u00f6k\u00e9letes kieg\u00e9sz\u00edt\u0151je lehet az egy\u00e9ni \u00e9s csoportos fitnesz edz\u00e9seknek is. Az ergonomikusan kialak\u00edtott, t\u00falmold\u00e1lt foganty\u00fak biztos\u00edtj\u00e1k a k\u00e9nyelmes \u00e9s biztons\u00e1gos fog\u00e1st, optimaliz\u00e1lva a teljes\u00edtm\u00e9nyt mind az egykaros, mind a k\u00e9tkaros mozg\u00e1sok sor\u00e1n.<\/p>\n<p>Az alacsony terhel\u00e9s\u0171, m\u00e9gis magas intenzit\u00e1s\u00fa edz\u00e9s sor\u00e1n a Relentless Ripper\u2122 egyszerre t\u00f6bb izomcsoportot dolgoztat meg, teljes testet \u00e1tmozgat\u00f3 edz\u00e9st biztos\u00edtva. Az alacsony terhel\u00e9s cs\u00f6kkenti az \u00edz\u00fcletekre nehezed\u0151 nyom\u00e1st, \u00edgy ide\u00e1lis v\u00e1laszt\u00e1s lehet azok sz\u00e1m\u00e1ra, akik \u00edz\u00fcleti f\u00e1jdalmakkal vagy s\u00e9r\u00fcl\u00e9sekkel k\u00fczdenek. A be\u00e9p\u00edtett monitor k\u00fcl\u00f6nf\u00e9le m\u00e9r\u00e9si adatokat ny\u00fajt, mint p\u00e9ld\u00e1ul id\u0151, percenk\u00e9nti \u00fct\u00e9ssz\u00e1m, watt, kal\u00f3ria, t\u00e1vols\u00e1g \u00e9s egy\u00e9b adatok, gazdag\u00edtva a felhaszn\u00e1l\u00f3i \u00e9lm\u00e9nyt \u00e9s biztos\u00edtva az eredm\u00e9nyes edz\u00e9st.<\/p>\n<p><strong>Features:<\/strong><\/p>\n<ul>\n<li><strong>Progressz\u00edv m\u00e1gneses ellen\u00e1ll\u00e1s:<\/strong> T\u00edz szint\u0171 ellen\u00e1ll\u00e1s a testreszabhat\u00f3 edz\u00e9sekhez.<\/li>\n<li><strong>Ergonomikus foganty\u00fak:<\/strong> K\u00e9nyelmes \u00e9s biztos fog\u00e1st biztos\u00edtanak.<\/li>\n<li><strong>Be\u00e9p\u00edtett monitor:<\/strong> Id\u0151, watt, kal\u00f3ria, t\u00e1vols\u00e1g \u00e9s egy\u00e9b adatok nyomon k\u00f6vet\u00e9se.<\/li>\n<li><strong>Sokoldal\u00fa szerel\u00e9si lehet\u0151s\u00e9gek:<\/strong> Fali, rack vagy rig szerel\u00e9s.<\/li>\n<li><strong>Alacsony terhel\u00e9s\u0171, magas intenzit\u00e1s\u00fa edz\u00e9s:<\/strong> T\u00f6bb izomcsoport egyidej\u0171 edz\u00e9se alacsony \u00edz\u00fcleti terhel\u00e9ssel.<\/li>\n<li><strong>Tart\u00f3s konstrukci\u00f3:<\/strong> Kem\u00e9ny haszn\u00e1latra tervezve, hossz\u00fa \u00e9lettartammal.<\/li>\n<\/ul>\n<p>A Relentless Ripper\u2122 a Torque Fitness elk\u00f6telezetts\u00e9g\u00e9t t\u00fckr\u00f6zi a felhaszn\u00e1l\u00f3k\u00f6zpont\u00fa, innovat\u00edv edz\u0151eszk\u00f6z\u00f6k ir\u00e1nt, amelyek minden sportol\u00f3 sz\u00e1m\u00e1ra kiv\u00e1l\u00f3 edz\u00e9si \u00e9lm\u00e9nyt ny\u00fajtanak.<\/p>","protected":false},"excerpt":{"rendered":"<p><strong>Product Name:<\/strong> Relentless Ripper\u2122<\/p>\n<p><strong>Product Item Number:<\/strong> XRR-SKI-101<\/p>\n<p><strong>Dimensions (L x W x H):<\/strong> 24.5\u201d x 21.0\u201d x 39.1\u201d (62.2 cm x 53.3 cm x 99.3 cm)<\/p>\n<p><strong>Weight:<\/strong> 50 lbs (22.7 kg)<\/p>\n<p><strong>Compatibility:<\/strong> Racks, Rigs, Wall Mounting<\/p>\n<p><strong>Warranty:<\/strong> 10 years frame, 5 years welded\/structural moving parts, 2 years other (belt, hardware, bearings, console, electronics, etc.), 1 year paint\/surface, 6 months ropes and rubber bands, 90 days handles<\/p>\n<p><strong>Description:<\/strong> The Torque Relentless Ripper\u2122 is a versatile ski machine that features ten levels of progressive magnetic resistance, and its ergonomic handles provide a comfortable and secure grip. The machine offers a low-load yet high-intensity workout that engages multiple muscle groups simultaneously. The built-in monitor provides various measurement data such as time, watts, calories, and distance, making the workout effective and enjoyable. The Relentless Ripper\u2122 can be easily integrated into any home or garage gym with wall, rack, or rig mounting options.<\/p>","protected":false},"featured_media":4102,"template":"","meta":{"_acf_changed":false},"pwb-brand":[374],"product_brand":[],"product_cat":[182],"product_tag":[],"class_list":{"0":"post-4101","1":"product","2":"type-product","3":"status-publish","4":"has-post-thumbnail","6":"pwb-brand-torque","7":"product_cat-fitness-gepek","9":"first","10":"instock","11":"shipping-taxable","12":"purchasable","13":"product-type-simple"},"acf":[],"brands":[{"id":374,"name":"Torque","slug":"1-torque"}],"_links":{"self":[{"href":"https:\/\/gymmakers.hu\/en\/wp-json\/wp\/v2\/product\/4101","targetHints":{"allow":["GET"]}}],"collection":[{"href":"https:\/\/gymmakers.hu\/en\/wp-json\/wp\/v2\/product"}],"about":[{"href":"https:\/\/gymmakers.hu\/en\/wp-json\/wp\/v2\/types\/product"}],"wp:featuredmedia":[{"embeddable":true,"href":"https:\/\/gymmakers.hu\/en\/wp-json\/wp\/v2\/media\/4102"}],"wp:attachment":[{"href":"https:\/\/gymmakers.hu\/en\/wp-json\/wp\/v2\/media?parent=4101"}],"wp:term":[{"taxonomy":"pwb-brand","embeddable":true,"href":"https:\/\/gymmakers.hu\/en\/wp-json\/wp\/v2\/pwb-brand?post=4101"},{"taxonomy":"product_brand","embeddable":true,"href":"https:\/\/gymmakers.hu\/en\/wp-json\/wp\/v2\/product_brand?post=4101"},{"taxonomy":"product_cat","embeddable":true,"href":"https:\/\/gymmakers.hu\/en\/wp-json\/wp\/v2\/product_cat?post=4101"},{"taxonomy":"product_tag","embeddable":true,"href":"https:\/\/gymmakers.hu\/en\/wp-json\/wp\/v2\/product_tag?post=4101"}],"curies":[{"name":"wp","href":"https:\/\/api.w.org\/{rel}","templated":true}]}}