{"id":4085,"date":"2024-06-28T13:53:51","date_gmt":"2024-06-28T11:53:51","guid":{"rendered":"https:\/\/gymmakers.hu\/?post_type=product&#038;p=4085"},"modified":"2024-06-28T13:53:51","modified_gmt":"2024-06-28T11:53:51","slug":"stealth-air-bike","status":"publish","type":"product","link":"https:\/\/gymmakers.hu\/en\/termek\/stealth-air-bike\/","title":{"rendered":"Stealth Air Bike"},"content":{"rendered":"<p><strong>Product Name:<\/strong> Stealth Air Bike<\/p>\n<p><strong>Product Item Number:<\/strong> AB-TS-T800<\/p>\n<p><strong>Dimensions (L x W x H):<\/strong> 54.5\u201d x 24.8\u201d x 52.8\u201d (1384 mm x 630 mm x 1341 mm)<\/p>\n<p><strong>Weight:<\/strong> 132 lb (60 kg)<\/p>\n<p><strong>Warranty:<\/strong> 10 years frame \/ 3 years mechanical parts and electronics<\/p>\n<p><strong>Description:<\/strong> A Torque Stealth Air Bike a legjobb v\u00e1laszt\u00e1s azok sz\u00e1m\u00e1ra, akik hossz\u00fa t\u00e1v\u00fa, intenz\u00edv edz\u00e9seket keresnek. Az er\u0151s cs\u0151v\u00e1zzal, edzett ac\u00e9l tengelyekkel \u00e9s egyfokozat\u00fa Kevlar sz\u00edjjal k\u00e9sz\u00fclt Stealth Air Bike csendes \u00e9s sima m\u0171k\u00f6d\u00e9st biztos\u00edt. Az oversized cs\u0151v\u00e1z \u00e9s a megn\u00f6velt m\u00e9ret\u0171 karcsap\u00e1gyak extra stabilit\u00e1st ny\u00fajtanak a legintenz\u00edvebb haszn\u00e1lat sor\u00e1n is. A levehet\u0151 ventil\u00e1torburkolat \u00e9s az egyedi l\u00e9gterel\u0151 h\u0171v\u00f6sen tartj\u00e1k a felhaszn\u00e1l\u00f3t an\u00e9lk\u00fcl, hogy kisz\u00e1r\u00edtan\u00e1k a szem\u00e9t.<\/p>\n<p>Az ergon\u00f3mikus kialak\u00edt\u00e1s \u00e9s a v\u00e9gtelen\u00fcl \u00e1ll\u00edthat\u00f3, h\u00e1romtengelyes \u00fcl\u00e9s lehet\u0151v\u00e9 teszi a felhaszn\u00e1l\u00f3k sz\u00e1m\u00e1ra az optim\u00e1lis edz\u00e9si poz\u00edci\u00f3 megtal\u00e1l\u00e1s\u00e1t. A t\u00f6bbfog\u00e1sos korm\u00e1nyok \u00e9s az integr\u00e1lt konzol seg\u00edts\u00e9g\u00e9vel a felhaszn\u00e1l\u00f3k nyomon k\u00f6vethetik az edz\u00e9s intenzit\u00e1s\u00e1t, bele\u00e9rtve az RPM-et, wattokat, pulzust, kal\u00f3ri\u00e1kat, sebess\u00e9get \u00e9s t\u00e1vols\u00e1got.<\/p>\n<p><strong>Features:<\/strong><\/p>\n<ul>\n<li><strong>Egyfokozat\u00fa sz\u00edjhajt\u00e1s:<\/strong> Csendes m\u0171k\u00f6d\u00e9s \u00e9s alacsony karbantart\u00e1si ig\u00e9ny.<\/li>\n<li><strong>T\u00f6bbfog\u00e1sos korm\u00e1nyok:<\/strong> K\u00e9nyelmes \u00e9s v\u00e1ltozatos fog\u00e1si lehet\u0151s\u00e9gek.<\/li>\n<li><strong>\u00c1ll\u00edthat\u00f3 \u00fcl\u00e9s:<\/strong> H\u00e1rom tengelyen v\u00e9gtelen\u00fcl \u00e1ll\u00edthat\u00f3 \u00fcl\u00e9s a k\u00fcl\u00f6nb\u00f6z\u0151 testmagass\u00e1gokhoz \u00e9s testt\u00edpusokhoz.<\/li>\n<li><strong>L\u00e9gterel\u0151:<\/strong> A l\u00e9gterel\u0151 cs\u00f6kkenti a felhaszn\u00e1l\u00f3ra ir\u00e1nyul\u00f3 leveg\u0151 sebess\u00e9g\u00e9t, \u00edgy h\u0171v\u00f6sen tartja an\u00e9lk\u00fcl, hogy kisz\u00e1r\u00edtan\u00e1 a szem\u00e9t.<\/li>\n<li><strong>Er\u0151s konstrukci\u00f3:<\/strong> Oversized cs\u0151v\u00e1z \u00e9s megn\u00f6velt m\u00e9ret\u0171 karcsap\u00e1gyak a maxim\u00e1lis stabilit\u00e1s\u00e9rt.<\/li>\n<li><strong>Konzol:<\/strong> Nyomon k\u00f6vetheti az edz\u00e9s intenzit\u00e1s\u00e1t \u00e9s k\u00fcl\u00f6nb\u00f6z\u0151 edz\u00e9si m\u00f3dokat v\u00e1laszthat (gyors ind\u00edt\u00e1s, intervallum edz\u00e9s, c\u00e9lid\u0151k \u00e9s t\u00e1vols\u00e1gok).<\/li>\n<\/ul>\n<p><strong>El\u0151ny\u00f6k:<\/strong><\/p>\n<ul>\n<li><strong>Alacsony hat\u00e1s\u00fa kardi\u00f3:<\/strong> Hat\u00e9kony kal\u00f3ria\u00e9get\u00e9s \u00e9s jav\u00edtott kardiovaszkul\u00e1ris fitnesz alacsony hat\u00e1ssal, ami ide\u00e1lis \u00edz\u00fcleti f\u00e1jdalmak vagy s\u00e9r\u00fcl\u00e9sek eset\u00e9n.<\/li>\n<li><strong>Sokoldal\u00fa edz\u00e9sek:<\/strong> Alacsony intenzit\u00e1s\u00fa, folyamatos \u00e1llapot\u00fa kardi\u00f3t\u00f3l a magas intenzit\u00e1s\u00fa sprint edz\u00e9sekig.<\/li>\n<li><strong>Hosszantart\u00f3:<\/strong> A Stealth Air Bike hossz\u00fa \u00e9lettartamot biztos\u00edt, kiv\u00e1l\u00f3 anyagokb\u00f3l \u00e9s robusztus kialak\u00edt\u00e1ssal.<\/li>\n<\/ul>\n<p><strong>Stealth \u00cdg\u00e9ret:<\/strong> &#8222;Stealth a Torque &#8216;Don&#8217;t Quit. Ever.&#8217; filoz\u00f3fi\u00e1j\u00e1nak leg\u00fajabb megtestes\u00edt\u0151je, amely az ultimate edz\u00e9st biztos\u00edtja egy \u00e9vekig tart\u00f3, sziklaszil\u00e1rd term\u00e9kben.&#8221; -Jerry Dettinger (Torque Fitness vez\u00e9rigazgat\u00f3ja)<\/p>","protected":false},"excerpt":{"rendered":"<p><strong>Product Name:<\/strong> Stealth Air Bike<\/p>\n<p><strong>Product Item Number:<\/strong> AB-TS-T800<\/p>\n<p><strong>Dimensions (L x W x H):<\/strong> 54.5\u201d x 24.8\u201d x 52.8\u201d (1384 mm x 630 mm x 1341 mm)<\/p>\n<p><strong>Weight:<\/strong> 132 lb (60 kg)<\/p>\n<p><strong>Warranty:<\/strong> 10 years frame \/ 3 years mechanical parts and electronics<\/p>\n<p><strong>Description:<\/strong> The Torque Stealth Air Bike is made from high-quality materials to withstand rigorous home or club use. With a sturdy tubular frame, hardened steel axles, and a single-stage Kevlar belt, the Stealth offers quiet operation and a smooth user experience. The adjustable seat and multi-grip handlebars ensure optimal workout positioning. The integrated console allows you to track workout intensity while choosing from various workout modes.<\/p>","protected":false},"featured_media":4086,"template":"","meta":{"_acf_changed":false},"pwb-brand":[374],"product_brand":[],"product_cat":[182],"product_tag":[],"class_list":{"0":"post-4085","1":"product","2":"type-product","3":"status-publish","4":"has-post-thumbnail","6":"pwb-brand-torque","7":"product_cat-fitness-gepek","9":"first","10":"instock","11":"shipping-taxable","12":"purchasable","13":"product-type-simple"},"acf":[],"brands":[{"id":374,"name":"Torque","slug":"1-torque"}],"_links":{"self":[{"href":"https:\/\/gymmakers.hu\/en\/wp-json\/wp\/v2\/product\/4085","targetHints":{"allow":["GET"]}}],"collection":[{"href":"https:\/\/gymmakers.hu\/en\/wp-json\/wp\/v2\/product"}],"about":[{"href":"https:\/\/gymmakers.hu\/en\/wp-json\/wp\/v2\/types\/product"}],"wp:featuredmedia":[{"embeddable":true,"href":"https:\/\/gymmakers.hu\/en\/wp-json\/wp\/v2\/media\/4086"}],"wp:attachment":[{"href":"https:\/\/gymmakers.hu\/en\/wp-json\/wp\/v2\/media?parent=4085"}],"wp:term":[{"taxonomy":"pwb-brand","embeddable":true,"href":"https:\/\/gymmakers.hu\/en\/wp-json\/wp\/v2\/pwb-brand?post=4085"},{"taxonomy":"product_brand","embeddable":true,"href":"https:\/\/gymmakers.hu\/en\/wp-json\/wp\/v2\/product_brand?post=4085"},{"taxonomy":"product_cat","embeddable":true,"href":"https:\/\/gymmakers.hu\/en\/wp-json\/wp\/v2\/product_cat?post=4085"},{"taxonomy":"product_tag","embeddable":true,"href":"https:\/\/gymmakers.hu\/en\/wp-json\/wp\/v2\/product_tag?post=4085"}],"curies":[{"name":"wp","href":"https:\/\/api.w.org\/{rel}","templated":true}]}}