{"id":4072,"date":"2024-06-28T13:49:07","date_gmt":"2024-06-28T11:49:07","guid":{"rendered":"https:\/\/gymmakers.hu\/?post_type=product&#038;p=4072"},"modified":"2024-06-28T13:49:07","modified_gmt":"2024-06-28T11:49:07","slug":"tank-m1","status":"publish","type":"product","link":"https:\/\/gymmakers.hu\/en\/termek\/tank-m1\/","title":{"rendered":"TANK\u00ae M1"},"content":{"rendered":"<p><strong>Product Name:<\/strong> TANK\u00ae M1<\/p>\n<p><strong>Product Item Number:<\/strong> XTTM1-RPH-102<\/p>\n<p><strong>Dimensions (L x W x H):<\/strong> 45.1\u201d x 31.9\u201d x 37.5\u201d (115 cm x 81 cm x 95 cm)<\/p>\n<p><strong>Recommended Tire Pressure:<\/strong> 30 PSI (2.07 BAR)<\/p>\n<p><strong>Warranty:<\/strong> 10 years frame and welds \/ 1 year parts and surface treatment \/ 90 days handles and optional accessories<\/p>\n<p><strong>Description:<\/strong> A TANK\u00ae M1 a tol\u00f3sz\u00e1nok egyed\u00fcl\u00e1ll\u00f3 evol\u00faci\u00f3j\u00e1t k\u00e9pviseli, amely b\u00e1rmilyen fel\u00fcleten haszn\u00e1lhat\u00f3 belt\u00e9ren \u00e9s k\u00fclt\u00e9ren egyar\u00e1nt, an\u00e9lk\u00fcl, hogy k\u00e1ros\u00edtan\u00e1 azt. A TANK\u00ae M1 ellen\u00e1ll\u00e1sa a tol\u00e1s sebess\u00e9g\u00e9vel n\u00f6vekszik, \u00edgy minden felhaszn\u00e1l\u00f3 azonnal be\u00e1ll\u00edthatja az ellen\u00e1ll\u00e1st an\u00e9lk\u00fcl, hogy s\u00falyokat kellene hozz\u00e1adni vagy elt\u00e1vol\u00edtani. Az \u00faj TANK M1 val\u00f3s idej\u0171 edz\u00e9si adatokat ny\u00fajt az opcion\u00e1lis konzol seg\u00edts\u00e9g\u00e9vel, amely \u00c9szak-Amerik\u00e1ban \u00e9rhet\u0151 el. A konzol seg\u00edts\u00e9g\u00e9vel az egy\u00e9ni vagy csoportos edz\u00e9sek sor\u00e1n nyomon k\u00f6vethet\u0151k a kal\u00f3ri\u00e1k, wattok, id\u0151, t\u00e1vols\u00e1g \u00e9s a Push Force Energy\u2122.<\/p>\n<p>A TANK M1 kompakt kialak\u00edt\u00e1s\u00fa, k\u00f6nnyen levehet\u0151 foganty\u00fakkal \u00e9s \u00e1ll\u00edthat\u00f3 ellen\u00e1ll\u00e1si szintekkel rendelkezik. Az \u00faj kieg\u00e9sz\u00edt\u0151k, mint a Dumbbell Cradle Attachment, extra tapad\u00e1st \u00e9s t\u00e1rol\u00e1si lehet\u0151s\u00e9get biztos\u00edtanak, \u00edgy a k\u00e9zis\u00falyz\u00f3kkal v\u00e9gzett edz\u00e9sek is k\u00f6nnyed\u00e9n megval\u00f3s\u00edthat\u00f3k. Az \u00faj 3-Position Tow Loop bar lehet\u0151v\u00e9 teszi a t\u00f6bbf\u00e9le edz\u00e9si lehet\u0151s\u00e9get, cs\u00f6kkentve a nyom\u00e1st az els\u0151 ker\u00e9kre.<\/p>\n<p><strong>Features:<\/strong><\/p>\n<ul>\n<li><strong>H\u00e1rom edz\u00e9si szint:<\/strong> 1. Sebess\u00e9gi er\u0151 2. Gyorsul\u00e1si er\u0151 3. Robban\u00e9konys\u00e1gi er\u0151.<\/li>\n<li><strong>Val\u00f3s idej\u0171 adatok:<\/strong> Az opcion\u00e1lis konzol seg\u00edts\u00e9g\u00e9vel kal\u00f3ri\u00e1k, wattok, id\u0151, t\u00e1vols\u00e1g \u00e9s Push Force Energy\u2122 k\u00f6vethet\u0151.<\/li>\n<li><strong>Dumbbell Cradle Attachment:<\/strong> Extra tapad\u00e1s \u00e9s t\u00e1rol\u00e1s k\u00e9zis\u00falyz\u00f3kkal v\u00e9gzett edz\u00e9sekhez.<\/li>\n<li><strong>3-Position Tow Loop bar:<\/strong> T\u00f6bbf\u00e9le edz\u00e9si lehet\u0151s\u00e9g.<\/li>\n<li><strong>All-surface design:<\/strong> B\u00e1rmilyen fel\u00fcleten haszn\u00e1lhat\u00f3, belt\u00e9ren \u00e9s k\u00fclt\u00e9ren egyar\u00e1nt, a gumibevonat\u00fa kerekek nem hagynak nyomot.<\/li>\n<li><strong>Wheelbarrow Handle Option:<\/strong> N\u00f6veli az edz\u00e9s sokoldal\u00fas\u00e1g\u00e1t, k\u00f6nnyen cser\u00e9lhet\u0151 foganty\u00fakkal.<\/li>\n<\/ul>\n<p><strong>El\u0151ny\u00f6k:<\/strong><\/p>\n<ol>\n<li><strong>H\u00e1trafel\u00e9 s\u00e9t\u00e1l\u00e1s el\u0151nyei:<\/strong> Er\u0151s\u00edti a l\u00e1bsz\u00e1r el\u00fcls\u0151 izmait, jav\u00edtva az egyens\u00falyt.<\/li>\n<li><strong>\u00dajra\u00e9p\u00edti a testet:<\/strong> A TANK edz\u00e9s visszaford\u00edtja az id\u0151 \u00e9s a hagyom\u00e1nyos edz\u00e9sm\u00f3dszerek hat\u00e1sait, er\u0151s\u00edtve a l\u00e1bujjakat, l\u00e1bfejeket, bok\u00e1kat, l\u00e1bsz\u00e1rakat \u00e9s v\u00e1dlit.<\/li>\n<li><strong>A test meger\u0151s\u00edt\u00e9se:<\/strong> A TANK edz\u00e9s v\u00e9d a k\u00fcl\u00f6nb\u00f6z\u0151 s\u00e9r\u00fcl\u00e9sekt\u0151l, mint a talpf\u00e1j\u00e1s, Achilles-\u00edn szakad\u00e1sok, s\u00edpcsont f\u00e1jdalom \u00e9s t\u00e9rdszalag s\u00e9r\u00fcl\u00e9sek.<\/li>\n<\/ol>\n<p>A TANK\u00ae M1 az atl\u00e9t\u00e1k robban\u00e9konys\u00e1g\u00e1nak n\u00f6vel\u00e9s\u00e9re szolg\u00e1l\u00f3 v\u00e9gs\u0151 eszk\u00f6z, amely megsz\u00fcnteti a kardioedz\u00e9sek monot\u00f3ni\u00e1j\u00e1t \u00e9s izmot \u00e9p\u00edt, mik\u00f6zben b\u00e1rmilyen edz\u00e9sprogramba beilleszthet\u0151.<\/p>","protected":false},"excerpt":{"rendered":"<p><strong>Product Name:<\/strong> TANK\u00ae M1<\/p>\n<p><strong>Product Item Number:<\/strong> XTTM1-RPH-102<\/p>\n<p><strong>Dimensions (L x W x H):<\/strong> 45.1\u201d x 31.9\u201d x 37.5\u201d (115 cm x 81 cm x 95 cm)<\/p>\n<p><strong>Recommended Tire Pressure:<\/strong> 30 PSI (2.07 BAR)<\/p>\n<p><strong>Warranty:<\/strong> 10 years frame and welds \/ 1 year parts and surface treatment \/ 90 days handles and optional accessories<\/p>\n<p><strong>Description:<\/strong> The TANK\u00ae M1 is a unique sled that is ideal for both indoor and outdoor training. The new TANK M1 provides real-time training data with the optional console and can be expanded with various accessories such as the Dumbbell Cradle Attachment and the 3-Position Tow Loop. With three training levels (speed strength, acceleration strength, explosive strength), the TANK M1 is the perfect tool for explosive muscle building and diverse training programs.<\/p>","protected":false},"featured_media":4073,"template":"","meta":{"_acf_changed":false},"pwb-brand":[374],"product_brand":[],"product_cat":[182],"product_tag":[],"class_list":{"0":"post-4072","1":"product","2":"type-product","3":"status-publish","4":"has-post-thumbnail","6":"pwb-brand-torque","7":"product_cat-fitness-gepek","9":"first","10":"instock","11":"shipping-taxable","12":"purchasable","13":"product-type-simple"},"acf":[],"brands":[{"id":374,"name":"Torque","slug":"1-torque"}],"_links":{"self":[{"href":"https:\/\/gymmakers.hu\/en\/wp-json\/wp\/v2\/product\/4072","targetHints":{"allow":["GET"]}}],"collection":[{"href":"https:\/\/gymmakers.hu\/en\/wp-json\/wp\/v2\/product"}],"about":[{"href":"https:\/\/gymmakers.hu\/en\/wp-json\/wp\/v2\/types\/product"}],"wp:featuredmedia":[{"embeddable":true,"href":"https:\/\/gymmakers.hu\/en\/wp-json\/wp\/v2\/media\/4073"}],"wp:attachment":[{"href":"https:\/\/gymmakers.hu\/en\/wp-json\/wp\/v2\/media?parent=4072"}],"wp:term":[{"taxonomy":"pwb-brand","embeddable":true,"href":"https:\/\/gymmakers.hu\/en\/wp-json\/wp\/v2\/pwb-brand?post=4072"},{"taxonomy":"product_brand","embeddable":true,"href":"https:\/\/gymmakers.hu\/en\/wp-json\/wp\/v2\/product_brand?post=4072"},{"taxonomy":"product_cat","embeddable":true,"href":"https:\/\/gymmakers.hu\/en\/wp-json\/wp\/v2\/product_cat?post=4072"},{"taxonomy":"product_tag","embeddable":true,"href":"https:\/\/gymmakers.hu\/en\/wp-json\/wp\/v2\/product_tag?post=4072"}],"curies":[{"name":"wp","href":"https:\/\/api.w.org\/{rel}","templated":true}]}}