{"id":4062,"date":"2024-06-28T13:46:32","date_gmt":"2024-06-28T11:46:32","guid":{"rendered":"https:\/\/gymmakers.hu\/?post_type=product&#038;p=4062"},"modified":"2024-06-28T13:46:32","modified_gmt":"2024-06-28T11:46:32","slug":"tank-mx","status":"publish","type":"product","link":"https:\/\/gymmakers.hu\/en\/termek\/tank-mx\/","title":{"rendered":"TANK\u00ae MX"},"content":{"rendered":"<div class=\"flex flex-grow flex-col max-w-full\">\n<div class=\"min-h-[20px] text-message flex flex-col items-start whitespace-pre-wrap break-words [.text-message+&amp;]:mt-5 juice:w-full juice:items-end overflow-x-auto gap-2\" dir=\"auto\" data-message-author-role=\"assistant\" data-message-id=\"2444c11d-904c-4842-b238-103371b192f8\">\n<div class=\"flex w-full flex-col gap-1 juice:empty:hidden juice:first:pt-[3px]\">\n<div class=\"markdown prose w-full break-words dark:prose-invert light\">\n<p><strong>Term\u00e9k Neve:<\/strong> TANK\u00ae MX<\/p>\n<p><strong>Term\u00e9k Cikksz\u00e1ma:<\/strong> XTTMX-RPH<\/p>\n<p><strong>M\u00e9retek (H x Sz x M):<\/strong> 55.4&#8243; x 33.4&#8243; x 37.3&#8243; (141 cm x 85 cm x 95 cm)<\/p>\n<p><strong>S\u00faly:<\/strong> 244 lbs (111 kg)<\/p>\n<p><strong>Aj\u00e1nlott Ker\u00e9knyom\u00e1s:<\/strong> 30 PSI (2.07 BAR)<\/p>\n<p><strong>Garancia:<\/strong> 10 \u00e9v keret \u00e9s hegeszt\u00e9sek, 1 \u00e9v alkatr\u00e9szek \u00e9s fel\u00fcletkezel\u00e9s<\/p>\n<p><strong>Le\u00edr\u00e1s:<\/strong> A TANK\u00ae MX a tol\u00f3sz\u00e1nok egyed\u00fcl\u00e1ll\u00f3 evol\u00faci\u00f3j\u00e1t k\u00e9pviseli, amely b\u00e1rmilyen fel\u00fcleten haszn\u00e1lhat\u00f3 belt\u00e9ren \u00e9s k\u00fclt\u00e9ren egyar\u00e1nt, an\u00e9lk\u00fcl, hogy k\u00e1ros\u00edtan\u00e1 azt. A TANK\u00ae MX ellen\u00e1ll\u00e1sa a tol\u00e1s sebess\u00e9g\u00e9vel n\u00f6vekszik, \u00edgy minden felhaszn\u00e1l\u00f3 azonnal be\u00e1ll\u00edthatja az ellen\u00e1ll\u00e1st an\u00e9lk\u00fcl, hogy s\u00falyokat kellene hozz\u00e1adni vagy elt\u00e1vol\u00edtani. Az M4 modellhez hasonl\u00f3an, az MX k\u00e9tir\u00e1ny\u00fa, \u00edgy nincs sz\u00fcks\u00e9g a TANK megford\u00edt\u00e1s\u00e1ra, ami cs\u00f6kkenti a sz\u00fcks\u00e9ges edz\u0151p\u00e1lya sz\u00e9less\u00e9g\u00e9t.<\/p>\n<p>A TANK\u00ae MX h\u00e1rom edz\u00e9si szinttel rendelkezik: sebess\u00e9gi er\u0151, gyorsul\u00e1si er\u0151 \u00e9s robban\u00e9konys\u00e1gi er\u0151. Az ellen\u00e1ll\u00e1s szintj\u00e9nek n\u00f6veked\u00e9s\u00e9vel a tol\u00e1s sebess\u00e9ge n\u00f6vekszik, ami intenz\u00edvebb edz\u00e9st tesz lehet\u0151v\u00e9. Az innovat\u00edv m\u00e1gneses f\u00e9krendszernek k\u00f6sz\u00f6nhet\u0151en nincs sz\u00fcks\u00e9g extra s\u00falyokra az ellen\u00e1ll\u00e1s n\u00f6vel\u00e9s\u00e9hez, de a s\u00falytart\u00f3 t\u00fcsk\u00e9kre helyezett s\u00falyok seg\u00edthetnek a jobb tapad\u00e1s el\u00e9r\u00e9s\u00e9ben bizonyos gyakorlatokn\u00e1l.<\/p>\n<p><strong>Jellemz\u0151k:<\/strong><\/p>\n<ul>\n<li><strong>H\u00e1rom edz\u00e9si szint:<\/strong> 1. Sebess\u00e9gi er\u0151 2. Gyorsul\u00e1si er\u0151 3. Robban\u00e9konys\u00e1gi er\u0151.<\/li>\n<li><strong>M\u00e1gneses ellen\u00e1ll\u00e1s:<\/strong> Nincs sz\u00fcks\u00e9g s\u00falylemezekre az ellen\u00e1ll\u00e1s n\u00f6vel\u00e9s\u00e9hez.<\/li>\n<li><strong>B\u00e1rmilyen fel\u00fcleten haszn\u00e1lhat\u00f3:<\/strong> Gumibevonat\u00fa kerekek, amelyek nem hagynak nyomot.<\/li>\n<li><strong>K\u00fclt\u00e9ri haszn\u00e1latra alkalmas:<\/strong> Az elektrosztatikus fest\u00e9s \u00e9s a nagy teherb\u00edr\u00e1s\u00fa m\u0171anyag h\u00e1z v\u00e9di a TANK\u00ae MX-et az id\u0151j\u00e1r\u00e1s viszontags\u00e1gait\u00f3l.<\/li>\n<li><strong>K\u00f6nny\u0171 be\u00e1ll\u00edt\u00e1s:<\/strong> Egyszer\u0171en \u00e1ll\u00edthat\u00f3 ellen\u00e1ll\u00e1si szintek \u00e9s ergonomikus kialak\u00edt\u00e1s.<\/li>\n<li><strong>Sokoldal\u00fa haszn\u00e1lat:<\/strong> Tolhat\u00f3, h\u00fazhat\u00f3, vontathat\u00f3 vagy \u00e1ll\u00f3 helyzetben haszn\u00e1lhat\u00f3, sz\u00e1mos kieg\u00e9sz\u00edt\u0151vel \u00e9s tartoz\u00e9kkal.<\/li>\n<\/ul>\n<p><strong>El\u0151ny\u00f6k:<\/strong><\/p>\n<ol>\n<li><strong>H\u00e1trafel\u00e9 s\u00e9t\u00e1l\u00e1s el\u0151nyei:<\/strong> A h\u00e1trafel\u00e9 s\u00e9t\u00e1l\u00e1s er\u0151s\u00edti a l\u00e1bsz\u00e1r el\u00fcls\u0151 izmait, ami jav\u00edtja az egyens\u00falyt, k\u00fcl\u00f6n\u00f6sen az id\u0151sebb korban.<\/li>\n<li><strong>\u00dajra\u00e9p\u00edti a testet:<\/strong> A TANK edz\u00e9s visszaford\u00edtja az id\u0151 \u00e9s a hagyom\u00e1nyos edz\u00e9sm\u00f3dszerek hat\u00e1sait, er\u0151s\u00edtve a l\u00e1bujjakat, l\u00e1bfejeket, bok\u00e1kat, l\u00e1bsz\u00e1rakat \u00e9s v\u00e1dlit.<\/li>\n<li><strong>A test meger\u0151s\u00edt\u00e9se:<\/strong> A TANK edz\u00e9s v\u00e9d a k\u00fcl\u00f6nb\u00f6z\u0151 s\u00e9r\u00fcl\u00e9sekt\u0151l, mint a talpf\u00e1j\u00e1s, Achilles-\u00edn szakad\u00e1sok, s\u00edpcsont f\u00e1jdalom \u00e9s t\u00e9rdszalag s\u00e9r\u00fcl\u00e9sek.<\/li>\n<\/ol>\n<p>A TANK\u00ae MX az atl\u00e9t\u00e1k robban\u00e9konys\u00e1g\u00e1nak n\u00f6vel\u00e9s\u00e9re szolg\u00e1l\u00f3 v\u00e9gs\u0151 eszk\u00f6z, amely megsz\u00fcnteti a kardioedz\u00e9sek monot\u00f3ni\u00e1j\u00e1t \u00e9s izmot \u00e9p\u00edt, mik\u00f6zben b\u00e1rmilyen edz\u00e9sprogramba beilleszthet\u0151. Az TANK\u00ae MX k\u00e9szen \u00e1ll a gyors sz\u00e1ll\u00edt\u00e1sra!<\/p>\n<\/div>\n<\/div>\n<\/div>\n<\/div>\n<div class=\"mt-1 flex gap-3 empty:hidden juice:-ml-3\">\n<div class=\"items-center justify-start rounded-xl p-1 flex\">\n<div class=\"flex items-center\"><button class=\"rounded-lg text-token-text-secondary hover:bg-token-main-surface-secondary\"><\/button><button class=\"rounded-lg text-token-text-secondary hover:bg-token-main-surface-secondary\"><\/button><button class=\"rounded-lg text-token-text-secondary hover:bg-token-main-surface-secondary\"><\/button><\/p>\n<div class=\"flex\"><\/div>\n<div class=\"flex items-center pb-0.5 juice:pb-0\">\n<div class=\"[&amp;_svg]:h-full [&amp;_svg]:w-full icon-md h-4 w-4\"><\/div>\n<\/div>\n<\/div>\n<\/div>\n<\/div>\n","protected":false},"excerpt":{"rendered":"<p><strong>Product Name:<\/strong> TANK\u00ae MX<\/p>\n<p><strong>Product Item Number:<\/strong> XTTMX-RPH<\/p>\n<p><strong>Dimensions (L x W x H):<\/strong> 55.4\u2033 x 33.4\u2033 x 37.3\u2033 (141 cm x 85 cm x 95 cm)<\/p>\n<p><strong>Weight:<\/strong> 244 lbs (111 kg)<\/p>\n<p><strong>Recommended Tire Pressure:<\/strong> 30 PSI (2.07 BAR)<\/p>\n<p><strong>Warranty:<\/strong> 10 years frame and welds, 1 year parts and surface treatment<\/p>\n<p><strong>Description:<\/strong> The TANK\u00ae MX is a unique sled that can be used on any surface both indoors and outdoors without damaging it. The resistance increases with the speed of pushing, allowing every user to instantly adjust the resistance without needing to add or remove weights. The TANK\u00ae MX has three training levels: speed strength, acceleration strength, and explosive strength, making it an ideal tool for building athletes and for varied training programs.<\/p>","protected":false},"featured_media":4063,"template":"","meta":{"_acf_changed":false},"pwb-brand":[374],"product_brand":[],"product_cat":[182],"product_tag":[],"class_list":{"0":"post-4062","1":"product","2":"type-product","3":"status-publish","4":"has-post-thumbnail","6":"pwb-brand-torque","7":"product_cat-fitness-gepek","9":"first","10":"instock","11":"shipping-taxable","12":"purchasable","13":"product-type-simple"},"acf":[],"brands":[{"id":374,"name":"Torque","slug":"1-torque"}],"_links":{"self":[{"href":"https:\/\/gymmakers.hu\/en\/wp-json\/wp\/v2\/product\/4062","targetHints":{"allow":["GET"]}}],"collection":[{"href":"https:\/\/gymmakers.hu\/en\/wp-json\/wp\/v2\/product"}],"about":[{"href":"https:\/\/gymmakers.hu\/en\/wp-json\/wp\/v2\/types\/product"}],"wp:featuredmedia":[{"embeddable":true,"href":"https:\/\/gymmakers.hu\/en\/wp-json\/wp\/v2\/media\/4063"}],"wp:attachment":[{"href":"https:\/\/gymmakers.hu\/en\/wp-json\/wp\/v2\/media?parent=4062"}],"wp:term":[{"taxonomy":"pwb-brand","embeddable":true,"href":"https:\/\/gymmakers.hu\/en\/wp-json\/wp\/v2\/pwb-brand?post=4062"},{"taxonomy":"product_brand","embeddable":true,"href":"https:\/\/gymmakers.hu\/en\/wp-json\/wp\/v2\/product_brand?post=4062"},{"taxonomy":"product_cat","embeddable":true,"href":"https:\/\/gymmakers.hu\/en\/wp-json\/wp\/v2\/product_cat?post=4062"},{"taxonomy":"product_tag","embeddable":true,"href":"https:\/\/gymmakers.hu\/en\/wp-json\/wp\/v2\/product_tag?post=4062"}],"curies":[{"name":"wp","href":"https:\/\/api.w.org\/{rel}","templated":true}]}}