{"id":4052,"date":"2024-06-28T13:44:08","date_gmt":"2024-06-28T11:44:08","guid":{"rendered":"https:\/\/gymmakers.hu\/?post_type=product&#038;p=4052"},"modified":"2024-06-28T13:44:08","modified_gmt":"2024-06-28T11:44:08","slug":"tank-m4","status":"publish","type":"product","link":"https:\/\/gymmakers.hu\/en\/termek\/tank-m4\/","title":{"rendered":"TANK\u00ae M4"},"content":{"rendered":"<p><strong>Product Name:<\/strong> TANK\u00ae M4<\/p>\n<p><strong>Product Item Number:<\/strong> XTTM4-PH<\/p>\n<p><strong>Dimensions (L x W x H):<\/strong> 52.4\u201d x 31.9\u201d x 37.1\u201d (133 cm x 81 cm x 94 cm)<\/p>\n<p><strong>Weight:<\/strong> 198 lbs (89.8 kg)<\/p>\n<p><strong>Recommended Tire Pressure:<\/strong> 30 PSI (2.07 BAR)<\/p>\n<p><strong>Warranty:<\/strong> 10 years frame and welds, 1 year parts and surface treatment<\/p>\n<p><strong>Description:<\/strong> A TANK\u00ae M4 tov\u00e1bbfejlesztette a kerekes tol\u00f3sz\u00e1nok koncepci\u00f3j\u00e1t, amelyet belt\u00e9ri \u00e9s k\u00fclt\u00e9ri haszn\u00e1latra egyar\u00e1nt terveztek. M\u00edg a hagyom\u00e1nyos ellen\u00e1ll\u00e1sos sz\u00e1nokat csak bizonyos fel\u00fcleteken lehet haszn\u00e1lni, a TANK\u00ae M4 b\u00e1rmilyen fel\u00fcleten futtathat\u00f3 an\u00e9lk\u00fcl, hogy k\u00e1ros\u00edtan\u00e1 azt. A m\u00e1gneses ellen\u00e1ll\u00e1s technol\u00f3gia r\u00e9v\u00e9n az ellen\u00e1ll\u00e1s n\u00f6vekszik a gyorsabb tol\u00e1sn\u00e1l, \u00edgy minden felhaszn\u00e1l\u00f3 saj\u00e1t ig\u00e9nyei szerint \u00e1ll\u00edthatja be az ellen\u00e1ll\u00e1st, an\u00e9lk\u00fcl hogy s\u00falylemezeket kellene hozz\u00e1adni vagy elt\u00e1vol\u00edtani.<\/p>\n<p>A TANK\u00ae M4 ide\u00e1lis v\u00e1laszt\u00e1s k\u00fcl\u00f6nb\u00f6z\u0151 sportcsapatok \u00e9s edz\u0151k\u00f6z\u00f6ss\u00e9gek sz\u00e1m\u00e1ra, hiszen az edz\u00e9s sor\u00e1n a gerinc \u00e9s \u00edz\u00fcletek k\u00edm\u00e9l\u00e9se mellett n\u00f6veli az er\u0151t \u00e9s a robban\u00e9konys\u00e1got. Az \u00e1ll\u00edthat\u00f3 ellen\u00e1ll\u00e1si szintek lehet\u0151v\u00e9 teszik a fokozatos, m\u00e9rhet\u0151 edz\u00e9st, m\u00edg a cser\u00e9lhet\u0151 kieg\u00e9sz\u00edt\u0151k sz\u00e9les v\u00e1laszt\u00e9ka garant\u00e1lja a v\u00e1ltozatos edz\u00e9sprogramokat.<\/p>\n<p><strong>Features:<\/strong><\/p>\n<ul>\n<li><strong>H\u00e1rom edz\u00e9si szint:<\/strong> 1. Sebess\u00e9gi er\u0151 2. Gyorsul\u00e1si er\u0151 3. Robban\u00e9konys\u00e1gi er\u0151.<\/li>\n<li><strong>M\u00e1gneses ellen\u00e1ll\u00e1s:<\/strong> Nincs sz\u00fcks\u00e9g s\u00falylemezekre az ellen\u00e1ll\u00e1s n\u00f6vel\u00e9s\u00e9hez.<\/li>\n<li><strong>B\u00e1rmilyen fel\u00fcleten haszn\u00e1lhat\u00f3:<\/strong> Gumibevonat\u00fa kerekek, amelyek nem hagynak nyomot.<\/li>\n<li><strong>K\u00fclt\u00e9ri haszn\u00e1latra alkalmas:<\/strong> Az elektrosztatikus fest\u00e9s \u00e9s a nagy teherb\u00edr\u00e1s\u00fa m\u0171anyag h\u00e1z v\u00e9di a TANK\u00ae M4-et az id\u0151j\u00e1r\u00e1s viszontags\u00e1gait\u00f3l.<\/li>\n<li><strong>K\u00f6nny\u0171 be\u00e1ll\u00edt\u00e1s:<\/strong> Egyszer\u0171en \u00e1ll\u00edthat\u00f3 ellen\u00e1ll\u00e1si szintek \u00e9s ergonomikus kialak\u00edt\u00e1s.<\/li>\n<\/ul>\n<p>A TANK\u00ae M4 a legjobb eszk\u00f6z a robban\u00e9kony atl\u00e9t\u00e1k \u00e9p\u00edt\u00e9s\u00e9hez, a kardioedz\u00e9sek monotonit\u00e1s\u00e1nak megsz\u00fcntet\u00e9s\u00e9hez \u00e9s az izom\u00e9p\u00edt\u00e9shez. Haszn\u00e1lhat\u00f3 tol\u00e1sra, h\u00faz\u00e1sra, vontat\u00e1sra \u00e9s sz\u00e1mos m\u00e1s gyakorlatra, ami v\u00e9gtelen sokf\u00e9le edz\u00e9sprogramot tesz lehet\u0151v\u00e9. Az TANK\u00ae M4 k\u00e9szen \u00e1ll a gyors sz\u00e1ll\u00edt\u00e1sra!<\/p>","protected":false},"excerpt":{"rendered":"<p><strong>Product Name:<\/strong> TANK\u00ae M4<\/p>\n<p><strong>Product Item Number:<\/strong> XTTM4-PH<\/p>\n<p><strong>Dimensions (L x W x H):<\/strong> 52.4\u201d x 31.9\u201d x 37.1\u201d (133 cm x 81 cm x 94 cm)<\/p>\n<p><strong>Weight:<\/strong> 198 lbs (89.8 kg)<\/p>\n<p><strong>Recommended Tire Pressure:<\/strong> 30 PSI (2.07 BAR)<\/p>\n<p><strong>Warranty:<\/strong> 10 years frame and welds, 1 year parts and surface treatment<\/p>\n<p><strong>Description:<\/strong> The TANK\u00ae M4 is a unique, wheeled sled designed for indoor and outdoor use without damaging surfaces. The magnetic resistance increases with faster pushing, allowing each user to adjust the resistance according to their needs. Due to the adjustable resistance levels, there is no need to add weight plates. The TANK\u00ae M4 is the perfect tool for building explosive athletes and is ideal for all ages and fitness levels.<\/p>","protected":false},"featured_media":4053,"template":"","meta":{"_acf_changed":false},"pwb-brand":[374],"product_brand":[],"product_cat":[182],"product_tag":[],"class_list":{"0":"post-4052","1":"product","2":"type-product","3":"status-publish","4":"has-post-thumbnail","6":"pwb-brand-torque","7":"product_cat-fitness-gepek","9":"first","10":"instock","11":"shipping-taxable","12":"purchasable","13":"product-type-simple"},"acf":[],"brands":[{"id":374,"name":"Torque","slug":"1-torque"}],"_links":{"self":[{"href":"https:\/\/gymmakers.hu\/en\/wp-json\/wp\/v2\/product\/4052","targetHints":{"allow":["GET"]}}],"collection":[{"href":"https:\/\/gymmakers.hu\/en\/wp-json\/wp\/v2\/product"}],"about":[{"href":"https:\/\/gymmakers.hu\/en\/wp-json\/wp\/v2\/types\/product"}],"wp:featuredmedia":[{"embeddable":true,"href":"https:\/\/gymmakers.hu\/en\/wp-json\/wp\/v2\/media\/4053"}],"wp:attachment":[{"href":"https:\/\/gymmakers.hu\/en\/wp-json\/wp\/v2\/media?parent=4052"}],"wp:term":[{"taxonomy":"pwb-brand","embeddable":true,"href":"https:\/\/gymmakers.hu\/en\/wp-json\/wp\/v2\/pwb-brand?post=4052"},{"taxonomy":"product_brand","embeddable":true,"href":"https:\/\/gymmakers.hu\/en\/wp-json\/wp\/v2\/product_brand?post=4052"},{"taxonomy":"product_cat","embeddable":true,"href":"https:\/\/gymmakers.hu\/en\/wp-json\/wp\/v2\/product_cat?post=4052"},{"taxonomy":"product_tag","embeddable":true,"href":"https:\/\/gymmakers.hu\/en\/wp-json\/wp\/v2\/product_tag?post=4052"}],"curies":[{"name":"wp","href":"https:\/\/api.w.org\/{rel}","templated":true}]}}