{"id":4018,"date":"2024-06-28T13:22:28","date_gmt":"2024-06-28T11:22:28","guid":{"rendered":"https:\/\/gymmakers.hu\/?post_type=product&#038;p=4018"},"modified":"2024-06-28T13:22:28","modified_gmt":"2024-06-28T11:22:28","slug":"pendulum-shoulder-incline","status":"publish","type":"product","link":"https:\/\/gymmakers.hu\/en\/termek\/pendulum-shoulder-incline\/","title":{"rendered":"Pendulum Shoulder Incline"},"content":{"rendered":"<div class=\"flex flex-grow flex-col max-w-full\">\n<div class=\"min-h-[20px] text-message flex flex-col items-start whitespace-pre-wrap break-words [.text-message+&amp;]:mt-5 juice:w-full juice:items-end overflow-x-auto gap-2\" dir=\"auto\" data-message-author-role=\"assistant\" data-message-id=\"0b9872b1-a981-4cf9-9e47-d9f8af6e1f28\">\n<div class=\"flex w-full flex-col gap-1 juice:empty:hidden juice:first:pt-[3px]\">\n<div class=\"markdown prose w-full break-words dark:prose-invert light\">\n<p>A Pendulum Shoulder Incline k\u00e9t kiv\u00e1l\u00f3 \u00e9s egyedi g\u00e9pet egyes\u00edt egyben, helytakar\u00e9kos kialak\u00edt\u00e1ssal. Nem csak kiv\u00e1l\u00f3 v\u00e1ll- \u00e9s mellizom fejleszt\u0151 eszk\u00f6z, hanem a legjobb rehabilit\u00e1ci\u00f3s eszk\u00f6z is. A Shoulder Incline egyed\u00fcl\u00e1ll\u00f3 az ipar\u00e1gban, \u00e9s lehet\u0151v\u00e9 teszi a fej f\u00f6l\u00f6tti nyom\u00e1st azok sz\u00e1m\u00e1ra is, akik egy\u00e9bk\u00e9nt nem lenn\u00e9nek k\u00e9pesek ezt a mozg\u00e1st v\u00e9grehajtani. A g\u00e9p a felhaszn\u00e1l\u00f3 testt\u00edpus\u00e1hoz \u00e9s prefer\u00e1lt mozg\u00e1startom\u00e1ny\u00e1hoz igazodik.<\/p>\n<p>A Shoulder Incline g\u00e9p lehet\u0151v\u00e9 teszi, hogy a v\u00e1ll term\u00e9szetesen m\u0171k\u00f6dj\u00f6n. Ahogy a karokat felfel\u00e9 emelj\u00fck, a kar el\u0151re \u00e9s felfel\u00e9 mozog a nyom\u00e1s alatt. Ennek a term\u00e9szetes nyom\u00e1si poz\u00edci\u00f3nak a fenntart\u00e1sa folyamatos fesz\u00fclts\u00e9get biztos\u00edt a c\u00e9lzott izomcsoportok sz\u00e1m\u00e1ra.<\/p>\n<p>Az \u00fcl\u00e9s teljesen \u00e1ll\u00edthat\u00f3, \u00edgy gyorsan v\u00e1ltoztathat\u00f3 a be\u00e1ll\u00edt\u00e1s, \u00e9s a v\u00e1llnyom\u00e1sb\u00f3l ferde mellnyom\u00e1s v\u00e1lik.<\/p>\n<p><strong>Tulajdons\u00e1gok:<\/strong><\/p>\n<ul>\n<li>F\u00fcggetlen\u00fcl mozg\u00f3 karok, amelyek k\u00fcl\u00f6nf\u00e9le mozg\u00e1sokat \u00e9s gyakorlatokat tesznek lehet\u0151v\u00e9.<\/li>\n<li>\u00c1ll\u00edthat\u00f3 \u00fcl\u00e9s, amely lehet\u0151v\u00e9 teszi a sportol\u00f3nak, hogy biol\u00f3giailag megfelel\u0151 poz\u00edci\u00f3ba \u00e1ll\u00edtsa mag\u00e1t.<\/li>\n<li>S.E.T. (Set Extension Technology), amely lehet\u0151v\u00e9 teszi a gyors \u00e9s biztons\u00e1gos kudarcig tart\u00f3 edz\u00e9st k\u00fcl\u00f6nb\u00f6z\u0151 poz\u00edci\u00f3kban.<\/li>\n<li>K\u00e9nyelmes t\u00e1rol\u00f3karok a s\u00falyt\u00e1rcs\u00e1k kezel\u00e9s\u00e9hez.<\/li>\n<\/ul>\n<p><strong>Hogyan K\u00e9sz\u00fclnek a Pendulum Er\u0151g\u00e9pek:<\/strong><\/p>\n<ul>\n<li>USA-ban gy\u00e1rtva<\/li>\n<li>Prec\u00edzi\u00f3s er\u0151g\u00f6rbe a maxim\u00e1lis eredm\u00e9nyek\u00e9rt<\/li>\n<li>K\u00fcl\u00f6nb\u00f6z\u0151 magass\u00e1gokhoz alkalmazkodik<\/li>\n<li>Biztons\u00e1gos haszn\u00e1lat a biztons\u00e1gi funkci\u00f3k r\u00e9v\u00e9n, mint p\u00e9ld\u00e1ul a z\u00e1r\u00f3k, tartom\u00e1nykorl\u00e1toz\u00f3k, cs\u00fasz\u00e1smentes l\u00e1bt\u00e1maszok \u00e9s \u00fctk\u00f6z\u0151k.<\/li>\n<\/ul>\n<\/div>\n<\/div>\n<\/div>\n<\/div>\n<div class=\"mt-1 flex gap-3 empty:hidden juice:-ml-3\">\n<div class=\"items-center justify-start rounded-xl p-1 flex\">\n<div class=\"flex items-center\"><button class=\"rounded-lg text-token-text-secondary hover:bg-token-main-surface-secondary\"><\/button><button class=\"rounded-lg text-token-text-secondary hover:bg-token-main-surface-secondary\"><\/button><button class=\"rounded-lg text-token-text-secondary hover:bg-token-main-surface-secondary\"><\/button><\/p>\n<div class=\"flex\"><\/div>\n<div class=\"flex items-center pb-0.5 juice:pb-0\">\n<div class=\"[&amp;_svg]:h-full [&amp;_svg]:w-full icon-md h-4 w-4\"><\/div>\n<\/div>\n<\/div>\n<\/div>\n<\/div>\n","protected":false},"excerpt":{"rendered":"<div class=\"flex flex-grow flex-col max-w-full\">\n<div class=\"min-h-[20px] text-message flex flex-col items-start whitespace-pre-wrap break-words [.text-message+&amp;]:mt-5 juice:w-full juice:items-end overflow-x-auto gap-2\" dir=\"auto\" data-message-author-role=\"assistant\" data-message-id=\"0b9872b1-a981-4cf9-9e47-d9f8af6e1f28\">\n<div class=\"flex w-full flex-col gap-1 juice:empty:hidden juice:first:pt-[3px]\">\n<div class=\"markdown prose w-full break-words dark:prose-invert light\">\n<p>A Pendulum Shoulder Incline k\u00e9t kiv\u00e1l\u00f3 \u00e9s egyedi g\u00e9pet egyes\u00edt egyben, helytakar\u00e9kos kialak\u00edt\u00e1ssal. Nem csak kiv\u00e1l\u00f3 v\u00e1ll- \u00e9s mellizom fejleszt\u0151 eszk\u00f6z, hanem a legjobb rehabilit\u00e1ci\u00f3s eszk\u00f6z is. A Shoulder Incline egyed\u00fcl\u00e1ll\u00f3 az ipar\u00e1gban, \u00e9s lehet\u0151v\u00e9 teszi a fej f\u00f6l\u00f6tti nyom\u00e1st azok sz\u00e1m\u00e1ra is, akik egy\u00e9bk\u00e9nt nem lenn\u00e9nek k\u00e9pesek ezt a mozg\u00e1st v\u00e9grehajtani. A g\u00e9p a felhaszn\u00e1l\u00f3 testt\u00edpus\u00e1hoz \u00e9s prefer\u00e1lt mozg\u00e1startom\u00e1ny\u00e1hoz igazodik.<\/p>\n<p>A Shoulder Incline g\u00e9p lehet\u0151v\u00e9 teszi, hogy a v\u00e1ll term\u00e9szetesen m\u0171k\u00f6dj\u00f6n. Ahogy a karokat felfel\u00e9 emelj\u00fck, a kar el\u0151re \u00e9s felfel\u00e9 mozog a nyom\u00e1s alatt. Ennek a term\u00e9szetes nyom\u00e1si poz\u00edci\u00f3nak a fenntart\u00e1sa folyamatos fesz\u00fclts\u00e9get biztos\u00edt a c\u00e9lzott izomcsoportok sz\u00e1m\u00e1ra.<\/p>\n<p>Az \u00fcl\u00e9s teljesen \u00e1ll\u00edthat\u00f3, \u00edgy gyorsan v\u00e1ltoztathat\u00f3 a be\u00e1ll\u00edt\u00e1s, \u00e9s a v\u00e1llnyom\u00e1sb\u00f3l ferde mellnyom\u00e1s v\u00e1lik.<\/p>\n<p><strong>Tulajdons\u00e1gok:<\/strong><\/p>\n<ul>\n<li>F\u00fcggetlen\u00fcl mozg\u00f3 karok, amelyek k\u00fcl\u00f6nf\u00e9le mozg\u00e1sokat \u00e9s gyakorlatokat tesznek lehet\u0151v\u00e9.<\/li>\n<li>\u00c1ll\u00edthat\u00f3 \u00fcl\u00e9s, amely lehet\u0151v\u00e9 teszi a sportol\u00f3nak, hogy biol\u00f3giailag megfelel\u0151 poz\u00edci\u00f3ba \u00e1ll\u00edtsa mag\u00e1t.<\/li>\n<li>S.E.T. (Set Extension Technology), amely lehet\u0151v\u00e9 teszi a gyors \u00e9s biztons\u00e1gos kudarcig tart\u00f3 edz\u00e9st k\u00fcl\u00f6nb\u00f6z\u0151 poz\u00edci\u00f3kban.<\/li>\n<li>K\u00e9nyelmes t\u00e1rol\u00f3karok a s\u00falyt\u00e1rcs\u00e1k kezel\u00e9s\u00e9hez.<\/li>\n<\/ul>\n<p><strong>Hogyan K\u00e9sz\u00fclnek a Pendulum Er\u0151g\u00e9pek:<\/strong><\/p>\n<ul>\n<li>USA-ban gy\u00e1rtva<\/li>\n<li>Prec\u00edzi\u00f3s er\u0151g\u00f6rbe a maxim\u00e1lis eredm\u00e9nyek\u00e9rt<\/li>\n<li>K\u00fcl\u00f6nb\u00f6z\u0151 magass\u00e1gokhoz alkalmazkodik<\/li>\n<li>Biztons\u00e1gos haszn\u00e1lat a biztons\u00e1gi funkci\u00f3k r\u00e9v\u00e9n, mint p\u00e9ld\u00e1ul a z\u00e1r\u00f3k, tartom\u00e1nykorl\u00e1toz\u00f3k, cs\u00fasz\u00e1smentes l\u00e1bt\u00e1maszok \u00e9s \u00fctk\u00f6z\u0151k.<\/li>\n<\/ul>\n<\/div>\n<\/div>\n<\/div>\n<\/div>\n<div class=\"mt-1 flex gap-3 empty:hidden juice:-ml-3\">\n<div class=\"items-center justify-start rounded-xl p-1 flex\">\n<div class=\"flex items-center\"><button class=\"rounded-lg text-token-text-secondary hover:bg-token-main-surface-secondary\"><\/button><button class=\"rounded-lg text-token-text-secondary hover:bg-token-main-surface-secondary\"><\/button><button class=\"rounded-lg text-token-text-secondary hover:bg-token-main-surface-secondary\"><\/button><\/p>\n<div class=\"flex\"><\/div>\n<div class=\"flex items-center pb-0.5 juice:pb-0\">\n<div class=\"[&amp;_svg]:h-full [&amp;_svg]:w-full icon-md h-4 w-4\"><\/div>\n<\/div>\n<\/div>\n<\/div>\n<\/div>\n","protected":false},"featured_media":4019,"template":"","meta":{"_acf_changed":false},"pwb-brand":[373],"product_brand":[],"product_cat":[182],"product_tag":[],"class_list":{"0":"post-4018","1":"product","2":"type-product","3":"status-publish","4":"has-post-thumbnail","6":"pwb-brand-pendulum","7":"product_cat-fitness-gepek","9":"first","10":"instock","11":"shipping-taxable","12":"purchasable","13":"product-type-simple"},"acf":[],"brands":[{"id":373,"name":"Pendulum","slug":"pendulum"}],"_links":{"self":[{"href":"https:\/\/gymmakers.hu\/en\/wp-json\/wp\/v2\/product\/4018","targetHints":{"allow":["GET"]}}],"collection":[{"href":"https:\/\/gymmakers.hu\/en\/wp-json\/wp\/v2\/product"}],"about":[{"href":"https:\/\/gymmakers.hu\/en\/wp-json\/wp\/v2\/types\/product"}],"wp:featuredmedia":[{"embeddable":true,"href":"https:\/\/gymmakers.hu\/en\/wp-json\/wp\/v2\/media\/4019"}],"wp:attachment":[{"href":"https:\/\/gymmakers.hu\/en\/wp-json\/wp\/v2\/media?parent=4018"}],"wp:term":[{"taxonomy":"pwb-brand","embeddable":true,"href":"https:\/\/gymmakers.hu\/en\/wp-json\/wp\/v2\/pwb-brand?post=4018"},{"taxonomy":"product_brand","embeddable":true,"href":"https:\/\/gymmakers.hu\/en\/wp-json\/wp\/v2\/product_brand?post=4018"},{"taxonomy":"product_cat","embeddable":true,"href":"https:\/\/gymmakers.hu\/en\/wp-json\/wp\/v2\/product_cat?post=4018"},{"taxonomy":"product_tag","embeddable":true,"href":"https:\/\/gymmakers.hu\/en\/wp-json\/wp\/v2\/product_tag?post=4018"}],"curies":[{"name":"wp","href":"https:\/\/api.w.org\/{rel}","templated":true}]}}