{"id":4016,"date":"2024-06-28T13:21:05","date_gmt":"2024-06-28T11:21:05","guid":{"rendered":"https:\/\/gymmakers.hu\/?post_type=product&#038;p=4016"},"modified":"2024-06-28T13:21:05","modified_gmt":"2024-06-28T11:21:05","slug":"pendulum-vertical-chest-press","status":"publish","type":"product","link":"https:\/\/gymmakers.hu\/en\/termek\/pendulum-vertical-chest-press\/","title":{"rendered":"Pendulum Vertical Chest Press"},"content":{"rendered":"<div class=\"flex-shrink-0 flex flex-col relative items-end\">\n<div>\n<div class=\"pt-0.5 juice:pt-0\">\n<div class=\"gizmo-bot-avatar flex h-6 w-6 items-center justify-center overflow-hidden rounded-full juice:h-8 juice:w-8\">\n<div class=\"relative p-1 rounded-sm flex items-center justify-center bg-token-main-surface-primary text-token-text-primary h-8 w-8\"><\/div>\n<\/div>\n<\/div>\n<\/div>\n<\/div>\n<div class=\"group\/conversation-turn relative flex w-full min-w-0 flex-col agent-turn\">\n<div class=\"flex-col gap-1 md:gap-3\">\n<div class=\"flex flex-grow flex-col max-w-full\">\n<div class=\"min-h-[20px] text-message flex flex-col items-start whitespace-pre-wrap break-words [.text-message+&amp;]:mt-5 juice:w-full juice:items-end overflow-x-auto gap-2\" dir=\"auto\" data-message-author-role=\"assistant\" data-message-id=\"d8735f11-2439-423d-8540-546b6b38c32a\">\n<div class=\"flex w-full flex-col gap-1 juice:empty:hidden juice:first:pt-[3px]\">\n<div class=\"markdown prose w-full break-words dark:prose-invert light\">\n<h3>Term\u00e9k Neve:<\/h3>\n<p>Pendulum Vertical Chest Press<\/p>\n<h3>Term\u00e9k Cikksz\u00e1ma:<\/h3>\n<p>410602<\/p>\n<p>A Pendulum Vertical Chest Press c\u00e9lja a mellizom maxim\u00e1lis stimul\u00e1l\u00e1sa a v\u00e1ll\u00edz\u00fclet minim\u00e1lis terhel\u00e9se mellett. Ezt egy egyedi er\u0151g\u00f6rbe kialak\u00edt\u00e1s\u00e1val \u00e9rj\u00fck el, amely folyamatos fesz\u00fclts\u00e9get biztos\u00edt a mellizom sz\u00e1m\u00e1ra, mik\u00f6zben a testet \u00e9s a v\u00e9gtagokat a t\u00f6k\u00e9letes nyom\u00f3 poz\u00edci\u00f3ban tartja. A foganty\u00fak f\u00fcggetlen\u00fcl mozognak, \u00edgy kiegyens\u00falyozott er\u0151n\u00f6veked\u00e9st \u00e9s a gyenges\u00e9gek gyors korrekci\u00f3j\u00e1t teszik lehet\u0151v\u00e9.<\/p>\n<p>A piacon nincs m\u00e9g egy olyan g\u00e9p, amely a Pendulum Vertical Chest Presshez hasonl\u00f3an fejleszti a mellkasi er\u0151t!<\/p>\n<p><strong>Tulajdons\u00e1gok:<\/strong><\/p>\n<ul>\n<li>\u00c1ll\u00edthat\u00f3 \u00fcl\u00e9s diz\u00e1jn lehet\u0151v\u00e9 teszi az edz\u00e9s vari\u00e1l\u00e1s\u00e1t \u00e9s a v\u00e1llr\u00e9szv\u00e9tel m\u00f3dos\u00edt\u00e1s\u00e1t.<\/li>\n<li>S.E.T. (Set Extension Technology) lehet\u0151v\u00e9 teszi a gyors \u00e9s biztons\u00e1gos kudarcig tart\u00f3 edz\u00e9st k\u00fcl\u00f6nb\u00f6z\u0151 poz\u00edci\u00f3kban.<\/li>\n<li>Ergonomikus foganty\u00fak maxim\u00e1lis k\u00f6ny\u00f6kv\u00e9delmet ny\u00fajtanak.<\/li>\n<\/ul>\n<p><strong>Hogyan K\u00e9sz\u00fclnek a Pendulum Er\u0151g\u00e9pek:<\/strong><\/p>\n<ul>\n<li>USA-ban gy\u00e1rtva<\/li>\n<li>Prec\u00edzi\u00f3s er\u0151g\u00f6rbe a maxim\u00e1lis eredm\u00e9nyek\u00e9rt<\/li>\n<li>K\u00fcl\u00f6nb\u00f6z\u0151 magass\u00e1gokhoz alkalmazkodik<\/li>\n<li>Biztons\u00e1gos haszn\u00e1lat<\/li>\n<\/ul>\n<\/div>\n<\/div>\n<\/div>\n<\/div>\n<\/div>\n<\/div>\n","protected":false},"excerpt":{"rendered":"<div class=\"flex-shrink-0 flex flex-col relative items-end\">\n<div>\n<div class=\"pt-0.5 juice:pt-0\">\n<div class=\"gizmo-bot-avatar flex h-6 w-6 items-center justify-center overflow-hidden rounded-full juice:h-8 juice:w-8\">\n<div class=\"relative p-1 rounded-sm flex items-center justify-center bg-token-main-surface-primary text-token-text-primary h-8 w-8\"><\/div>\n<\/div>\n<\/div>\n<\/div>\n<\/div>\n<div class=\"group\/conversation-turn relative flex w-full min-w-0 flex-col agent-turn\">\n<div class=\"flex-col gap-1 md:gap-3\">\n<div class=\"flex flex-grow flex-col max-w-full\">\n<div class=\"min-h-[20px] text-message flex flex-col items-start whitespace-pre-wrap break-words [.text-message+&amp;]:mt-5 juice:w-full juice:items-end overflow-x-auto gap-2\" dir=\"auto\" data-message-author-role=\"assistant\" data-message-id=\"d8735f11-2439-423d-8540-546b6b38c32a\">\n<div class=\"flex w-full flex-col gap-1 juice:empty:hidden juice:first:pt-[3px]\">\n<div class=\"markdown prose w-full break-words dark:prose-invert light\">\n<h3>Term\u00e9k Neve:<\/h3>\n<p>Pendulum Vertical Chest Press<\/p>\n<h3>Term\u00e9k Cikksz\u00e1ma:<\/h3>\n<p>410602<\/p>\n<h3>R\u00f6vid Le\u00edr\u00e1s:<\/h3>\n<p>A Pendulum Vertical Chest Press egyed\u00fcl\u00e1ll\u00f3 kialak\u00edt\u00e1ssal maximaliz\u00e1lja a mellizom stimul\u00e1ci\u00f3j\u00e1t, mik\u00f6zben minimaliz\u00e1lja a v\u00e1ll\u00edz\u00fcletre gyakorolt hat\u00e1st. Az \u00e1ll\u00edthat\u00f3 \u00fcl\u00e9s \u00e9s ergonomikus foganty\u00fak v\u00e1ltozatos edz\u00e9st biztos\u00edtanak, lehet\u0151v\u00e9 t\u00e9ve a gyors \u00e9s biztons\u00e1gos edz\u00e9st.<\/p>\n<h3>Hossz\u00fa Le\u00edr\u00e1s:<\/h3>\n<p>A Pendulum Vertical Chest Press c\u00e9lja a mellizom maxim\u00e1lis stimul\u00e1l\u00e1sa a v\u00e1ll\u00edz\u00fclet minim\u00e1lis terhel\u00e9se mellett. Ezt egy egyedi er\u0151g\u00f6rbe kialak\u00edt\u00e1s\u00e1val \u00e9rj\u00fck el, amely folyamatos fesz\u00fclts\u00e9get biztos\u00edt a mellizom sz\u00e1m\u00e1ra, mik\u00f6zben a testet \u00e9s a v\u00e9gtagokat a t\u00f6k\u00e9letes nyom\u00f3 poz\u00edci\u00f3ban tartja. A foganty\u00fak f\u00fcggetlen\u00fcl mozognak, \u00edgy kiegyens\u00falyozott er\u0151n\u00f6veked\u00e9st \u00e9s a gyenges\u00e9gek gyors korrekci\u00f3j\u00e1t teszik lehet\u0151v\u00e9.<\/p>\n<p>A piacon nincs m\u00e9g egy olyan g\u00e9p, amely a Pendulum Vertical Chest Presshez hasonl\u00f3an fejleszti a mellkasi er\u0151t!<\/p>\n<p><strong>Tulajdons\u00e1gok:<\/strong><\/p>\n<ul>\n<li>\u00c1ll\u00edthat\u00f3 \u00fcl\u00e9s diz\u00e1jn lehet\u0151v\u00e9 teszi az edz\u00e9s vari\u00e1l\u00e1s\u00e1t \u00e9s a v\u00e1llr\u00e9szv\u00e9tel m\u00f3dos\u00edt\u00e1s\u00e1t.<\/li>\n<li>S.E.T. (Set Extension Technology) lehet\u0151v\u00e9 teszi a gyors \u00e9s biztons\u00e1gos kudarcig tart\u00f3 edz\u00e9st k\u00fcl\u00f6nb\u00f6z\u0151 poz\u00edci\u00f3kban.<\/li>\n<li>Ergonomikus foganty\u00fak maxim\u00e1lis k\u00f6ny\u00f6kv\u00e9delmet ny\u00fajtanak.<\/li>\n<\/ul>\n<p><strong>Hogyan K\u00e9sz\u00fclnek a Pendulum Er\u0151g\u00e9pek:<\/strong><\/p>\n<ul>\n<li>USA-ban gy\u00e1rtva<\/li>\n<li>Prec\u00edzi\u00f3s er\u0151g\u00f6rbe a maxim\u00e1lis eredm\u00e9nyek\u00e9rt<\/li>\n<li>K\u00fcl\u00f6nb\u00f6z\u0151 magass\u00e1gokhoz alkalmazkodik<\/li>\n<li>Biztons\u00e1gos haszn\u00e1lat<\/li>\n<\/ul>\n<\/div>\n<\/div>\n<\/div>\n<\/div>\n<\/div>\n<\/div>\n","protected":false},"featured_media":4017,"template":"","meta":{"_acf_changed":false},"pwb-brand":[373],"product_brand":[],"product_cat":[182],"product_tag":[],"class_list":{"0":"post-4016","1":"product","2":"type-product","3":"status-publish","4":"has-post-thumbnail","6":"pwb-brand-pendulum","7":"product_cat-fitness-gepek","9":"first","10":"instock","11":"shipping-taxable","12":"purchasable","13":"product-type-simple"},"acf":[],"brands":[{"id":373,"name":"Pendulum","slug":"pendulum"}],"_links":{"self":[{"href":"https:\/\/gymmakers.hu\/en\/wp-json\/wp\/v2\/product\/4016","targetHints":{"allow":["GET"]}}],"collection":[{"href":"https:\/\/gymmakers.hu\/en\/wp-json\/wp\/v2\/product"}],"about":[{"href":"https:\/\/gymmakers.hu\/en\/wp-json\/wp\/v2\/types\/product"}],"wp:featuredmedia":[{"embeddable":true,"href":"https:\/\/gymmakers.hu\/en\/wp-json\/wp\/v2\/media\/4017"}],"wp:attachment":[{"href":"https:\/\/gymmakers.hu\/en\/wp-json\/wp\/v2\/media?parent=4016"}],"wp:term":[{"taxonomy":"pwb-brand","embeddable":true,"href":"https:\/\/gymmakers.hu\/en\/wp-json\/wp\/v2\/pwb-brand?post=4016"},{"taxonomy":"product_brand","embeddable":true,"href":"https:\/\/gymmakers.hu\/en\/wp-json\/wp\/v2\/product_brand?post=4016"},{"taxonomy":"product_cat","embeddable":true,"href":"https:\/\/gymmakers.hu\/en\/wp-json\/wp\/v2\/product_cat?post=4016"},{"taxonomy":"product_tag","embeddable":true,"href":"https:\/\/gymmakers.hu\/en\/wp-json\/wp\/v2\/product_tag?post=4016"}],"curies":[{"name":"wp","href":"https:\/\/api.w.org\/{rel}","templated":true}]}}