{"id":3398,"date":"2024-06-22T14:41:10","date_gmt":"2024-06-22T12:41:10","guid":{"rendered":"https:\/\/gymmakers.hu\/?post_type=product&#038;p=3398"},"modified":"2024-06-22T14:41:10","modified_gmt":"2024-06-22T12:41:10","slug":"chest-press-%e3%85%a3-rpl-5301","status":"publish","type":"product","link":"https:\/\/gymmakers.hu\/en\/termek\/chest-press-%e3%85%a3-rpl-5301\/","title":{"rendered":"Chest Press \u3163 RPL-5301"},"content":{"rendered":"<div class=\"flex-shrink-0 flex flex-col relative items-end\">\n<div>\n<div class=\"pt-0.5 juice:pt-0\">\n<div class=\"gizmo-bot-avatar flex h-6 w-6 items-center justify-center overflow-hidden rounded-full juice:h-8 juice:w-8\">\n<div class=\"relative p-1 rounded-sm flex items-center justify-center bg-token-main-surface-primary text-token-text-primary h-8 w-8\"><\/div>\n<\/div>\n<\/div>\n<\/div>\n<\/div>\n<div class=\"group\/conversation-turn relative flex w-full min-w-0 flex-col agent-turn\">\n<div class=\"flex-col gap-1 md:gap-3\">\n<div class=\"flex flex-grow flex-col max-w-full\">\n<div class=\"min-h-[20px] text-message flex flex-col items-start whitespace-pre-wrap break-words [.text-message+&amp;]:mt-5 juice:w-full juice:items-end overflow-x-auto gap-2\" dir=\"auto\" data-message-author-role=\"assistant\" data-message-id=\"d8893791-68f9-459d-812f-c4bcd9ec720f\">\n<div class=\"flex w-full flex-col gap-1 juice:empty:hidden juice:first:pt-[3px]\">\n<div class=\"markdown prose w-full break-words dark:prose-invert light\">\n<h3>Chest Press \u3163 RPL-5301<\/h3>\n<p><strong>Le\u00edr\u00e1s:<\/strong> A HOIST\u00ae Chest Press, az RPL-5301 modell, a ROX\u2122 technol\u00f3gi\u00e1val \u00faj szintre emeli ezt a klasszikus fels\u0151test er\u0151s\u00edt\u0151 gyakorlatot! A g\u00e9p v\u00e9gig k\u00f6veti a felhaszn\u00e1l\u00f3 mozg\u00e1s\u00e1t, kezdve a foganty\u00fakat mellmagass\u00e1gban, \u00e9s sima befejez\u00e9ssel \u00e1ll\u00edtja \u0151ket \u00e1llmagass\u00e1gba. A f\u00fcggetlen, konvergens nyom\u00f3karok term\u00e9szetes mozg\u00e1st biztos\u00edtanak, minimaliz\u00e1lva az el\u00fcls\u0151 v\u00e1llkapszul\u00e1ra gyakorolt stresszt, alacsony kezd\u0151s\u00falyt lehet\u0151v\u00e9 t\u00e9ve. Az \u00edvelt nyom\u00f3kar foganty\u00fak t\u00f6bb fog\u00e1si poz\u00edci\u00f3t biztos\u00edtanak, \u00edgy biztons\u00e1gos \u00e9s k\u00e9nyelmes edz\u00e9st tesznek lehet\u0151v\u00e9. A be\u00e9p\u00edtett s\u00falyt\u00e1rol\u00f3k nagylelk\u0171 m\u00e9ret\u0171ek, \u00edgy a felhaszn\u00e1l\u00f3k gyorsan hozz\u00e1adhatnak t\u00e1rcs\u00e1kat a g\u00e9phez, mik\u00f6zben a terem rendben \u00e9s helytakar\u00e9kos marad.<\/p>\n<p>A dinamikus be\u00e1ll\u00edt\u00e1s, amely a test term\u00e9szetes testtart\u00e1s\u00e1ra \u00e9s rugalmass\u00e1g\u00e1ra alapozva biztos\u00edt k\u00e9nyelmesebb \u00e9s biztons\u00e1gosabb edz\u00e9st, a HOIST\u00ae ROC-IT\u2122 sorozat\u00e1nak l\u00e9nyege. Pr\u00f3b\u00e1lja ki \u00e9s \u00c9LVEZZE AZ EDZ\u00c9ST!<\/p>\n<p><strong>Specifik\u00e1ci\u00f3k:<\/strong><\/p>\n<ul>\n<li><strong>M\u00e9retek:<\/strong>\n<ul>\n<li>Sz\u00e9less\u00e9g: 133 cm (52.50 inches)<\/li>\n<li>Hossz\u00fas\u00e1g: 209 cm (82.25 inches)<\/li>\n<li>Magass\u00e1g: 185 cm (73.00 inches)<\/li>\n<\/ul>\n<\/li>\n<li><strong>S\u00faly:<\/strong>\n<ul>\n<li>G\u00e9p s\u00falya: 198 kg (437 lbs)<\/li>\n<li>Max. t\u00e1rol\u00e1si kapacit\u00e1s: 327 kg (720 lbs)<\/li>\n<li>Max. terhelhet\u0151s\u00e9g: 363 kg (800 lbs)<\/li>\n<\/ul>\n<\/li>\n<li><strong>K\u00e1rpit sz\u00edne:<\/strong> Fekete<\/li>\n<\/ul>\n<p><strong>Jellemz\u0151k:<\/strong><\/p>\n<ol>\n<li>ROC-IT\u00ae technol\u00f3gia, amely a felhaszn\u00e1l\u00f3t a nyom\u00f3karokkal egy\u00fctt igaz\u00edtja a mozg\u00e1s sor\u00e1n.<\/li>\n<li>F\u00fcggetlen, konvergens nyom\u00f3karok term\u00e9szetes mozg\u00e1st biztos\u00edtanak \u00e9s minimaliz\u00e1lj\u00e1k a v\u00e1llkapszul\u00e1ra gyakorolt stresszt.<\/li>\n<li>Ellen-s\u00falyozott nyom\u00f3karok az alacsony kezd\u0151s\u00faly \u00e9rdek\u00e9ben.<\/li>\n<li>\u00cdvelt nyom\u00f3kar foganty\u00fak t\u00f6bb fog\u00e1si poz\u00edci\u00f3val.<\/li>\n<li>Be\u00e9p\u00edtett s\u00falyt\u00e1rol\u00f3k.<\/li>\n<\/ol>\n<p><strong>Megjegyz\u00e9s:<\/strong> A term\u00e9k szerkezete \u00e9s kialak\u00edt\u00e1sa el\u0151zetes \u00e9rtes\u00edt\u00e9s n\u00e9lk\u00fcl v\u00e1ltozhat a biztons\u00e1g \u00e9s funkcionalit\u00e1s jav\u00edt\u00e1sa \u00e9rdek\u00e9ben.<\/p>\n<\/div>\n<\/div>\n<\/div>\n<\/div>\n<\/div>\n<\/div>\n","protected":false},"excerpt":{"rendered":"<div class=\"flex-shrink-0 flex flex-col relative items-end\">\n<div>\n<div class=\"pt-0.5 juice:pt-0\">\n<div class=\"gizmo-bot-avatar flex h-6 w-6 items-center justify-center overflow-hidden rounded-full juice:h-8 juice:w-8\">\n<div class=\"relative p-1 rounded-sm flex items-center justify-center bg-token-main-surface-primary text-token-text-primary h-8 w-8\"><\/div>\n<\/div>\n<\/div>\n<\/div>\n<\/div>\n<div class=\"group\/conversation-turn relative flex w-full min-w-0 flex-col agent-turn\">\n<div class=\"flex-col gap-1 md:gap-3\">\n<div class=\"flex flex-grow flex-col max-w-full\">\n<div class=\"min-h-[20px] text-message flex flex-col items-start whitespace-pre-wrap break-words [.text-message+&amp;]:mt-5 juice:w-full juice:items-end overflow-x-auto gap-2\" dir=\"auto\" data-message-author-role=\"assistant\" data-message-id=\"d8893791-68f9-459d-812f-c4bcd9ec720f\">\n<div class=\"flex w-full flex-col gap-1 juice:empty:hidden juice:first:pt-[3px]\">\n<div class=\"markdown prose w-full break-words dark:prose-invert light\">\n<h3>Chest Press \u3163 RPL-5301<\/h3>\n<p><strong>Le\u00edr\u00e1s:<\/strong> A HOIST\u00ae Chest Press, az RPL-5301 modell, a ROX\u2122 technol\u00f3gi\u00e1val \u00faj szintre emeli ezt a klasszikus fels\u0151test er\u0151s\u00edt\u0151 gyakorlatot! A g\u00e9p v\u00e9gig k\u00f6veti a felhaszn\u00e1l\u00f3 mozg\u00e1s\u00e1t, kezdve a foganty\u00fakat mellmagass\u00e1gban, \u00e9s sima befejez\u00e9ssel \u00e1ll\u00edtja \u0151ket \u00e1llmagass\u00e1gba. A f\u00fcggetlen, konvergens nyom\u00f3karok term\u00e9szetes mozg\u00e1st biztos\u00edtanak, minimaliz\u00e1lva az el\u00fcls\u0151 v\u00e1llkapszul\u00e1ra gyakorolt stresszt, alacsony kezd\u0151s\u00falyt lehet\u0151v\u00e9 t\u00e9ve. Az \u00edvelt nyom\u00f3kar foganty\u00fak t\u00f6bb fog\u00e1si poz\u00edci\u00f3t biztos\u00edtanak, \u00edgy biztons\u00e1gos \u00e9s k\u00e9nyelmes edz\u00e9st tesznek lehet\u0151v\u00e9. A be\u00e9p\u00edtett s\u00falyt\u00e1rol\u00f3k nagylelk\u0171 m\u00e9ret\u0171ek, \u00edgy a felhaszn\u00e1l\u00f3k gyorsan hozz\u00e1adhatnak t\u00e1rcs\u00e1kat a g\u00e9phez, mik\u00f6zben a terem rendben \u00e9s helytakar\u00e9kos marad.<\/p>\n<p>A dinamikus be\u00e1ll\u00edt\u00e1s, amely a test term\u00e9szetes testtart\u00e1s\u00e1ra \u00e9s rugalmass\u00e1g\u00e1ra alapozva biztos\u00edt k\u00e9nyelmesebb \u00e9s biztons\u00e1gosabb edz\u00e9st, a HOIST\u00ae ROC-IT\u2122 sorozat\u00e1nak l\u00e9nyege. Pr\u00f3b\u00e1lja ki \u00e9s \u00c9LVEZZE AZ EDZ\u00c9ST!<\/p>\n<p><strong>Specifik\u00e1ci\u00f3k:<\/strong><\/p>\n<ul>\n<li><strong>M\u00e9retek:<\/strong>\n<ul>\n<li>Sz\u00e9less\u00e9g: 133 cm (52.50 inches)<\/li>\n<li>Hossz\u00fas\u00e1g: 209 cm (82.25 inches)<\/li>\n<li>Magass\u00e1g: 185 cm (73.00 inches)<\/li>\n<\/ul>\n<\/li>\n<li><strong>S\u00faly:<\/strong>\n<ul>\n<li>G\u00e9p s\u00falya: 198 kg (437 lbs)<\/li>\n<li>Max. t\u00e1rol\u00e1si kapacit\u00e1s: 327 kg (720 lbs)<\/li>\n<li>Max. terhelhet\u0151s\u00e9g: 363 kg (800 lbs)<\/li>\n<\/ul>\n<\/li>\n<li><strong>K\u00e1rpit sz\u00edne:<\/strong> Fekete<\/li>\n<\/ul>\n<p><strong>Jellemz\u0151k:<\/strong><\/p>\n<ol>\n<li>ROC-IT\u00ae technol\u00f3gia, amely a felhaszn\u00e1l\u00f3t a nyom\u00f3karokkal egy\u00fctt igaz\u00edtja a mozg\u00e1s sor\u00e1n.<\/li>\n<li>F\u00fcggetlen, konvergens nyom\u00f3karok term\u00e9szetes mozg\u00e1st biztos\u00edtanak \u00e9s minimaliz\u00e1lj\u00e1k a v\u00e1llkapszul\u00e1ra gyakorolt stresszt.<\/li>\n<li>Ellen-s\u00falyozott nyom\u00f3karok az alacsony kezd\u0151s\u00faly \u00e9rdek\u00e9ben.<\/li>\n<li>\u00cdvelt nyom\u00f3kar foganty\u00fak t\u00f6bb fog\u00e1si poz\u00edci\u00f3val.<\/li>\n<li>Be\u00e9p\u00edtett s\u00falyt\u00e1rol\u00f3k.<\/li>\n<\/ol>\n<p><strong>Megjegyz\u00e9s:<\/strong> A term\u00e9k szerkezete \u00e9s kialak\u00edt\u00e1sa el\u0151zetes \u00e9rtes\u00edt\u00e9s n\u00e9lk\u00fcl v\u00e1ltozhat a biztons\u00e1g \u00e9s funkcionalit\u00e1s jav\u00edt\u00e1sa \u00e9rdek\u00e9ben.<\/p>\n<\/div>\n<\/div>\n<\/div>\n<\/div>\n<\/div>\n<\/div>\n","protected":false},"featured_media":3399,"template":"","meta":{"_acf_changed":false},"pwb-brand":[79,83],"product_brand":[],"product_cat":[182],"product_tag":[],"class_list":{"0":"post-3398","1":"product","2":"type-product","3":"status-publish","4":"has-post-thumbnail","6":"pwb-brand-hoist","7":"pwb-brand-roc-it-plate-loaded","8":"product_cat-fitness-gepek","10":"first","11":"instock","12":"shipping-taxable","13":"purchasable","14":"product-type-simple"},"acf":[],"brands":[{"id":79,"name":"Hoist","slug":"hoist"},{"id":83,"name":"ROC-IT Plate Loaded","slug":"roc-it-plate-loaded"}],"_links":{"self":[{"href":"https:\/\/gymmakers.hu\/en\/wp-json\/wp\/v2\/product\/3398","targetHints":{"allow":["GET"]}}],"collection":[{"href":"https:\/\/gymmakers.hu\/en\/wp-json\/wp\/v2\/product"}],"about":[{"href":"https:\/\/gymmakers.hu\/en\/wp-json\/wp\/v2\/types\/product"}],"wp:featuredmedia":[{"embeddable":true,"href":"https:\/\/gymmakers.hu\/en\/wp-json\/wp\/v2\/media\/3399"}],"wp:attachment":[{"href":"https:\/\/gymmakers.hu\/en\/wp-json\/wp\/v2\/media?parent=3398"}],"wp:term":[{"taxonomy":"pwb-brand","embeddable":true,"href":"https:\/\/gymmakers.hu\/en\/wp-json\/wp\/v2\/pwb-brand?post=3398"},{"taxonomy":"product_brand","embeddable":true,"href":"https:\/\/gymmakers.hu\/en\/wp-json\/wp\/v2\/product_brand?post=3398"},{"taxonomy":"product_cat","embeddable":true,"href":"https:\/\/gymmakers.hu\/en\/wp-json\/wp\/v2\/product_cat?post=3398"},{"taxonomy":"product_tag","embeddable":true,"href":"https:\/\/gymmakers.hu\/en\/wp-json\/wp\/v2\/product_tag?post=3398"}],"curies":[{"name":"wp","href":"https:\/\/api.w.org\/{rel}","templated":true}]}}