{"id":3366,"date":"2024-06-22T14:06:48","date_gmt":"2024-06-22T12:06:48","guid":{"rendered":"https:\/\/gymmakers.hu\/?post_type=product&#038;p=3366"},"modified":"2024-09-12T14:28:20","modified_gmt":"2024-09-12T12:28:20","slug":"prone-leg-curl-%e3%85%a3-rs-1408","status":"publish","type":"product","link":"https:\/\/gymmakers.hu\/en\/termek\/prone-leg-curl-%e3%85%a3-rs-1408\/","title":{"rendered":"Prone Leg Curl \u3163 RS-2408"},"content":{"rendered":"<h3>Prone Leg Curl \u3163 RS-2408<\/h3>\n<p><strong>Description:<\/strong> A Hoist Prone Leg Curl g\u00e9p, az RS-2408 modell, a ROC-IT\u00ae sorozat r\u00e9sze, amely dinamikus mozg\u00e1sbe\u00e1ll\u00edt\u00e1st k\u00edn\u00e1l a felhaszn\u00e1l\u00f3k sz\u00e1m\u00e1ra. A ROX\u2122 technol\u00f3gia alkalmaz\u00e1s\u00e1val a felhaszn\u00e1l\u00f3 folyamatosan igazodik a g\u00e9p mozg\u00e1s\u00e1hoz, egyed\u00fcl\u00e1ll\u00f3 edz\u00e9si \u00e9lm\u00e9nyt ny\u00fajtva. Ez az eszk\u00f6z a funkcion\u00e1lis edz\u00e9s el\u0151nyeit k\u00edn\u00e1lja, mik\u00f6zben biztos\u00edtja a g\u00e9pi berendez\u00e9sek stabiliz\u00e1l\u00f3 hat\u00e1sait is. A g\u00e9p ide\u00e1lis a combhajl\u00edt\u00f3 izmok er\u0151s\u00edt\u00e9s\u00e9re, mik\u00f6zben minimaliz\u00e1lja a gerinc \u00e9s a nyak terhel\u00e9s\u00e9t.<\/p>\n<p><strong>Specifications:<\/strong><\/p>\n<ul>\n<li><strong>Dimensions:<\/strong>\n<ul>\n<li>Sz\u00e9less\u00e9g: 116 cm (45.50 inches)<\/li>\n<li>Hossz\u00fas\u00e1g: 139 cm (54.75 inches)<\/li>\n<li>Magass\u00e1g: 140 cm (54.75 inches)<\/li>\n<\/ul>\n<\/li>\n<li><strong>Weight:<\/strong>\n<ul>\n<li>G\u00e9p s\u00falya: 232 kg (511 lbs)<\/li>\n<li>S\u00falyblokk: 81 kg (178 lbs)<\/li>\n<\/ul>\n<\/li>\n<li><strong>Upholstery color:<\/strong> Black<\/li>\n<\/ul>\n<p><strong>Features:<\/strong><\/p>\n<ol>\n<li>A test kezd\u0151 poz\u00edci\u00f3ja meredekebb sz\u00f6gben van, \u00edgy k\u00f6nnyebb a g\u00e9pbe bel\u00e9pni \u00e9s kil\u00e9pni.<\/li>\n<li>A fels\u0151test ringat\u00f3 mozg\u00e1sa n\u00f6veli a rugalmass\u00e1got \u00e9s a mozg\u00e1startom\u00e1nyt.<\/li>\n<li>A lefel\u00e9 ir\u00e1nyul\u00f3 ringat\u00f3 mozg\u00e1s a gerinc \u00e9s a nyak megfelel\u0151 igaz\u00edt\u00e1s\u00e1t biztos\u00edtja, ellent\u00e9tben a hagyom\u00e1nyos fekv\u0151 l\u00e1bhajl\u00edt\u00f3 g\u00e9pekkel.<\/li>\n<li>Sz\u00f6gben \u00e1ll\u00f3 foganty\u00fak a nagyobb er\u0151 \u00e9s k\u00e9nyelem \u00e9rdek\u00e9ben.<\/li>\n<li>\u00d6nszintez\u0151 henger a t\u00e9rd terhel\u00e9s\u00e9nek cs\u00f6kkent\u00e9se \u00e9rdek\u00e9ben.<\/li>\n<li>Hat boka p\u00e1rna be\u00e1ll\u00edt\u00e1si pont \u00e9s n\u00e9gy mozg\u00e1startom\u00e1ny be\u00e1ll\u00edt\u00e1s a felhaszn\u00e1l\u00f3k magass\u00e1g\u00e1nak megfelel\u0151en.<\/li>\n<\/ol>\n<p><strong>Developed parts:<\/strong><\/p>\n<ul>\n<li>Combhajl\u00edt\u00f3 izmok fejleszt\u00e9se \u00e9s er\u0151s\u00edt\u00e9se.<\/li>\n<\/ul>\n<p><strong>Note:<\/strong> The structure and design of the product may change without prior notice to improve safety and functionality.<\/p>","protected":false},"excerpt":{"rendered":"<p>Prone Leg Curl \u3163 RS-2408 Le\u00edr\u00e1s: A Hoist Prone Leg Curl g\u00e9p, az RS-2408 modell, a ROC-IT\u00ae sorozat r\u00e9sze, amely dinamikus mozg\u00e1sbe\u00e1ll\u00edt\u00e1st k\u00edn\u00e1l a felhaszn\u00e1l\u00f3k sz\u00e1m\u00e1ra. A ROX\u2122 technol\u00f3gia alkalmaz\u00e1s\u00e1val a felhaszn\u00e1l\u00f3 folyamatosan igazodik a g\u00e9p mozg\u00e1s\u00e1hoz, egyed\u00fcl\u00e1ll\u00f3 edz\u00e9si \u00e9lm\u00e9nyt ny\u00fajtva. Ez az eszk\u00f6z a funkcion\u00e1lis edz\u00e9s el\u0151nyeit k\u00edn\u00e1lja, mik\u00f6zben biztos\u00edtja a g\u00e9pi berendez\u00e9sek stabiliz\u00e1l\u00f3 [&hellip;]<\/p>\n","protected":false},"featured_media":4820,"template":"","meta":{"_acf_changed":false},"pwb-brand":[79,143],"product_brand":[],"product_cat":[182],"product_tag":[],"class_list":{"0":"post-3366","1":"product","2":"type-product","3":"status-publish","4":"has-post-thumbnail","6":"pwb-brand-hoist","7":"pwb-brand-roc-it-selectorized","8":"product_cat-fitness-gepek","10":"first","11":"instock","12":"shipping-taxable","13":"purchasable","14":"product-type-simple"},"acf":[],"brands":[{"id":79,"name":"Hoist","slug":"hoist"},{"id":143,"name":"ROC-IT Selectorized","slug":"roc-it-selectorized"}],"_links":{"self":[{"href":"https:\/\/gymmakers.hu\/en\/wp-json\/wp\/v2\/product\/3366","targetHints":{"allow":["GET"]}}],"collection":[{"href":"https:\/\/gymmakers.hu\/en\/wp-json\/wp\/v2\/product"}],"about":[{"href":"https:\/\/gymmakers.hu\/en\/wp-json\/wp\/v2\/types\/product"}],"wp:featuredmedia":[{"embeddable":true,"href":"https:\/\/gymmakers.hu\/en\/wp-json\/wp\/v2\/media\/4820"}],"wp:attachment":[{"href":"https:\/\/gymmakers.hu\/en\/wp-json\/wp\/v2\/media?parent=3366"}],"wp:term":[{"taxonomy":"pwb-brand","embeddable":true,"href":"https:\/\/gymmakers.hu\/en\/wp-json\/wp\/v2\/pwb-brand?post=3366"},{"taxonomy":"product_brand","embeddable":true,"href":"https:\/\/gymmakers.hu\/en\/wp-json\/wp\/v2\/product_brand?post=3366"},{"taxonomy":"product_cat","embeddable":true,"href":"https:\/\/gymmakers.hu\/en\/wp-json\/wp\/v2\/product_cat?post=3366"},{"taxonomy":"product_tag","embeddable":true,"href":"https:\/\/gymmakers.hu\/en\/wp-json\/wp\/v2\/product_tag?post=3366"}],"curies":[{"name":"wp","href":"https:\/\/api.w.org\/{rel}","templated":true}]}}