{"id":2933,"date":"2024-05-28T15:52:20","date_gmt":"2024-05-28T13:52:20","guid":{"rendered":"https:\/\/gymmakers.hu\/?post_type=product&#038;p=2933"},"modified":"2024-06-03T13:50:41","modified_gmt":"2024-06-03T11:50:41","slug":"viking-press","status":"publish","type":"product","link":"https:\/\/gymmakers.hu\/en\/termek\/viking-press\/","title":{"rendered":"Viking press"},"content":{"rendered":"<div class=\"flex flex-grow flex-col max-w-full\">\n<div class=\"min-h-[20px] text-message flex flex-col items-start whitespace-pre-wrap break-words [.text-message+&amp;]:mt-5 juice:w-full juice:items-end overflow-x-auto gap-2\" dir=\"auto\" data-message-author-role=\"assistant\" data-message-id=\"a90ebc4f-c513-4f30-b614-a5be894b8095\">\n<div class=\"flex w-full flex-col gap-1 juice:empty:hidden juice:first:pt-[3px]\">\n<div class=\"markdown prose w-full break-words dark:prose-invert light\">\n<p>Az Atlantis Strength PW549 Ground-Based Shoulder Press g\u00e9p a v\u00e1llizmok hat\u00e9kony \u00e9s k\u00e9nyelmes edz\u00e9s\u00e9hez k\u00e9sz\u00fclt. A Power sorozat r\u00e9szek\u00e9nt ez a g\u00e9p pr\u00e9mium anyagokb\u00f3l k\u00e9sz\u00fclt \u00e9s innovat\u00edv kialak\u00edt\u00e1ssal biztos\u00edtja a tart\u00f3ss\u00e1got \u00e9s a maxim\u00e1lis teljes\u00edtm\u00e9nyt.<\/p>\n<p><strong>Term\u00e9kle\u00edr\u00e1s:<\/strong><\/p>\n<p>Az Atlantis Strength PW549 Ground-Based Shoulder Press g\u00e9p f\u00fcggetlen karos \u00e9s egyoldal\u00fa mozg\u00e1st biztos\u00edt, amely lehet\u0151v\u00e9 teszi az egyens\u00faly \u00e9s az izom szimmetria fejleszt\u00e9s\u00e9t. A sz\u00f6gben elhelyezett foganty\u00fak ergonomikus \u00e9s k\u00e9nyelmes fog\u00e1st biztos\u00edtanak, ami jav\u00edtja az edz\u00e9s\u00e9lm\u00e9nyt. A g\u00e9p standard pegekkel rendelkezik az ellen\u00e1ll\u00e1si szalagok sz\u00e1m\u00e1ra, \u00edgy tov\u00e1bbi ellen\u00e1ll\u00e1si lehet\u0151s\u00e9geket k\u00edn\u00e1l.<\/p>\n<p>Az \u00e1ll\u00edthat\u00f3 l\u00e1bak lehet\u0151v\u00e9 teszik, hogy a g\u00e9p b\u00e1rmilyen fel\u00fcleten megfelel\u0151en legyen szintezve, biztos\u00edtva a stabilit\u00e1st \u00e9s a biztons\u00e1got. A szabv\u00e1nyos s\u00falyt\u00e1rol\u00f3 t\u00fcsk\u00e9k megsz\u00fcntetik a k\u00fcl\u00f6n\u00e1ll\u00f3 s\u00falyt\u00e1rol\u00f3k sz\u00fcks\u00e9gess\u00e9g\u00e9t, \u00edgy az edz\u0151terem rendezetten tarthat\u00f3. A g\u00e9p pr\u00e9mium k\u00e9t t\u00f3nus\u00fa fest\u00e9ssel is el\u00e9rhet\u0151, ami eszt\u00e9tikus megjelen\u00e9st biztos\u00edt.<\/p>\n<p><strong>Jellemz\u0151k:<\/strong><\/p>\n<ul>\n<li>F\u00fcggetlen karos \u00e9s egyoldal\u00fa mozg\u00e1s az egyens\u00faly \u00e9s izom szimmetria fejleszt\u00e9s\u00e9hez.<\/li>\n<li>Sz\u00f6gben elhelyezett foganty\u00fak az ergonomikus \u00e9s k\u00e9nyelmes fog\u00e1s\u00e9rt.<\/li>\n<li>Standard pegek az ellen\u00e1ll\u00e1si szalagok sz\u00e1m\u00e1ra.<\/li>\n<li>\u00c1ll\u00edthat\u00f3 l\u00e1bak a megfelel\u0151 szintez\u00e9shez b\u00e1rmilyen fel\u00fcleten.<\/li>\n<li>Szabv\u00e1nyos s\u00falyt\u00e1rol\u00f3 t\u00fcsk\u00e9k a rendezetts\u00e9g \u00e9rdek\u00e9ben.<\/li>\n<li>Pr\u00e9mium k\u00e9t t\u00f3nus\u00fa fest\u00e9s az eszt\u00e9tikus megjelen\u00e9s\u00e9rt.<\/li>\n<\/ul>\n<p><strong>M\u00e9retek:<\/strong><\/p>\n<ul>\n<li>Sz\u00e9less\u00e9g: 130 cm (51 inches)<\/li>\n<li>Magass\u00e1g: 160 cm (63 inches)<\/li>\n<li>Hossz\u00fas\u00e1g: 157 cm (62 inches)<\/li>\n<li>S\u00faly: 125 kg (275 lbs)<\/li>\n<li>Kezd\u0151 ellen\u00e1ll\u00e1s: 7 kg (15 lbs)<\/li>\n<\/ul>\n<p>Az Atlantis Strength PW549 Ground-Based Shoulder Press g\u00e9p minden r\u00e9szlete gondosan megtervezett, hogy a felhaszn\u00e1l\u00f3k a legjobb edz\u00e9s\u00e9lm\u00e9nyt kapj\u00e1k. Fedezd fel a v\u00e1llizmaid edz\u00e9s\u00e9nek \u00faj szintj\u00e9t ezzel a pr\u00e9mium min\u0151s\u00e9g\u0171 g\u00e9ppel!<\/p>\n<\/div>\n<\/div>\n<\/div>\n<\/div>\n<div class=\"mt-1 flex gap-3 empty:hidden juice:-ml-3\">\n<div class=\"items-center justify-start rounded-xl p-1 flex\">\n<div class=\"flex items-center\">\n<div class=\"flex items-center pb-0.5 juice:pb-0\">\n<div class=\"[&amp;_svg]:h-full [&amp;_svg]:w-full icon-md h-4 w-4\"><\/div>\n<\/div>\n<\/div>\n<\/div>\n<\/div>\n","protected":false},"excerpt":{"rendered":"<div class=\"flex flex-grow flex-col max-w-full\">\n<div class=\"min-h-[20px] text-message flex flex-col items-start whitespace-pre-wrap break-words [.text-message+&amp;]:mt-5 juice:w-full juice:items-end overflow-x-auto gap-2\" dir=\"auto\" data-message-author-role=\"assistant\" data-message-id=\"a90ebc4f-c513-4f30-b614-a5be894b8095\">\n<div class=\"flex w-full flex-col gap-1 juice:empty:hidden juice:first:pt-[3px]\">\n<div class=\"markdown prose w-full break-words dark:prose-invert light\">\n<p>Az Atlantis Strength PW549 Ground-Based Shoulder Press g\u00e9p a v\u00e1llizmok hat\u00e9kony \u00e9s k\u00e9nyelmes edz\u00e9s\u00e9hez k\u00e9sz\u00fclt. A Power sorozat r\u00e9szek\u00e9nt ez a g\u00e9p pr\u00e9mium anyagokb\u00f3l k\u00e9sz\u00fclt \u00e9s innovat\u00edv kialak\u00edt\u00e1ssal biztos\u00edtja a tart\u00f3ss\u00e1got \u00e9s a maxim\u00e1lis teljes\u00edtm\u00e9nyt.<\/p>\n<p><strong>Term\u00e9kle\u00edr\u00e1s:<\/strong><\/p>\n<p>Az Atlantis Strength PW549 Ground-Based Shoulder Press g\u00e9p f\u00fcggetlen karos \u00e9s egyoldal\u00fa mozg\u00e1st biztos\u00edt, amely lehet\u0151v\u00e9 teszi az egyens\u00faly \u00e9s az izom szimmetria fejleszt\u00e9s\u00e9t. A sz\u00f6gben elhelyezett foganty\u00fak ergonomikus \u00e9s k\u00e9nyelmes fog\u00e1st biztos\u00edtanak, ami jav\u00edtja az edz\u00e9s\u00e9lm\u00e9nyt. A g\u00e9p standard pegekkel rendelkezik az ellen\u00e1ll\u00e1si szalagok sz\u00e1m\u00e1ra, \u00edgy tov\u00e1bbi ellen\u00e1ll\u00e1si lehet\u0151s\u00e9geket k\u00edn\u00e1l.<\/p>\n<p>Az \u00e1ll\u00edthat\u00f3 l\u00e1bak lehet\u0151v\u00e9 teszik, hogy a g\u00e9p b\u00e1rmilyen fel\u00fcleten megfelel\u0151en legyen szintezve, biztos\u00edtva a stabilit\u00e1st \u00e9s a biztons\u00e1got. A szabv\u00e1nyos s\u00falyt\u00e1rol\u00f3 t\u00fcsk\u00e9k megsz\u00fcntetik a k\u00fcl\u00f6n\u00e1ll\u00f3 s\u00falyt\u00e1rol\u00f3k sz\u00fcks\u00e9gess\u00e9g\u00e9t, \u00edgy az edz\u0151terem rendezetten tarthat\u00f3. A g\u00e9p pr\u00e9mium k\u00e9t t\u00f3nus\u00fa fest\u00e9ssel is el\u00e9rhet\u0151, ami eszt\u00e9tikus megjelen\u00e9st biztos\u00edt.<\/p>\n<p><strong>Jellemz\u0151k:<\/strong><\/p>\n<ul>\n<li>F\u00fcggetlen karos \u00e9s egyoldal\u00fa mozg\u00e1s az egyens\u00faly \u00e9s izom szimmetria fejleszt\u00e9s\u00e9hez.<\/li>\n<li>Sz\u00f6gben elhelyezett foganty\u00fak az ergonomikus \u00e9s k\u00e9nyelmes fog\u00e1s\u00e9rt.<\/li>\n<li>Standard pegek az ellen\u00e1ll\u00e1si szalagok sz\u00e1m\u00e1ra.<\/li>\n<li>\u00c1ll\u00edthat\u00f3 l\u00e1bak a megfelel\u0151 szintez\u00e9shez b\u00e1rmilyen fel\u00fcleten.<\/li>\n<li>Szabv\u00e1nyos s\u00falyt\u00e1rol\u00f3 t\u00fcsk\u00e9k a rendezetts\u00e9g \u00e9rdek\u00e9ben.<\/li>\n<li>Pr\u00e9mium k\u00e9t t\u00f3nus\u00fa fest\u00e9s az eszt\u00e9tikus megjelen\u00e9s\u00e9rt.<\/li>\n<\/ul>\n<p><strong>M\u00e9retek:<\/strong><\/p>\n<ul>\n<li>Sz\u00e9less\u00e9g: 130 cm (51 inches)<\/li>\n<li>Magass\u00e1g: 160 cm (63 inches)<\/li>\n<li>Hossz\u00fas\u00e1g: 157 cm (62 inches)<\/li>\n<li>S\u00faly: 125 kg (275 lbs)<\/li>\n<li>Kezd\u0151 ellen\u00e1ll\u00e1s: 7 kg (15 lbs)<\/li>\n<\/ul>\n<p>Az Atlantis Strength PW549 Ground-Based Shoulder Press g\u00e9p minden r\u00e9szlete gondosan megtervezett, hogy a felhaszn\u00e1l\u00f3k a legjobb edz\u00e9s\u00e9lm\u00e9nyt kapj\u00e1k. Fedezd fel a v\u00e1llizmaid edz\u00e9s\u00e9nek \u00faj szintj\u00e9t ezzel a pr\u00e9mium min\u0151s\u00e9g\u0171 g\u00e9ppel!<\/p>\n<\/div>\n<\/div>\n<\/div>\n<\/div>\n<div class=\"mt-1 flex gap-3 empty:hidden juice:-ml-3\">\n<div class=\"items-center justify-start rounded-xl p-1 flex\">\n<div class=\"flex items-center\"><button class=\"rounded-lg text-token-text-secondary hover:bg-token-main-surface-secondary\"><\/button><button class=\"rounded-lg text-token-text-secondary hover:bg-token-main-surface-secondary\"><\/button><button class=\"rounded-lg text-token-text-secondary hover:bg-token-main-surface-secondary\"><\/button><\/p>\n<div class=\"flex\"><\/div>\n<div class=\"flex items-center pb-0.5 juice:pb-0\">\n<div class=\"[&amp;_svg]:h-full [&amp;_svg]:w-full icon-md h-4 w-4\"><\/div>\n<\/div>\n<\/div>\n<\/div>\n<\/div>\n","protected":false},"featured_media":2934,"template":"","meta":{"_acf_changed":false},"pwb-brand":[80,275],"product_brand":[],"product_cat":[182],"product_tag":[],"class_list":{"0":"post-2933","1":"product","2":"type-product","3":"status-publish","4":"has-post-thumbnail","6":"pwb-brand-atlantis","7":"pwb-brand-plate-loaded-machines","8":"product_cat-fitness-gepek","10":"first","11":"instock","12":"shipping-taxable","13":"purchasable","14":"product-type-simple"},"acf":[],"brands":[{"id":80,"name":"Atlantis","slug":"atlantis"},{"id":275,"name":"Plate Loaded Machines","slug":"plate-loaded-machines"}],"_links":{"self":[{"href":"https:\/\/gymmakers.hu\/en\/wp-json\/wp\/v2\/product\/2933","targetHints":{"allow":["GET"]}}],"collection":[{"href":"https:\/\/gymmakers.hu\/en\/wp-json\/wp\/v2\/product"}],"about":[{"href":"https:\/\/gymmakers.hu\/en\/wp-json\/wp\/v2\/types\/product"}],"wp:featuredmedia":[{"embeddable":true,"href":"https:\/\/gymmakers.hu\/en\/wp-json\/wp\/v2\/media\/2934"}],"wp:attachment":[{"href":"https:\/\/gymmakers.hu\/en\/wp-json\/wp\/v2\/media?parent=2933"}],"wp:term":[{"taxonomy":"pwb-brand","embeddable":true,"href":"https:\/\/gymmakers.hu\/en\/wp-json\/wp\/v2\/pwb-brand?post=2933"},{"taxonomy":"product_brand","embeddable":true,"href":"https:\/\/gymmakers.hu\/en\/wp-json\/wp\/v2\/product_brand?post=2933"},{"taxonomy":"product_cat","embeddable":true,"href":"https:\/\/gymmakers.hu\/en\/wp-json\/wp\/v2\/product_cat?post=2933"},{"taxonomy":"product_tag","embeddable":true,"href":"https:\/\/gymmakers.hu\/en\/wp-json\/wp\/v2\/product_tag?post=2933"}],"curies":[{"name":"wp","href":"https:\/\/api.w.org\/{rel}","templated":true}]}}