{"id":2919,"date":"2024-05-28T15:44:56","date_gmt":"2024-05-28T13:44:56","guid":{"rendered":"https:\/\/gymmakers.hu\/?post_type=product&#038;p=2919"},"modified":"2024-06-03T13:50:41","modified_gmt":"2024-06-03T11:50:41","slug":"front-pulldown","status":"publish","type":"product","link":"https:\/\/gymmakers.hu\/en\/termek\/front-pulldown\/","title":{"rendered":"Front pulldown"},"content":{"rendered":"<div class=\"flex flex-grow flex-col max-w-full\">\n<div class=\"min-h-[20px] text-message flex flex-col items-start whitespace-pre-wrap break-words [.text-message+&amp;]:mt-5 juice:w-full juice:items-end overflow-x-auto gap-2\" dir=\"auto\" data-message-author-role=\"assistant\" data-message-id=\"6da40205-1787-4119-8b9b-5ff8f07af4f2\">\n<div class=\"flex w-full flex-col gap-1 juice:empty:hidden juice:first:pt-[3px]\">\n<div class=\"markdown prose w-full break-words dark:prose-invert light\">\n<p>Az Atlantis Strength PW423 Front Pulldown g\u00e9p a h\u00e1tizmok hat\u00e9kony \u00e9s k\u00e9nyelmes edz\u00e9s\u00e9hez k\u00e9sz\u00fclt. A Power sorozat r\u00e9szek\u00e9nt ez a g\u00e9p pr\u00e9mium anyagokb\u00f3l k\u00e9sz\u00fclt \u00e9s innovat\u00edv kialak\u00edt\u00e1ssal biztos\u00edtja a tart\u00f3ss\u00e1got \u00e9s a maxim\u00e1lis teljes\u00edtm\u00e9nyt.<\/p>\n<p><strong>Term\u00e9kle\u00edr\u00e1s:<\/strong><\/p>\n<p>Az Atlantis Strength PW423 Front Pulldown g\u00e9p h\u00e1romf\u00e9le k\u00e9zfog\u00e1si lehet\u0151s\u00e9ggel rendelkezik, hogy k\u00fcl\u00f6nb\u00f6z\u0151 felhaszn\u00e1l\u00f3i profilokhoz \u00e9s preferenci\u00e1khoz igazodjon. Az \u00f6n\u00e1ll\u00f3 karos kialak\u00edt\u00e1s el\u0151seg\u00edti az izmok izol\u00e1ci\u00f3j\u00e1t, \u00edgy minden gyakorlat c\u00e9lzott \u00e9s hat\u00e9kony lesz. A k\u00f6zponti foganty\u00fa tov\u00e1bbi stabilit\u00e1st biztos\u00edt, k\u00fcl\u00f6n\u00f6sen az egykaros evez\u00e9sek sor\u00e1n.<\/p>\n<p>Az \u00e1ll\u00edthat\u00f3 combp\u00e1rn\u00e1k \u00e9s a sokkcsillap\u00edt\u00f3val ell\u00e1tott \u00fcl\u00e9s sim\u00e1bb magass\u00e1g\u00e1ll\u00edt\u00e1st biztos\u00edtanak, n\u00f6velve a k\u00e9nyelmet \u00e9s a stabiliz\u00e1ci\u00f3t edz\u00e9s k\u00f6zben. A gumil\u00e1bak \u00e9s az \u00e1ll\u00edthat\u00f3 l\u00e1bak extra stabilit\u00e1st ny\u00fajtanak, lehet\u0151v\u00e9 t\u00e9ve a g\u00e9p haszn\u00e1lat\u00e1t b\u00e1rmilyen fel\u00fcleten. A szabv\u00e1nyos s\u00falyt\u00e1rol\u00f3 t\u00fcsk\u00e9k rendezetten tartj\u00e1k a s\u00falyokat, \u00e9s megsz\u00fcntetik a k\u00fcl\u00f6n\u00e1ll\u00f3 s\u00falyt\u00e1rol\u00f3k sz\u00fcks\u00e9gess\u00e9g\u00e9t.<\/p>\n<p><strong>Jellemz\u0151k:<\/strong><\/p>\n<ul>\n<li>H\u00e1romf\u00e9le k\u00e9zfog\u00e1si lehet\u0151s\u00e9g k\u00fcl\u00f6nb\u00f6z\u0151 felhaszn\u00e1l\u00f3i profilokhoz \u00e9s preferenci\u00e1khoz.<\/li>\n<li>\u00d6n\u00e1ll\u00f3 karos kialak\u00edt\u00e1s az izmok izol\u00e1ci\u00f3j\u00e1hoz.<\/li>\n<li>K\u00f6zponti foganty\u00fa a tov\u00e1bbi stabilit\u00e1s\u00e9rt egykaros evez\u00e9sek sor\u00e1n.<\/li>\n<li>\u00c1ll\u00edthat\u00f3 combp\u00e1rn\u00e1k a k\u00e9nyelmes \u00e9s stabil edz\u00e9shez.<\/li>\n<li>Sokkcsillap\u00edt\u00f3val ell\u00e1tott \u00fcl\u00e9s a sim\u00e1bb magass\u00e1g\u00e1ll\u00edt\u00e1shoz.<\/li>\n<li>Gumil\u00e1bak az extra stabilit\u00e1s\u00e9rt.<\/li>\n<li>\u00c1ll\u00edthat\u00f3 l\u00e1bak a szintez\u00e9shez b\u00e1rmilyen fel\u00fcleten.<\/li>\n<li>Szabv\u00e1nyos s\u00falyt\u00e1rol\u00f3 t\u00fcsk\u00e9k a rendezetts\u00e9g \u00e9s a biztons\u00e1g \u00e9rdek\u00e9ben.<\/li>\n<\/ul>\n<p><strong>M\u00e9retek:<\/strong><\/p>\n<ul>\n<li>Sz\u00e9less\u00e9g: 112 cm (44 inches)<\/li>\n<li>Magass\u00e1g: 208 cm (82 inches)<\/li>\n<li>Hossz\u00fas\u00e1g: 188 cm (74 inches)<\/li>\n<li>S\u00faly: 149 kg (329 lbs)<\/li>\n<\/ul>\n<p>Az Atlantis Strength PW423 Front Pulldown g\u00e9p minden r\u00e9szlete gondosan megtervezett, hogy a felhaszn\u00e1l\u00f3k a legjobb edz\u00e9s\u00e9lm\u00e9nyt kapj\u00e1k. Fedezd fel a h\u00e1tizmaid edz\u00e9s\u00e9nek \u00faj szintj\u00e9t ezzel a pr\u00e9mium min\u0151s\u00e9g\u0171 g\u00e9ppel!<\/p>\n<\/div>\n<\/div>\n<\/div>\n<\/div>\n<div class=\"mt-1 flex gap-3 empty:hidden juice:-ml-3\">\n<div class=\"items-center justify-start rounded-xl p-1 flex\">\n<div class=\"flex items-center\"><button class=\"rounded-lg text-token-text-secondary hover:bg-token-main-surface-secondary\">\u00a0<\/button><\/div>\n<\/div>\n<\/div>\n","protected":false},"excerpt":{"rendered":"<div class=\"flex flex-grow flex-col max-w-full\">\n<div class=\"min-h-[20px] text-message flex flex-col items-start whitespace-pre-wrap break-words [.text-message+&amp;]:mt-5 juice:w-full juice:items-end overflow-x-auto gap-2\" dir=\"auto\" data-message-author-role=\"assistant\" data-message-id=\"6da40205-1787-4119-8b9b-5ff8f07af4f2\">\n<div class=\"flex w-full flex-col gap-1 juice:empty:hidden juice:first:pt-[3px]\">\n<div class=\"markdown prose w-full break-words dark:prose-invert light\">\n<p>Az Atlantis Strength PW423 Front Pulldown g\u00e9p a h\u00e1tizmok hat\u00e9kony \u00e9s k\u00e9nyelmes edz\u00e9s\u00e9hez k\u00e9sz\u00fclt. A Power sorozat r\u00e9szek\u00e9nt ez a g\u00e9p pr\u00e9mium anyagokb\u00f3l k\u00e9sz\u00fclt \u00e9s innovat\u00edv kialak\u00edt\u00e1ssal biztos\u00edtja a tart\u00f3ss\u00e1got \u00e9s a maxim\u00e1lis teljes\u00edtm\u00e9nyt.<\/p>\n<p><strong>Term\u00e9kle\u00edr\u00e1s:<\/strong><\/p>\n<p>Az Atlantis Strength PW423 Front Pulldown g\u00e9p h\u00e1romf\u00e9le k\u00e9zfog\u00e1si lehet\u0151s\u00e9ggel rendelkezik, hogy k\u00fcl\u00f6nb\u00f6z\u0151 felhaszn\u00e1l\u00f3i profilokhoz \u00e9s preferenci\u00e1khoz igazodjon. Az \u00f6n\u00e1ll\u00f3 karos kialak\u00edt\u00e1s el\u0151seg\u00edti az izmok izol\u00e1ci\u00f3j\u00e1t, \u00edgy minden gyakorlat c\u00e9lzott \u00e9s hat\u00e9kony lesz. A k\u00f6zponti foganty\u00fa tov\u00e1bbi stabilit\u00e1st biztos\u00edt, k\u00fcl\u00f6n\u00f6sen az egykaros evez\u00e9sek sor\u00e1n.<\/p>\n<p>Az \u00e1ll\u00edthat\u00f3 combp\u00e1rn\u00e1k \u00e9s a sokkcsillap\u00edt\u00f3val ell\u00e1tott \u00fcl\u00e9s sim\u00e1bb magass\u00e1g\u00e1ll\u00edt\u00e1st biztos\u00edtanak, n\u00f6velve a k\u00e9nyelmet \u00e9s a stabiliz\u00e1ci\u00f3t edz\u00e9s k\u00f6zben. A gumil\u00e1bak \u00e9s az \u00e1ll\u00edthat\u00f3 l\u00e1bak extra stabilit\u00e1st ny\u00fajtanak, lehet\u0151v\u00e9 t\u00e9ve a g\u00e9p haszn\u00e1lat\u00e1t b\u00e1rmilyen fel\u00fcleten. A szabv\u00e1nyos s\u00falyt\u00e1rol\u00f3 t\u00fcsk\u00e9k rendezetten tartj\u00e1k a s\u00falyokat, \u00e9s megsz\u00fcntetik a k\u00fcl\u00f6n\u00e1ll\u00f3 s\u00falyt\u00e1rol\u00f3k sz\u00fcks\u00e9gess\u00e9g\u00e9t.<\/p>\n<p><strong>Jellemz\u0151k:<\/strong><\/p>\n<ul>\n<li>H\u00e1romf\u00e9le k\u00e9zfog\u00e1si lehet\u0151s\u00e9g k\u00fcl\u00f6nb\u00f6z\u0151 felhaszn\u00e1l\u00f3i profilokhoz \u00e9s preferenci\u00e1khoz.<\/li>\n<li>\u00d6n\u00e1ll\u00f3 karos kialak\u00edt\u00e1s az izmok izol\u00e1ci\u00f3j\u00e1hoz.<\/li>\n<li>K\u00f6zponti foganty\u00fa a tov\u00e1bbi stabilit\u00e1s\u00e9rt egykaros evez\u00e9sek sor\u00e1n.<\/li>\n<li>\u00c1ll\u00edthat\u00f3 combp\u00e1rn\u00e1k a k\u00e9nyelmes \u00e9s stabil edz\u00e9shez.<\/li>\n<li>Sokkcsillap\u00edt\u00f3val ell\u00e1tott \u00fcl\u00e9s a sim\u00e1bb magass\u00e1g\u00e1ll\u00edt\u00e1shoz.<\/li>\n<li>Gumil\u00e1bak az extra stabilit\u00e1s\u00e9rt.<\/li>\n<li>\u00c1ll\u00edthat\u00f3 l\u00e1bak a szintez\u00e9shez b\u00e1rmilyen fel\u00fcleten.<\/li>\n<li>Szabv\u00e1nyos s\u00falyt\u00e1rol\u00f3 t\u00fcsk\u00e9k a rendezetts\u00e9g \u00e9s a biztons\u00e1g \u00e9rdek\u00e9ben.<\/li>\n<\/ul>\n<p><strong>M\u00e9retek:<\/strong><\/p>\n<ul>\n<li>Sz\u00e9less\u00e9g: 112 cm (44 inches)<\/li>\n<li>Magass\u00e1g: 208 cm (82 inches)<\/li>\n<li>Hossz\u00fas\u00e1g: 188 cm (74 inches)<\/li>\n<li>S\u00faly: 149 kg (329 lbs)<\/li>\n<\/ul>\n<p>Az Atlantis Strength PW423 Front Pulldown g\u00e9p minden r\u00e9szlete gondosan megtervezett, hogy a felhaszn\u00e1l\u00f3k a legjobb edz\u00e9s\u00e9lm\u00e9nyt kapj\u00e1k. Fedezd fel a h\u00e1tizmaid edz\u00e9s\u00e9nek \u00faj szintj\u00e9t ezzel a pr\u00e9mium min\u0151s\u00e9g\u0171 g\u00e9ppel!<\/p>\n<\/div>\n<\/div>\n<\/div>\n<\/div>\n<div class=\"mt-1 flex gap-3 empty:hidden juice:-ml-3\">\n<div class=\"items-center justify-start rounded-xl p-1 flex\">\n<div class=\"flex items-center\"><button class=\"rounded-lg text-token-text-secondary hover:bg-token-main-surface-secondary\"><\/button><button class=\"rounded-lg text-token-text-secondary hover:bg-token-main-surface-secondary\"><\/button><button class=\"rounded-lg text-token-text-secondary hover:bg-token-main-surface-secondary\"><\/button><\/p>\n<div class=\"flex\"><\/div>\n<div class=\"flex items-center pb-0.5 juice:pb-0\">\n<div class=\"[&amp;_svg]:h-full [&amp;_svg]:w-full icon-md h-4 w-4\"><\/div>\n<\/div>\n<\/div>\n<\/div>\n<\/div>\n","protected":false},"featured_media":2920,"template":"","meta":{"_acf_changed":false},"pwb-brand":[80,275],"product_brand":[],"product_cat":[182],"product_tag":[],"class_list":{"0":"post-2919","1":"product","2":"type-product","3":"status-publish","4":"has-post-thumbnail","6":"pwb-brand-atlantis","7":"pwb-brand-plate-loaded-machines","8":"product_cat-fitness-gepek","10":"first","11":"instock","12":"shipping-taxable","13":"purchasable","14":"product-type-simple"},"acf":[],"brands":[{"id":80,"name":"Atlantis","slug":"atlantis"},{"id":275,"name":"Plate Loaded Machines","slug":"plate-loaded-machines"}],"_links":{"self":[{"href":"https:\/\/gymmakers.hu\/en\/wp-json\/wp\/v2\/product\/2919","targetHints":{"allow":["GET"]}}],"collection":[{"href":"https:\/\/gymmakers.hu\/en\/wp-json\/wp\/v2\/product"}],"about":[{"href":"https:\/\/gymmakers.hu\/en\/wp-json\/wp\/v2\/types\/product"}],"wp:featuredmedia":[{"embeddable":true,"href":"https:\/\/gymmakers.hu\/en\/wp-json\/wp\/v2\/media\/2920"}],"wp:attachment":[{"href":"https:\/\/gymmakers.hu\/en\/wp-json\/wp\/v2\/media?parent=2919"}],"wp:term":[{"taxonomy":"pwb-brand","embeddable":true,"href":"https:\/\/gymmakers.hu\/en\/wp-json\/wp\/v2\/pwb-brand?post=2919"},{"taxonomy":"product_brand","embeddable":true,"href":"https:\/\/gymmakers.hu\/en\/wp-json\/wp\/v2\/product_brand?post=2919"},{"taxonomy":"product_cat","embeddable":true,"href":"https:\/\/gymmakers.hu\/en\/wp-json\/wp\/v2\/product_cat?post=2919"},{"taxonomy":"product_tag","embeddable":true,"href":"https:\/\/gymmakers.hu\/en\/wp-json\/wp\/v2\/product_tag?post=2919"}],"curies":[{"name":"wp","href":"https:\/\/api.w.org\/{rel}","templated":true}]}}