{"id":2856,"date":"2024-05-28T15:15:43","date_gmt":"2024-05-28T13:15:43","guid":{"rendered":"https:\/\/gymmakers.hu\/?post_type=product&#038;p=2856"},"modified":"2024-06-03T13:50:42","modified_gmt":"2024-06-03T11:50:42","slug":"power-squat","status":"publish","type":"product","link":"https:\/\/gymmakers.hu\/en\/termek\/power-squat\/","title":{"rendered":"Power squat"},"content":{"rendered":"<div class=\"flex flex-grow flex-col max-w-full\">\n<div class=\"min-h-[20px] text-message flex flex-col items-start whitespace-pre-wrap break-words [.text-message+&amp;]:mt-5 juice:w-full juice:items-end overflow-x-auto gap-2\" dir=\"auto\" data-message-author-role=\"assistant\" data-message-id=\"d5358861-785d-4824-8180-5cfa6a10d387\">\n<div class=\"flex w-full flex-col gap-1 juice:empty:hidden juice:first:pt-[3px]\">\n<div class=\"markdown prose w-full break-words dark:prose-invert light\">\n<p>Az Atlantis Strength C111 Power Squat g\u00e9p egy sokoldal\u00fa \u00e9s hat\u00e9kony eszk\u00f6z a l\u00e1bizmok edz\u00e9s\u00e9hez. A Power sorozat r\u00e9szek\u00e9nt ez a g\u00e9p pr\u00e9mium anyagokb\u00f3l k\u00e9sz\u00fclt, \u00e9s innovat\u00edv kialak\u00edt\u00e1ssal biztos\u00edtja a tart\u00f3ss\u00e1got \u00e9s a maxim\u00e1lis teljes\u00edtm\u00e9nyt.<\/p>\n<p><strong>Term\u00e9kle\u00edr\u00e1s:<\/strong><\/p>\n<p>Az Atlantis Strength C111 Power Squat g\u00e9p kett\u0151s funkci\u00f3j\u00fa kialak\u00edt\u00e1ssal rendelkezik, amely lehet\u0151v\u00e9 teszi a hagyom\u00e1nyos guggol\u00e1st a g\u00e9p fel\u00e9 n\u00e9zve vagy az el\u0151l guggol\u00e1st a g\u00e9pnek h\u00e1ttal. A rug\u00f3s seg\u00edts\u00e9g\u0171 kiold\u00f3kar automatikusan kikapcsol, amikor a felhaszn\u00e1l\u00f3 elkezdi a gyakorlatot, biztos\u00edtva a z\u00f6kken\u0151mentes \u00e1tmenetet \u00e9s a biztons\u00e1got.<\/p>\n<p>Az ellens\u00falyozott kialak\u00edt\u00e1s alacsony kezd\u0151 ellen\u00e1ll\u00e1st ny\u00fajt, \u00edgy ide\u00e1lis kezd\u0151k \u00e9s rehabilit\u00e1ci\u00f3 alatt \u00e1ll\u00f3 sportol\u00f3k sz\u00e1m\u00e1ra is. A gum\u00edrozott l\u00e1bt\u00e1maszok nagy fel\u00fclet\u0171ek, ami jav\u00edtja a tapad\u00e1st, n\u00f6veli a biztons\u00e1got \u00e9s a teljes\u00edtm\u00e9nyt. A v\u00e1ltoz\u00f3 ellen\u00e1ll\u00e1si tervez\u00e9s optim\u00e1lis er\u0151g\u00f6rb\u00e9t biztos\u00edt, m\u00edg a szabv\u00e1nyos s\u00falyt\u00e1rol\u00f3 t\u00fcsk\u00e9k megsz\u00fcntetik a k\u00fcl\u00f6n\u00e1ll\u00f3 s\u00falyt\u00e1rol\u00f3k sz\u00fcks\u00e9gess\u00e9g\u00e9t.<\/p>\n<p><strong>Jellemz\u0151k:<\/strong><\/p>\n<ul>\n<li>Kett\u0151s funkci\u00f3: hagyom\u00e1nyos guggol\u00e1s \u00e9s el\u0151l guggol\u00e1s.<\/li>\n<li>Rug\u00f3s seg\u00edts\u00e9g\u0171 kiold\u00f3kar, amely automatikusan kikapcsol az edz\u00e9s megkezd\u00e9sekor.<\/li>\n<li>Ellens\u00falyozott kialak\u00edt\u00e1s az alacsony kezd\u0151 ellen\u00e1ll\u00e1s\u00e9rt.<\/li>\n<li>Nagy fel\u00fclet\u0171 gum\u00edrozott l\u00e1bt\u00e1maszok a jobb tapad\u00e1s\u00e9rt \u00e9s biztons\u00e1g\u00e9rt.<\/li>\n<li>V\u00e1ltoz\u00f3 ellen\u00e1ll\u00e1si tervez\u00e9s az optim\u00e1lis er\u0151g\u00f6rb\u00e9\u00e9rt.<\/li>\n<li>Szabv\u00e1nyos s\u00falyt\u00e1rol\u00f3 t\u00fcsk\u00e9k a k\u00fcl\u00f6n\u00e1ll\u00f3 s\u00falyt\u00e1rol\u00f3k sz\u00fcks\u00e9gess\u00e9g\u00e9nek megsz\u00fcntet\u00e9s\u00e9\u00e9rt.<\/li>\n<\/ul>\n<p><strong>M\u00e9retek:<\/strong><\/p>\n<ul>\n<li>Sz\u00e9less\u00e9g: 127 cm (50 inches)<\/li>\n<li>Magass\u00e1g: 178 cm (70 inches)<\/li>\n<li>Hossz\u00fas\u00e1g: 213 cm (84 inches)<\/li>\n<li>S\u00faly: 186 kg (410 lbs)<\/li>\n<li>Kezd\u0151 ellen\u00e1ll\u00e1s: 16 kg (35 lbs)<\/li>\n<\/ul>\n<p>Az Atlantis Strength C111 Power Squat g\u00e9p minden r\u00e9szlete gondosan megtervezett, hogy a felhaszn\u00e1l\u00f3k a legjobb edz\u00e9s\u00e9lm\u00e9nyt kapj\u00e1k. Fedezd fel a l\u00e1bizmok edz\u00e9s\u00e9nek \u00faj szintj\u00e9t ezzel a pr\u00e9mium min\u0151s\u00e9g\u0171 g\u00e9ppel!<\/p>\n<\/div>\n<\/div>\n<\/div>\n<\/div>\n<div class=\"mt-1 flex gap-3 empty:hidden juice:-ml-3\">\n<div class=\"items-center justify-start rounded-xl p-1 flex\">\n<div class=\"flex items-center\"><button class=\"rounded-lg text-token-text-secondary hover:bg-token-main-surface-secondary\"><\/button><button class=\"rounded-lg text-token-text-secondary hover:bg-token-main-surface-secondary\"><\/button><button class=\"rounded-lg text-token-text-secondary hover:bg-token-main-surface-secondary\"><\/button><\/p>\n<div class=\"flex\"><\/div>\n<div class=\"flex items-center pb-0.5 juice:pb-0\">\n<div class=\"[&amp;_svg]:h-full [&amp;_svg]:w-full icon-md h-4 w-4\"><\/div>\n<\/div>\n<\/div>\n<\/div>\n<\/div>\n","protected":false},"excerpt":{"rendered":"<div class=\"flex flex-grow flex-col max-w-full\">\n<div class=\"min-h-[20px] text-message flex flex-col items-start whitespace-pre-wrap break-words [.text-message+&amp;]:mt-5 juice:w-full juice:items-end overflow-x-auto gap-2\" dir=\"auto\" data-message-author-role=\"assistant\" data-message-id=\"d5358861-785d-4824-8180-5cfa6a10d387\">\n<div class=\"flex w-full flex-col gap-1 juice:empty:hidden juice:first:pt-[3px]\">\n<div class=\"markdown prose w-full break-words dark:prose-invert light\">\n<p>Az Atlantis Strength C111 Power Squat g\u00e9p egy sokoldal\u00fa \u00e9s hat\u00e9kony eszk\u00f6z a l\u00e1bizmok edz\u00e9s\u00e9hez. A Power sorozat r\u00e9szek\u00e9nt ez a g\u00e9p pr\u00e9mium anyagokb\u00f3l k\u00e9sz\u00fclt, \u00e9s innovat\u00edv kialak\u00edt\u00e1ssal biztos\u00edtja a tart\u00f3ss\u00e1got \u00e9s a maxim\u00e1lis teljes\u00edtm\u00e9nyt.<\/p>\n<p><strong>Term\u00e9kle\u00edr\u00e1s:<\/strong><\/p>\n<p>Az Atlantis Strength C111 Power Squat g\u00e9p kett\u0151s funkci\u00f3j\u00fa kialak\u00edt\u00e1ssal rendelkezik, amely lehet\u0151v\u00e9 teszi a hagyom\u00e1nyos guggol\u00e1st a g\u00e9p fel\u00e9 n\u00e9zve vagy az el\u0151l guggol\u00e1st a g\u00e9pnek h\u00e1ttal. A rug\u00f3s seg\u00edts\u00e9g\u0171 kiold\u00f3kar automatikusan kikapcsol, amikor a felhaszn\u00e1l\u00f3 elkezdi a gyakorlatot, biztos\u00edtva a z\u00f6kken\u0151mentes \u00e1tmenetet \u00e9s a biztons\u00e1got.<\/p>\n<p>Az ellens\u00falyozott kialak\u00edt\u00e1s alacsony kezd\u0151 ellen\u00e1ll\u00e1st ny\u00fajt, \u00edgy ide\u00e1lis kezd\u0151k \u00e9s rehabilit\u00e1ci\u00f3 alatt \u00e1ll\u00f3 sportol\u00f3k sz\u00e1m\u00e1ra is. A gum\u00edrozott l\u00e1bt\u00e1maszok nagy fel\u00fclet\u0171ek, ami jav\u00edtja a tapad\u00e1st, n\u00f6veli a biztons\u00e1got \u00e9s a teljes\u00edtm\u00e9nyt. A v\u00e1ltoz\u00f3 ellen\u00e1ll\u00e1si tervez\u00e9s optim\u00e1lis er\u0151g\u00f6rb\u00e9t biztos\u00edt, m\u00edg a szabv\u00e1nyos s\u00falyt\u00e1rol\u00f3 t\u00fcsk\u00e9k megsz\u00fcntetik a k\u00fcl\u00f6n\u00e1ll\u00f3 s\u00falyt\u00e1rol\u00f3k sz\u00fcks\u00e9gess\u00e9g\u00e9t.<\/p>\n<p><strong>Jellemz\u0151k:<\/strong><\/p>\n<ul>\n<li>Kett\u0151s funkci\u00f3: hagyom\u00e1nyos guggol\u00e1s \u00e9s el\u0151l guggol\u00e1s.<\/li>\n<li>Rug\u00f3s seg\u00edts\u00e9g\u0171 kiold\u00f3kar, amely automatikusan kikapcsol az edz\u00e9s megkezd\u00e9sekor.<\/li>\n<li>Ellens\u00falyozott kialak\u00edt\u00e1s az alacsony kezd\u0151 ellen\u00e1ll\u00e1s\u00e9rt.<\/li>\n<li>Nagy fel\u00fclet\u0171 gum\u00edrozott l\u00e1bt\u00e1maszok a jobb tapad\u00e1s\u00e9rt \u00e9s biztons\u00e1g\u00e9rt.<\/li>\n<li>V\u00e1ltoz\u00f3 ellen\u00e1ll\u00e1si tervez\u00e9s az optim\u00e1lis er\u0151g\u00f6rb\u00e9\u00e9rt.<\/li>\n<li>Szabv\u00e1nyos s\u00falyt\u00e1rol\u00f3 t\u00fcsk\u00e9k a k\u00fcl\u00f6n\u00e1ll\u00f3 s\u00falyt\u00e1rol\u00f3k sz\u00fcks\u00e9gess\u00e9g\u00e9nek megsz\u00fcntet\u00e9s\u00e9\u00e9rt.<\/li>\n<\/ul>\n<p><strong>M\u00e9retek:<\/strong><\/p>\n<ul>\n<li>Sz\u00e9less\u00e9g: 127 cm (50 inches)<\/li>\n<li>Magass\u00e1g: 178 cm (70 inches)<\/li>\n<li>Hossz\u00fas\u00e1g: 213 cm (84 inches)<\/li>\n<li>S\u00faly: 186 kg (410 lbs)<\/li>\n<li>Kezd\u0151 ellen\u00e1ll\u00e1s: 16 kg (35 lbs)<\/li>\n<\/ul>\n<p>Az Atlantis Strength C111 Power Squat g\u00e9p minden r\u00e9szlete gondosan megtervezett, hogy a felhaszn\u00e1l\u00f3k a legjobb edz\u00e9s\u00e9lm\u00e9nyt kapj\u00e1k. Fedezd fel a l\u00e1bizmok edz\u00e9s\u00e9nek \u00faj szintj\u00e9t ezzel a pr\u00e9mium min\u0151s\u00e9g\u0171 g\u00e9ppel!<\/p>\n<\/div>\n<\/div>\n<\/div>\n<\/div>\n<div class=\"mt-1 flex gap-3 empty:hidden juice:-ml-3\">\n<div class=\"items-center justify-start rounded-xl p-1 flex\">\n<div class=\"flex items-center\"><button class=\"rounded-lg text-token-text-secondary hover:bg-token-main-surface-secondary\"><\/button><button class=\"rounded-lg text-token-text-secondary hover:bg-token-main-surface-secondary\"><\/button><button class=\"rounded-lg text-token-text-secondary hover:bg-token-main-surface-secondary\"><\/button><\/p>\n<div class=\"flex\"><\/div>\n<div class=\"flex items-center pb-0.5 juice:pb-0\">\n<div class=\"[&amp;_svg]:h-full [&amp;_svg]:w-full icon-md h-4 w-4\"><\/div>\n<\/div>\n<\/div>\n<\/div>\n<\/div>\n","protected":false},"featured_media":2857,"template":"","meta":{"_acf_changed":false},"pwb-brand":[80,275],"product_brand":[],"product_cat":[182],"product_tag":[],"class_list":{"0":"post-2856","1":"product","2":"type-product","3":"status-publish","4":"has-post-thumbnail","6":"pwb-brand-atlantis","7":"pwb-brand-plate-loaded-machines","8":"product_cat-fitness-gepek","10":"first","11":"instock","12":"shipping-taxable","13":"purchasable","14":"product-type-simple"},"acf":[],"brands":[{"id":80,"name":"Atlantis","slug":"atlantis"},{"id":275,"name":"Plate Loaded Machines","slug":"plate-loaded-machines"}],"_links":{"self":[{"href":"https:\/\/gymmakers.hu\/en\/wp-json\/wp\/v2\/product\/2856","targetHints":{"allow":["GET"]}}],"collection":[{"href":"https:\/\/gymmakers.hu\/en\/wp-json\/wp\/v2\/product"}],"about":[{"href":"https:\/\/gymmakers.hu\/en\/wp-json\/wp\/v2\/types\/product"}],"wp:featuredmedia":[{"embeddable":true,"href":"https:\/\/gymmakers.hu\/en\/wp-json\/wp\/v2\/media\/2857"}],"wp:attachment":[{"href":"https:\/\/gymmakers.hu\/en\/wp-json\/wp\/v2\/media?parent=2856"}],"wp:term":[{"taxonomy":"pwb-brand","embeddable":true,"href":"https:\/\/gymmakers.hu\/en\/wp-json\/wp\/v2\/pwb-brand?post=2856"},{"taxonomy":"product_brand","embeddable":true,"href":"https:\/\/gymmakers.hu\/en\/wp-json\/wp\/v2\/product_brand?post=2856"},{"taxonomy":"product_cat","embeddable":true,"href":"https:\/\/gymmakers.hu\/en\/wp-json\/wp\/v2\/product_cat?post=2856"},{"taxonomy":"product_tag","embeddable":true,"href":"https:\/\/gymmakers.hu\/en\/wp-json\/wp\/v2\/product_tag?post=2856"}],"curies":[{"name":"wp","href":"https:\/\/api.w.org\/{rel}","templated":true}]}}