{"id":2805,"date":"2024-05-28T12:33:08","date_gmt":"2024-05-28T10:33:08","guid":{"rendered":"https:\/\/gymmakers.hu\/?post_type=product&#038;p=2805"},"modified":"2024-06-03T13:50:43","modified_gmt":"2024-06-03T11:50:43","slug":"incline-calf-raise","status":"publish","type":"product","link":"https:\/\/gymmakers.hu\/en\/termek\/incline-calf-raise\/","title":{"rendered":"Incline calf raise"},"content":{"rendered":"<div class=\"flex flex-grow flex-col max-w-full\">\n<div class=\"min-h-[20px] text-message flex flex-col items-start whitespace-pre-wrap break-words [.text-message+&amp;]:mt-5 juice:w-full juice:items-end overflow-x-auto gap-2\" dir=\"auto\" data-message-author-role=\"assistant\" data-message-id=\"1f021903-61c0-4d14-9e9d-41d28c651743\">\n<div class=\"flex w-full flex-col gap-1 juice:empty:hidden juice:first:pt-[3px]\">\n<div class=\"markdown prose w-full break-words dark:prose-invert light\">\n<p>Az Atlantis Strength M318 Incline Calf Raise g\u00e9p a v\u00e1dliizmok hat\u00e9kony \u00e9s k\u00e9nyelmes edz\u00e9s\u00e9hez k\u00e9sz\u00fclt, a Prec\u00edzi\u00f3s sorozat tagjak\u00e9nt. Az innovat\u00edv kialak\u00edt\u00e1s \u00e9s a magas min\u0151s\u00e9g\u0171 anyagok garant\u00e1lj\u00e1k a tart\u00f3ss\u00e1got \u00e9s a maxim\u00e1lis teljes\u00edtm\u00e9nyt minden edz\u00e9s sor\u00e1n.<\/p>\n<p><strong>Term\u00e9kle\u00edr\u00e1s:<\/strong><\/p>\n<p>Az Atlantis Strength M318 Incline Calf Raise g\u00e9p line\u00e1ris csap\u00e1gyaz\u00e1s\u00fa kialak\u00edt\u00e1sa sim\u00e1bb mozg\u00e1st biztos\u00edt haszn\u00e1lat k\u00f6zben. A h\u00e1rom k\u00fcl\u00f6nb\u00f6z\u0151 kezd\u0151 poz\u00edci\u00f3 lehet\u0151v\u00e9 teszi, hogy k\u00fcl\u00f6nb\u00f6z\u0151 magass\u00e1g\u00fa felhaszn\u00e1l\u00f3k is k\u00e9nyelmesen haszn\u00e1lhass\u00e1k a g\u00e9pet. Az egyedi sz\u00f6g\u0171 poz\u00edci\u00f3 cs\u00f6kkenti a gerinc kompresszi\u00f3j\u00e1t az edz\u00e9s sor\u00e1n, \u00edgy n\u00f6velve a k\u00e9nyelmet \u00e9s a biztons\u00e1got.<\/p>\n<p>A g\u00e9p tov\u00e1bbfejlesztett mellkas- \u00e9s v\u00e1llp\u00e1rn\u00e1i fokozz\u00e1k az \u00e1ltal\u00e1nos k\u00e9nyelmet, m\u00edg a cs\u00fasz\u00e1smentes gumil\u00e1bak minden kezd\u0151 poz\u00edci\u00f3n\u00e1l extra stabilit\u00e1st \u00e9s biztons\u00e1got ny\u00fajtanak. Az \u00e1ll\u00edthat\u00f3 l\u00e1bak lehet\u0151v\u00e9 teszik, hogy a g\u00e9p b\u00e1rmilyen fel\u00fcleten stabil maradjon, \u00edgy otthoni \u00e9s edz\u0151termi haszn\u00e1latra egyar\u00e1nt alkalmas.<\/p>\n<p><strong>Jellemz\u0151k:<\/strong><\/p>\n<ul>\n<li>Line\u00e1ris csap\u00e1gyaz\u00e1s\u00fa kialak\u00edt\u00e1s a sim\u00e1bb mozg\u00e1s\u00e9rt.<\/li>\n<li>H\u00e1rom v\u00e1ltoz\u00f3 kezd\u0151 poz\u00edci\u00f3 a k\u00fcl\u00f6nb\u00f6z\u0151 magass\u00e1g\u00fa felhaszn\u00e1l\u00f3k sz\u00e1m\u00e1ra.<\/li>\n<li>Egyedi sz\u00f6g\u0171 poz\u00edci\u00f3 cs\u00f6kkenti a gerinc kompresszi\u00f3j\u00e1t.<\/li>\n<li>Tov\u00e1bbfejlesztett mellkas- \u00e9s v\u00e1llp\u00e1rn\u00e1k a fokozott k\u00e9nyelem\u00e9rt.<\/li>\n<li>Cs\u00fasz\u00e1smentes gumil\u00e1bak az extra stabilit\u00e1s\u00e9rt \u00e9s biztons\u00e1g\u00e9rt.<\/li>\n<li>\u00c1ll\u00edthat\u00f3 l\u00e1bak a k\u00fcl\u00f6nb\u00f6z\u0151 fel\u00fcleteken val\u00f3 stabilit\u00e1s \u00e9rdek\u00e9ben.<\/li>\n<\/ul>\n<p><strong>M\u00e9retek:<\/strong><\/p>\n<ul>\n<li>Sz\u00e9less\u00e9g: 97 cm (38 inches)<\/li>\n<li>Magass\u00e1g: 173 cm (68 inches)<\/li>\n<li>Hossz\u00fas\u00e1g: 160 cm (63 inches)<\/li>\n<li>S\u00faly: 375 kg (826 lbs)<\/li>\n<li>Max t\u00e1rcsa s\u00faly: 181 kg (400 lbs)<\/li>\n<\/ul>\n<p>Az Atlantis Strength M318 Incline Calf Raise g\u00e9p minden r\u00e9szlete gondosan megtervezett, hogy a felhaszn\u00e1l\u00f3k a legjobb edz\u00e9s\u00e9lm\u00e9nyt kapj\u00e1k. Fedezd fel a v\u00e1dliizmaid edz\u00e9s\u00e9nek \u00faj szintj\u00e9t ezzel a kiv\u00e1l\u00f3 min\u0151s\u00e9g\u0171 g\u00e9ppel!<\/p>\n<\/div>\n<\/div>\n<\/div>\n<\/div>\n<div class=\"mt-1 flex gap-3 empty:hidden juice:-ml-3\">\n<div class=\"items-center justify-start rounded-xl p-1 flex\">\n<div class=\"flex items-center\">\n<div class=\"flex items-center pb-0.5 juice:pb-0\">\n<div class=\"[&amp;_svg]:h-full [&amp;_svg]:w-full icon-md h-4 w-4\"><\/div>\n<\/div>\n<\/div>\n<\/div>\n<\/div>\n","protected":false},"excerpt":{"rendered":"<div class=\"flex flex-grow flex-col max-w-full\">\n<div class=\"min-h-[20px] text-message flex flex-col items-start whitespace-pre-wrap break-words [.text-message+&amp;]:mt-5 juice:w-full juice:items-end overflow-x-auto gap-2\" dir=\"auto\" data-message-author-role=\"assistant\" data-message-id=\"1f021903-61c0-4d14-9e9d-41d28c651743\">\n<div class=\"flex w-full flex-col gap-1 juice:empty:hidden juice:first:pt-[3px]\">\n<div class=\"markdown prose w-full break-words dark:prose-invert light\">\n<p>Az Atlantis Strength M318 Incline Calf Raise g\u00e9p a v\u00e1dliizmok hat\u00e9kony \u00e9s k\u00e9nyelmes edz\u00e9s\u00e9hez k\u00e9sz\u00fclt, a Prec\u00edzi\u00f3s sorozat tagjak\u00e9nt. Az innovat\u00edv kialak\u00edt\u00e1s \u00e9s a magas min\u0151s\u00e9g\u0171 anyagok garant\u00e1lj\u00e1k a tart\u00f3ss\u00e1got \u00e9s a maxim\u00e1lis teljes\u00edtm\u00e9nyt minden edz\u00e9s sor\u00e1n.<\/p>\n<p><strong>Term\u00e9kle\u00edr\u00e1s:<\/strong><\/p>\n<p>Az Atlantis Strength M318 Incline Calf Raise g\u00e9p line\u00e1ris csap\u00e1gyaz\u00e1s\u00fa kialak\u00edt\u00e1sa sim\u00e1bb mozg\u00e1st biztos\u00edt haszn\u00e1lat k\u00f6zben. A h\u00e1rom k\u00fcl\u00f6nb\u00f6z\u0151 kezd\u0151 poz\u00edci\u00f3 lehet\u0151v\u00e9 teszi, hogy k\u00fcl\u00f6nb\u00f6z\u0151 magass\u00e1g\u00fa felhaszn\u00e1l\u00f3k is k\u00e9nyelmesen haszn\u00e1lhass\u00e1k a g\u00e9pet. Az egyedi sz\u00f6g\u0171 poz\u00edci\u00f3 cs\u00f6kkenti a gerinc kompresszi\u00f3j\u00e1t az edz\u00e9s sor\u00e1n, \u00edgy n\u00f6velve a k\u00e9nyelmet \u00e9s a biztons\u00e1got.<\/p>\n<p>A g\u00e9p tov\u00e1bbfejlesztett mellkas- \u00e9s v\u00e1llp\u00e1rn\u00e1i fokozz\u00e1k az \u00e1ltal\u00e1nos k\u00e9nyelmet, m\u00edg a cs\u00fasz\u00e1smentes gumil\u00e1bak minden kezd\u0151 poz\u00edci\u00f3n\u00e1l extra stabilit\u00e1st \u00e9s biztons\u00e1got ny\u00fajtanak. Az \u00e1ll\u00edthat\u00f3 l\u00e1bak lehet\u0151v\u00e9 teszik, hogy a g\u00e9p b\u00e1rmilyen fel\u00fcleten stabil maradjon, \u00edgy otthoni \u00e9s edz\u0151termi haszn\u00e1latra egyar\u00e1nt alkalmas.<\/p>\n<p><strong>Jellemz\u0151k:<\/strong><\/p>\n<ul>\n<li>Line\u00e1ris csap\u00e1gyaz\u00e1s\u00fa kialak\u00edt\u00e1s a sim\u00e1bb mozg\u00e1s\u00e9rt.<\/li>\n<li>H\u00e1rom v\u00e1ltoz\u00f3 kezd\u0151 poz\u00edci\u00f3 a k\u00fcl\u00f6nb\u00f6z\u0151 magass\u00e1g\u00fa felhaszn\u00e1l\u00f3k sz\u00e1m\u00e1ra.<\/li>\n<li>Egyedi sz\u00f6g\u0171 poz\u00edci\u00f3 cs\u00f6kkenti a gerinc kompresszi\u00f3j\u00e1t.<\/li>\n<li>Tov\u00e1bbfejlesztett mellkas- \u00e9s v\u00e1llp\u00e1rn\u00e1k a fokozott k\u00e9nyelem\u00e9rt.<\/li>\n<li>Cs\u00fasz\u00e1smentes gumil\u00e1bak az extra stabilit\u00e1s\u00e9rt \u00e9s biztons\u00e1g\u00e9rt.<\/li>\n<li>\u00c1ll\u00edthat\u00f3 l\u00e1bak a k\u00fcl\u00f6nb\u00f6z\u0151 fel\u00fcleteken val\u00f3 stabilit\u00e1s \u00e9rdek\u00e9ben.<\/li>\n<\/ul>\n<p><strong>M\u00e9retek:<\/strong><\/p>\n<ul>\n<li>Sz\u00e9less\u00e9g: 97 cm (38 inches)<\/li>\n<li>Magass\u00e1g: 173 cm (68 inches)<\/li>\n<li>Hossz\u00fas\u00e1g: 160 cm (63 inches)<\/li>\n<li>S\u00faly: 375 kg (826 lbs)<\/li>\n<li>Max t\u00e1rcsa s\u00faly: 181 kg (400 lbs)<\/li>\n<\/ul>\n<p>Az Atlantis Strength M318 Incline Calf Raise g\u00e9p minden r\u00e9szlete gondosan megtervezett, hogy a felhaszn\u00e1l\u00f3k a legjobb edz\u00e9s\u00e9lm\u00e9nyt kapj\u00e1k. Fedezd fel a v\u00e1dliizmaid edz\u00e9s\u00e9nek \u00faj szintj\u00e9t ezzel a kiv\u00e1l\u00f3 min\u0151s\u00e9g\u0171 g\u00e9ppel!<\/p>\n<\/div>\n<\/div>\n<\/div>\n<\/div>\n<div class=\"mt-1 flex gap-3 empty:hidden juice:-ml-3\">\n<div class=\"items-center justify-start rounded-xl p-1 flex\">\n<div class=\"flex items-center\">\n<div class=\"flex items-center pb-0.5 juice:pb-0\">\n<div class=\"[&amp;_svg]:h-full [&amp;_svg]:w-full icon-md h-4 w-4\"><\/div>\n<\/div>\n<\/div>\n<\/div>\n<\/div>\n","protected":false},"featured_media":2806,"template":"","meta":{"_acf_changed":false},"pwb-brand":[80,220],"product_brand":[],"product_cat":[182],"product_tag":[],"class_list":{"0":"post-2805","1":"product","2":"type-product","3":"status-publish","4":"has-post-thumbnail","6":"pwb-brand-atlantis","7":"pwb-brand-selectorized-series","8":"product_cat-fitness-gepek","10":"first","11":"instock","12":"shipping-taxable","13":"purchasable","14":"product-type-simple"},"acf":[],"brands":[{"id":80,"name":"Atlantis","slug":"atlantis"},{"id":220,"name":"Selectorized Series","slug":"selectorized-series"}],"_links":{"self":[{"href":"https:\/\/gymmakers.hu\/en\/wp-json\/wp\/v2\/product\/2805","targetHints":{"allow":["GET"]}}],"collection":[{"href":"https:\/\/gymmakers.hu\/en\/wp-json\/wp\/v2\/product"}],"about":[{"href":"https:\/\/gymmakers.hu\/en\/wp-json\/wp\/v2\/types\/product"}],"wp:featuredmedia":[{"embeddable":true,"href":"https:\/\/gymmakers.hu\/en\/wp-json\/wp\/v2\/media\/2806"}],"wp:attachment":[{"href":"https:\/\/gymmakers.hu\/en\/wp-json\/wp\/v2\/media?parent=2805"}],"wp:term":[{"taxonomy":"pwb-brand","embeddable":true,"href":"https:\/\/gymmakers.hu\/en\/wp-json\/wp\/v2\/pwb-brand?post=2805"},{"taxonomy":"product_brand","embeddable":true,"href":"https:\/\/gymmakers.hu\/en\/wp-json\/wp\/v2\/product_brand?post=2805"},{"taxonomy":"product_cat","embeddable":true,"href":"https:\/\/gymmakers.hu\/en\/wp-json\/wp\/v2\/product_cat?post=2805"},{"taxonomy":"product_tag","embeddable":true,"href":"https:\/\/gymmakers.hu\/en\/wp-json\/wp\/v2\/product_tag?post=2805"}],"curies":[{"name":"wp","href":"https:\/\/api.w.org\/{rel}","templated":true}]}}