{"id":2752,"date":"2024-05-28T12:02:42","date_gmt":"2024-05-28T10:02:42","guid":{"rendered":"https:\/\/gymmakers.hu\/?post_type=product&#038;p=2752"},"modified":"2024-06-03T13:50:44","modified_gmt":"2024-06-03T11:50:44","slug":"lying-leg-curl","status":"publish","type":"product","link":"https:\/\/gymmakers.hu\/en\/termek\/lying-leg-curl\/","title":{"rendered":"Lying Leg Curl"},"content":{"rendered":"<p>The Atlantis Strength C106 Lying Leg Curl machine is the perfect choice for training the hamstring muscles, made from high-quality materials and with precise design to provide maximum comfort and efficiency during every workout.<\/p>\n<p><strong>Features:<\/strong><\/p>\n<ul>\n<li>T\u00f6bbf\u00e9le k\u00e9zfog\u00e1s lehet\u0151s\u00e9ge k\u00fcl\u00f6nb\u00f6z\u0151 felhaszn\u00e1l\u00f3i profilokhoz \u00e9s preferenci\u00e1khoz igazodva.<\/li>\n<li>Modern p\u00e1rnasz\u00f6g cs\u00f6kkenti a cs\u00edp\u0151 hajl\u00edt\u00e1s\u00e1t az edz\u00e9s sor\u00e1n.<\/li>\n<li>\u00d6n\u00e1ll\u00f3an igazod\u00f3 hengerp\u00e1rna alkalmazkodik a k\u00fcl\u00f6nb\u00f6z\u0151 magass\u00e1g\u00fa felhaszn\u00e1l\u00f3khoz, manu\u00e1lis be\u00e1ll\u00edt\u00e1s n\u00e9lk\u00fcl, \u00e9s z\u00e1rt csap\u00e1gyakon van r\u00f6gz\u00edtve a fokozott tart\u00f3ss\u00e1g \u00e9rdek\u00e9ben.<\/li>\n<li>Forg\u00e1si tengely jel\u00f6l\u00e9s seg\u00edti a felhaszn\u00e1l\u00f3kat a helyes poz\u00edci\u00f3 megtal\u00e1l\u00e1s\u00e1ban.<\/li>\n<\/ul>\n<p><strong>Dimensions:<\/strong><\/p>\n<ul>\n<li>Sz\u00e9less\u00e9g: 94 cm (37 inches)<\/li>\n<li>Magass\u00e1g: 175 cm (69 inches)<\/li>\n<li>Hossz\u00fas\u00e1g: 168 cm (66 inches)<\/li>\n<li>S\u00faly: 220 kg (485 lbs)<\/li>\n<li>Max plate weight: 93 kg (205 lbs)<\/li>\n<\/ul>","protected":false},"excerpt":{"rendered":"<p>Az Atlantis Strength C106 Lying Leg Curl g\u00e9p t\u00f6k\u00e9letes v\u00e1laszt\u00e1s a h\u00e1ts\u00f3 combizom edz\u00e9s\u00e9hez, kiv\u00e1l\u00f3 min\u0151s\u00e9g\u0171 anyagokb\u00f3l \u00e9s prec\u00edz kialak\u00edt\u00e1ssal k\u00e9sz\u00fclt, hogy maxim\u00e1lis k\u00e9nyelmet \u00e9s hat\u00e9konys\u00e1got ny\u00fajtson minden edz\u00e9s sor\u00e1n. Jellemz\u0151k: T\u00f6bbf\u00e9le k\u00e9zfog\u00e1s lehet\u0151s\u00e9ge k\u00fcl\u00f6nb\u00f6z\u0151 felhaszn\u00e1l\u00f3i profilokhoz \u00e9s preferenci\u00e1khoz igazodva. Modern p\u00e1rnasz\u00f6g cs\u00f6kkenti a cs\u00edp\u0151 hajl\u00edt\u00e1s\u00e1t az edz\u00e9s sor\u00e1n. \u00d6n\u00e1ll\u00f3an igazod\u00f3 hengerp\u00e1rna alkalmazkodik a k\u00fcl\u00f6nb\u00f6z\u0151 [&hellip;]<\/p>\n","protected":false},"featured_media":2753,"template":"","meta":{"_acf_changed":false},"pwb-brand":[80,220],"product_brand":[],"product_cat":[182],"product_tag":[],"class_list":{"0":"post-2752","1":"product","2":"type-product","3":"status-publish","4":"has-post-thumbnail","6":"pwb-brand-atlantis","7":"pwb-brand-selectorized-series","8":"product_cat-fitness-gepek","10":"first","11":"instock","12":"shipping-taxable","13":"purchasable","14":"product-type-simple"},"acf":[],"brands":[{"id":80,"name":"Atlantis","slug":"atlantis"},{"id":220,"name":"Selectorized Series","slug":"selectorized-series"}],"_links":{"self":[{"href":"https:\/\/gymmakers.hu\/en\/wp-json\/wp\/v2\/product\/2752","targetHints":{"allow":["GET"]}}],"collection":[{"href":"https:\/\/gymmakers.hu\/en\/wp-json\/wp\/v2\/product"}],"about":[{"href":"https:\/\/gymmakers.hu\/en\/wp-json\/wp\/v2\/types\/product"}],"wp:featuredmedia":[{"embeddable":true,"href":"https:\/\/gymmakers.hu\/en\/wp-json\/wp\/v2\/media\/2753"}],"wp:attachment":[{"href":"https:\/\/gymmakers.hu\/en\/wp-json\/wp\/v2\/media?parent=2752"}],"wp:term":[{"taxonomy":"pwb-brand","embeddable":true,"href":"https:\/\/gymmakers.hu\/en\/wp-json\/wp\/v2\/pwb-brand?post=2752"},{"taxonomy":"product_brand","embeddable":true,"href":"https:\/\/gymmakers.hu\/en\/wp-json\/wp\/v2\/product_brand?post=2752"},{"taxonomy":"product_cat","embeddable":true,"href":"https:\/\/gymmakers.hu\/en\/wp-json\/wp\/v2\/product_cat?post=2752"},{"taxonomy":"product_tag","embeddable":true,"href":"https:\/\/gymmakers.hu\/en\/wp-json\/wp\/v2\/product_tag?post=2752"}],"curies":[{"name":"wp","href":"https:\/\/api.w.org\/{rel}","templated":true}]}}