{"id":2746,"date":"2024-05-28T11:57:53","date_gmt":"2024-05-28T09:57:53","guid":{"rendered":"https:\/\/gymmakers.hu\/?post_type=product&#038;p=2746"},"modified":"2024-06-03T13:50:44","modified_gmt":"2024-06-03T11:50:44","slug":"leg-extension","status":"publish","type":"product","link":"https:\/\/gymmakers.hu\/en\/termek\/leg-extension\/","title":{"rendered":"Leg extension"},"content":{"rendered":"<p>Az Atlantis Strength C105 Leg Extension g\u00e9p a l\u00e1bny\u00fajt\u00e1s edz\u00e9s\u00e9nek t\u00f6k\u00e9letes eszk\u00f6ze. Az \u00f6n\u00e1ll\u00f3an igazod\u00f3 hengerp\u00e1rna lehet\u0151v\u00e9 teszi a k\u00fcl\u00f6nb\u00f6z\u0151 magass\u00e1g\u00fa edz\u0151k sz\u00e1m\u00e1ra a be\u00e1ll\u00edt\u00e1s n\u00e9lk\u00fcli haszn\u00e1latot, m\u00edg az ergonomikusan tervezett \u00fcl\u0151p\u00e1rna konzervat\u00edv sz\u00f6ge \u00e9s lekerek\u00edtett sz\u00e9le seg\u00edt cs\u00f6kkenteni a t\u00e9rd\u00edz\u00fcletre nehezed\u0151 terhel\u00e9st. Az \u00e1ll\u00edthat\u00f3 h\u00e1tt\u00e1mla \u00e9s a sz\u00f6vet\u00f6ves foganty\u00fa k\u00f6nny\u0171 \u00e1tmenetet biztos\u00edt a k\u00fcl\u00f6nb\u00f6z\u0151 poz\u00edci\u00f3k k\u00f6z\u00f6tt, m\u00edg az \u00e1ll\u00edthat\u00f3 l\u00e1bak stabilit\u00e1st biztos\u00edtanak b\u00e1rmilyen fel\u00fcleten. Az eszk\u00f6z prec\u00edz kialak\u00edt\u00e1sa \u00e9s magas szint\u0171 \u00e1ll\u00edthat\u00f3s\u00e1ga garant\u00e1lja a k\u00e9nyelmet \u00e9s a hat\u00e9konys\u00e1got minden edz\u00e9s sor\u00e1n.<\/p>\n<p><strong>Dimensions:<\/strong><\/p>\n<p>Width: 97 cm (38 inches)<br \/>\nHeight: 173 cm (68 inches)<br \/>\nHossz\u00fas\u00e1g: 117 cm (46 inches)<br \/>\nWeight: 273 kg (602 lbs)<\/p>","protected":false},"excerpt":{"rendered":"<p>The Atlantis Strength B157 Leg Extension machine is the perfect tool for leg extension training.<\/p>","protected":false},"featured_media":2747,"template":"","meta":{"_acf_changed":false},"pwb-brand":[80,220],"product_brand":[],"product_cat":[182],"product_tag":[],"class_list":{"0":"post-2746","1":"product","2":"type-product","3":"status-publish","4":"has-post-thumbnail","6":"pwb-brand-atlantis","7":"pwb-brand-selectorized-series","8":"product_cat-fitness-gepek","10":"first","11":"instock","12":"shipping-taxable","13":"purchasable","14":"product-type-simple"},"acf":[],"brands":[{"id":80,"name":"Atlantis","slug":"atlantis"},{"id":220,"name":"Selectorized Series","slug":"selectorized-series"}],"_links":{"self":[{"href":"https:\/\/gymmakers.hu\/en\/wp-json\/wp\/v2\/product\/2746","targetHints":{"allow":["GET"]}}],"collection":[{"href":"https:\/\/gymmakers.hu\/en\/wp-json\/wp\/v2\/product"}],"about":[{"href":"https:\/\/gymmakers.hu\/en\/wp-json\/wp\/v2\/types\/product"}],"wp:featuredmedia":[{"embeddable":true,"href":"https:\/\/gymmakers.hu\/en\/wp-json\/wp\/v2\/media\/2747"}],"wp:attachment":[{"href":"https:\/\/gymmakers.hu\/en\/wp-json\/wp\/v2\/media?parent=2746"}],"wp:term":[{"taxonomy":"pwb-brand","embeddable":true,"href":"https:\/\/gymmakers.hu\/en\/wp-json\/wp\/v2\/pwb-brand?post=2746"},{"taxonomy":"product_brand","embeddable":true,"href":"https:\/\/gymmakers.hu\/en\/wp-json\/wp\/v2\/product_brand?post=2746"},{"taxonomy":"product_cat","embeddable":true,"href":"https:\/\/gymmakers.hu\/en\/wp-json\/wp\/v2\/product_cat?post=2746"},{"taxonomy":"product_tag","embeddable":true,"href":"https:\/\/gymmakers.hu\/en\/wp-json\/wp\/v2\/product_tag?post=2746"}],"curies":[{"name":"wp","href":"https:\/\/api.w.org\/{rel}","templated":true}]}}