{"id":2725,"date":"2024-05-28T11:45:58","date_gmt":"2024-05-28T09:45:58","guid":{"rendered":"https:\/\/gymmakers.hu\/?post_type=product&#038;p=2725"},"modified":"2024-06-03T13:50:44","modified_gmt":"2024-06-03T11:50:44","slug":"biceps-curl","status":"publish","type":"product","link":"https:\/\/gymmakers.hu\/en\/termek\/biceps-curl\/","title":{"rendered":"Biceps Curl"},"content":{"rendered":"<p>Az Atlantis Strength B157 Biceps curl g\u00e9p, az Arms sorozat Prec\u00edzi\u00f3s sz\u00e9ri\u00e1j\u00e1nak egyik kiemelked\u0151 darabja, a bicepsz edz\u00e9s \u00faj szintj\u00e9t k\u00edn\u00e1lja. Az \u00e1ll\u00edthat\u00f3 szegycsont p\u00e1rna biztos\u00edtja a megfelel\u0151 forg\u00e1spont igaz\u00edt\u00e1st, m\u00edg a kiegyens\u00falyozott kar alacsony kezd\u0151 ellen\u00e1ll\u00e1st biztos\u00edt. A strat\u00e9giailag sz\u0171k\u00edtett k\u00f6ny\u00f6kp\u00e1rn\u00e1k n\u00f6velik a tart\u00f3ss\u00e1got an\u00e9lk\u00fcl, hogy a k\u00e9nyelmet vesz\u00e9lyeztetn\u00e9k. Az \u00f6n\u00e1ll\u00f3an igazod\u00f3 foganty\u00fa sz\u00e9les k\u00f6r\u0171 fog\u00e1si poz\u00edci\u00f3kat tesz lehet\u0151v\u00e9, \u00edgy minden felhaszn\u00e1l\u00f3 megtal\u00e1lja a sz\u00e1m\u00e1ra legk\u00e9nyelmesebb helyzetet. Az \u00e1ll\u00edthat\u00f3 ellen\u00e1ll\u00e1st biztos\u00edt\u00f3 cam rendszer pontosan k\u00f6veti a biceps er\u0151g\u00f6rb\u00e9j\u00e9t, biztos\u00edtva a maxim\u00e1lis hat\u00e9konys\u00e1got minden mozdulatn\u00e1l.<\/p>","protected":false},"excerpt":{"rendered":"<p>The Atlantis Strength B157 Biceps curl machine is the perfect choice for developing your biceps. Thanks to the adjustable chest pad and the independently adjustable handles that allow for multiple grip positions, every workout will be comfortable and effective.<\/p>","protected":false},"featured_media":2726,"template":"","meta":{"_acf_changed":false},"pwb-brand":[80,220],"product_brand":[],"product_cat":[182],"product_tag":[],"class_list":{"0":"post-2725","1":"product","2":"type-product","3":"status-publish","4":"has-post-thumbnail","6":"pwb-brand-atlantis","7":"pwb-brand-selectorized-series","8":"product_cat-fitness-gepek","10":"first","11":"instock","12":"shipping-taxable","13":"purchasable","14":"product-type-simple"},"acf":[],"brands":[{"id":80,"name":"Atlantis","slug":"atlantis"},{"id":220,"name":"Selectorized Series","slug":"selectorized-series"}],"_links":{"self":[{"href":"https:\/\/gymmakers.hu\/en\/wp-json\/wp\/v2\/product\/2725","targetHints":{"allow":["GET"]}}],"collection":[{"href":"https:\/\/gymmakers.hu\/en\/wp-json\/wp\/v2\/product"}],"about":[{"href":"https:\/\/gymmakers.hu\/en\/wp-json\/wp\/v2\/types\/product"}],"wp:featuredmedia":[{"embeddable":true,"href":"https:\/\/gymmakers.hu\/en\/wp-json\/wp\/v2\/media\/2726"}],"wp:attachment":[{"href":"https:\/\/gymmakers.hu\/en\/wp-json\/wp\/v2\/media?parent=2725"}],"wp:term":[{"taxonomy":"pwb-brand","embeddable":true,"href":"https:\/\/gymmakers.hu\/en\/wp-json\/wp\/v2\/pwb-brand?post=2725"},{"taxonomy":"product_brand","embeddable":true,"href":"https:\/\/gymmakers.hu\/en\/wp-json\/wp\/v2\/product_brand?post=2725"},{"taxonomy":"product_cat","embeddable":true,"href":"https:\/\/gymmakers.hu\/en\/wp-json\/wp\/v2\/product_cat?post=2725"},{"taxonomy":"product_tag","embeddable":true,"href":"https:\/\/gymmakers.hu\/en\/wp-json\/wp\/v2\/product_tag?post=2725"}],"curies":[{"name":"wp","href":"https:\/\/api.w.org\/{rel}","templated":true}]}}