{"id":1689,"date":"2023-12-12T16:48:48","date_gmt":"2023-12-12T15:48:48","guid":{"rendered":"https:\/\/gymmakers.hu\/?post_type=product&#038;p=1689"},"modified":"2024-06-03T13:50:45","modified_gmt":"2024-06-03T11:50:45","slug":"1689","status":"publish","type":"product","link":"https:\/\/gymmakers.hu\/en\/termek\/1689\/","title":{"rendered":""},"content":{"rendered":"<p>83 kg\u00a0 | 88 kg | 123 kg | 128 kg<\/p>\n<p>Funkcion\u00e1lis<\/p>\n<p>Edz\u00e9s K\u00e9szlet<\/p>\n<p>XF S\u00falyz\u00f3rudak \u00e9s \u00dctk\u00f6z\u0151 Lemezek \u00d6ppen Z\u00e1r\u00f3karmok<\/p>\n<p>Everything you need for versatile hybrid strength training, especially for workouts that include high-repetition lifts. The sets include Eleiko XF series barbells and bumper plates, as well as black weight change plates and Open Locking Arms, ideal for functional fitness in a facility, garage, or home gym.<\/p>","protected":false},"excerpt":{"rendered":"<p>Everything you need for versatile hybrid strength training, especially for workouts that include high-repetition lifts. The sets include Eleiko XF series barbells and bumper plates, as well as black weight change plates and Open Locking Arms, ideal for functional fitness in a facility, garage, or home gym.<\/p>","protected":false},"featured_media":1690,"template":"","meta":{"_acf_changed":false},"pwb-brand":[81,186],"product_brand":[],"product_cat":[20],"product_tag":[],"class_list":{"0":"post-1689","1":"product","2":"type-product","3":"status-publish","4":"has-post-thumbnail","6":"pwb-brand-eleiko","7":"pwb-brand-lifting-sets","8":"product_cat-egyeb","10":"first","11":"outofstock","12":"shipping-taxable","13":"purchasable","14":"product-type-simple"},"acf":[],"brands":[{"id":81,"name":"Eleiko","slug":"eleiko"},{"id":186,"name":"Lifting Sets","slug":"lifting-sets"}],"_links":{"self":[{"href":"https:\/\/gymmakers.hu\/en\/wp-json\/wp\/v2\/product\/1689","targetHints":{"allow":["GET"]}}],"collection":[{"href":"https:\/\/gymmakers.hu\/en\/wp-json\/wp\/v2\/product"}],"about":[{"href":"https:\/\/gymmakers.hu\/en\/wp-json\/wp\/v2\/types\/product"}],"wp:featuredmedia":[{"embeddable":true,"href":"https:\/\/gymmakers.hu\/en\/wp-json\/wp\/v2\/media\/1690"}],"wp:attachment":[{"href":"https:\/\/gymmakers.hu\/en\/wp-json\/wp\/v2\/media?parent=1689"}],"wp:term":[{"taxonomy":"pwb-brand","embeddable":true,"href":"https:\/\/gymmakers.hu\/en\/wp-json\/wp\/v2\/pwb-brand?post=1689"},{"taxonomy":"product_brand","embeddable":true,"href":"https:\/\/gymmakers.hu\/en\/wp-json\/wp\/v2\/product_brand?post=1689"},{"taxonomy":"product_cat","embeddable":true,"href":"https:\/\/gymmakers.hu\/en\/wp-json\/wp\/v2\/product_cat?post=1689"},{"taxonomy":"product_tag","embeddable":true,"href":"https:\/\/gymmakers.hu\/en\/wp-json\/wp\/v2\/product_tag?post=1689"}],"curies":[{"name":"wp","href":"https:\/\/api.w.org\/{rel}","templated":true}]}}