{"id":1687,"date":"2023-12-12T16:08:15","date_gmt":"2023-12-12T15:08:15","guid":{"rendered":"https:\/\/gymmakers.hu\/?post_type=product&#038;p=1687"},"modified":"2024-06-03T13:50:45","modified_gmt":"2024-06-03T11:50:45","slug":"ipf-powerlifting-competition-set","status":"publish","type":"product","link":"https:\/\/gymmakers.hu\/en\/termek\/ipf-powerlifting-competition-set\/","title":{"rendered":"IPF Powerlifting Competition Set"},"content":{"rendered":"<ul>\n<li>IPF Min\u0151s\u00edtett<\/li>\n<li>Porfestett<\/li>\n<li>Teljes Verseny K\u00e9szletek<\/li>\n<\/ul>\n<p>Az Eleiko IPF Er\u0151emel\u0151 Verseny K\u00e9szletek az IPF \u00e1ltal j\u00f3v\u00e1hagyott er\u0151emel\u0151 versenyfelszerel\u00e9seket csomagolj\u00e1k \u00f6ssze k\u00e9szletekbe, hogy k\u00f6nnyen felszerelhessenek egy verseny- vagy edz\u0151k\u00f6rnyezetet. A k\u00e9szletek tartalmazz\u00e1k az Eleiko IPF Er\u0151emel\u0151 Verseny S\u00falyz\u00f3rudat, egy p\u00e1rt az IPF Verseny Z\u00e1r\u00f3karmokb\u00f3l, valamint egy sor verseny- \u00e9s s\u00falyv\u00e1ltoztat\u00f3 lemezt, \u00edgy megtal\u00e1lhatja az \u00d6n ig\u00e9nyeinek megfelel\u0151 k\u00e9szletet.<\/p>","protected":false},"excerpt":{"rendered":"<p>435 kg<\/p>\n<p>IPF Certified Powder Coated Complete Competition Sets The Eleiko IPF Powerlifting Competition Sets bundle IPF-approved powerlifting competition equipment into sets for easy setup in a competition or training environment. The sets include the Eleiko IPF Powerlifting Competition Barbell, a pair of IPF Competition Collars, and a set of competition and weight-changing plates, so you can find a set that meets your needs.<\/p>","protected":false},"featured_media":1688,"template":"","meta":{"_acf_changed":false},"pwb-brand":[81,186],"product_brand":[],"product_cat":[187],"product_tag":[],"class_list":{"0":"post-1687","1":"product","2":"type-product","3":"status-publish","4":"has-post-thumbnail","6":"pwb-brand-eleiko","7":"pwb-brand-lifting-sets","8":"product_cat-szettek","10":"first","11":"instock","12":"shipping-taxable","13":"purchasable","14":"product-type-simple"},"acf":[],"brands":[{"id":81,"name":"Eleiko","slug":"eleiko"},{"id":186,"name":"Lifting Sets","slug":"lifting-sets"}],"_links":{"self":[{"href":"https:\/\/gymmakers.hu\/en\/wp-json\/wp\/v2\/product\/1687","targetHints":{"allow":["GET"]}}],"collection":[{"href":"https:\/\/gymmakers.hu\/en\/wp-json\/wp\/v2\/product"}],"about":[{"href":"https:\/\/gymmakers.hu\/en\/wp-json\/wp\/v2\/types\/product"}],"wp:featuredmedia":[{"embeddable":true,"href":"https:\/\/gymmakers.hu\/en\/wp-json\/wp\/v2\/media\/1688"}],"wp:attachment":[{"href":"https:\/\/gymmakers.hu\/en\/wp-json\/wp\/v2\/media?parent=1687"}],"wp:term":[{"taxonomy":"pwb-brand","embeddable":true,"href":"https:\/\/gymmakers.hu\/en\/wp-json\/wp\/v2\/pwb-brand?post=1687"},{"taxonomy":"product_brand","embeddable":true,"href":"https:\/\/gymmakers.hu\/en\/wp-json\/wp\/v2\/product_brand?post=1687"},{"taxonomy":"product_cat","embeddable":true,"href":"https:\/\/gymmakers.hu\/en\/wp-json\/wp\/v2\/product_cat?post=1687"},{"taxonomy":"product_tag","embeddable":true,"href":"https:\/\/gymmakers.hu\/en\/wp-json\/wp\/v2\/product_tag?post=1687"}],"curies":[{"name":"wp","href":"https:\/\/api.w.org\/{rel}","templated":true}]}}