{"id":1670,"date":"2023-12-12T15:52:11","date_gmt":"2023-12-12T14:52:11","guid":{"rendered":"https:\/\/gymmakers.hu\/?post_type=product&#038;p=1670"},"modified":"2024-06-03T13:50:46","modified_gmt":"2024-06-03T11:50:46","slug":"open-bar","status":"publish","type":"product","link":"https:\/\/gymmakers.hu\/en\/termek\/oppen-bar\/","title":{"rendered":"Open Bar"},"content":{"rendered":"<ul>\n<li>Nyitott, hozz\u00e1f\u00e9rhet\u0151 kialak\u00edt\u00e1s<\/li>\n<li>K\u00e9t foganty\u00famagass\u00e1g<\/li>\n<li>Be\u00e9p\u00edtett rakod\u00f3emel\u0151<\/li>\n<li>Kiegyens\u00falyozott r\u00fad emel\u00e9s k\u00f6zben<\/li>\n<\/ul>\n<p>The Eleiko award-winning, patented Open Bar now comes standard with two handle heights, making lifting more adaptable and accessible. The Open Bar \u2013 an open-sided trap bar \u2013 is designed for ease of lifting, offering a variety of lifting and training options from deadlifts to rows, presses, squats, and much more. The integrated rubber-footed loading lifter allows you to load and unload weight plates without lifting the bar, while also keeping the bar balanced during the lift.<\/p>\n<p>Term\u00e9ktervez\u00e9s<\/p>\n<p>A folyamatos term\u00e9kfejleszt\u00e9s elengedhetetlen ahhoz, hogy a felhaszn\u00e1l\u00f3k a legjobb emel\u00e9si \u00e9lm\u00e9nyt \u00e9rhess\u00e9k el. Az \u00d6ppen R\u00fad kiegyens\u00falyozott bar\u00e1zd\u00e1l\u00e1st k\u00edn\u00e1l a foganty\u00fakon a k\u00e9nyelmes, biztons\u00e1gos fog\u00e1s\u00e9rt, fog\u00e1sjel\u00f6l\u00e9seket a semleges k\u00e9zpoz\u00edci\u00f3 el\u0151seg\u00edt\u00e9s\u00e9re, tart\u00f3s, karcol\u00e1s\u00e1ll\u00f3 fekete matt porfest\u00e9s\u0171 bevonatot, strapab\u00edr\u00f3 kr\u00f3mozott h\u00fcvelyeket \u00e9s er\u0151s gumitalpakat, amelyek v\u00e9delmezik a padl\u00f3t \u00e9s a platformokat.<\/p>\n<p>Nyitott Lehet\u0151s\u00e9gek<\/p>\n<p>Az \u00d6ppen R\u00fad egy megk\u00f6zel\u00edthet\u0151, nyitott kialak\u00edt\u00e1ssal rendelkezik, amely megoldja a csapda r\u00fadok sz\u00e1mos gyakori probl\u00e9m\u00e1j\u00e1t, amelyek gyakran neh\u00e9zkesek a rakod\u00e1sban \u00e9s kih\u00edv\u00e1st jelentenek a haszn\u00e1latban \u00e9s t\u00e1rol\u00e1sban. A g\u00f6rb\u00fclt gumitalpak lehet\u0151v\u00e9 teszik a r\u00fad gyors mozg\u00e1s\u00e1t a f\u00fcgg\u0151leges t\u00e1rol\u00f3 \u00e9s rakod\u00f3 poz\u00edci\u00f3 \u00e9s a v\u00edzszintes emel\u00e9si poz\u00edci\u00f3 k\u00f6z\u00f6tt.<\/p>\n<p>Rakod\u00e1s \u00e9s Lerakod\u00e1s<\/p>\n<p>Az integr\u00e1lt rakod\u00f3emel\u0151 a h\u00fcvelyeket a f\u00f6ld felett emeli a k\u00f6nny\u0171 rakod\u00e1s \u00e9s lerakod\u00e1s \u00e9rdek\u00e9ben. A gumitalpak kiegyens\u00falyozz\u00e1k a rudat emel\u00e9s k\u00f6zben, \u00e9s kiv\u00e1l\u00f3an alkalmasak a r\u00fad t\u00e1rol\u00e1s\u00e1ra, amikor nincs haszn\u00e1latban.<\/p>","protected":false},"excerpt":{"rendered":"<p>The Eleiko award-winning, patented Open Bar now comes standard with two handle heights, making lifting more adaptable and accessible. The Open Bar \u2013 an open-sided trap bar \u2013 is designed for ease of lifting, offering a variety of lifting and training options from deadlifts to rows, presses, squats, and much more. The integrated rubber-footed loading lifter allows you to load and unload weight plates without lifting the bar, while also keeping the bar balanced during the lift.<\/p>","protected":false},"featured_media":1671,"template":"","meta":{"_acf_changed":false},"pwb-brand":[81],"product_brand":[],"product_cat":[183],"product_tag":[],"class_list":{"0":"post-1670","1":"product","2":"type-product","3":"status-publish","4":"has-post-thumbnail","6":"pwb-brand-eleiko","7":"product_cat-rudak","9":"first","10":"instock","11":"shipping-taxable","12":"purchasable","13":"product-type-simple"},"acf":[],"brands":[{"id":81,"name":"Eleiko","slug":"eleiko"}],"_links":{"self":[{"href":"https:\/\/gymmakers.hu\/en\/wp-json\/wp\/v2\/product\/1670","targetHints":{"allow":["GET"]}}],"collection":[{"href":"https:\/\/gymmakers.hu\/en\/wp-json\/wp\/v2\/product"}],"about":[{"href":"https:\/\/gymmakers.hu\/en\/wp-json\/wp\/v2\/types\/product"}],"wp:featuredmedia":[{"embeddable":true,"href":"https:\/\/gymmakers.hu\/en\/wp-json\/wp\/v2\/media\/1671"}],"wp:attachment":[{"href":"https:\/\/gymmakers.hu\/en\/wp-json\/wp\/v2\/media?parent=1670"}],"wp:term":[{"taxonomy":"pwb-brand","embeddable":true,"href":"https:\/\/gymmakers.hu\/en\/wp-json\/wp\/v2\/pwb-brand?post=1670"},{"taxonomy":"product_brand","embeddable":true,"href":"https:\/\/gymmakers.hu\/en\/wp-json\/wp\/v2\/product_brand?post=1670"},{"taxonomy":"product_cat","embeddable":true,"href":"https:\/\/gymmakers.hu\/en\/wp-json\/wp\/v2\/product_cat?post=1670"},{"taxonomy":"product_tag","embeddable":true,"href":"https:\/\/gymmakers.hu\/en\/wp-json\/wp\/v2\/product_tag?post=1670"}],"curies":[{"name":"wp","href":"https:\/\/api.w.org\/{rel}","templated":true}]}}