{"id":1638,"date":"2023-12-12T15:06:17","date_gmt":"2023-12-12T14:06:17","guid":{"rendered":"https:\/\/gymmakers.hu\/?post_type=product&#038;p=1638"},"modified":"2024-06-03T13:50:46","modified_gmt":"2024-06-03T11:50:46","slug":"ipf-powerlifting-training-bar","status":"publish","type":"product","link":"https:\/\/gymmakers.hu\/en\/termek\/ipf-powerlifting-training-bar\/","title":{"rendered":"IPF Powerlifting Training Bar"},"content":{"rendered":"<p>The Eleiko IPF Powerlifting Training Bar is designed for training in powerlifting competition exercises \u2014 specifically for squats, bench presses, and deadlifts. The 29 mm stainless steel bar grip, like that of the IPF Competition Bar, is uncoated, providing an exceptionally secure grip, but thanks to the stainless steel material, it is also corrosion-resistant. The chrome sleeves are designed with a patented design that accepts Enode sensors, making it the first training bar to integrate technology into the bar sleeve.<\/p>\n<p>Rozsdamentes Ac\u00e9l<\/p>\n<p>A r\u00fad Sv\u00e9dorsz\u00e1gban k\u00e9sz\u00fcl a legmagasabb min\u0151s\u00e9g\u0171 rozsdamentes ac\u00e9lb\u00f3l, hogy el\u00e9rje a korr\u00f3zi\u00f3\u00e1ll\u00f3s\u00e1got \u00e9s a mechanikai tulajdons\u00e1gokat, amelyek biztos\u00edtj\u00e1k a hosszantart\u00f3 teljes\u00edtm\u00e9nyt.<\/p>\n<p>Enode Eleiko R\u00fad Szenzor K\u00e9szlet<\/p>\n<p>Az IPF Er\u0151emel\u0151 Edz\u0151 R\u00fad \u00fagy van tervezve, hogy a h\u00fcvelyek szenzork\u00e9sz\u00fcltek legyenek. Az Enode szenzorok integr\u00e1l\u00e1sa a h\u00fcvelybe pontos adatokat ad az atl\u00e9t\u00e1knak an\u00e9lk\u00fcl, hogy a k\u00fcls\u0151 m\u00e9r\u0151eszk\u00f6z\u00f6k zavarn\u00e1k \u0151ket, amelyek negat\u00edvan befoly\u00e1solhatj\u00e1k az emel\u00e9si rutinokat \u00e9s a teljes\u00edtm\u00e9nyt.<\/p>","protected":false},"excerpt":{"rendered":"<p>20 kg<\/p>\n<p>The Eleiko IPF Powerlifting Training Bar is designed for training in powerlifting competition exercises \u2014 specifically for squats, bench presses, and deadlifts. The 29 mm stainless steel bar grip, like that of the IPF Competition Bar, is uncoated, providing an exceptionally secure grip, but thanks to the stainless steel material, it is also corrosion-resistant. The chrome sleeves are designed with a patented design that accepts Enode sensors, making it the first training bar to integrate technology into the bar sleeve.<\/p>\n<p>&nbsp;<\/p>","protected":false},"featured_media":1639,"template":"","meta":{"_acf_changed":false},"pwb-brand":[81],"product_brand":[],"product_cat":[183],"product_tag":[],"class_list":{"0":"post-1638","1":"product","2":"type-product","3":"status-publish","4":"has-post-thumbnail","6":"pwb-brand-eleiko","7":"product_cat-rudak","9":"first","10":"instock","11":"shipping-taxable","12":"purchasable","13":"product-type-simple"},"acf":[],"brands":[{"id":81,"name":"Eleiko","slug":"eleiko"}],"_links":{"self":[{"href":"https:\/\/gymmakers.hu\/en\/wp-json\/wp\/v2\/product\/1638","targetHints":{"allow":["GET"]}}],"collection":[{"href":"https:\/\/gymmakers.hu\/en\/wp-json\/wp\/v2\/product"}],"about":[{"href":"https:\/\/gymmakers.hu\/en\/wp-json\/wp\/v2\/types\/product"}],"wp:featuredmedia":[{"embeddable":true,"href":"https:\/\/gymmakers.hu\/en\/wp-json\/wp\/v2\/media\/1639"}],"wp:attachment":[{"href":"https:\/\/gymmakers.hu\/en\/wp-json\/wp\/v2\/media?parent=1638"}],"wp:term":[{"taxonomy":"pwb-brand","embeddable":true,"href":"https:\/\/gymmakers.hu\/en\/wp-json\/wp\/v2\/pwb-brand?post=1638"},{"taxonomy":"product_brand","embeddable":true,"href":"https:\/\/gymmakers.hu\/en\/wp-json\/wp\/v2\/product_brand?post=1638"},{"taxonomy":"product_cat","embeddable":true,"href":"https:\/\/gymmakers.hu\/en\/wp-json\/wp\/v2\/product_cat?post=1638"},{"taxonomy":"product_tag","embeddable":true,"href":"https:\/\/gymmakers.hu\/en\/wp-json\/wp\/v2\/product_tag?post=1638"}],"curies":[{"name":"wp","href":"https:\/\/api.w.org\/{rel}","templated":true}]}}