{"id":1633,"date":"2023-12-12T15:01:05","date_gmt":"2023-12-12T14:01:05","guid":{"rendered":"https:\/\/gymmakers.hu\/?post_type=product&#038;p=1633"},"modified":"2024-06-03T13:50:46","modified_gmt":"2024-06-03T11:50:46","slug":"ipf-powerlifting-competition-bar","status":"publish","type":"product","link":"https:\/\/gymmakers.hu\/en\/termek\/ipf-powerlifting-competition-bar\/","title":{"rendered":"IPF Powerlifting Competition Bar"},"content":{"rendered":"<div class=\"flex-1 overflow-hidden\">\n<div class=\"react-scroll-to-bottom--css-uquhy-79elbk h-full\">\n<div class=\"react-scroll-to-bottom--css-uquhy-1n7m0yu\">\n<div class=\"flex flex-col pb-9 text-sm\">\n<div class=\"w-full text-token-text-primary\" data-testid=\"conversation-turn-67\">\n<div class=\"px-4 py-2 justify-center text-base md:gap-6 m-auto\">\n<div class=\"flex flex-1 text-base mx-auto gap-3 md:px-5 lg:px-1 xl:px-5 md:max-w-3xl lg:max-w-[40rem] xl:max-w-[48rem] group final-completion\">\n<div class=\"relative flex w-full flex-col lg:w-[calc(100%-115px)] agent-turn\">\n<div class=\"flex-col gap-1 md:gap-3\">\n<div class=\"flex flex-grow flex-col max-w-full\">\n<div class=\"min-h-[20px] text-message flex flex-col items-start gap-3 whitespace-pre-wrap break-words [.text-message+&amp;]:mt-5 overflow-x-auto\" data-message-author-role=\"assistant\" data-message-id=\"fc29ce91-514b-45b1-8e4b-20edec628390\">\n<div class=\"markdown prose w-full break-words dark:prose-invert light\">\n<p>Az International Powerlifting Federation (IPF) \u00e1ltal versenyeken haszn\u00e1lhat\u00f3nak hiteles\u00edtett \u00e9s a professzion\u00e1lis \u00e9s versenyszer\u0171 er\u0151emel\u0151 sportol\u00f3k sz\u00e1m\u00e1ra tervezett Eleiko IPF Er\u0151emel\u0151 Verseny S\u00falyz\u00f3r\u00fad kifejezetten az er\u0151emel\u0151 versenyek h\u00e1rom liftj\u00e9hez &#8211; a guggol\u00e1shoz, fekvenyom\u00e1shoz \u00e9s halott emel\u00e9shez &#8211; van igaz\u00edtva. A r\u00fad er\u0151s bronz csap\u00e1gyakkal rendelkezik, \u00e9s speci\u00e1lis grafit hozz\u00e1ad\u00e1s\u00e1val, amely lehet\u0151v\u00e9 teszi a r\u00fad \u00f6nzsaluz\u00e1s\u00e1t, jav\u00edtva ezzel a teljes\u00edtm\u00e9nyt \u00e9s az \u00e9lettartamot, mik\u00f6zben szab\u00e1lyozza a forg\u00e1st. Az IPF er\u0151emel\u0151 verseny s\u00falyz\u00f3r\u00fadja az IPF szab\u00e1lyai szerint kezeletlen, hogy a lehet\u0151 legjobb fog\u00e1st biztos\u00edtsa, \u00edgy a fel\u00fclet rendszeres karbantart\u00e1st ig\u00e9nyel a korr\u00f3zi\u00f3 kezel\u00e9s\u00e9re. Ez a patina kiz\u00e1r\u00f3lag kozmetikai \u00e9s nem befoly\u00e1solja a r\u00fad teljes\u00edtm\u00e9ny\u00e9t. A haszn\u00e1lat ut\u00e1n (k\u00fcl\u00f6n\u00f6sen magn\u00e9zia haszn\u00e1latakor) aj\u00e1nlott a mell\u00e9kelt kef\u00e9vel rendszeresen \u00e1tkef\u00e9lni a rudat, hogy az min\u00e9l tov\u00e1bb meg\u0151rizze a k\u00fclsej\u00e9t.<\/p>\n<\/div>\n<\/div>\n<\/div>\n<div class=\"mt-1 flex justify-start gap-3 empty:hidden\">\n<div class=\"text-gray-400 flex self-end lg:self-center justify-center lg:justify-start mt-0 gap-1 visible\"><button class=\"flex items-center gap-1.5 rounded-md p-1 pl-0 text-xs hover:text-gray-950 dark:text-gray-400 dark:hover:text-gray-200 disabled:dark:hover:text-gray-400 md:invisible md:group-hover:visible md:group-[.final-completion]:visible\"><\/button><\/p>\n<div class=\"flex gap-1\">\n<div class=\"flex-1 overflow-hidden\">\n<div class=\"react-scroll-to-bottom--css-uquhy-79elbk h-full\">\n<div class=\"react-scroll-to-bottom--css-uquhy-1n7m0yu\">\n<div class=\"flex flex-col pb-9 text-sm\">\n<div class=\"w-full text-token-text-primary\" data-testid=\"conversation-turn-71\">\n<div class=\"px-4 py-2 justify-center text-base md:gap-6 m-auto\">\n<div class=\"flex flex-1 text-base mx-auto gap-3 md:px-5 lg:px-1 xl:px-5 md:max-w-3xl lg:max-w-[40rem] xl:max-w-[48rem] group final-completion\">\n<div class=\"relative flex w-full flex-col lg:w-[calc(100%-115px)] agent-turn\">\n<div class=\"flex-col gap-1 md:gap-3\">\n<div class=\"flex flex-grow flex-col max-w-full\">\n<div class=\"min-h-[20px] text-message flex flex-col items-start gap-3 whitespace-pre-wrap break-words [.text-message+&amp;]:mt-5 overflow-x-auto\" data-message-author-role=\"assistant\" data-message-id=\"0279e752-3199-41b3-875e-c71bb14a47fd\">\n<div class=\"markdown prose w-full break-words dark:prose-invert light\">\n<p>Kiemelked\u0151en Tart\u00f3s<\/p>\n<p>Fejlesztett\u00fck a saj\u00e1t sv\u00e9d ac\u00e9lunk fel\u00fcletkezel\u00e9si \u00e9s edz\u00e9si folyamat\u00e1t, hogy s\u00falyz\u00f3rudainkat m\u00e9g er\u0151sebb\u00e9 tegy\u00fck an\u00e9lk\u00fcl, hogy fel\u00e1ldozn\u00e1nk azt a legend\u00e1s rugalmass\u00e1got, amely az irigyelt &#8222;Eleiko \u00e9rz\u00e9s&#8221; alapj\u00e1t k\u00e9pezi.<\/p>\n<p>T\u00f6k\u00e9letes\u00edtett Fog\u00e1s<\/p>\n<p>Egy agressz\u00edv, er\u0151emel\u00e9sre specifikus fog\u00e1s, ami m\u00e9ly, \u00e9les \u00e9s bevonat n\u00e9lk\u00fcli, \u00edgy semmi sem \u00e1ll k\u00f6zted \u00e9s az ac\u00e9l k\u00f6z\u00f6tt.<\/p>\n<p>Csap\u00e1gyazott R\u00fad<\/p>\n<p>Szakk\u00e9pzett k\u00e9zm\u0171vesek apr\u00f3l\u00e9kosan \u00e9p\u00edtik meg minden rudat, biztos\u00edtva, hogy azok megfeleljenek szigor\u00fa el\u0151\u00edr\u00e1sainknak. Rudaink szigor\u00faan teszteltek, teljes\u00edtm\u00e9ny\u00fck p\u00e1ratlan \u00e9s min\u0151s\u00e9g\u00fck garant\u00e1lt.<\/p>\n<\/div>\n<\/div>\n<\/div>\n<div class=\"mt-1 flex justify-start gap-3 empty:hidden\">\n<div class=\"text-gray-400 flex self-end lg:self-center justify-center lg:justify-start mt-0 gap-1 visible\"><button class=\"flex items-center gap-1.5 rounded-md p-1 pl-0 text-xs hover:text-gray-950 dark:text-gray-400 dark:hover:text-gray-200 disabled:dark:hover:text-gray-400 md:invisible md:group-hover:visible md:group-[.final-completion]:visible\"><\/button><\/p>\n<div class=\"flex gap-1\"><\/div>\n<div class=\"flex items-center gap-1.5 text-xs\"><\/div>\n<\/div>\n<\/div>\n<\/div>\n<\/div>\n<\/div>\n<\/div>\n<\/div>\n<\/div>\n<\/div>\n<\/div>\n<\/div>\n<div class=\"w-full pt-2 md:pt-0 dark:border-white\/20 md:border-transparent md:dark:border-transparent md:w-[calc(100%-.5rem)]\">\n<form class=\"stretch mx-2 flex flex-row gap-3 last:mb-2 md:mx-4 md:last:mb-6 lg:mx-auto lg:max-w-2xl xl:max-w-3xl\">\n<div class=\"relative flex h-full flex-1 items-stretch md:flex-col\">\n<div class=\"flex w-full items-center\"><\/div>\n<\/div>\n<\/form>\n<\/div>\n<\/div>\n<div class=\"flex items-center gap-1.5 text-xs\"><\/div>\n<\/div>\n<\/div>\n<\/div>\n<\/div>\n<\/div>\n<\/div>\n<\/div>\n<\/div>\n<\/div>\n<\/div>\n<\/div>\n<div class=\"w-full pt-2 md:pt-0 dark:border-white\/20 md:border-transparent md:dark:border-transparent md:w-[calc(100%-.5rem)]\">\n<form class=\"stretch mx-2 flex flex-row gap-3 last:mb-2 md:mx-4 md:last:mb-6 lg:mx-auto lg:max-w-2xl xl:max-w-3xl\">\n<div class=\"relative flex h-full flex-1 items-stretch md:flex-col\">\n<div class=\"flex w-full items-center\"><\/div>\n<\/div>\n<\/form>\n<\/div>\n","protected":false},"excerpt":{"rendered":"<p>20 kg<\/p>\n<div class=\"flex-1 overflow-hidden\">\n<div class=\"react-scroll-to-bottom--css-uquhy-79elbk h-full\">\n<div class=\"react-scroll-to-bottom--css-uquhy-1n7m0yu\">\n<div class=\"flex flex-col pb-9 text-sm\">\n<div class=\"w-full text-token-text-primary\" data-testid=\"conversation-turn-67\">\n<div class=\"px-4 py-2 justify-center text-base md:gap-6 m-auto\">\n<div class=\"flex flex-1 text-base mx-auto gap-3 md:px-5 lg:px-1 xl:px-5 md:max-w-3xl lg:max-w-[40rem] xl:max-w-[48rem] group final-completion\">\n<div class=\"relative flex w-full flex-col lg:w-[calc(100%-115px)] agent-turn\">\n<div class=\"flex-col gap-1 md:gap-3\">\n<div class=\"flex flex-grow flex-col max-w-full\">\n<div class=\"min-h-[20px] text-message flex flex-col items-start gap-3 whitespace-pre-wrap break-words [.text-message+&amp;]:mt-5 overflow-x-auto\" data-message-author-role=\"assistant\" data-message-id=\"fc29ce91-514b-45b1-8e4b-20edec628390\">\n<div class=\"markdown prose w-full break-words dark:prose-invert light\">\n<p>Az International Powerlifting Federation (IPF) \u00e1ltal versenyeken haszn\u00e1lhat\u00f3nak hiteles\u00edtett \u00e9s a professzion\u00e1lis \u00e9s versenyszer\u0171 er\u0151emel\u0151 sportol\u00f3k sz\u00e1m\u00e1ra tervezett Eleiko IPF Er\u0151emel\u0151 Verseny S\u00falyz\u00f3r\u00fad kifejezetten az er\u0151emel\u0151 versenyek h\u00e1rom liftj\u00e9hez &#8211; a guggol\u00e1shoz, fekvenyom\u00e1shoz \u00e9s halott emel\u00e9shez &#8211; van igaz\u00edtva. A r\u00fad er\u0151s bronz csap\u00e1gyakkal rendelkezik, \u00e9s speci\u00e1lis grafit hozz\u00e1ad\u00e1s\u00e1val, amely lehet\u0151v\u00e9 teszi a r\u00fad \u00f6nzsaluz\u00e1s\u00e1t, jav\u00edtva ezzel a teljes\u00edtm\u00e9nyt \u00e9s az \u00e9lettartamot, mik\u00f6zben szab\u00e1lyozza a forg\u00e1st. Az IPF er\u0151emel\u0151 verseny s\u00falyz\u00f3r\u00fadja az IPF szab\u00e1lyai szerint kezeletlen, hogy a lehet\u0151 legjobb fog\u00e1st biztos\u00edtsa, \u00edgy a fel\u00fclet rendszeres karbantart\u00e1st ig\u00e9nyel a korr\u00f3zi\u00f3 kezel\u00e9s\u00e9re. Ez a patina kiz\u00e1r\u00f3lag kozmetikai \u00e9s nem befoly\u00e1solja a r\u00fad teljes\u00edtm\u00e9ny\u00e9t. A haszn\u00e1lat ut\u00e1n (k\u00fcl\u00f6n\u00f6sen magn\u00e9zia haszn\u00e1latakor) aj\u00e1nlott a mell\u00e9kelt kef\u00e9vel rendszeresen \u00e1tkef\u00e9lni a rudat, hogy az min\u00e9l tov\u00e1bb meg\u0151rizze a k\u00fclsej\u00e9t.<\/p>\n<\/div>\n<\/div>\n<\/div>\n<div class=\"mt-1 flex justify-start gap-3 empty:hidden\">\n<div class=\"text-gray-400 flex self-end lg:self-center justify-center lg:justify-start mt-0 gap-1 visible\"><button class=\"flex items-center gap-1.5 rounded-md p-1 pl-0 text-xs hover:text-gray-950 dark:text-gray-400 dark:hover:text-gray-200 disabled:dark:hover:text-gray-400 md:invisible md:group-hover:visible md:group-[.final-completion]:visible\"><\/button><\/p>\n<div class=\"flex gap-1\"><\/div>\n<div class=\"flex items-center gap-1.5 text-xs\"><\/div>\n<\/div>\n<\/div>\n<\/div>\n<\/div>\n<\/div>\n<\/div>\n<\/div>\n<\/div>\n<\/div>\n<\/div>\n<\/div>\n<div class=\"w-full pt-2 md:pt-0 dark:border-white\/20 md:border-transparent md:dark:border-transparent md:w-[calc(100%-.5rem)]\">\n<form class=\"stretch mx-2 flex flex-row gap-3 last:mb-2 md:mx-4 md:last:mb-6 lg:mx-auto lg:max-w-2xl xl:max-w-3xl\">\n<div class=\"relative flex h-full flex-1 items-stretch md:flex-col\">\n<div class=\"flex w-full items-center\"><\/div>\n<\/div>\n<\/form>\n<\/div>\n","protected":false},"featured_media":1634,"template":"","meta":{"_acf_changed":false},"pwb-brand":[81],"product_brand":[],"product_cat":[183],"product_tag":[],"class_list":{"0":"post-1633","1":"product","2":"type-product","3":"status-publish","4":"has-post-thumbnail","6":"pwb-brand-eleiko","7":"product_cat-rudak","9":"first","10":"instock","11":"shipping-taxable","12":"purchasable","13":"product-type-simple"},"acf":[],"brands":[{"id":81,"name":"Eleiko","slug":"eleiko"}],"_links":{"self":[{"href":"https:\/\/gymmakers.hu\/en\/wp-json\/wp\/v2\/product\/1633","targetHints":{"allow":["GET"]}}],"collection":[{"href":"https:\/\/gymmakers.hu\/en\/wp-json\/wp\/v2\/product"}],"about":[{"href":"https:\/\/gymmakers.hu\/en\/wp-json\/wp\/v2\/types\/product"}],"wp:featuredmedia":[{"embeddable":true,"href":"https:\/\/gymmakers.hu\/en\/wp-json\/wp\/v2\/media\/1634"}],"wp:attachment":[{"href":"https:\/\/gymmakers.hu\/en\/wp-json\/wp\/v2\/media?parent=1633"}],"wp:term":[{"taxonomy":"pwb-brand","embeddable":true,"href":"https:\/\/gymmakers.hu\/en\/wp-json\/wp\/v2\/pwb-brand?post=1633"},{"taxonomy":"product_brand","embeddable":true,"href":"https:\/\/gymmakers.hu\/en\/wp-json\/wp\/v2\/product_brand?post=1633"},{"taxonomy":"product_cat","embeddable":true,"href":"https:\/\/gymmakers.hu\/en\/wp-json\/wp\/v2\/product_cat?post=1633"},{"taxonomy":"product_tag","embeddable":true,"href":"https:\/\/gymmakers.hu\/en\/wp-json\/wp\/v2\/product_tag?post=1633"}],"curies":[{"name":"wp","href":"https:\/\/api.w.org\/{rel}","templated":true}]}}