{"id":1624,"date":"2023-12-12T14:46:23","date_gmt":"2023-12-12T13:46:23","guid":{"rendered":"https:\/\/gymmakers.hu\/?post_type=product&#038;p=1624"},"modified":"2024-06-03T13:50:47","modified_gmt":"2024-06-03T11:50:47","slug":"iwf-weightlifting-training-bar-2","status":"publish","type":"product","link":"https:\/\/gymmakers.hu\/en\/termek\/iwf-weightlifting-training-bar-2\/","title":{"rendered":"IWF Weightlifting Training Bar"},"content":{"rendered":"<p>Certified by the International Weightlifting Federation (IWF), this weightlifting bar is specifically designed for training in competitive Olympic weightlifting and can be used by professional weightlifters in gyms and facilities around the world. The training bar provides the same feel and performance as the competition bar, but with less sharp knurling, making it suitable for higher volume lifting. Made in Sweden, the bar's high performance is due to precision needle roller bearings that evenly distribute the load on the shaft, ensuring consistent rotation at all loads. The proprietary steel and chrome provide an optimal balance of strength and flexibility to deliver the ultimate lifting experience.<\/p>\n<p>Optim\u00e1lis Forg\u00e1s<\/p>\n<p>Az \u00fajratervezett h\u00fcvelykonstrukci\u00f3 kifejezetten \u00fagy lett kialak\u00edtva, hogy stabilabb \u00e9s kontroll\u00e1ltabb forg\u00e1st biztos\u00edtson. A forg\u00e1s optimaliz\u00e1lva van a sima teljes\u00edtm\u00e9ny \u00e9rdek\u00e9ben terhel\u00e9s alatt, \u00edgy a s\u00falyemel\u0151knek \u00f6sszekapcsoltabb \u00e9s pontosabb \u00e9lm\u00e9nyt ny\u00fajt.<\/p>\n<p>Tart\u00f3s Teljes\u00edtm\u00e9ny<\/p>\n<p>\u00c1ttervezett csap\u00e1gyak, jav\u00edtott zs\u00edroz\u00e1si folyamatok \u00e9s por\u00e1ll\u00f3 t\u00f6m\u00edt\u00e9s tartj\u00e1k a kritikus alkatr\u00e9szeket j\u00f3l kenve \u00e9s a legjobb \u00e1llapotban minim\u00e1lis karbantart\u00e1ssal.<\/p>\n<p>Finom\u00edtott Knurling<\/p>\n<p>Egyens\u00falyozott fog\u00e1s, amely versenyk\u00f6r\u00fclm\u00e9nyekre szabott \u00e9s biztos tart\u00e1st garant\u00e1l a s\u00falyz\u00f3r\u00fadon.<\/p>\n<p>Er\u0151s, m\u00e9gis Rugalmas<\/p>\n<p>Fejlesztett\u00fck fel\u00fcletkezel\u00e9si \u00e9s edz\u00e9si elj\u00e1r\u00e1sainkat saj\u00e1t sv\u00e9d ac\u00e9lunkn\u00e1l, hogy s\u00falyz\u00f3rudainkat m\u00e9g er\u0151sebb\u00e9 tegy\u00fck an\u00e9lk\u00fcl, hogy fel\u00e1ldozn\u00e1nk a legend\u00e1s rugalmass\u00e1got, amely az irigyelt &#8222;Eleiko \u00e9rz\u00e9s&#8221; alapj\u00e1t k\u00e9pezi.<\/p>\n<p>Gondos K\u00e9zm\u0171vess\u00e9ggel<\/p>\n<p>K\u00e9sz\u00fclt Szakk\u00e9pzett k\u00e9zm\u0171vesek apr\u00f3l\u00e9kosan \u00e9p\u00edtik meg minden r\u00fadunkat, biztos\u00edtva, hogy azok megfeleljenek szigor\u00fa el\u0151\u00edr\u00e1sainknak. S\u00falyz\u00f3rudaink szigor\u00faan teszteltek, teljes\u00edtm\u00e9ny\u00fck p\u00e1ratlan \u00e9s min\u0151s\u00e9g\u00fck garant\u00e1lt.<\/p>","protected":false},"excerpt":{"rendered":"<h6><strong>15 kg, Women's<\/strong><\/h6>\n<p>Certified by the International Weightlifting Federation (IWF), this weightlifting bar is specifically designed for training in competitive Olympic weightlifting and can be used by professional weightlifters in gyms and facilities around the world. The training bar provides the same feel and performance as the competition bar, but with less sharp knurling, making it suitable for higher volume lifting. Made in Sweden, the bar's high performance is due to precision needle roller bearings that evenly distribute the load on the shaft, ensuring consistent rotation at all loads. The proprietary steel and chrome provide an optimal balance of strength and flexibility to deliver the ultimate lifting experience.<\/p>","protected":false},"featured_media":1625,"template":"","meta":{"_acf_changed":false},"pwb-brand":[81],"product_brand":[],"product_cat":[183],"product_tag":[],"class_list":{"0":"post-1624","1":"product","2":"type-product","3":"status-publish","4":"has-post-thumbnail","6":"pwb-brand-eleiko","7":"product_cat-rudak","9":"first","10":"instock","11":"shipping-taxable","12":"purchasable","13":"product-type-simple"},"acf":[],"brands":[{"id":81,"name":"Eleiko","slug":"eleiko"}],"_links":{"self":[{"href":"https:\/\/gymmakers.hu\/en\/wp-json\/wp\/v2\/product\/1624","targetHints":{"allow":["GET"]}}],"collection":[{"href":"https:\/\/gymmakers.hu\/en\/wp-json\/wp\/v2\/product"}],"about":[{"href":"https:\/\/gymmakers.hu\/en\/wp-json\/wp\/v2\/types\/product"}],"wp:featuredmedia":[{"embeddable":true,"href":"https:\/\/gymmakers.hu\/en\/wp-json\/wp\/v2\/media\/1625"}],"wp:attachment":[{"href":"https:\/\/gymmakers.hu\/en\/wp-json\/wp\/v2\/media?parent=1624"}],"wp:term":[{"taxonomy":"pwb-brand","embeddable":true,"href":"https:\/\/gymmakers.hu\/en\/wp-json\/wp\/v2\/pwb-brand?post=1624"},{"taxonomy":"product_brand","embeddable":true,"href":"https:\/\/gymmakers.hu\/en\/wp-json\/wp\/v2\/product_brand?post=1624"},{"taxonomy":"product_cat","embeddable":true,"href":"https:\/\/gymmakers.hu\/en\/wp-json\/wp\/v2\/product_cat?post=1624"},{"taxonomy":"product_tag","embeddable":true,"href":"https:\/\/gymmakers.hu\/en\/wp-json\/wp\/v2\/product_tag?post=1624"}],"curies":[{"name":"wp","href":"https:\/\/api.w.org\/{rel}","templated":true}]}}