{"id":1609,"date":"2023-12-12T14:36:31","date_gmt":"2023-12-12T13:36:31","guid":{"rendered":"https:\/\/gymmakers.hu\/?post_type=product&#038;p=1609"},"modified":"2024-06-03T13:50:47","modified_gmt":"2024-06-03T11:50:47","slug":"iwf-sulyemelo-verseny-rud","status":"publish","type":"product","link":"https:\/\/gymmakers.hu\/en\/termek\/iwf-weightlifting-competition-bar\/","title":{"rendered":"IWF Weightlifting Competition Bar"},"content":{"rendered":"<h4>Optim\u00e1lis Forg\u00e1s<\/h4>\n<p>Az \u00fajratervezett h\u00fcvelykonstrukci\u00f3 kifejezetten \u00fagy lett kialak\u00edtva, hogy stabilabb \u00e9s kontroll\u00e1ltabb forg\u00e1st biztos\u00edtson. A forg\u00e1s optimaliz\u00e1lva van a sima teljes\u00edtm\u00e9ny \u00e9rdek\u00e9ben terhel\u00e9s alatt, \u00edgy a s\u00falyemel\u0151knek \u00f6sszekapcsoltabb \u00e9s pontosabb \u00e9lm\u00e9nyt ny\u00fajt.<\/p>\n<h4>Tart\u00f3s Teljes\u00edtm\u00e9ny<\/h4>\n<p>\u00c1ttervezett csap\u00e1gyak, jav\u00edtott zs\u00edroz\u00e1si folyamatok \u00e9s por\u00e1ll\u00f3 t\u00f6m\u00edt\u00e9s tartj\u00e1k a kritikus alkatr\u00e9szeket j\u00f3l kenve \u00e9s a legjobb \u00e1llapotban minim\u00e1lis karbantart\u00e1ssal.<\/p>\n<h4>Finom\u00edtott Bar\u00e1zd\u00e1k<\/h4>\n<p>Egyens\u00falyozott fog\u00e1s, amely versenyk\u00f6r\u00fclm\u00e9nyekre szabott \u00e9s biztos tart\u00e1st garant\u00e1l a s\u00falyz\u00f3r\u00fadon.<\/p>\n<h4>Er\u0151s, m\u00e9gis Rugalmas<\/h4>\n<p>Fejlesztett\u00fck fel\u00fcletkezel\u00e9si \u00e9s edz\u00e9si elj\u00e1r\u00e1sainkat saj\u00e1t sv\u00e9d ac\u00e9lunkn\u00e1l, hogy s\u00falyz\u00f3rudainkat m\u00e9g er\u0151sebb\u00e9 tegy\u00fck an\u00e9lk\u00fcl, hogy fel\u00e1ldozn\u00e1nk a legend\u00e1s rugalmass\u00e1got, amely az irigyelt &#8222;Eleiko \u00e9rz\u00e9s&#8221; alapj\u00e1t k\u00e9pezi.<\/p>\n<h4>Gondos K\u00e9zm\u0171vess\u00e9ggel K\u00e9sz\u00fclt<\/h4>\n<p>Szakk\u00e9pzett k\u00e9zm\u0171vesek apr\u00f3l\u00e9kosan \u00e9p\u00edtik meg minden r\u00fadunkat, biztos\u00edtva, hogy azok megfeleljenek szigor\u00fa el\u0151\u00edr\u00e1sainknak. S\u00falyz\u00f3rudaink szigor\u00faan teszteltek, teljes\u00edtm\u00e9ny\u00fck p\u00e1ratlan \u00e9s min\u0151s\u00e9g\u00fck garant\u00e1lt.<\/p>","protected":false},"excerpt":{"rendered":"<div class=\"flex-1 overflow-hidden\">\n<div class=\"react-scroll-to-bottom--css-uquhy-79elbk h-full\">\n<div class=\"react-scroll-to-bottom--css-uquhy-1n7m0yu\">\n<div class=\"flex flex-col pb-9 text-sm\">\n<div class=\"w-full text-token-text-primary\" data-testid=\"conversation-turn-55\">\n<div class=\"px-4 py-2 justify-center text-base md:gap-6 m-auto\">\n<div class=\"flex flex-1 text-base mx-auto gap-3 md:px-5 lg:px-1 xl:px-5 md:max-w-3xl lg:max-w-[40rem] xl:max-w-[48rem] group final-completion\">\n<div class=\"relative flex w-full flex-col lg:w-[calc(100%-115px)] agent-turn\">\n<div class=\"flex-col gap-1 md:gap-3\">\n<div class=\"flex flex-grow flex-col max-w-full\">\n<div class=\"min-h-[20px] text-message flex flex-col items-start gap-3 whitespace-pre-wrap break-words [.text-message+&amp;]:mt-5 overflow-x-auto\" data-message-author-role=\"assistant\" data-message-id=\"2ed7f202-a748-45c2-97bd-fc8683fcea55\">\n<div class=\"markdown prose w-full break-words dark:prose-invert light\">\n<p>Az Eleiko Versenys\u00falyz\u00f3, amelyet kifejezetten a versenyszer\u0171 olimpiai s\u00falyemel\u00e9shez terveztek \u00e9s az International Weightlifting Federation (IWF) \u00e1ltal hiteles\u00edtve, a professzion\u00e1lis \u00e9s versenyeken r\u00e9szt vev\u0151 s\u00falyemel\u0151k sz\u00e1m\u00e1ra k\u00e9sz\u00fclt. A s\u00falyz\u00f3r\u00fad rendk\u00edv\u00fcl szoros t\u0171r\u00e9shat\u00e1rokkal \u00e9s agressz\u00edv knurlinggel rendelkezik, amely egy rep max pr\u00f3b\u00e1lkoz\u00e1sokhoz van igaz\u00edtva. Sv\u00e9dorsz\u00e1gban prec\u00edzi\u00f3s k\u00e9zm\u0171vess\u00e9ggel k\u00e9sz\u00edtve, a legfinomabb anyagokat kombin\u00e1ljuk 60 \u00e9v s\u00falyz\u00f3r\u00fad-gy\u00e1rt\u00e1si szak\u00e9rtelemmel, hogy l\u00e9trehozzuk ezt a p\u00e1ratlan verseny s\u00falyz\u00f3rudat.<\/p>\n<\/div>\n<\/div>\n<\/div>\n<div class=\"mt-1 flex justify-start gap-3 empty:hidden\">\n<div class=\"text-gray-400 flex self-end lg:self-center justify-center lg:justify-start mt-0 gap-1 visible\">\n<p>&nbsp;<\/p>\n<div class=\"flex gap-1\"><\/div>\n<div class=\"flex items-center gap-1.5 text-xs\"><\/div>\n<\/div>\n<\/div>\n<\/div>\n<\/div>\n<\/div>\n<\/div>\n<\/div>\n<\/div>\n<\/div>\n<\/div>\n<\/div>\n<div class=\"w-full pt-2 md:pt-0 dark:border-white\/20 md:border-transparent md:dark:border-transparent md:w-[calc(100%-.5rem)]\">\n<form class=\"stretch mx-2 flex flex-row gap-3 last:mb-2 md:mx-4 md:last:mb-6 lg:mx-auto lg:max-w-2xl xl:max-w-3xl\">\n<div class=\"relative flex h-full flex-1 items-stretch md:flex-col\">\n<div class=\"flex w-full items-center\"><\/div>\n<\/div>\n<\/form>\n<\/div>\n","protected":false},"featured_media":1610,"template":"","meta":{"_acf_changed":false},"pwb-brand":[81],"product_brand":[],"product_cat":[183],"product_tag":[],"class_list":{"0":"post-1609","1":"product","2":"type-product","3":"status-publish","4":"has-post-thumbnail","6":"pwb-brand-eleiko","7":"product_cat-rudak","9":"first","10":"instock","11":"shipping-taxable","12":"purchasable","13":"product-type-simple"},"acf":[],"brands":[{"id":81,"name":"Eleiko","slug":"eleiko"}],"_links":{"self":[{"href":"https:\/\/gymmakers.hu\/en\/wp-json\/wp\/v2\/product\/1609","targetHints":{"allow":["GET"]}}],"collection":[{"href":"https:\/\/gymmakers.hu\/en\/wp-json\/wp\/v2\/product"}],"about":[{"href":"https:\/\/gymmakers.hu\/en\/wp-json\/wp\/v2\/types\/product"}],"wp:featuredmedia":[{"embeddable":true,"href":"https:\/\/gymmakers.hu\/en\/wp-json\/wp\/v2\/media\/1610"}],"wp:attachment":[{"href":"https:\/\/gymmakers.hu\/en\/wp-json\/wp\/v2\/media?parent=1609"}],"wp:term":[{"taxonomy":"pwb-brand","embeddable":true,"href":"https:\/\/gymmakers.hu\/en\/wp-json\/wp\/v2\/pwb-brand?post=1609"},{"taxonomy":"product_brand","embeddable":true,"href":"https:\/\/gymmakers.hu\/en\/wp-json\/wp\/v2\/product_brand?post=1609"},{"taxonomy":"product_cat","embeddable":true,"href":"https:\/\/gymmakers.hu\/en\/wp-json\/wp\/v2\/product_cat?post=1609"},{"taxonomy":"product_tag","embeddable":true,"href":"https:\/\/gymmakers.hu\/en\/wp-json\/wp\/v2\/product_tag?post=1609"}],"curies":[{"name":"wp","href":"https:\/\/api.w.org\/{rel}","templated":true}]}}