{"id":1603,"date":"2023-12-12T13:49:06","date_gmt":"2023-12-12T12:49:06","guid":{"rendered":"https:\/\/gymmakers.hu\/?post_type=product&#038;p=1603"},"modified":"2024-06-22T14:54:24","modified_gmt":"2024-06-22T12:54:24","slug":"rpl-5363-seated-calf-raise","status":"publish","type":"product","link":"https:\/\/gymmakers.hu\/en\/termek\/rpl-5363-seated-calf-raise\/","title":{"rendered":"Seated Calf Raise \u3163 RPL-5363"},"content":{"rendered":"<p>The HOIST\u00ae Seated Calf Raise features an adjustable thigh pad to accommodate different leg lengths, which automatically self-aligns to the user during the exercise. The safety lock automatically releases at the beginning of the exercise.<\/p>\n<p>A dinamikus be\u00e1ll\u00edt\u00e1s, amely a test term\u00e9szetes testtart\u00e1s\u00e1n \u00e9s hajl\u00e9konys\u00e1g\u00e1n alapul\u00f3 k\u00e9nyelmesebb \u00e9s biztons\u00e1gosabb edz\u00e9st biztos\u00edt, a ROC-IT\u2122 sorozat l\u00e9nyege a HOIST\u00ae-t\u00f3l. Pr\u00f3b\u00e1ld ki magad, \u00e9s \u00c9LVEZD AZ \u00c9LM\u00c9NYT!<\/p>\n<p>&nbsp;<\/p>\n<p class=\"p1\">A HOIST\u00ae az ipar\u00e1g egyik legjobb garancia politik\u00e1j\u00e1t k\u00edn\u00e1lja, meger\u0151s\u00edtve elk\u00f6telezetts\u00e9g\u00fcnket a min\u0151s\u00e9g \u00e9s az \u00fcgyf\u00e9l-el\u00e9gedetts\u00e9g ir\u00e1nt. A HOIST csak az eredeti v\u00e1s\u00e1rl\u00f3nak ny\u00fajt garanci\u00e1t erre a term\u00e9kre. A HOIST garant\u00e1lja, hogy ez a term\u00e9k norm\u00e1l haszn\u00e1lat vagy szolg\u00e1ltat\u00e1s mellett mentes a kivitelez\u00e9si \u00e9s\/vagy anyaghib\u00e1kt\u00f3l.<\/p>\n<p class=\"p1\">A teljes Garancia Inform\u00e1ci\u00f3\u00e9rt kattintson a \u201eT\u00e1mogat\u00e1s\u201d linkre. A garancia politika csak a gy\u00e1rt\u00f3i hib\u00e1kra vonatkozik. A HOIST fenntartja a jogot a term\u00e9kspecifik\u00e1ci\u00f3k, tervez\u00e9s \u00e9s funkci\u00f3k b\u00e1rmikori megv\u00e1ltoztat\u00e1s\u00e1ra.<\/p>","protected":false},"excerpt":{"rendered":"<p>The HOIST\u00ae Seated Calf Raise features an adjustable thigh pad to accommodate different leg lengths, which automatically self-aligns to the user during the exercise. The safety lock automatically releases at the beginning of the exercise.<\/p>","protected":false},"featured_media":3413,"template":"","meta":{"_acf_changed":false},"pwb-brand":[79,83],"product_brand":[],"product_cat":[20],"product_tag":[],"class_list":{"0":"post-1603","1":"product","2":"type-product","3":"status-publish","4":"has-post-thumbnail","6":"pwb-brand-hoist","7":"pwb-brand-roc-it-plate-loaded","8":"product_cat-egyeb","10":"first","11":"instock","12":"shipping-taxable","13":"purchasable","14":"product-type-simple"},"acf":[],"brands":[{"id":79,"name":"Hoist","slug":"hoist"},{"id":83,"name":"ROC-IT Plate Loaded","slug":"roc-it-plate-loaded"}],"_links":{"self":[{"href":"https:\/\/gymmakers.hu\/en\/wp-json\/wp\/v2\/product\/1603","targetHints":{"allow":["GET"]}}],"collection":[{"href":"https:\/\/gymmakers.hu\/en\/wp-json\/wp\/v2\/product"}],"about":[{"href":"https:\/\/gymmakers.hu\/en\/wp-json\/wp\/v2\/types\/product"}],"wp:featuredmedia":[{"embeddable":true,"href":"https:\/\/gymmakers.hu\/en\/wp-json\/wp\/v2\/media\/3413"}],"wp:attachment":[{"href":"https:\/\/gymmakers.hu\/en\/wp-json\/wp\/v2\/media?parent=1603"}],"wp:term":[{"taxonomy":"pwb-brand","embeddable":true,"href":"https:\/\/gymmakers.hu\/en\/wp-json\/wp\/v2\/pwb-brand?post=1603"},{"taxonomy":"product_brand","embeddable":true,"href":"https:\/\/gymmakers.hu\/en\/wp-json\/wp\/v2\/product_brand?post=1603"},{"taxonomy":"product_cat","embeddable":true,"href":"https:\/\/gymmakers.hu\/en\/wp-json\/wp\/v2\/product_cat?post=1603"},{"taxonomy":"product_tag","embeddable":true,"href":"https:\/\/gymmakers.hu\/en\/wp-json\/wp\/v2\/product_tag?post=1603"}],"curies":[{"name":"wp","href":"https:\/\/api.w.org\/{rel}","templated":true}]}}