{"id":1599,"date":"2023-12-12T13:42:07","date_gmt":"2023-12-12T12:42:07","guid":{"rendered":"https:\/\/gymmakers.hu\/?post_type=product&#038;p=1599"},"modified":"2024-06-22T14:53:23","modified_gmt":"2024-06-22T12:53:23","slug":"rpl-5405-allo-vadliemeles","status":"publish","type":"product","link":"https:\/\/gymmakers.hu\/en\/termek\/rpl-5405-standing-calf-raise\/","title":{"rendered":"RPL-5405 \u00c1LL\u00d3 V\u00c1G\u00d3EMEL\u00c9S"},"content":{"rendered":"<h3>\u00c1ll\u00f3 V\u00e1g\u00f3emel\u00e9s \u3163 RPL-5405<\/h3>\n<p><strong>Description:<\/strong> The HOIST\u00ae Standing Calf Raise, model RPL-5405, features ROX\u2122 technology that isolates the exercise on the ankle and calf muscles with inclined, rotating footrests. This focused movement creates greater dorsiflexion, reducing excessive pressure on the foot. The rotating, height-adjustable shoulder pads comfortably adapt to different body heights and sizes. The built-in weight storage is generously sized, allowing users to easily add plates to the machine while keeping the gym organized and space-efficient.<\/p>\n<p><strong>Specifications:<\/strong><\/p>\n<ul>\n<li><strong>Dimensions:<\/strong>\n<ul>\n<li>Width: 120 cm (47.25 inches)<\/li>\n<li>Length: 150 cm (59.00 inches)<\/li>\n<li>Height: 144 cm (56.50 inches)<\/li>\n<\/ul>\n<\/li>\n<li><strong>Weight:<\/strong>\n<ul>\n<li>Machine weight: 239 kg (526 lbs)<\/li>\n<\/ul>\n<\/li>\n<li><strong>Upholstery color:<\/strong> Black<\/li>\n<\/ul>\n<p><strong>Features:<\/strong><\/p>\n<ol>\n<li>The inclined footrest's rotating movement isolates the exercise on the ankle and calf muscles while creating greater dorsiflexion, reducing excessive pressure on the foot.<\/li>\n<li>Adjustable shoulder pads to accommodate different body sizes.<\/li>\n<li>Built-in weight storage.<\/li>\n<\/ol>\n<p><strong>Note:<\/strong> The structure and design of the product may change without prior notice to improve safety and functionality.<\/p>","protected":false},"excerpt":{"rendered":"<h3>\u00c1ll\u00f3 V\u00e1g\u00f3emel\u00e9s \u3163 RPL-5405<\/h3>\n<p><strong>Description:<\/strong> The HOIST\u00ae Standing Calf Raise, model RPL-5405, features ROX\u2122 technology that isolates the exercise on the ankle and calf muscles with inclined, rotating footrests. This focused movement creates greater dorsiflexion, reducing excessive pressure on the foot. The rotating, height-adjustable shoulder pads comfortably adapt to different body heights and sizes. The built-in weight storage is generously sized, allowing users to easily add plates to the machine while keeping the gym organized and space-efficient.<\/p>\n<p><strong>Specifications:<\/strong><\/p>\n<ul>\n<li><strong>Dimensions:<\/strong>\n<ul>\n<li>Width: 120 cm (47.25 inches)<\/li>\n<li>Length: 150 cm (59.00 inches)<\/li>\n<li>Height: 144 cm (56.50 inches)<\/li>\n<\/ul>\n<\/li>\n<li><strong>Weight:<\/strong>\n<ul>\n<li>Machine weight: 239 kg (526 lbs)<\/li>\n<\/ul>\n<\/li>\n<li><strong>Upholstery color:<\/strong> Black<\/li>\n<\/ul>\n<p><strong>Features:<\/strong><\/p>\n<ol>\n<li>The inclined footrest's rotating movement isolates the exercise on the ankle and calf muscles while creating greater dorsiflexion, reducing excessive pressure on the foot.<\/li>\n<li>Adjustable shoulder pads to accommodate different body sizes.<\/li>\n<li>Built-in weight storage.<\/li>\n<\/ol>\n<p><strong>Note:<\/strong> The structure and design of the product may change without prior notice to improve safety and functionality.<\/p>","protected":false},"featured_media":3411,"template":"","meta":{"_acf_changed":false},"pwb-brand":[79,83],"product_brand":[],"product_cat":[182],"product_tag":[],"class_list":{"0":"post-1599","1":"product","2":"type-product","3":"status-publish","4":"has-post-thumbnail","6":"pwb-brand-hoist","7":"pwb-brand-roc-it-plate-loaded","8":"product_cat-fitness-gepek","10":"first","11":"instock","12":"shipping-taxable","13":"purchasable","14":"product-type-simple"},"acf":[],"brands":[{"id":79,"name":"Hoist","slug":"hoist"},{"id":83,"name":"ROC-IT Plate Loaded","slug":"roc-it-plate-loaded"}],"_links":{"self":[{"href":"https:\/\/gymmakers.hu\/en\/wp-json\/wp\/v2\/product\/1599","targetHints":{"allow":["GET"]}}],"collection":[{"href":"https:\/\/gymmakers.hu\/en\/wp-json\/wp\/v2\/product"}],"about":[{"href":"https:\/\/gymmakers.hu\/en\/wp-json\/wp\/v2\/types\/product"}],"wp:featuredmedia":[{"embeddable":true,"href":"https:\/\/gymmakers.hu\/en\/wp-json\/wp\/v2\/media\/3411"}],"wp:attachment":[{"href":"https:\/\/gymmakers.hu\/en\/wp-json\/wp\/v2\/media?parent=1599"}],"wp:term":[{"taxonomy":"pwb-brand","embeddable":true,"href":"https:\/\/gymmakers.hu\/en\/wp-json\/wp\/v2\/pwb-brand?post=1599"},{"taxonomy":"product_brand","embeddable":true,"href":"https:\/\/gymmakers.hu\/en\/wp-json\/wp\/v2\/product_brand?post=1599"},{"taxonomy":"product_cat","embeddable":true,"href":"https:\/\/gymmakers.hu\/en\/wp-json\/wp\/v2\/product_cat?post=1599"},{"taxonomy":"product_tag","embeddable":true,"href":"https:\/\/gymmakers.hu\/en\/wp-json\/wp\/v2\/product_tag?post=1599"}],"curies":[{"name":"wp","href":"https:\/\/api.w.org\/{rel}","templated":true}]}}