{"id":1587,"date":"2023-12-12T13:03:50","date_gmt":"2023-12-12T12:03:50","guid":{"rendered":"https:\/\/gymmakers.hu\/?post_type=product&#038;p=1587"},"modified":"2024-09-12T14:39:39","modified_gmt":"2024-09-12T12:39:39","slug":"rs-1101-seated-dip","status":"publish","type":"product","link":"https:\/\/gymmakers.hu\/en\/termek\/rs-1101-seated-dip\/","title":{"rendered":"Seated Dip \/ RS-2101"},"content":{"rendered":"<p class=\"p1\">A dinamikus be\u00e1ll\u00edt\u00e1s a l\u00e9nyege a HOIST\u00ae ROC-IT\u00ae sorozat\u00e1nak. A ROX\u2122 technol\u00f3gia haszn\u00e1lat\u00e1val a felhaszn\u00e1l\u00f3 szerves r\u00e9sz\u00e9v\u00e9 v\u00e1lik a gyakorlatnak, folyamatosan alkalmazkodva a felhaszn\u00e1l\u00f3 poz\u00edci\u00f3j\u00e1nak a gyakorlatkar mozg\u00e1s\u00e1hoz. Ennek eredm\u00e9nyek\u00e9ppen a ROC-IT sorozat egyed\u00fcl\u00e1ll\u00f3 edz\u00e9s\u00e9lm\u00e9nyt ny\u00fajt, amely lehet\u0151v\u00e9 teszi az \u00edz\u00fcletek korl\u00e1toz\u00e1s n\u00e9lk\u00fcli mozg\u00e1s\u00e1t \u00e9s a funkcion\u00e1lis edz\u00e9s magaktiv\u00e1l\u00f3 el\u0151nyeit, kombin\u00e1lva a g\u00e9palap\u00fa berendez\u00e9sek stabiliz\u00e1l\u00f3 hat\u00e1saival. Pr\u00f3b\u00e1ld ki magad, \u00e9s tapasztald meg a ROC-IT sorozat \u00e9lm\u00e9ny\u00e9t!<\/p>\n<p class=\"p1\">A HOIST\u00ae az ipar\u00e1g egyik legjobb garancia politik\u00e1j\u00e1t k\u00edn\u00e1lja, meger\u0151s\u00edtve elk\u00f6telezetts\u00e9g\u00fcnket a min\u0151s\u00e9g \u00e9s az \u00fcgyf\u00e9l-el\u00e9gedetts\u00e9g ir\u00e1nt. A HOIST csak az eredeti v\u00e1s\u00e1rl\u00f3nak ny\u00fajt garanci\u00e1t erre a term\u00e9kre. A HOIST garant\u00e1lja, hogy ez a term\u00e9k norm\u00e1l haszn\u00e1lat vagy szolg\u00e1ltat\u00e1s mellett mentes a kivitelez\u00e9si \u00e9s\/vagy anyaghib\u00e1kt\u00f3l.<\/p>\n<p class=\"p1\">A teljes Garancia Inform\u00e1ci\u00f3\u00e9rt kattintson a \u201eT\u00e1mogat\u00e1s\u201d linkre. A garancia politika csak a gy\u00e1rt\u00f3i hib\u00e1kra vonatkozik. A HOIST fenntartja a jogot a term\u00e9kspecifik\u00e1ci\u00f3k, tervez\u00e9s \u00e9s funkci\u00f3k b\u00e1rmikori megv\u00e1ltoztat\u00e1s\u00e1ra.<\/p>","protected":false},"excerpt":{"rendered":"<p>By using ROX\u2122 technology, the user becomes an organic part of the exercise, continuously adapting to the movement of the exercise arm according to the user's position.<\/p>","protected":false},"featured_media":4833,"template":"","meta":{"_acf_changed":false},"pwb-brand":[79,143],"product_brand":[],"product_cat":[182],"product_tag":[],"class_list":{"0":"post-1587","1":"product","2":"type-product","3":"status-publish","4":"has-post-thumbnail","6":"pwb-brand-hoist","7":"pwb-brand-roc-it-selectorized","8":"product_cat-fitness-gepek","10":"first","11":"instock","12":"shipping-taxable","13":"purchasable","14":"product-type-simple"},"acf":[],"brands":[{"id":79,"name":"Hoist","slug":"hoist"},{"id":143,"name":"ROC-IT Selectorized","slug":"roc-it-selectorized"}],"_links":{"self":[{"href":"https:\/\/gymmakers.hu\/en\/wp-json\/wp\/v2\/product\/1587","targetHints":{"allow":["GET"]}}],"collection":[{"href":"https:\/\/gymmakers.hu\/en\/wp-json\/wp\/v2\/product"}],"about":[{"href":"https:\/\/gymmakers.hu\/en\/wp-json\/wp\/v2\/types\/product"}],"wp:featuredmedia":[{"embeddable":true,"href":"https:\/\/gymmakers.hu\/en\/wp-json\/wp\/v2\/media\/4833"}],"wp:attachment":[{"href":"https:\/\/gymmakers.hu\/en\/wp-json\/wp\/v2\/media?parent=1587"}],"wp:term":[{"taxonomy":"pwb-brand","embeddable":true,"href":"https:\/\/gymmakers.hu\/en\/wp-json\/wp\/v2\/pwb-brand?post=1587"},{"taxonomy":"product_brand","embeddable":true,"href":"https:\/\/gymmakers.hu\/en\/wp-json\/wp\/v2\/product_brand?post=1587"},{"taxonomy":"product_cat","embeddable":true,"href":"https:\/\/gymmakers.hu\/en\/wp-json\/wp\/v2\/product_cat?post=1587"},{"taxonomy":"product_tag","embeddable":true,"href":"https:\/\/gymmakers.hu\/en\/wp-json\/wp\/v2\/product_tag?post=1587"}],"curies":[{"name":"wp","href":"https:\/\/api.w.org\/{rel}","templated":true}]}}