{"id":1558,"date":"2023-12-11T18:14:21","date_gmt":"2023-12-11T17:14:21","guid":{"rendered":"https:\/\/gymmakers.hu\/?post_type=product&#038;p=1558"},"modified":"2024-06-22T14:58:03","modified_gmt":"2024-06-22T12:58:03","slug":"cf-3355-ferde-linearis-labnyomas","status":"publish","type":"product","link":"https:\/\/gymmakers.hu\/en\/termek\/cf-3355-angled-linear-leg-press\/","title":{"rendered":"Angled Linear Press \u3163 CF-3355"},"content":{"rendered":"<p>With its European-style elegant lines and the durability of American engineering, the CF Commercial Freeweight product line combines beauty with strength.<\/p>\n<p>&nbsp;<\/p>\n<p class=\"p1\">A HOIST\u00ae az ipar\u00e1g egyik legjobb garancia politik\u00e1j\u00e1t k\u00edn\u00e1lja, meger\u0151s\u00edtve elk\u00f6telezetts\u00e9g\u00fcnket a min\u0151s\u00e9g \u00e9s az \u00fcgyf\u00e9l-el\u00e9gedetts\u00e9g ir\u00e1nt. A HOIST csak az eredeti v\u00e1s\u00e1rl\u00f3nak ny\u00fajt garanci\u00e1t erre a term\u00e9kre. A HOIST garant\u00e1lja, hogy ez a term\u00e9k norm\u00e1l haszn\u00e1lat vagy szolg\u00e1ltat\u00e1s mellett mentes a kivitelez\u00e9si \u00e9s\/vagy anyaghib\u00e1kt\u00f3l.<\/p>\n<p class=\"p1\">A teljes Garancia Inform\u00e1ci\u00f3\u00e9rt kattintson a \u201eT\u00e1mogat\u00e1s\u201d linkre. A garancia politika csak a gy\u00e1rt\u00f3i hib\u00e1kra vonatkozik. A HOIST fenntartja a jogot a term\u00e9kspecifik\u00e1ci\u00f3k, tervez\u00e9s \u00e9s funkci\u00f3k b\u00e1rmikori megv\u00e1ltoztat\u00e1s\u00e1ra.<\/p>","protected":false},"excerpt":{"rendered":"<p>Az eur\u00f3pai st\u00edlus\u00fa eleg\u00e1ns vonalvezet\u00e9ssel \u00e9s az amerikai m\u00e9rn\u00f6ki munka tart\u00f3ss\u00e1g\u00e1val a CF Commercial Freeweight term\u00e9ksorozat a sz\u00e9ps\u00e9get \u00f6tv\u00f6zi az er\u0151vel. Az \u00e1ll\u00edthat\u00f3 padokt\u00f3l a kett\u0151s m\u0171k\u00f6d\u00e9s\u0171 Smith g\u00e9pig minden CF berendez\u00e9s a felhaszn\u00e1l\u00f3 optim\u00e1lis teljes\u00edtm\u00e9ny\u00e9re \u00e9s kiv\u00e1l\u00f3 eredm\u00e9nyek el\u00e9r\u00e9s\u00e9re van tervezve. Olyan funkci\u00f3k, mint az er\u0151fesz\u00edt\u00e9s n\u00e9lk\u00fcli berendez\u00e9s-\u00e1ll\u00edt\u00e1sok, a lehet\u0151s\u00e9g t\u00f6bb gyakorlat v\u00e9gz\u00e9s\u00e9re egyetlen [&hellip;]<\/p>\n","protected":false},"featured_media":1559,"template":"","meta":{"_acf_changed":false},"pwb-brand":[104,79],"product_brand":[],"product_cat":[20],"product_tag":[],"class_list":{"0":"post-1558","1":"product","2":"type-product","3":"status-publish","4":"has-post-thumbnail","6":"pwb-brand-commercial-free-weight","7":"pwb-brand-hoist","8":"product_cat-egyeb","10":"first","11":"instock","12":"shipping-taxable","13":"purchasable","14":"product-type-simple"},"acf":[],"brands":[{"id":104,"name":"Commercial Free Weight","slug":"commercial-free-weight"},{"id":79,"name":"Hoist","slug":"hoist"}],"_links":{"self":[{"href":"https:\/\/gymmakers.hu\/en\/wp-json\/wp\/v2\/product\/1558","targetHints":{"allow":["GET"]}}],"collection":[{"href":"https:\/\/gymmakers.hu\/en\/wp-json\/wp\/v2\/product"}],"about":[{"href":"https:\/\/gymmakers.hu\/en\/wp-json\/wp\/v2\/types\/product"}],"wp:featuredmedia":[{"embeddable":true,"href":"https:\/\/gymmakers.hu\/en\/wp-json\/wp\/v2\/media\/1559"}],"wp:attachment":[{"href":"https:\/\/gymmakers.hu\/en\/wp-json\/wp\/v2\/media?parent=1558"}],"wp:term":[{"taxonomy":"pwb-brand","embeddable":true,"href":"https:\/\/gymmakers.hu\/en\/wp-json\/wp\/v2\/pwb-brand?post=1558"},{"taxonomy":"product_brand","embeddable":true,"href":"https:\/\/gymmakers.hu\/en\/wp-json\/wp\/v2\/product_brand?post=1558"},{"taxonomy":"product_cat","embeddable":true,"href":"https:\/\/gymmakers.hu\/en\/wp-json\/wp\/v2\/product_cat?post=1558"},{"taxonomy":"product_tag","embeddable":true,"href":"https:\/\/gymmakers.hu\/en\/wp-json\/wp\/v2\/product_tag?post=1558"}],"curies":[{"name":"wp","href":"https:\/\/api.w.org\/{rel}","templated":true}]}}