{"id":1556,"date":"2023-12-11T18:11:41","date_gmt":"2023-12-11T17:11:41","guid":{"rendered":"https:\/\/gymmakers.hu\/?post_type=product&#038;p=1556"},"modified":"2024-06-22T14:58:35","modified_gmt":"2024-06-22T12:58:35","slug":"cf-3367-a-squat-rack","status":"publish","type":"product","link":"https:\/\/gymmakers.hu\/en\/termek\/cf-3367-a-squat-rack\/","title":{"rendered":"A Squat Rack \u3163CF-3367"},"content":{"rendered":"<p>Combining the elegant lines of European style with the durability of American engineering, the CF Commercial Freeweight series merges beauty with longevity.<\/p>\n<p>Az \u00e1ll\u00edthat\u00f3 padokt\u00f3l akeretekig minden CF berendez\u00e9s a felhaszn\u00e1l\u00f3 optim\u00e1lis teljes\u00edtm\u00e9ny\u00e9re \u00e9s kiemelked\u0151 eredm\u00e9nyekre van kik\u00e9pezve. Olyan jellemz\u0151k, mint az er\u0151fesz\u00edt\u00e9s n\u00e9lk\u00fcli berendez\u00e9s \u00e1ll\u00edt\u00e1sok, a t\u00f6bb gyakorlat elv\u00e9gz\u00e9s\u00e9nek lehet\u0151s\u00e9ge egy g\u00e9pen, \u00e9s a tart\u00f3s v\u00e1zszerkezet biztosan vonzza az \u00faj tagokat \u00e9s megtartja a jelenlegi tagokat a tov\u00e1bbiakban is.<\/p>","protected":false},"excerpt":{"rendered":"<p>Combining the elegant lines of European style with the durability of American engineering, the CF Commercial Freeweight series merges beauty with longevity.<\/p>","protected":false},"featured_media":1557,"template":"","meta":{"_acf_changed":false},"pwb-brand":[104,79],"product_brand":[],"product_cat":[182],"product_tag":[],"class_list":{"0":"post-1556","1":"product","2":"type-product","3":"status-publish","4":"has-post-thumbnail","6":"pwb-brand-commercial-free-weight","7":"pwb-brand-hoist","8":"product_cat-fitness-gepek","10":"first","11":"instock","12":"shipping-taxable","13":"purchasable","14":"product-type-simple"},"acf":[],"brands":[{"id":104,"name":"Commercial Free Weight","slug":"commercial-free-weight"},{"id":79,"name":"Hoist","slug":"hoist"}],"_links":{"self":[{"href":"https:\/\/gymmakers.hu\/en\/wp-json\/wp\/v2\/product\/1556","targetHints":{"allow":["GET"]}}],"collection":[{"href":"https:\/\/gymmakers.hu\/en\/wp-json\/wp\/v2\/product"}],"about":[{"href":"https:\/\/gymmakers.hu\/en\/wp-json\/wp\/v2\/types\/product"}],"wp:featuredmedia":[{"embeddable":true,"href":"https:\/\/gymmakers.hu\/en\/wp-json\/wp\/v2\/media\/1557"}],"wp:attachment":[{"href":"https:\/\/gymmakers.hu\/en\/wp-json\/wp\/v2\/media?parent=1556"}],"wp:term":[{"taxonomy":"pwb-brand","embeddable":true,"href":"https:\/\/gymmakers.hu\/en\/wp-json\/wp\/v2\/pwb-brand?post=1556"},{"taxonomy":"product_brand","embeddable":true,"href":"https:\/\/gymmakers.hu\/en\/wp-json\/wp\/v2\/product_brand?post=1556"},{"taxonomy":"product_cat","embeddable":true,"href":"https:\/\/gymmakers.hu\/en\/wp-json\/wp\/v2\/product_cat?post=1556"},{"taxonomy":"product_tag","embeddable":true,"href":"https:\/\/gymmakers.hu\/en\/wp-json\/wp\/v2\/product_tag?post=1556"}],"curies":[{"name":"wp","href":"https:\/\/api.w.org\/{rel}","templated":true}]}}