{"id":1553,"date":"2023-12-11T18:07:16","date_gmt":"2023-12-11T17:07:16","guid":{"rendered":"https:\/\/gymmakers.hu\/?post_type=product&#038;p=1553"},"modified":"2024-06-22T14:58:55","modified_gmt":"2024-06-22T12:58:55","slug":"cf-3416-glute-thrust","status":"publish","type":"product","link":"https:\/\/gymmakers.hu\/en\/termek\/cf-3416-glute-thrust\/","title":{"rendered":"Glute-Thrust \u3163CF-3416"},"content":{"rendered":"<p>A HOIST\u00ae Glute Thrust biztons\u00e1gosan \u00e9s stabilan helyezi el a felhaszn\u00e1l\u00f3kat, hogy dinamikus cs\u00edp\u0151tol\u00e1st v\u00e9gezzenek, izol\u00e1lva a glut\u00e9uszt az er\u0151 \u00e9s a magstabilit\u00e1s \u00e9p\u00edt\u00e9se \u00e9rdek\u00e9ben egy er\u0151s cs\u00edp\u0151h\u00edd mozg\u00e1ssal. A HOIST\u00ae szabadalmaztatott 4-rudas t\u00e1mogat\u00f3 rendszer\u00e9be \u00e9p\u00edtett kiv\u00e1l\u00f3 biomechanika a felhaszn\u00e1l\u00f3k t\u00e9rd\u00e9t behajl\u00edtva tartja, korl\u00e1tozva a n\u00e9gyfej\u0171 izmok bevon\u00e1s\u00e1t, hogy teljes m\u00e9rt\u00e9kben aktiv\u00e1lja a glut\u00e9uszt. Egy t\u00falm\u00e9retezett, \u00e1ll\u00edthat\u00f3 p\u00e1rn\u00e1zat, ami k\u00e9nyelmesen fekszik a felhaszn\u00e1l\u00f3 cs\u00edp\u0151j\u00e9n, biztos\u00edtja a helyes poz\u00edci\u00f3t egy biztons\u00e1gos \u00e9s stabil edz\u00e9shez &#8211; kik\u00fcsz\u00f6b\u00f6lve a vesz\u00e9lyes tr\u00fckk\u00f6ket, amelyeket n\u00e9h\u00e1ny konditerem tag alkalmaz ezen gyakorlat sor\u00e1n. A z\u00e1rt goly\u00f3scsap\u00e1gyas forg\u00f3pontok sima \u00e9s csendes mozg\u00e1st biztos\u00edtanak a felhaszn\u00e1l\u00f3knak ezen az egyedi g\u00e9pen. A magas hat\u00e1s\u00fa polipropil\u00e9n bor\u00edt\u00e1s\u00fa s\u00falyt\u00fcsk\u00e9k v\u00e9delmezik a keretet \u00e9s cs\u00f6kkentik a zajt, mik\u00f6zben rendezettebb\u00e9 teszik a l\u00e9tes\u00edtm\u00e9nyt.<\/p>\n<p>&nbsp;<\/p>\n<p class=\"p1\">A HOIST\u00ae az ipar\u00e1g egyik legjobb garancia politik\u00e1j\u00e1t k\u00edn\u00e1lja, meger\u0151s\u00edtve elk\u00f6telezetts\u00e9g\u00fcnket a min\u0151s\u00e9g \u00e9s az \u00fcgyf\u00e9l-el\u00e9gedetts\u00e9g ir\u00e1nt. A HOIST csak az eredeti v\u00e1s\u00e1rl\u00f3nak ny\u00fajt garanci\u00e1t erre a term\u00e9kre. A HOIST garant\u00e1lja, hogy ez a term\u00e9k norm\u00e1l haszn\u00e1lat vagy szolg\u00e1ltat\u00e1s mellett mentes a kivitelez\u00e9si \u00e9s\/vagy anyaghib\u00e1kt\u00f3l.<\/p>\n<p class=\"p1\">A teljes Garancia Inform\u00e1ci\u00f3\u00e9rt kattintson a \u201eT\u00e1mogat\u00e1s\u201d linkre. A garancia politika csak a gy\u00e1rt\u00f3i hib\u00e1kra vonatkozik. A HOIST fenntartja a jogot a term\u00e9kspecifik\u00e1ci\u00f3k, tervez\u00e9s \u00e9s funkci\u00f3k b\u00e1rmikori megv\u00e1ltoztat\u00e1s\u00e1ra.<\/p>","protected":false},"excerpt":{"rendered":"<p>A HOIST\u00ae Glute Thrust biztons\u00e1gosan \u00e9s stabilan helyezi el a felhaszn\u00e1l\u00f3kat, hogy dinamikus cs\u00edp\u0151tol\u00e1st v\u00e9gezzenek, izol\u00e1lva a glut\u00e9uszt az er\u0151 \u00e9s a magstabilit\u00e1s \u00e9p\u00edt\u00e9se \u00e9rdek\u00e9ben egy er\u0151s cs\u00edp\u0151h\u00edd mozg\u00e1ssal. A HOIST\u00ae szabadalmaztatott 4-rudas t\u00e1mogat\u00f3 rendszer\u00e9be \u00e9p\u00edtett kiv\u00e1l\u00f3 biomechanika a felhaszn\u00e1l\u00f3k t\u00e9rd\u00e9t behajl\u00edtva tartja, korl\u00e1tozva a n\u00e9gyfej\u0171 izmok bevon\u00e1s\u00e1t, hogy teljes m\u00e9rt\u00e9kben aktiv\u00e1lja a glut\u00e9uszt. Egy [&hellip;]<\/p>\n","protected":false},"featured_media":1554,"template":"","meta":{"_acf_changed":false},"pwb-brand":[104,79],"product_brand":[],"product_cat":[20],"product_tag":[],"class_list":{"0":"post-1553","1":"product","2":"type-product","3":"status-publish","4":"has-post-thumbnail","6":"pwb-brand-commercial-free-weight","7":"pwb-brand-hoist","8":"product_cat-egyeb","10":"first","11":"instock","12":"shipping-taxable","13":"purchasable","14":"product-type-simple"},"acf":[],"brands":[{"id":104,"name":"Commercial Free Weight","slug":"commercial-free-weight"},{"id":79,"name":"Hoist","slug":"hoist"}],"_links":{"self":[{"href":"https:\/\/gymmakers.hu\/en\/wp-json\/wp\/v2\/product\/1553","targetHints":{"allow":["GET"]}}],"collection":[{"href":"https:\/\/gymmakers.hu\/en\/wp-json\/wp\/v2\/product"}],"about":[{"href":"https:\/\/gymmakers.hu\/en\/wp-json\/wp\/v2\/types\/product"}],"wp:featuredmedia":[{"embeddable":true,"href":"https:\/\/gymmakers.hu\/en\/wp-json\/wp\/v2\/media\/1554"}],"wp:attachment":[{"href":"https:\/\/gymmakers.hu\/en\/wp-json\/wp\/v2\/media?parent=1553"}],"wp:term":[{"taxonomy":"pwb-brand","embeddable":true,"href":"https:\/\/gymmakers.hu\/en\/wp-json\/wp\/v2\/pwb-brand?post=1553"},{"taxonomy":"product_brand","embeddable":true,"href":"https:\/\/gymmakers.hu\/en\/wp-json\/wp\/v2\/product_brand?post=1553"},{"taxonomy":"product_cat","embeddable":true,"href":"https:\/\/gymmakers.hu\/en\/wp-json\/wp\/v2\/product_cat?post=1553"},{"taxonomy":"product_tag","embeddable":true,"href":"https:\/\/gymmakers.hu\/en\/wp-json\/wp\/v2\/product_tag?post=1553"}],"curies":[{"name":"wp","href":"https:\/\/api.w.org\/{rel}","templated":true}]}}