{"id":1551,"date":"2023-12-11T18:03:25","date_gmt":"2023-12-11T17:03:25","guid":{"rendered":"https:\/\/gymmakers.hu\/?post_type=product&#038;p=1551"},"modified":"2024-06-22T14:59:19","modified_gmt":"2024-06-22T12:59:19","slug":"cf-3356-hack-squat","status":"publish","type":"product","link":"https:\/\/gymmakers.hu\/en\/termek\/cf-3356-hack-squat\/","title":{"rendered":"Hack Squat \u3163CF-3356"},"content":{"rendered":"<p>A HOIST\u00ae Hack Squat teljesen \u00faj szintre emeli a l\u00e1bnapos edz\u00e9seket! \u00dagy tervezt\u00e9k, hogy a fels\u0151 h\u00e1tr\u00e9szt \u00e9s a cs\u00edp\u0151t biztons\u00e1gos, k\u00e9nyelmes \u00e9s stabil helyzetben tartsa, kiv\u00e9teles p\u00e1rn\u00e1z\u00e1ssal a h\u00e1t \u00e9s a v\u00e1llak sz\u00e1m\u00e1ra, ez a g\u00e9p a n\u00e9gyfej\u0171 combizmokat c\u00e9lozza meg, amely az egyik legnagyobb izomcsoport a testben. Egy nagy l\u00e1bt\u00e1masz biztos\u00edtja a k\u00e9nyelmes poz\u00edci\u00f3t sz\u00e9les felhaszn\u00e1l\u00f3i k\u00f6r sz\u00e1m\u00e1ra, \u00e9s a 42 fokos sz\u00f6g kis helyig\u00e9nyt teremt, \u00edgy helyet takar\u00edt meg az \u00d6n l\u00e9tes\u00edtm\u00e9ny\u00e9ben. Egy intuit\u00edv, k\u00f6nnyen haszn\u00e1lhat\u00f3 biztons\u00e1gi z\u00e1rszerkezet k\u00e9t markolattal seg\u00edt a felhaszn\u00e1l\u00f3k biztons\u00e1g\u00e1t szavatolni, a teljesen z\u00e1rt line\u00e1ris csap\u00e1gyak pedig sima \u00e9s csendes mozg\u00e1st biztos\u00edtanak. Ellen\u00e1ll\u00e1s szalagok hozz\u00e1ad\u00e1s\u00e1ra szolg\u00e1l\u00f3 peg-ek vannak be\u00e9p\u00edtve a g\u00e9p mindk\u00e9t oldal\u00e1ra. A magas hat\u00e1s\u00fa polipropil\u00e9n bor\u00edt\u00e1s\u00fa s\u00falyt\u00fcsk\u00e9k v\u00e9delmezik a keretet \u00e9s cs\u00f6kkentik a zajt.<\/p>\n<p>&nbsp;<\/p>\n<p>A HOIST\u00ae az ipar\u00e1g egyik legjobb garancia politik\u00e1j\u00e1t k\u00edn\u00e1lja, meger\u0151s\u00edtve elk\u00f6telezetts\u00e9g\u00fcnket a min\u0151s\u00e9g \u00e9s az \u00fcgyf\u00e9l-el\u00e9gedetts\u00e9g ir\u00e1nt. A HOIST csak az eredeti v\u00e1s\u00e1rl\u00f3nak ny\u00fajt garanci\u00e1t erre a term\u00e9kre. A HOIST garant\u00e1lja, hogy ez a term\u00e9k norm\u00e1l haszn\u00e1lat vagy szolg\u00e1ltat\u00e1s mellett mentes a kivitelez\u00e9si \u00e9s\/vagy anyaghib\u00e1kt\u00f3l.<\/p>\n<p>A teljes Garancia Inform\u00e1ci\u00f3\u00e9rt kattintson a \u201eT\u00e1mogat\u00e1s\u201d linkre. A garancia politika csak a gy\u00e1rt\u00f3i hib\u00e1kra vonatkozik. A HOIST fenntartja a jogot a term\u00e9kspecifik\u00e1ci\u00f3k, tervez\u00e9s \u00e9s funkci\u00f3k b\u00e1rmikori megv\u00e1ltoztat\u00e1s\u00e1ra.<\/p>","protected":false},"excerpt":{"rendered":"<p>The HOIST\u00ae Hack Squat takes leg day workouts to a whole new level!<\/p>","protected":false},"featured_media":1552,"template":"","meta":{"_acf_changed":false},"pwb-brand":[104,79],"product_brand":[],"product_cat":[182],"product_tag":[],"class_list":{"0":"post-1551","1":"product","2":"type-product","3":"status-publish","4":"has-post-thumbnail","6":"pwb-brand-commercial-free-weight","7":"pwb-brand-hoist","8":"product_cat-fitness-gepek","10":"first","11":"instock","12":"shipping-taxable","13":"purchasable","14":"product-type-simple"},"acf":[],"brands":[{"id":104,"name":"Commercial Free Weight","slug":"commercial-free-weight"},{"id":79,"name":"Hoist","slug":"hoist"}],"_links":{"self":[{"href":"https:\/\/gymmakers.hu\/en\/wp-json\/wp\/v2\/product\/1551","targetHints":{"allow":["GET"]}}],"collection":[{"href":"https:\/\/gymmakers.hu\/en\/wp-json\/wp\/v2\/product"}],"about":[{"href":"https:\/\/gymmakers.hu\/en\/wp-json\/wp\/v2\/types\/product"}],"wp:featuredmedia":[{"embeddable":true,"href":"https:\/\/gymmakers.hu\/en\/wp-json\/wp\/v2\/media\/1552"}],"wp:attachment":[{"href":"https:\/\/gymmakers.hu\/en\/wp-json\/wp\/v2\/media?parent=1551"}],"wp:term":[{"taxonomy":"pwb-brand","embeddable":true,"href":"https:\/\/gymmakers.hu\/en\/wp-json\/wp\/v2\/pwb-brand?post=1551"},{"taxonomy":"product_brand","embeddable":true,"href":"https:\/\/gymmakers.hu\/en\/wp-json\/wp\/v2\/product_brand?post=1551"},{"taxonomy":"product_cat","embeddable":true,"href":"https:\/\/gymmakers.hu\/en\/wp-json\/wp\/v2\/product_cat?post=1551"},{"taxonomy":"product_tag","embeddable":true,"href":"https:\/\/gymmakers.hu\/en\/wp-json\/wp\/v2\/product_tag?post=1551"}],"curies":[{"name":"wp","href":"https:\/\/api.w.org\/{rel}","templated":true}]}}