{"id":1504,"date":"2023-12-08T15:48:21","date_gmt":"2023-12-08T14:48:21","guid":{"rendered":"https:\/\/gymmakers.hu\/?post_type=product&#038;p=1504"},"modified":"2024-06-22T15:03:22","modified_gmt":"2024-06-22T13:03:22","slug":"cmj-6000-2-9-station-dual-pod","status":"publish","type":"product","link":"https:\/\/gymmakers.hu\/en\/termek\/cmj-6000-2-9-station-dual-pod\/","title":{"rendered":"CMJ-6000-2 9 STATION \u2013 DUAL POD"},"content":{"rendered":"<p>A HOIST Commercial Multi Jungle System a l\u00e9tes\u00edtm\u00e9ny ig\u00e9nyeinek \u00e9s a tagok fitnesz k\u00f6vetelm\u00e9nyeinek megfelel\u0151en konfigur\u00e1lhat\u00f3. A dzsungel rendszert a standard n\u00e9gy \u00e1llom\u00e1sos kapszul\u00e1t\u00f3l kezdve b\u0151v\u00edtheti kilenc vagy tizenn\u00e9gy \u00e1llom\u00e1sosra a Crossover H\u00faz\u00f3dzkod\u00f3 R\u00fad (CMJ-OPT-01) hozz\u00e1ad\u00e1s\u00e1val. A rendszer \u00e9rdekess\u00e9 teszi a felhaszn\u00e1l\u00f3k sz\u00e1m\u00e1ra az edz\u00e9st, lehet\u0151s\u00e9get biztos\u00edtva a teljes test megdolgoztat\u00e1s\u00e1ra \u00e9s rugalmass\u00e1got k\u00edn\u00e1lva a saj\u00e1t gyakorlatok meghat\u00e1roz\u00e1s\u00e1ra.<\/p>\n<p>&nbsp;<\/p>\n<div class=\"w-full text-token-text-primary\" data-testid=\"conversation-turn-11\">\n<div class=\"px-4 py-2 justify-center text-base md:gap-6 m-auto\">\n<div class=\"flex flex-1 text-base mx-auto gap-3 md:px-5 lg:px-1 xl:px-5 md:max-w-3xl lg:max-w-[40rem] xl:max-w-[48rem] } group\">\n<div class=\"relative flex w-full flex-col lg:w-[calc(100%-115px)] agent-turn\">\n<div class=\"flex-col gap-1 md:gap-3\">\n<div class=\"flex flex-grow flex-col max-w-full\">\n<div class=\"min-h-[20px] text-message flex flex-col items-start gap-3 whitespace-pre-wrap break-words [.text-message+&amp;]:mt-5 overflow-x-auto\" data-message-author-role=\"assistant\" data-message-id=\"2fed237e-3d98-42f5-9d51-05e8b97c7e99\">\n<div class=\"markdown prose w-full break-words dark:prose-invert light\">\n<p>A HOIST\u00ae az ipar\u00e1g egyik legjobb garancia politik\u00e1j\u00e1t k\u00edn\u00e1lja, meger\u0151s\u00edtve elk\u00f6telezetts\u00e9g\u00fcnket a min\u0151s\u00e9g \u00e9s az \u00fcgyf\u00e9l-el\u00e9gedetts\u00e9g ir\u00e1nt. A HOIST csak az eredeti v\u00e1s\u00e1rl\u00f3nak ny\u00fajt garanci\u00e1t erre a term\u00e9kre. A HOIST garant\u00e1lja, hogy ez a term\u00e9k norm\u00e1l haszn\u00e1lat vagy szolg\u00e1ltat\u00e1s mellett mentes a kivitelez\u00e9si \u00e9s\/vagy anyaghib\u00e1kt\u00f3l.<\/p>\n<p>A teljes Garancia Inform\u00e1ci\u00f3\u00e9rt kattintson a \u201eT\u00e1mogat\u00e1s\u201d linkre. A garancia politika csak a gy\u00e1rt\u00f3 hib\u00e1ira vonatkozik. A HOIST fenntartja a jogot a term\u00e9kspecifik\u00e1ci\u00f3k, tervez\u00e9s \u00e9s funkci\u00f3k b\u00e1rmikori megv\u00e1ltoztat\u00e1s\u00e1ra.<\/p>\n<\/div>\n<\/div>\n<\/div>\n<div class=\"mt-1 flex justify-start gap-3 empty:hidden\">\n<div class=\"text-gray-400 flex self-end lg:self-center justify-center lg:justify-start mt-0 gap-1 visible\">\n<p>&nbsp;<\/p>\n<div class=\"flex gap-1\"><\/div>\n<\/div>\n<\/div>\n<\/div>\n<\/div>\n<\/div>\n<\/div>\n<\/div>\n<div class=\"w-full text-token-text-primary\" data-testid=\"conversation-turn-12\">\n<div class=\"px-4 py-2 justify-center text-base md:gap-6 m-auto\">\n<div class=\"flex flex-1 text-base mx-auto gap-3 md:px-5 lg:px-1 xl:px-5 md:max-w-3xl lg:max-w-[40rem] xl:max-w-[48rem] } group\">\n<div class=\"flex-shrink-0 flex flex-col relative items-end\">\n<div>\n<div class=\"pt-0.5\">\n<div class=\"gizmo-shadow-stroke flex h-6 w-6 items-center justify-center overflow-hidden rounded-full\"><\/div>\n<\/div>\n<\/div>\n<\/div>\n<\/div>\n<\/div>\n<\/div>\n","protected":false},"excerpt":{"rendered":"<p>The HOIST Commercial Multi Jungle System can be configured according to the facility's needs and the fitness requirements of the members.<\/p>","protected":false},"featured_media":3419,"template":"","meta":{"_acf_changed":false},"pwb-brand":[79,102],"product_brand":[],"product_cat":[182],"product_tag":[],"class_list":{"0":"post-1504","1":"product","2":"type-product","3":"status-publish","4":"has-post-thumbnail","6":"pwb-brand-hoist","7":"pwb-brand-motioncage","8":"product_cat-fitness-gepek","10":"first","11":"instock","12":"shipping-taxable","13":"purchasable","14":"product-type-simple"},"acf":[],"brands":[{"id":79,"name":"Hoist","slug":"hoist"},{"id":102,"name":"Multi Jungle Systems","slug":"motioncage"}],"_links":{"self":[{"href":"https:\/\/gymmakers.hu\/en\/wp-json\/wp\/v2\/product\/1504","targetHints":{"allow":["GET"]}}],"collection":[{"href":"https:\/\/gymmakers.hu\/en\/wp-json\/wp\/v2\/product"}],"about":[{"href":"https:\/\/gymmakers.hu\/en\/wp-json\/wp\/v2\/types\/product"}],"wp:featuredmedia":[{"embeddable":true,"href":"https:\/\/gymmakers.hu\/en\/wp-json\/wp\/v2\/media\/3419"}],"wp:attachment":[{"href":"https:\/\/gymmakers.hu\/en\/wp-json\/wp\/v2\/media?parent=1504"}],"wp:term":[{"taxonomy":"pwb-brand","embeddable":true,"href":"https:\/\/gymmakers.hu\/en\/wp-json\/wp\/v2\/pwb-brand?post=1504"},{"taxonomy":"product_brand","embeddable":true,"href":"https:\/\/gymmakers.hu\/en\/wp-json\/wp\/v2\/product_brand?post=1504"},{"taxonomy":"product_cat","embeddable":true,"href":"https:\/\/gymmakers.hu\/en\/wp-json\/wp\/v2\/product_cat?post=1504"},{"taxonomy":"product_tag","embeddable":true,"href":"https:\/\/gymmakers.hu\/en\/wp-json\/wp\/v2\/product_tag?post=1504"}],"curies":[{"name":"wp","href":"https:\/\/api.w.org\/{rel}","templated":true}]}}