{"id":1493,"date":"2023-12-08T15:14:55","date_gmt":"2023-12-08T14:14:55","guid":{"rendered":"https:\/\/gymmakers.hu\/?post_type=product&#038;p=1493"},"modified":"2024-06-22T14:49:44","modified_gmt":"2024-06-22T12:49:44","slug":"rpl-5201-lat-pulldown","status":"publish","type":"product","link":"https:\/\/gymmakers.hu\/en\/termek\/rpl-5201-lat-pulldown\/","title":{"rendered":"Lat Pulldown \u3163 RPL-5201"},"content":{"rendered":"<div class=\"flex-1 overflow-hidden\">\n<div class=\"react-scroll-to-bottom--css-xpugk-79elbk h-full\">\n<div class=\"react-scroll-to-bottom--css-xpugk-1n7m0yu\">\n<div class=\"flex flex-col pb-9 text-sm\">\n<div class=\"w-full text-token-text-primary\" data-testid=\"conversation-turn-35\">\n<div class=\"px-4 py-2 justify-center text-base md:gap-6 m-auto\">\n<div class=\"flex flex-1 text-base mx-auto gap-3 md:px-5 lg:px-1 xl:px-5 md:max-w-3xl lg:max-w-[40rem] xl:max-w-[48rem] } group final-completion\">\n<div class=\"relative flex w-full flex-col lg:w-[calc(100%-115px)] agent-turn\">\n<div class=\"flex-col gap-1 md:gap-3\">\n<div class=\"flex flex-grow flex-col max-w-full\">\n<div class=\"min-h-[20px] text-message flex flex-col items-start gap-3 whitespace-pre-wrap break-words [.text-message+&amp;]:mt-5 overflow-x-auto\" data-message-author-role=\"assistant\" data-message-id=\"a730522b-3b98-4602-a105-c78f4c5fb092\">\n<div class=\"markdown prose w-full break-words dark:prose-invert light\">\n<div class=\"flex-shrink-0 flex flex-col relative items-end\">\n<div>\n<div class=\"pt-0.5 juice:pt-0\">\n<div class=\"gizmo-bot-avatar flex h-6 w-6 items-center justify-center overflow-hidden rounded-full juice:h-8 juice:w-8\">\n<div class=\"relative p-1 rounded-sm flex items-center justify-center bg-token-main-surface-primary text-token-text-primary h-8 w-8\"><\/div>\n<\/div>\n<\/div>\n<\/div>\n<\/div>\n<div class=\"group\/conversation-turn relative flex w-full min-w-0 flex-col agent-turn\">\n<div class=\"flex-col gap-1 md:gap-3\">\n<div class=\"flex flex-grow flex-col max-w-full\">\n<div class=\"min-h-[20px] text-message flex flex-col items-start whitespace-pre-wrap break-words [.text-message+&amp;]:mt-5 juice:w-full juice:items-end overflow-x-auto gap-2\" dir=\"auto\" data-message-author-role=\"assistant\" data-message-id=\"384cad77-ce53-4a33-84b2-39ede6157ae6\">\n<div class=\"flex w-full flex-col gap-1 juice:empty:hidden juice:first:pt-[3px]\">\n<div class=\"markdown prose w-full break-words dark:prose-invert light\">\n<h3>Lat Pulldown \u3163 RPL-5201<\/h3>\n<p><strong>Le\u00edr\u00e1s:<\/strong> A HOIST\u00ae Lat Pulldown, az RPL-5201 modell, a ROX\u2122 technol\u00f3gi\u00e1val biztons\u00e1gosan \u00e9p\u00edti a sz\u00e9les h\u00e1tizmokat \u00e9s az fels\u0151 h\u00e1t erej\u00e9t, mik\u00f6zben ut\u00e1nozza a h\u00faz\u00f3dzkod\u00e1s term\u00e9szetes form\u00e1j\u00e1t. Ez a ROC-IT egys\u00e9g megemeli az \u00fcl\u00e9st, mik\u00f6zben egyidej\u0171leg h\u00e1trad\u00f6nti a felhaszn\u00e1l\u00f3 test\u00e9t, elker\u00fclve az als\u00f3 h\u00e1t t\u00falzott megfesz\u00edt\u00e9s\u00e9t. A f\u00fcggetlen, elv\u00e1laszt\u00f3 \u00e9s ellen-s\u00falyozott h\u00faz\u00f3karok term\u00e9szetes mozg\u00e1st biztos\u00edtanak, minimaliz\u00e1lva a v\u00e1ll\u00edz\u00fcletekre gyakorolt stresszt, \u00e9s lehet\u0151v\u00e9 t\u00e9ve az alacsony kezd\u0151s\u00falyt. Az \u00f6nbe\u00e1ll\u00edt\u00f3 foganty\u00fak t\u00f6bb fog\u00e1si lehet\u0151s\u00e9ggel rendelkeznek, hogy k\u00fcl\u00f6nb\u00f6z\u0151 karhossz\u00fas\u00e1g\u00fa \u00e9s testm\u00e9ret\u0171 felhaszn\u00e1l\u00f3k sz\u00e1m\u00e1ra is megfeleljenek. A be\u00e9p\u00edtett s\u00falyt\u00e1rol\u00f3k nagylelk\u0171 m\u00e9ret\u0171ek, \u00edgy a felhaszn\u00e1l\u00f3k k\u00f6nnyed\u00e9n hozz\u00e1adhatnak t\u00e1rcs\u00e1kat a g\u00e9phez, mik\u00f6zben a terem rendben \u00e9s helytakar\u00e9kos marad.<\/p>\n<p><strong>Specifik\u00e1ci\u00f3k:<\/strong><\/p>\n<ul>\n<li><strong>M\u00e9retek:<\/strong>\n<ul>\n<li>Sz\u00e9less\u00e9g: 133 cm (52.50 inches)<\/li>\n<li>Hossz\u00fas\u00e1g: 209 cm (82.25 inches)<\/li>\n<li>Magass\u00e1g: 185 cm (73.00 inches)<\/li>\n<\/ul>\n<\/li>\n<li><strong>S\u00faly:<\/strong>\n<ul>\n<li>G\u00e9p s\u00falya: 198 kg (437 lbs)<\/li>\n<li>Max. t\u00e1rol\u00e1si kapacit\u00e1s: 327 kg (720 lbs)<\/li>\n<li>Max. terhelhet\u0151s\u00e9g: 363 kg (800 lbs)<\/li>\n<\/ul>\n<\/li>\n<li><strong>K\u00e1rpit sz\u00edne:<\/strong> Fekete<\/li>\n<\/ul>\n<p><strong>Jellemz\u0151k:<\/strong><\/p>\n<ol>\n<li>ROC-IT\u00ae technol\u00f3gia, amely megemeli az \u00fcl\u00e9st, mik\u00f6zben h\u00e1trad\u00f6nti a testet, ut\u00e1nozva a term\u00e9szetes h\u00faz\u00f3dzkod\u00e1st \u00e9s elker\u00fclve az als\u00f3 h\u00e1t t\u00falzott megfesz\u00edt\u00e9s\u00e9t.<\/li>\n<li>F\u00fcggetlen, elv\u00e1laszt\u00f3 h\u00faz\u00f3karok term\u00e9szetes mozg\u00e1st biztos\u00edtanak \u00e9s minimaliz\u00e1lj\u00e1k a v\u00e1ll\u00edz\u00fcletekre gyakorolt stresszt.<\/li>\n<li>T\u00f6bb fog\u00e1si lehet\u0151s\u00e9ggel rendelkez\u0151 \u00f6nbe\u00e1ll\u00edt\u00f3 foganty\u00fak, amelyek k\u00fcl\u00f6nb\u00f6z\u0151 testm\u00e9ret\u0171 \u00e9s karhossz\u00fas\u00e1g\u00fa felhaszn\u00e1l\u00f3k sz\u00e1m\u00e1ra is megfelelnek.<\/li>\n<li>Ellen-s\u00falyozott h\u00faz\u00f3karok az alacsony kezd\u0151s\u00faly \u00e9rdek\u00e9ben.<\/li>\n<li>Be\u00e9p\u00edtett s\u00falyt\u00e1rol\u00f3k.<\/li>\n<\/ol>\n<p><strong>Megjegyz\u00e9s:<\/strong> A term\u00e9k szerkezete \u00e9s kialak\u00edt\u00e1sa el\u0151zetes \u00e9rtes\u00edt\u00e9s n\u00e9lk\u00fcl v\u00e1ltozhat a biztons\u00e1g \u00e9s funkcionalit\u00e1s jav\u00edt\u00e1sa \u00e9rdek\u00e9ben.<\/p>\n<\/div>\n<\/div>\n<\/div>\n<\/div>\n<\/div>\n<\/div>\n<\/div>\n<\/div>\n<\/div>\n<\/div>\n<\/div>\n<\/div>\n<\/div>\n<\/div>\n<\/div>\n<\/div>\n<\/div>\n<\/div>\n","protected":false},"excerpt":{"rendered":"<div class=\"flex-shrink-0 flex flex-col relative items-end\">\n<div>\n<div class=\"pt-0.5 juice:pt-0\">\n<div class=\"gizmo-bot-avatar flex h-6 w-6 items-center justify-center overflow-hidden rounded-full juice:h-8 juice:w-8\">\n<div class=\"relative p-1 rounded-sm flex items-center justify-center bg-token-main-surface-primary text-token-text-primary h-8 w-8\"><\/div>\n<\/div>\n<\/div>\n<\/div>\n<\/div>\n<div class=\"group\/conversation-turn relative flex w-full min-w-0 flex-col agent-turn\">\n<div class=\"flex-col gap-1 md:gap-3\">\n<div class=\"flex flex-grow flex-col max-w-full\">\n<div class=\"min-h-[20px] text-message flex flex-col items-start whitespace-pre-wrap break-words [.text-message+&amp;]:mt-5 juice:w-full juice:items-end overflow-x-auto gap-2\" dir=\"auto\" data-message-author-role=\"assistant\" data-message-id=\"384cad77-ce53-4a33-84b2-39ede6157ae6\">\n<div class=\"flex w-full flex-col gap-1 juice:empty:hidden juice:first:pt-[3px]\">\n<div class=\"markdown prose w-full break-words dark:prose-invert light\">\n<h3>Lat Pulldown \u3163 RPL-5201<\/h3>\n<p><strong>Le\u00edr\u00e1s:<\/strong> A HOIST\u00ae Lat Pulldown, az RPL-5201 modell, a ROX\u2122 technol\u00f3gi\u00e1val biztons\u00e1gosan \u00e9p\u00edti a sz\u00e9les h\u00e1tizmokat \u00e9s az fels\u0151 h\u00e1t erej\u00e9t, mik\u00f6zben ut\u00e1nozza a h\u00faz\u00f3dzkod\u00e1s term\u00e9szetes form\u00e1j\u00e1t. Ez a ROC-IT egys\u00e9g megemeli az \u00fcl\u00e9st, mik\u00f6zben egyidej\u0171leg h\u00e1trad\u00f6nti a felhaszn\u00e1l\u00f3 test\u00e9t, elker\u00fclve az als\u00f3 h\u00e1t t\u00falzott megfesz\u00edt\u00e9s\u00e9t. A f\u00fcggetlen, elv\u00e1laszt\u00f3 \u00e9s ellen-s\u00falyozott h\u00faz\u00f3karok term\u00e9szetes mozg\u00e1st biztos\u00edtanak, minimaliz\u00e1lva a v\u00e1ll\u00edz\u00fcletekre gyakorolt stresszt, \u00e9s lehet\u0151v\u00e9 t\u00e9ve az alacsony kezd\u0151s\u00falyt. Az \u00f6nbe\u00e1ll\u00edt\u00f3 foganty\u00fak t\u00f6bb fog\u00e1si lehet\u0151s\u00e9ggel rendelkeznek, hogy k\u00fcl\u00f6nb\u00f6z\u0151 karhossz\u00fas\u00e1g\u00fa \u00e9s testm\u00e9ret\u0171 felhaszn\u00e1l\u00f3k sz\u00e1m\u00e1ra is megfeleljenek. A be\u00e9p\u00edtett s\u00falyt\u00e1rol\u00f3k nagylelk\u0171 m\u00e9ret\u0171ek, \u00edgy a felhaszn\u00e1l\u00f3k k\u00f6nnyed\u00e9n hozz\u00e1adhatnak t\u00e1rcs\u00e1kat a g\u00e9phez, mik\u00f6zben a terem rendben \u00e9s helytakar\u00e9kos marad.<\/p>\n<p><strong>Specifik\u00e1ci\u00f3k:<\/strong><\/p>\n<ul>\n<li><strong>M\u00e9retek:<\/strong>\n<ul>\n<li>Sz\u00e9less\u00e9g: 133 cm (52.50 inches)<\/li>\n<li>Hossz\u00fas\u00e1g: 209 cm (82.25 inches)<\/li>\n<li>Magass\u00e1g: 185 cm (73.00 inches)<\/li>\n<\/ul>\n<\/li>\n<li><strong>S\u00faly:<\/strong>\n<ul>\n<li>G\u00e9p s\u00falya: 198 kg (437 lbs)<\/li>\n<li>Max. t\u00e1rol\u00e1si kapacit\u00e1s: 327 kg (720 lbs)<\/li>\n<li>Max. terhelhet\u0151s\u00e9g: 363 kg (800 lbs)<\/li>\n<\/ul>\n<\/li>\n<li><strong>K\u00e1rpit sz\u00edne:<\/strong> Fekete<\/li>\n<\/ul>\n<p><strong>Jellemz\u0151k:<\/strong><\/p>\n<ol>\n<li>ROC-IT\u00ae technol\u00f3gia, amely megemeli az \u00fcl\u00e9st, mik\u00f6zben h\u00e1trad\u00f6nti a testet, ut\u00e1nozva a term\u00e9szetes h\u00faz\u00f3dzkod\u00e1st \u00e9s elker\u00fclve az als\u00f3 h\u00e1t t\u00falzott megfesz\u00edt\u00e9s\u00e9t.<\/li>\n<li>F\u00fcggetlen, elv\u00e1laszt\u00f3 h\u00faz\u00f3karok term\u00e9szetes mozg\u00e1st biztos\u00edtanak \u00e9s minimaliz\u00e1lj\u00e1k a v\u00e1ll\u00edz\u00fcletekre gyakorolt stresszt.<\/li>\n<li>T\u00f6bb fog\u00e1si lehet\u0151s\u00e9ggel rendelkez\u0151 \u00f6nbe\u00e1ll\u00edt\u00f3 foganty\u00fak, amelyek k\u00fcl\u00f6nb\u00f6z\u0151 testm\u00e9ret\u0171 \u00e9s karhossz\u00fas\u00e1g\u00fa felhaszn\u00e1l\u00f3k sz\u00e1m\u00e1ra is megfelelnek.<\/li>\n<li>Ellen-s\u00falyozott h\u00faz\u00f3karok az alacsony kezd\u0151s\u00faly \u00e9rdek\u00e9ben.<\/li>\n<li>Be\u00e9p\u00edtett s\u00falyt\u00e1rol\u00f3k.<\/li>\n<\/ol>\n<p><strong>Megjegyz\u00e9s:<\/strong> A term\u00e9k szerkezete \u00e9s kialak\u00edt\u00e1sa el\u0151zetes \u00e9rtes\u00edt\u00e9s n\u00e9lk\u00fcl v\u00e1ltozhat a biztons\u00e1g \u00e9s funkcionalit\u00e1s jav\u00edt\u00e1sa \u00e9rdek\u00e9ben.<\/p>\n<\/div>\n<\/div>\n<\/div>\n<\/div>\n<\/div>\n<\/div>\n","protected":false},"featured_media":1494,"template":"","meta":{"_acf_changed":false},"pwb-brand":[79,83],"product_brand":[],"product_cat":[182],"product_tag":[],"class_list":{"0":"post-1493","1":"product","2":"type-product","3":"status-publish","4":"has-post-thumbnail","6":"pwb-brand-hoist","7":"pwb-brand-roc-it-plate-loaded","8":"product_cat-fitness-gepek","10":"first","11":"instock","12":"shipping-taxable","13":"purchasable","14":"product-type-simple"},"acf":[],"brands":[{"id":79,"name":"Hoist","slug":"hoist"},{"id":83,"name":"ROC-IT Plate Loaded","slug":"roc-it-plate-loaded"}],"_links":{"self":[{"href":"https:\/\/gymmakers.hu\/en\/wp-json\/wp\/v2\/product\/1493","targetHints":{"allow":["GET"]}}],"collection":[{"href":"https:\/\/gymmakers.hu\/en\/wp-json\/wp\/v2\/product"}],"about":[{"href":"https:\/\/gymmakers.hu\/en\/wp-json\/wp\/v2\/types\/product"}],"wp:featuredmedia":[{"embeddable":true,"href":"https:\/\/gymmakers.hu\/en\/wp-json\/wp\/v2\/media\/1494"}],"wp:attachment":[{"href":"https:\/\/gymmakers.hu\/en\/wp-json\/wp\/v2\/media?parent=1493"}],"wp:term":[{"taxonomy":"pwb-brand","embeddable":true,"href":"https:\/\/gymmakers.hu\/en\/wp-json\/wp\/v2\/pwb-brand?post=1493"},{"taxonomy":"product_brand","embeddable":true,"href":"https:\/\/gymmakers.hu\/en\/wp-json\/wp\/v2\/product_brand?post=1493"},{"taxonomy":"product_cat","embeddable":true,"href":"https:\/\/gymmakers.hu\/en\/wp-json\/wp\/v2\/product_cat?post=1493"},{"taxonomy":"product_tag","embeddable":true,"href":"https:\/\/gymmakers.hu\/en\/wp-json\/wp\/v2\/product_tag?post=1493"}],"curies":[{"name":"wp","href":"https:\/\/api.w.org\/{rel}","templated":true}]}}