{"id":1383,"date":"2023-12-05T12:58:05","date_gmt":"2023-12-05T11:58:05","guid":{"rendered":"https:\/\/gymmakers.hu\/?post_type=product&#038;p=1383"},"modified":"2025-03-20T15:38:29","modified_gmt":"2025-03-20T14:38:29","slug":"hacklift","status":"publish","type":"product","link":"https:\/\/gymmakers.hu\/en\/termek\/hacklift\/","title":{"rendered":"Hacklift"},"content":{"rendered":"<p>The Gymleco Hacklift machine is one of our best-selling products worldwide.<\/p>\n<h3>Tov\u00e1bbi r\u00e9szletek a Hacklift g\u00e9pr\u0151l<\/h3>\n<p>A Gymleco Hacklift g\u00e9pe, m\u00e1sn\u00e9ven a Hacksquat g\u00e9p, helytakar\u00e9kos megold\u00e1st k\u00edn\u00e1l an\u00e9lk\u00fcl, hogy a funkcionalit\u00e1st vesz\u00e9lyeztetn\u00e9.<\/p>\n<p>A hack squat gyakorlat sor\u00e1n aktiv\u00e1l\u00f3dnak a combizmok, h\u00e1tizmok, cs\u00edp\u0151 flexorok \u00e9s farizmok. A l\u00e1bak er\u0151sebb\u00e9 v\u00e1lnak a s\u00faly gyors v\u00e1lasz\u00e1ra \u00e9p\u00edtve. A g\u00e9p \u00e1ll\u00f3 poz\u00edci\u00f3ban tart t\u00e9ged, biztons\u00e1gosan t\u00e1mogatva a s\u00falyt, mik\u00f6zben a l\u00e1bak hajtj\u00e1k a mozg\u00e1st. Ezzel a Gymleco g\u00e9ppel v\u00e9gzett edz\u00e9s sima \u00e9s ergonomikus \u00e9rz\u00e9st ny\u00fajt az eg\u00e9sz mozg\u00e1sp\u00e1ly\u00e1n.<\/p>\n<h3>K\u00fcl\u00f6nleges jellemz\u0151k a l\u00e1bg\u00e9pen<\/h3>\n<p>Olyan edz\u0151g\u00e9pet keresel, amely hat\u00e9kony \u00e9s ergonomikus m\u00f3don seg\u00edt er\u0151s\u00edteni a l\u00e1badat? Ez az! Ez az edz\u0151g\u00e9p tapasztalatok alapj\u00e1n lett tervezve, \u00e9s ez\u00e9rt rendelkezik a megfelel\u0151 biomechanik\u00e1val. Ez hat\u00e9kony mozg\u00e1st biztos\u00edt, \u00e9s cs\u00f6kkentheti a s\u00e9r\u00fcl\u00e9s kock\u00e1zat\u00e1t. A g\u00e9p nagy l\u00e1btart\u00f3val van felszerelve, \u00edgy megtal\u00e1lhatod a saj\u00e1t poz\u00edci\u00f3d a mozg\u00e1shoz. Emellett v\u00e1llt\u00e1masszal \u00e9s fejt\u00e1ml\u00e1val rendelkezik, hogy sima \u00e9s kellemes legyen a gyakorlat.<\/p>\n<h3>Egy\u00e9b g\u00e9pr\u00e9szletek<\/h3>\n<p>Nagy, \u00e1ll\u00edthat\u00f3, gumival bor\u00edtott l\u00e1btart\u00f3 Ergonomikus sz\u00f6gek Nagyon massz\u00edv v\u00e1z \u00e9s talicska A talicska s\u00falya 47,4 kg (a g\u00e9pben 45 fokos d\u0151l\u00e9ssz\u00f6g mellett, ebb\u0151l a s\u00falyb\u00f3l 33,5 kg jut a l\u00e1bakhoz)<\/p>","protected":false},"excerpt":{"rendered":"<p>The Gymleco Hacklift machine is one of our best-selling products worldwide.<\/p>","protected":false},"featured_media":5035,"template":"","meta":{"_acf_changed":false},"pwb-brand":[44],"product_brand":[],"product_cat":[20],"product_tag":[],"class_list":{"0":"post-1383","1":"product","2":"type-product","3":"status-publish","4":"has-post-thumbnail","6":"pwb-brand-gymleco","7":"product_cat-egyeb","9":"first","10":"instock","11":"shipping-taxable","12":"purchasable","13":"product-type-simple"},"acf":[],"brands":[{"id":44,"name":"Gymleco","slug":"gymleco"}],"_links":{"self":[{"href":"https:\/\/gymmakers.hu\/en\/wp-json\/wp\/v2\/product\/1383","targetHints":{"allow":["GET"]}}],"collection":[{"href":"https:\/\/gymmakers.hu\/en\/wp-json\/wp\/v2\/product"}],"about":[{"href":"https:\/\/gymmakers.hu\/en\/wp-json\/wp\/v2\/types\/product"}],"wp:featuredmedia":[{"embeddable":true,"href":"https:\/\/gymmakers.hu\/en\/wp-json\/wp\/v2\/media\/5035"}],"wp:attachment":[{"href":"https:\/\/gymmakers.hu\/en\/wp-json\/wp\/v2\/media?parent=1383"}],"wp:term":[{"taxonomy":"pwb-brand","embeddable":true,"href":"https:\/\/gymmakers.hu\/en\/wp-json\/wp\/v2\/pwb-brand?post=1383"},{"taxonomy":"product_brand","embeddable":true,"href":"https:\/\/gymmakers.hu\/en\/wp-json\/wp\/v2\/product_brand?post=1383"},{"taxonomy":"product_cat","embeddable":true,"href":"https:\/\/gymmakers.hu\/en\/wp-json\/wp\/v2\/product_cat?post=1383"},{"taxonomy":"product_tag","embeddable":true,"href":"https:\/\/gymmakers.hu\/en\/wp-json\/wp\/v2\/product_tag?post=1383"}],"curies":[{"name":"wp","href":"https:\/\/api.w.org\/{rel}","templated":true}]}}