{"id":1378,"date":"2023-12-05T12:52:31","date_gmt":"2023-12-05T11:52:31","guid":{"rendered":"https:\/\/gymmakers.hu\/?post_type=product&#038;p=1378"},"modified":"2025-03-20T15:39:05","modified_gmt":"2025-03-20T14:39:05","slug":"leg-press-45","status":"publish","type":"product","link":"https:\/\/gymmakers.hu\/en\/termek\/leg-press-45\/","title":{"rendered":"Leg Press 45\u00b0"},"content":{"rendered":"<p>The Gymleco 45\u00b0 leg press machine features an elegant design, a stable structure, and a space-saving layout. The leg press is one of the most popular strength training exercises in the gym. This exercise primarily focuses on the quadriceps muscles, but the glutes are also activated slightly lower down. This machine has an open and compact <strong>design, providing a space-saving solution for the gym.<\/strong><\/p>\n<p><strong>Tov\u00e1bbi r\u00e9szletek a 45\u00b0-os l\u00e1btol\u00f3 g\u00e9pr\u0151l <\/strong><\/p>\n<p>A 45\u00b0-os l\u00e1btol\u00f3 g\u00e9p kiv\u00e1l\u00f3 tol\u00f3gyakorlat a quadriceps \u00e9s a farizom megc\u00e9loz\u00e1s\u00e1ra.<\/p>\n<p>A Gymleco lemezterhel\u00e9ses g\u00e9pe \u00edzl\u00e9ses \u00e9s nyitott kialak\u00edt\u00e1ssal rendelkezik, amely helyet takar\u00edt meg az edz\u0151teremben. A talicska mozg\u00e1sa sima \u00e9s stabil, \u00e9s az egyed\u00fcl\u00e1ll\u00f3, mind\u00f6ssze egy er\u0151s k\u00f6zponti gerenda \u00e1ltal biztos\u00edtott felf\u00fcggeszt\u00e9s maxim\u00e1lis biztons\u00e1got ny\u00fajt a felhaszn\u00e1l\u00f3knak.<\/p>\n<p><strong>K\u00fcl\u00f6nleges jellemz\u0151k <\/strong><\/p>\n<p>A nagy l\u00e1btart\u00f3 \u00e9s az ergonomikusan kialak\u00edtott \u00fcl\u00e9s nagy szabads\u00e1got biztos\u00edt az edz\u00e9s sor\u00e1n. Egy tov\u00e1bbi k\u00f6zponti foganty\u00fa megk\u00f6nny\u00edti a g\u00e9phez val\u00f3 hozz\u00e1f\u00e9r\u00e9st. A talicska s\u00falya 56 kg (a g\u00e9pben 45 fokos d\u0151l\u00e9ssz\u00f6g mellett, ebb\u0151l a s\u00falyb\u00f3l 39,5 kg jut a l\u00e1bakhoz).<\/p>\n<p><strong>Egy\u00e9b r\u00e9szletek <\/strong><\/p>\n<p>\u00c1ll\u00edthat\u00f3 h\u00e1tt\u00e1mlat, fejt\u00e1ml\u00e1t \u00e9s l\u00e1bt\u00e1ml\u00e1t Nagy, \u00e1ll\u00edthat\u00f3, gumival bor\u00edtott talpt\u00e1bl\u00e1t comb edz\u00e9si r\u00e9szleggel Ergon\u00f3mikus sz\u00f6gek Nagyon massz\u00edv v\u00e1z \u00e9s<\/p>","protected":false},"excerpt":{"rendered":"<p>The Gymleco 45\u00b0 leg press machine features an elegant design, a stable structure, and a space-saving layout. The leg press is one of the most popular strength training exercises in the gym. This exercise primarily focuses on the quadriceps muscles, but the glutes are also activated slightly lower down. This machine has an open and compact <strong>design, providing a space-saving solution for the gym.<\/strong><\/p>","protected":false},"featured_media":5036,"template":"","meta":{"_acf_changed":false},"pwb-brand":[44],"product_brand":[],"product_cat":[20],"product_tag":[],"class_list":{"0":"post-1378","1":"product","2":"type-product","3":"status-publish","4":"has-post-thumbnail","6":"pwb-brand-gymleco","7":"product_cat-egyeb","9":"first","10":"instock","11":"shipping-taxable","12":"purchasable","13":"product-type-simple"},"acf":[],"brands":[{"id":44,"name":"Gymleco","slug":"gymleco"}],"_links":{"self":[{"href":"https:\/\/gymmakers.hu\/en\/wp-json\/wp\/v2\/product\/1378","targetHints":{"allow":["GET"]}}],"collection":[{"href":"https:\/\/gymmakers.hu\/en\/wp-json\/wp\/v2\/product"}],"about":[{"href":"https:\/\/gymmakers.hu\/en\/wp-json\/wp\/v2\/types\/product"}],"wp:featuredmedia":[{"embeddable":true,"href":"https:\/\/gymmakers.hu\/en\/wp-json\/wp\/v2\/media\/5036"}],"wp:attachment":[{"href":"https:\/\/gymmakers.hu\/en\/wp-json\/wp\/v2\/media?parent=1378"}],"wp:term":[{"taxonomy":"pwb-brand","embeddable":true,"href":"https:\/\/gymmakers.hu\/en\/wp-json\/wp\/v2\/pwb-brand?post=1378"},{"taxonomy":"product_brand","embeddable":true,"href":"https:\/\/gymmakers.hu\/en\/wp-json\/wp\/v2\/product_brand?post=1378"},{"taxonomy":"product_cat","embeddable":true,"href":"https:\/\/gymmakers.hu\/en\/wp-json\/wp\/v2\/product_cat?post=1378"},{"taxonomy":"product_tag","embeddable":true,"href":"https:\/\/gymmakers.hu\/en\/wp-json\/wp\/v2\/product_tag?post=1378"}],"curies":[{"name":"wp","href":"https:\/\/api.w.org\/{rel}","templated":true}]}}