{"id":1367,"date":"2023-12-05T12:37:55","date_gmt":"2023-12-05T11:37:55","guid":{"rendered":"https:\/\/gymmakers.hu\/?post_type=product&#038;p=1367"},"modified":"2025-03-20T15:41:12","modified_gmt":"2025-03-20T14:41:12","slug":"hip-press","status":"publish","type":"product","link":"https:\/\/gymmakers.hu\/en\/termek\/hip-press\/","title":{"rendered":"Hip Press"},"content":{"rendered":"<p>The Hip Press is a machine that activates the front part of the thigh with a natural movement.<\/p>\n<p><strong>Tov\u00e1bbi r\u00e9szletek <\/strong><\/p>\n<p>Ez a Hip Press g\u00e9p egy nagy l\u00e1btart\u00f3val van tervezve, \u00e9s olyan term\u00e9szetes mozg\u00e1st k\u00edn\u00e1l, amely a comb el\u00fcls\u0151 r\u00e9sz\u00e9t a legjobb m\u00f3don aktiv\u00e1lja. Kin\u00e9zetre \u00e9s \u00e9rz\u00e9sre sokszor hasonl\u00edt egy l\u00e1bnyom\u00e1shoz, de m\u00e1s hat\u00e1st \u00e9r el. A mozg\u00e1s cs\u00f6kkenti a t\u00e9rdben a cs\u00fasz\u00f3 er\u0151ket, \u00e9s biztons\u00e1gos \u00e9s hat\u00e9kony alternat\u00edv\u00e1t k\u00edn\u00e1l a szabad s\u00falyokkal val\u00f3 guggol\u00e1shoz. Ez a g\u00e9p alapvet\u0151v\u00e9 v\u00e1lt a l\u00e1bedz\u00e9s napj\u00e1n sz\u00e1mos v\u00e1s\u00e1rl\u00f3 sz\u00e1m\u00e1ra vil\u00e1gszerte. Val\u00f3ban egy elengedhetetlen edz\u0151g\u00e9p minden edz\u0151teremben!<\/p>\n<p>K\u00fcl\u00f6nleges jellemz\u0151k<\/p>\n<p>El\u0151sz\u00f6r is, a Gymleco egyedi kartart\u00f3ja optim\u00e1lis biomechanik\u00e1val rendelkezik. M\u00e1sodszor, a g\u00e9p sima, helyes sz\u00f6g\u0171 mozg\u00e1ssal rendelkezik, \u00e9s nincsenek be\u00e1ll\u00edt\u00e1sok. Ez\u00e1ltal ez a g\u00e9p k\u00f6nnyen haszn\u00e1lhat\u00f3 mindenki sz\u00e1m\u00e1ra, legyen sz\u00f3 kezd\u0151r\u0151l vagy hossz\u00fa ideje edz\u0151r\u0151l.<\/p>\n<p>R\u00e1ad\u00e1sul a Hip Press kompakt kialak\u00edt\u00e1sban van, \u00edgy nem kell kompromisszumot k\u00f6tni a terem alapter\u00fclet\u00e9vel. Teh\u00e1t t\u00f6bb g\u00e9pet is elhelyezhetsz a fel\u00fcleten. Nagy l\u00e1btart\u00f3val van felszerelve k\u00fcl\u00f6nb\u00f6z\u0151 be\u00e1ll\u00edt\u00e1sokhoz, stabil \u00fcl\u0151- \u00e9s h\u00e1tt\u00e1ml\u00e1val. A l\u00e1btart\u00f3 min\u0151s\u00e9gi faanyagb\u00f3l k\u00e9sz\u00fclt.<\/p>\n<p>A Gymleco g\u00e9pei mindig kereskedelmi felhaszn\u00e1l\u00e1sra vannak tervezve. Ez lehet\u0151v\u00e9 teszi sz\u00e1mukra, hogy \u00e9vr\u0151l \u00e9vre ellen\u00e1lljanak a neh\u00e9z er\u0151edz\u00e9snek, \u00e9s ez a l\u00e1bg\u00e9p sem kiv\u00e9tel.<\/p>","protected":false},"excerpt":{"rendered":"<p>A Hip Press olyan g\u00e9p, amely term\u00e9szetes mozg\u00e1ssal aktiv\u00e1lja a comb el\u00fcls\u0151 r\u00e9sz\u00e9t. Ez a l\u00e1bg\u00e9p vil\u00e1gszerte n\u00e9pszer\u0171 a v\u00e1s\u00e1rl\u00f3k k\u00f6r\u00e9ben, \u00e9s ez az\u00e9rt van, mert pontosan ott c\u00e9loz, ahol kell! A mozg\u00e1s sima, term\u00e9szetes \u00e9s a combon \u00e9rezhet\u0151 kapcsolat maxim\u00e1lisnak t\u0171nik. Tov\u00e1bbi r\u00e9szletek Ez a Hip Press g\u00e9p egy nagy l\u00e1btart\u00f3val van tervezve, \u00e9s [&hellip;]<\/p>\n","protected":false},"featured_media":5038,"template":"","meta":{"_acf_changed":false},"pwb-brand":[44],"product_brand":[],"product_cat":[20],"product_tag":[],"class_list":{"0":"post-1367","1":"product","2":"type-product","3":"status-publish","4":"has-post-thumbnail","6":"pwb-brand-gymleco","7":"product_cat-egyeb","9":"first","10":"instock","11":"shipping-taxable","12":"purchasable","13":"product-type-simple"},"acf":[],"brands":[{"id":44,"name":"Gymleco","slug":"gymleco"}],"_links":{"self":[{"href":"https:\/\/gymmakers.hu\/en\/wp-json\/wp\/v2\/product\/1367","targetHints":{"allow":["GET"]}}],"collection":[{"href":"https:\/\/gymmakers.hu\/en\/wp-json\/wp\/v2\/product"}],"about":[{"href":"https:\/\/gymmakers.hu\/en\/wp-json\/wp\/v2\/types\/product"}],"wp:featuredmedia":[{"embeddable":true,"href":"https:\/\/gymmakers.hu\/en\/wp-json\/wp\/v2\/media\/5038"}],"wp:attachment":[{"href":"https:\/\/gymmakers.hu\/en\/wp-json\/wp\/v2\/media?parent=1367"}],"wp:term":[{"taxonomy":"pwb-brand","embeddable":true,"href":"https:\/\/gymmakers.hu\/en\/wp-json\/wp\/v2\/pwb-brand?post=1367"},{"taxonomy":"product_brand","embeddable":true,"href":"https:\/\/gymmakers.hu\/en\/wp-json\/wp\/v2\/product_brand?post=1367"},{"taxonomy":"product_cat","embeddable":true,"href":"https:\/\/gymmakers.hu\/en\/wp-json\/wp\/v2\/product_cat?post=1367"},{"taxonomy":"product_tag","embeddable":true,"href":"https:\/\/gymmakers.hu\/en\/wp-json\/wp\/v2\/product_tag?post=1367"}],"curies":[{"name":"wp","href":"https:\/\/api.w.org\/{rel}","templated":true}]}}