{"id":1361,"date":"2023-12-05T12:30:14","date_gmt":"2023-12-05T11:30:14","guid":{"rendered":"https:\/\/gymmakers.hu\/?post_type=product&#038;p=1361"},"modified":"2025-03-20T15:42:43","modified_gmt":"2025-03-20T14:42:43","slug":"shoulder-press","status":"publish","type":"product","link":"https:\/\/gymmakers.hu\/en\/termek\/shoulder-press\/","title":{"rendered":"Shoulder Press"},"content":{"rendered":"<div class=\"flex-1 overflow-hidden\">\n<div class=\"react-scroll-to-bottom--css-jbeus-79elbk h-full\">\n<div class=\"react-scroll-to-bottom--css-jbeus-1n7m0yu\">\n<div class=\"flex flex-col pb-9 text-sm\">\n<div class=\"w-full text-token-text-primary\" data-testid=\"conversation-turn-21\">\n<div class=\"px-4 py-2 justify-center text-base md:gap-6 m-auto\">\n<div class=\"flex flex-1 text-base mx-auto gap-3 md:px-5 lg:px-1 xl:px-5 md:max-w-3xl lg:max-w-[40rem] xl:max-w-[48rem] } group final-completion\">\n<div class=\"relative flex w-full flex-col lg:w-[calc(100%-115px)] agent-turn\">\n<div class=\"flex-col gap-1 md:gap-3\">\n<div class=\"flex flex-grow flex-col max-w-full\">\n<div class=\"min-h-[20px] text-message flex flex-col items-start gap-3 whitespace-pre-wrap break-words [.text-message+&amp;]:mt-5 overflow-x-auto\" data-message-author-role=\"assistant\" data-message-id=\"fbd0b24f-f31f-421a-bec2-38fb573f4f34\">\n<div class=\"markdown prose w-full break-words dark:prose-invert light\">\n<p>A Plate Loaded Shoulder Press a Gymleco term\u00e9kcsal\u00e1dj\u00e1ban tal\u00e1lhat\u00f3 v\u00e1llnyom\u00f3g\u00e9p, \u00e1ll\u00edthat\u00f3 h\u00e1tt\u00e1ml\u00e1val. Ez a g\u00e9p elengedhetetlen minden edz\u0151terem sz\u00e1m\u00e1ra, \u00e9s ide\u00e1lis azoknak, akik komoly edz\u0151g\u00e9peket keresnek neh\u00e9z s\u00falyz\u00f3s edz\u00e9shez. Ez a g\u00e9p a legkelend\u0151bb term\u00e9k\u00fcnk, \u00e9s most elmagyar\u00e1zzuk, mi\u00e9rt!<\/p>\n<p>Lemezterhel\u00e9ses V\u00e1llnyom\u00f3g\u00e9p<\/p>\n<p>A Gymleco V\u00e1llnyom\u00f3g\u00e9pe lemezterhel\u00e9ses modell, \u00e9s \u00e1ll\u00edthat\u00f3 h\u00e1tt\u00e1ml\u00e1val rendelkezik. Az \u00e1ll\u00edthat\u00f3 h\u00e1tt\u00e1mla sokf\u00e9le vari\u00e1ci\u00f3t tesz lehet\u0151v\u00e9, \u00edgy alkalmas minden felhaszn\u00e1l\u00f3 sz\u00e1m\u00e1ra. A g\u00e9pet egyedi kartart\u00f3val \u00e9s bels\u0151 mozg\u00e1ssal tervezt\u00e9k. Ez\u00e1ltal a g\u00e9p hat\u00e9kony \u00e9s biztons\u00e1gos haszn\u00e1latot tesz lehet\u0151v\u00e9. Amerikai tanulm\u00e1nyok szerint ez a v\u00e1llnyom\u00f3g\u00e9p jobb izomfejleszt\u00e9st \u00e9s biztons\u00e1gosabb edz\u00e9st biztos\u00edt a v\u00e1ll izmaiban, mint a szabad s\u00falyokkal v\u00e9gzett gyakorlatok.<\/p>\n<p>K\u00fcl\u00f6nleges Jellemz\u0151k<\/p>\n<p>Ez a fitneszg\u00e9p a neh\u00e9z s\u00falyz\u00f3s edz\u00e9shez lett tervezve, \u00e9s emiatt kiv\u00e1l\u00f3an megfelel minden profi edz\u0151teremben. Ilyenek p\u00e9ld\u00e1ul a kereskedelmi edz\u0151termek, c\u00e9ges edz\u0151termek, sz\u00e1llodai edz\u0151termek stb. A g\u00e9pet kompakt kialak\u00edt\u00e1ssal tervezt\u00e9k, \u00edgy k\u00f6nnyen elhelyezhet\u0151 b\u00e1rmilyen edz\u0151teremben. Emellett s\u00falyakaszt\u00f3k tal\u00e1lhat\u00f3k a g\u00e9p oldal\u00e1n. Ez nagyszer\u0171, ha a s\u00falyokat a g\u00e9p k\u00f6zel\u00e9ben szeretn\u00e9d tartani, \u00e9s nem szeretn\u00e9d, hogy leessenek a f\u00f6ldre.<\/p>\n<p>Tov\u00e1bbi R\u00e9szletek<\/p>\n<ul>\n<li>Lemezterhel\u00e9ses g\u00e9p \u2013 a s\u00falyokat s\u00falyt\u00e1rcs\u00e1kkal terhelheted meg.<\/li>\n<li>Kiegyens\u00falyozott kartart\u00f3<\/li>\n<li>Egyedi karok<\/li>\n<li>Hossz\u00fa mozg\u00e1si tartom\u00e1ny<\/li>\n<li>Gumibevonat\u00fa foganty\u00fak<\/li>\n<li>4 s\u00falyakaszt\u00f3 tartoz\u00e9kba<\/li>\n<\/ul>\n<\/div>\n<p><a href=\"https:\/\/www.youtube.com\/watch?v=DLajEhNZq5k&amp;ab_channel=Gymleco\" target=\"_blank\" rel=\"noopener\">Hogyan m\u0171k\u00f6dik?<\/a><\/p>\n<\/div>\n<\/div>\n<div class=\"mt-1 flex justify-start gap-3 empty:hidden\"><\/div>\n<\/div>\n<\/div>\n<\/div>\n<\/div>\n<\/div>\n<p>&nbsp;<\/p>\n<\/div>\n<\/div>\n<\/div>\n<\/div>\n","protected":false},"excerpt":{"rendered":"<p>The Plate Loaded Shoulder Press is a shoulder press machine found in the Gymleco product range, with an adjustable backrest. This machine is essential for every gym and is ideal for those looking for serious equipment for heavy weight training. This machine is our best-selling product, and now we will explain why!<\/p>","protected":false},"featured_media":5039,"template":"","meta":{"_acf_changed":false},"pwb-brand":[44],"product_brand":[],"product_cat":[20],"product_tag":[],"class_list":{"0":"post-1361","1":"product","2":"type-product","3":"status-publish","4":"has-post-thumbnail","6":"pwb-brand-gymleco","7":"product_cat-egyeb","9":"first","10":"instock","11":"shipping-taxable","12":"purchasable","13":"product-type-simple"},"acf":[],"brands":[{"id":44,"name":"Gymleco","slug":"gymleco"}],"_links":{"self":[{"href":"https:\/\/gymmakers.hu\/en\/wp-json\/wp\/v2\/product\/1361","targetHints":{"allow":["GET"]}}],"collection":[{"href":"https:\/\/gymmakers.hu\/en\/wp-json\/wp\/v2\/product"}],"about":[{"href":"https:\/\/gymmakers.hu\/en\/wp-json\/wp\/v2\/types\/product"}],"wp:featuredmedia":[{"embeddable":true,"href":"https:\/\/gymmakers.hu\/en\/wp-json\/wp\/v2\/media\/5039"}],"wp:attachment":[{"href":"https:\/\/gymmakers.hu\/en\/wp-json\/wp\/v2\/media?parent=1361"}],"wp:term":[{"taxonomy":"pwb-brand","embeddable":true,"href":"https:\/\/gymmakers.hu\/en\/wp-json\/wp\/v2\/pwb-brand?post=1361"},{"taxonomy":"product_brand","embeddable":true,"href":"https:\/\/gymmakers.hu\/en\/wp-json\/wp\/v2\/product_brand?post=1361"},{"taxonomy":"product_cat","embeddable":true,"href":"https:\/\/gymmakers.hu\/en\/wp-json\/wp\/v2\/product_cat?post=1361"},{"taxonomy":"product_tag","embeddable":true,"href":"https:\/\/gymmakers.hu\/en\/wp-json\/wp\/v2\/product_tag?post=1361"}],"curies":[{"name":"wp","href":"https:\/\/api.w.org\/{rel}","templated":true}]}}