{"id":1356,"date":"2023-12-05T12:22:39","date_gmt":"2023-12-05T11:22:39","guid":{"rendered":"https:\/\/gymmakers.hu\/?post_type=product&#038;p=1356"},"modified":"2025-03-20T15:43:18","modified_gmt":"2025-03-20T14:43:18","slug":"standing-chest-press","status":"publish","type":"product","link":"https:\/\/gymmakers.hu\/en\/termek\/standing-chest-press\/","title":{"rendered":"Standing Chest Press"},"content":{"rendered":"<p>The Gymleco Standing Chest Press is a plate-loaded machine that features an adjustable backrest and 10 different grip angles. The chest press automatically positions your body into a solid and stable position under pressure from a standing position, allowing you to fully concentrate on your chest muscles for maximum muscle fiber activation.<\/p>\n<p><strong>Tov\u00e1bbi inform\u00e1ci\u00f3k <\/strong><\/p>\n<p>Az \u00c1ll\u00f3 mellnyom\u00f3g\u00e9p stabil \u00e9s t\u00e1mogatott mellizom edz\u00e9st ny\u00fajt. Jav\u00edtja az egyens\u00falyt, \u00e9s a mellkas, v\u00e1ll, valamint a bicepsz \u00e9s tricepsz izmokat c\u00e9lozza meg. A megfelel\u0151 \u00e9s v\u00e1ltozatos mozg\u00e1sok eredm\u00e9nyezik az optim\u00e1lis mellizom fejleszt\u00e9st. Az \u00e1ll\u00f3 helyzetb\u0151l val\u00f3 nyom\u00e1s automatikusan szil\u00e1rd \u00e9s stabil helyzetbe hozza a testedet a nyom\u00e1sra, lehet\u0151v\u00e9 t\u00e9ve, hogy teljes m\u00e9rt\u00e9kben a mellizmaidra koncentr\u00e1lj a maxim\u00e1lis izomrost aktiv\u00e1l\u00e1s \u00e9rdek\u00e9ben.<\/p>\n<p>Ez a mellnyom\u00f3g\u00e9p a Gymleco lemezterhel\u00e9ses g\u00e9pe, amelynek k\u00f6nnyen \u00e1ll\u00edthat\u00f3 s\u00falyellen\u00e1ll\u00e1sa van. Az edz\u0151teremben elf\u00e9r\u0151 kompakt g\u00e9p kialak\u00edt\u00e1sa a helyes mozg\u00e1ssal kiv\u00e1l\u00f3 kieg\u00e9sz\u00edt\u00e9se minden komoly edz\u0151teremnek.<\/p>\n<p><strong>K\u00fcl\u00f6nleges jellemz\u0151k <\/strong><\/p>\n<p>Ez a mellg\u00e9p kiv\u00e1l\u00f3 mellizom edz\u00e9st ny\u00fajt minim\u00e1lis terhel\u00e9ssel a der\u00e9kra. A g\u00e9p k\u00f6nnyen el\u00e9rhet\u0151 az \u00e1ll\u00edthat\u00f3 h\u00e1tt\u00e1ml\u00e1nak k\u00f6sz\u00f6nhet\u0151en. Ahelyett, hogy egy l\u00e1bplatformot haszn\u00e1ln\u00e1nk, kett\u0151t k\u00e9sz\u00edtett\u00fcnk, hogy optimaliz\u00e1ljuk a g\u00e9pet minden testhosszhoz. A foganty\u00fak teljesen \u00e1ll\u00edthat\u00f3k 7 k\u00fcl\u00f6nb\u00f6z\u0151 magass\u00e1gban \u00e9s \u00f6sszesen 10 k\u00fcl\u00f6nb\u00f6z\u0151 fog\u00e1s sz\u00f6gben. Ez fantasztikus lehet\u0151s\u00e9get ny\u00fajt sz\u00e1modra kedvenc nyom\u00e1si poz\u00edci\u00f3d megtal\u00e1l\u00e1s\u00e1ra.<\/p>\n<p>&nbsp;<\/p>\n<p><a href=\"https:\/\/www.youtube.com\/watch?v=Rdsw0fSpUxE&amp;ab_channel=Gymleco\" target=\"_blank\" rel=\"noopener\">How does it work?<\/a><\/p>","protected":false},"excerpt":{"rendered":"<p>A Gymleco \u00c1ll\u00f3 Mellnyom\u00f3g\u00e9pe egy lemezterhel\u00e9ses g\u00e9p, mely \u00e1ll\u00edthat\u00f3 h\u00e1tt\u00e1ml\u00e1val \u00e9s 10 k\u00fcl\u00f6nb\u00f6z\u0151 fog\u00e1s sz\u00f6ggel rendelkezik. A mellnyom\u00e1s \u00e1ll\u00f3 helyzetb\u0151l automatikusan szil\u00e1rd \u00e9s stabil poz\u00edci\u00f3ba helyezi a testedet a nyom\u00e1sra, lehet\u0151v\u00e9 t\u00e9ve, hogy teljes m\u00e9rt\u00e9kben a mellizmaidra koncentr\u00e1lj a maxim\u00e1lis izomrost aktiv\u00e1l\u00e1s \u00e9rdek\u00e9ben. Tov\u00e1bbi inform\u00e1ci\u00f3k Az \u00c1ll\u00f3 mellnyom\u00f3g\u00e9p stabil \u00e9s t\u00e1mogatott mellizom edz\u00e9st ny\u00fajt. Jav\u00edtja [&hellip;]<\/p>\n","protected":false},"featured_media":5040,"template":"","meta":{"_acf_changed":false},"pwb-brand":[44],"product_brand":[],"product_cat":[20],"product_tag":[],"class_list":{"0":"post-1356","1":"product","2":"type-product","3":"status-publish","4":"has-post-thumbnail","6":"pwb-brand-gymleco","7":"product_cat-egyeb","9":"first","10":"instock","11":"shipping-taxable","12":"purchasable","13":"product-type-simple"},"acf":[],"brands":[{"id":44,"name":"Gymleco","slug":"gymleco"}],"_links":{"self":[{"href":"https:\/\/gymmakers.hu\/en\/wp-json\/wp\/v2\/product\/1356","targetHints":{"allow":["GET"]}}],"collection":[{"href":"https:\/\/gymmakers.hu\/en\/wp-json\/wp\/v2\/product"}],"about":[{"href":"https:\/\/gymmakers.hu\/en\/wp-json\/wp\/v2\/types\/product"}],"wp:featuredmedia":[{"embeddable":true,"href":"https:\/\/gymmakers.hu\/en\/wp-json\/wp\/v2\/media\/5040"}],"wp:attachment":[{"href":"https:\/\/gymmakers.hu\/en\/wp-json\/wp\/v2\/media?parent=1356"}],"wp:term":[{"taxonomy":"pwb-brand","embeddable":true,"href":"https:\/\/gymmakers.hu\/en\/wp-json\/wp\/v2\/pwb-brand?post=1356"},{"taxonomy":"product_brand","embeddable":true,"href":"https:\/\/gymmakers.hu\/en\/wp-json\/wp\/v2\/product_brand?post=1356"},{"taxonomy":"product_cat","embeddable":true,"href":"https:\/\/gymmakers.hu\/en\/wp-json\/wp\/v2\/product_cat?post=1356"},{"taxonomy":"product_tag","embeddable":true,"href":"https:\/\/gymmakers.hu\/en\/wp-json\/wp\/v2\/product_tag?post=1356"}],"curies":[{"name":"wp","href":"https:\/\/api.w.org\/{rel}","templated":true}]}}