{"id":1346,"date":"2023-12-05T12:07:11","date_gmt":"2023-12-05T11:07:11","guid":{"rendered":"https:\/\/gymmakers.hu\/?post_type=product&#038;p=1346"},"modified":"2025-03-20T15:44:30","modified_gmt":"2025-03-20T14:44:30","slug":"iso-lateral-bench-press-horizontal","status":"publish","type":"product","link":"https:\/\/gymmakers.hu\/en\/product\/iso-lateral-bench-press-horizontal\/","title":{"rendered":"Iso Lateral Bench Press, Horizontal"},"content":{"rendered":"<p>The Gymleco Iso Lateral Bench Press has a design that provides individual internal movement. This chest machine is effective, ergonomic, and extremely comfortable. You can safely develop the strength of your upper body.<\/p>\n<p>Az Iso Lateral Bench Press Az Iso Lateral bench press egy lemezterhel\u00e9s\u0171 g\u00e9p, \u00e9s az ultim\u00e1tum v\u00edzszintes tol\u00f3gyakorlat a mellkas sz\u00e1m\u00e1ra. Ha valaha is bel\u00e9pt\u00e9l egy edz\u0151terembe, biztosan l\u00e1tt\u00e1l m\u00e1r ilyen g\u00e9peket. Ez az\u00e9rt van, mert ez egy hagyom\u00e1nyos edz\u0151g\u00e9p, amit minden edz\u0151teremnek rendelkeznie kellene. A Gymleco nagyon n\u00e9pszer\u0171v\u00e9 v\u00e1lt az eg\u00e9sz vil\u00e1gon, \u00e9s ennek az az oka, hogy a mozg\u00e1s sz\u00e1m\u00e1ra egyedi tervez\u00e9st alkottunk. Az ergonomikusan d\u0151lt foganty\u00fakkal \u00e9s optim\u00e1lis biomechanik\u00e1val rendelkez\u0151 egyedi kart is kialak\u00edtottunk, hogy cs\u00f6kkents\u00fck a csukl\u00f3 terhel\u00e9s\u00e9t. Ez megfelel\u0151 terhel\u00e9st biztos\u00edt a teljes mozg\u00e1s sor\u00e1n.<\/p>\n<p>K\u00fcl\u00f6nleges jellemz\u0151k A padot s\u00falyakaszt\u00f3kkal tervezt\u00fck meg a g\u00e9p oldal\u00e1n, ami lehet\u0151v\u00e9 teszi a tr\u00e9ner sz\u00e1m\u00e1ra, hogy k\u00f6nnyen fel- \u00e9s letegye a s\u00falyokat a g\u00e9pr\u0151l. Ez a v\u00edzszintes pad nyom\u00e1s nagyon n\u00e9pszer\u0171 a Gymleco \u00fcgyfelei k\u00f6r\u00e9ben, \u00e9s val\u00f3ban elengedhetetlen minden edz\u0151terem sz\u00e1m\u00e1ra. Pr\u00f3b\u00e1ld ki egyszer, \u00e9s meg\u00e9rted, mi\u00e9rt!<\/p>\n<p><a href=\"https:\/\/www.youtube.com\/watch?v=xKZb5OZLfsI&amp;ab_channel=Gymleco\" target=\"_blank\" rel=\"noopener\">How does it work?<\/a><\/p>","protected":false},"excerpt":{"rendered":"<p>The Gymleco Iso Lateral Bench Press has a design that provides individual internal movement. This chest machine is effective, ergonomic, and extremely comfortable. You can safely develop the strength of your upper body.<\/p>","protected":false},"featured_media":5042,"template":"","meta":{"_acf_changed":false},"pwb-brand":[44],"product_brand":[],"product_cat":[20],"product_tag":[],"class_list":{"0":"post-1346","1":"product","2":"type-product","3":"status-publish","4":"has-post-thumbnail","6":"pwb-brand-gymleco","7":"product_cat-egyeb","9":"first","10":"instock","11":"shipping-taxable","12":"purchasable","13":"product-type-simple"},"acf":[],"brands":[{"id":44,"name":"Gymleco","slug":"gymleco"}],"_links":{"self":[{"href":"https:\/\/gymmakers.hu\/en\/wp-json\/wp\/v2\/product\/1346","targetHints":{"allow":["GET"]}}],"collection":[{"href":"https:\/\/gymmakers.hu\/en\/wp-json\/wp\/v2\/product"}],"about":[{"href":"https:\/\/gymmakers.hu\/en\/wp-json\/wp\/v2\/types\/product"}],"wp:featuredmedia":[{"embeddable":true,"href":"https:\/\/gymmakers.hu\/en\/wp-json\/wp\/v2\/media\/5042"}],"wp:attachment":[{"href":"https:\/\/gymmakers.hu\/en\/wp-json\/wp\/v2\/media?parent=1346"}],"wp:term":[{"taxonomy":"pwb-brand","embeddable":true,"href":"https:\/\/gymmakers.hu\/en\/wp-json\/wp\/v2\/pwb-brand?post=1346"},{"taxonomy":"product_brand","embeddable":true,"href":"https:\/\/gymmakers.hu\/en\/wp-json\/wp\/v2\/product_brand?post=1346"},{"taxonomy":"product_cat","embeddable":true,"href":"https:\/\/gymmakers.hu\/en\/wp-json\/wp\/v2\/product_cat?post=1346"},{"taxonomy":"product_tag","embeddable":true,"href":"https:\/\/gymmakers.hu\/en\/wp-json\/wp\/v2\/product_tag?post=1346"}],"curies":[{"name":"wp","href":"https:\/\/api.w.org\/{rel}","templated":true}]}}