{"id":1342,"date":"2023-12-05T12:03:57","date_gmt":"2023-12-05T11:03:57","guid":{"rendered":"https:\/\/gymmakers.hu\/?post_type=product&#038;p=1342"},"modified":"2025-03-20T15:46:31","modified_gmt":"2025-03-20T14:46:31","slug":"seated-chest-press","status":"publish","type":"product","link":"https:\/\/gymmakers.hu\/en\/termek\/seated-chest-press\/","title":{"rendered":"Seated Chest Press"},"content":{"rendered":"<p>The Gymleco seated chest press machine effectively works the entire chest muscle.<\/p>\n<p>&nbsp;<\/p>\n<p>A Gymleco \u00fcl\u0151 mellnyom\u00f3g\u00e9pe egyedi \u00e9s n\u00e9pszer\u0171 bels\u0151 mozg\u00e1st k\u00edn\u00e1l, amit a hasonl\u00f3 Chest Press g\u00e9p\u00fcnk\u0151l vett\u00fcnk \u00e1t, de itt s\u00falyt\u00f6mb is tal\u00e1lhat\u00f3 (No. 321). Ez val\u00f3ban egy leny\u0171g\u00f6z\u0151 g\u00e9p a legjobb mozg\u00e1ssal, \u00e9s tal\u00e1n ez az oka annak, hogy ez az egyik legkelend\u0151bb term\u00e9k\u00fcnk.<\/p>\n<p>K\u00fcl\u00f6nleges jellemz\u0151k Ez a fitneszg\u00e9p egy funkcion\u00e1lis l\u00e1btart\u00f3val van ell\u00e1tva, ami k\u00f6nny\u0171v\u00e9 teszi a g\u00e9pbe t\u00f6rt\u00e9n\u0151 be- \u00e9s kik\u00e1sz\u00e1l\u00f3d\u00e1st. A Gymleco g\u00e9pek mindig kompakt m\u00e9retben vannak tervezve, \u00edgy k\u00f6nnyen beilleszthet\u0151k b\u00e1rmelyik edz\u0151terembe. Az \u00f6sszes g\u00e9p \u00fagy van kialak\u00edtva, hogy b\u00e1rki sz\u00e1m\u00e1ra \u00e9rthet\u0151 \u00e9s haszn\u00e1lhat\u00f3 legyen. Nem sz\u00e1m\u00edt, hogy kezd\u0151 vagy m\u00e1r hosszabb ideje edzel, mindig sz\u00e1m\u00edthatsz a Gymleco min\u0151s\u00e9g\u00e9re.<\/p>\n<p>Ennek a g\u00e9pnek az angul\u00e1ris mozg\u00e1sa a lehet\u0151 leghosszabb a mellizmok sz\u00e1m\u00e1ra. A mellkasizmok als\u00f3 \u00e9s fels\u0151 r\u00e9sze k\u00f6z\u00f6tti hat\u00e1st a sz\u00e9kek magass\u00e1g\u00e1nak \u00e9s az ellen\u0151rz\u0151karok magass\u00e1g\u00e1nak m\u00f3dos\u00edt\u00e1s\u00e1val v\u00e1ltoztathatod meg.<\/p>\n<p>Tov\u00e1bbi r\u00e9szletek K\u00f6nnyen be\u00e1ll\u00edthat\u00f3 L\u00e1btart\u00f3k \u00e9s l\u00e1bt\u00e1masz Hossz\u00fa m\u0171k\u00f6d\u00e9si tartom\u00e1ny Gumibevonat\u00fa foganty\u00fa<\/p>","protected":false},"excerpt":{"rendered":"<p>The Gymleco seated chest press machine effectively works the entire chest muscle.<\/p>\n<p>&nbsp;<\/p>","protected":false},"featured_media":5043,"template":"","meta":{"_acf_changed":false},"pwb-brand":[44],"product_brand":[],"product_cat":[20],"product_tag":[],"class_list":{"0":"post-1342","1":"product","2":"type-product","3":"status-publish","4":"has-post-thumbnail","6":"pwb-brand-gymleco","7":"product_cat-egyeb","9":"first","10":"instock","11":"shipping-taxable","12":"purchasable","13":"product-type-simple"},"acf":[],"brands":[{"id":44,"name":"Gymleco","slug":"gymleco"}],"_links":{"self":[{"href":"https:\/\/gymmakers.hu\/en\/wp-json\/wp\/v2\/product\/1342","targetHints":{"allow":["GET"]}}],"collection":[{"href":"https:\/\/gymmakers.hu\/en\/wp-json\/wp\/v2\/product"}],"about":[{"href":"https:\/\/gymmakers.hu\/en\/wp-json\/wp\/v2\/types\/product"}],"wp:featuredmedia":[{"embeddable":true,"href":"https:\/\/gymmakers.hu\/en\/wp-json\/wp\/v2\/media\/5043"}],"wp:attachment":[{"href":"https:\/\/gymmakers.hu\/en\/wp-json\/wp\/v2\/media?parent=1342"}],"wp:term":[{"taxonomy":"pwb-brand","embeddable":true,"href":"https:\/\/gymmakers.hu\/en\/wp-json\/wp\/v2\/pwb-brand?post=1342"},{"taxonomy":"product_brand","embeddable":true,"href":"https:\/\/gymmakers.hu\/en\/wp-json\/wp\/v2\/product_brand?post=1342"},{"taxonomy":"product_cat","embeddable":true,"href":"https:\/\/gymmakers.hu\/en\/wp-json\/wp\/v2\/product_cat?post=1342"},{"taxonomy":"product_tag","embeddable":true,"href":"https:\/\/gymmakers.hu\/en\/wp-json\/wp\/v2\/product_tag?post=1342"}],"curies":[{"name":"wp","href":"https:\/\/api.w.org\/{rel}","templated":true}]}}